{"id":22912,"date":"2021-09-13T11:05:11","date_gmt":"2021-09-13T11:05:11","guid":{"rendered":"http:\/\/alekeskus.eu\/?page_id=22912"},"modified":"2021-09-13T11:05:42","modified_gmt":"2021-09-13T11:05:42","slug":"kuidas-osta","status":"publish","type":"page","link":"https:\/\/alekeskus.eu\/et\/kuidas-osta\/","title":{"rendered":"Kuidas osta?"},"content":{"rendered":"\t\t<div data-elementor-type=\"wp-page\" data-elementor-id=\"22912\" class=\"elementor elementor-22912\">\n\t\t\t\t\t\t<section class=\"elementor-section elementor-top-section elementor-element elementor-element-cd6af89 elementor-section-boxed elementor-section-height-default elementor-section-height-default\" data-id=\"cd6af89\" data-element_type=\"section\" data-e-type=\"section\">\r\n\t\t\r\n\t\t\t\t\t\t\t<div class=\"elementor-container elementor-column-gap-default\">\r\n\t\t\t\t\t\t\t\t\t\t\t<div class=\"elementor-column elementor-col-100 elementor-top-column elementor-element elementor-element-3342832\" data-id=\"3342832\" data-element_type=\"column\" data-e-type=\"column\">\r\n\t\t\t\t\t<div class=\"elementor-widget-wrap elementor-element-populated\">\r\n\t\t\t\t\t\t\t\t<div class=\"elementor-element elementor-element-4acbbf6 elementor-widget elementor-widget-text-editor\" data-id=\"4acbbf6\" data-element_type=\"widget\" data-e-type=\"widget\" data-widget_type=\"text-editor.default\">\n\t\t\t\t<div class=\"elementor-widget-container\">\n\t\t\t\t\t\t\t\t\t<p>Ostmine alekeskus.eu lehel on lihtne ja turvaline:<\/p><p>1. Valite omale sobiva toote\/tooted, lisate need tellimusse.<\/p><p>2. T\u00e4idate isikuandmete v\u00e4ljad , kui Te ei ole p\u00fcsiklient ja valite saatmisviisi<\/p><p>3. Olles n\u00f5ustunud kasutustingimustega kinnitate tellimuse ning valite makseviisi.<\/p><p>4. P\u00e4rast kauba eest tasumist v\u00f5ite kaubale ise j\u00e4rgi tulla v\u00f5i saadame kauba Teie soovitud aadressile.<\/p>\t\t\t\t\t\t\t\t<\/div>\n\t\t\t\t<\/div>\n\t\t\t\t\t<\/div>\r\n\t\t\t\t<\/div>\r\n\t\t\t\t\t<\/div>\r\n\t\t\t\t<\/section>\r\n\t\t\t\t<\/div>\n\t\t","protected":false},"excerpt":{"rendered":"<p>Ostmine alekeskus.eu lehel on lihtne ja turvaline: 1. Valite omale sobiva toote\/tooted, lisate need tellimusse. 2. T\u00e4idate isikuandmete v\u00e4ljad , kui Te ei ole p\u00fcsiklient ja valite saatmisviisi 3. Olles n\u00f5ustunud kasutustingimustega kinnitate tellimuse ning valite makseviisi. 4. P\u00e4rast kauba eest tasumist v\u00f5ite kaubale ise j\u00e4rgi tulla v\u00f5i saadame kauba Teie soovitud aadressile.<\/p>\n","protected":false},"author":1,"featured_media":0,"parent":0,"menu_order":0,"comment_status":"closed","ping_status":"closed","template":"","meta":{"_monsterinsights_skip_tracking":false,"_monsterinsights_sitenote_active":false,"_monsterinsights_sitenote_note":"","_monsterinsights_sitenote_category":0,"footnotes":""},"class_list":["post-22912","page","type-page","status-publish","hentry"],"yoast_head":"<!-- This site is optimized with the Yoast SEO plugin v27.5 - https:\/\/yoast.com\/product\/yoast-seo-wordpress\/ -->\n<title>Kuidas osta? - Alekeskus<\/title>\n<meta name=\"robots\" content=\"index, follow, max-snippet:-1, max-image-preview:large, max-video-preview:-1\" \/>\n<link rel=\"canonical\" href=\"https:\/\/alekeskus.eu\/kuidas-osta\/\" \/>\n<meta property=\"og:locale\" content=\"et_EE\" \/>\n<meta property=\"og:type\" content=\"article\" \/>\n<meta property=\"og:title\" content=\"Kuidas osta? - Alekeskus\" \/>\n<meta property=\"og:description\" content=\"Ostmine alekeskus.eu lehel on lihtne ja turvaline: 1. Valite omale sobiva toote\/tooted, lisate need tellimusse. 2. T\u00e4idate isikuandmete v\u00e4ljad , kui Te ei ole p\u00fcsiklient ja valite saatmisviisi 3. Olles n\u00f5ustunud kasutustingimustega kinnitate tellimuse ning valite makseviisi. 4. P\u00e4rast kauba eest tasumist v\u00f5ite kaubale ise j\u00e4rgi tulla v\u00f5i saadame kauba Teie soovitud aadressile.\" \/>\n<meta property=\"og:url\" content=\"https:\/\/alekeskus.eu\/kuidas-osta\/\" \/>\n<meta property=\"og:site_name\" content=\"Alekeskus\" \/>\n<meta property=\"article:modified_time\" content=\"2021-09-13T11:05:42+00:00\" \/>\n<meta name=\"twitter:card\" content=\"summary_large_image\" \/>\n<script type=\"application\/ld+json\" class=\"yoast-schema-graph\">{\"@context\":\"https:\\\/\\\/schema.org\",\"@graph\":[{\"@type\":\"WebPage\",\"@id\":\"https:\\\/\\\/alekeskus.eu\\\/kuidas-osta\\\/\",\"url\":\"https:\\\/\\\/alekeskus.eu\\\/kuidas-osta\\\/\",\"name\":\"Kuidas osta? - Alekeskus\",\"isPartOf\":{\"@id\":\"https:\\\/\\\/alekeskus.eu\\\/#website\"},\"datePublished\":\"2021-09-13T11:05:11+00:00\",\"dateModified\":\"2021-09-13T11:05:42+00:00\",\"breadcrumb\":{\"@id\":\"https:\\\/\\\/alekeskus.eu\\\/kuidas-osta\\\/#breadcrumb\"},\"inLanguage\":\"et\",\"potentialAction\":[{\"@type\":\"ReadAction\",\"target\":[\"https:\\\/\\\/alekeskus.eu\\\/kuidas-osta\\\/\"]}]},{\"@type\":\"BreadcrumbList\",\"@id\":\"https:\\\/\\\/alekeskus.eu\\\/kuidas-osta\\\/#breadcrumb\",\"itemListElement\":[{\"@type\":\"ListItem\",\"position\":1,\"name\":\"Avaleht\",\"item\":\"https:\\\/\\\/alekeskus.eu\\\/et\\\/\"},{\"@type\":\"ListItem\",\"position\":2,\"name\":\"Kuidas osta?\"}]},{\"@type\":\"WebSite\",\"@id\":\"https:\\\/\\\/alekeskus.eu\\\/#website\",\"url\":\"https:\\\/\\\/alekeskus.eu\\\/\",\"name\":\"Alekeskus\",\"description\":\"Alekeskus.eu\",\"potentialAction\":[{\"@type\":\"SearchAction\",\"target\":{\"@type\":\"EntryPoint\",\"urlTemplate\":\"https:\\\/\\\/alekeskus.eu\\\/?s={search_term_string}\"},\"query-input\":{\"@type\":\"PropertyValueSpecification\",\"valueRequired\":true,\"valueName\":\"search_term_string\"}}],\"inLanguage\":\"et\"}]}<\/script>\n<!-- \/ Yoast SEO plugin. -->","yoast_head_json":{"title":"Kuidas osta? - Alekeskus","robots":{"index":"index","follow":"follow","max-snippet":"max-snippet:-1","max-image-preview":"max-image-preview:large","max-video-preview":"max-video-preview:-1"},"canonical":"https:\/\/alekeskus.eu\/kuidas-osta\/","og_locale":"et_EE","og_type":"article","og_title":"Kuidas osta? - Alekeskus","og_description":"Ostmine alekeskus.eu lehel on lihtne ja turvaline: 1. Valite omale sobiva toote\/tooted, lisate need tellimusse. 2. T\u00e4idate isikuandmete v\u00e4ljad , kui Te ei ole p\u00fcsiklient ja valite saatmisviisi 3. Olles n\u00f5ustunud kasutustingimustega kinnitate tellimuse ning valite makseviisi. 4. P\u00e4rast kauba eest tasumist v\u00f5ite kaubale ise j\u00e4rgi tulla v\u00f5i saadame kauba Teie soovitud aadressile.","og_url":"https:\/\/alekeskus.eu\/kuidas-osta\/","og_site_name":"Alekeskus","article_modified_time":"2021-09-13T11:05:42+00:00","twitter_card":"summary_large_image","schema":{"@context":"https:\/\/schema.org","@graph":[{"@type":"WebPage","@id":"https:\/\/alekeskus.eu\/kuidas-osta\/","url":"https:\/\/alekeskus.eu\/kuidas-osta\/","name":"Kuidas osta? - Alekeskus","isPartOf":{"@id":"https:\/\/alekeskus.eu\/#website"},"datePublished":"2021-09-13T11:05:11+00:00","dateModified":"2021-09-13T11:05:42+00:00","breadcrumb":{"@id":"https:\/\/alekeskus.eu\/kuidas-osta\/#breadcrumb"},"inLanguage":"et","potentialAction":[{"@type":"ReadAction","target":["https:\/\/alekeskus.eu\/kuidas-osta\/"]}]},{"@type":"BreadcrumbList","@id":"https:\/\/alekeskus.eu\/kuidas-osta\/#breadcrumb","itemListElement":[{"@type":"ListItem","position":1,"name":"Avaleht","item":"https:\/\/alekeskus.eu\/et\/"},{"@type":"ListItem","position":2,"name":"Kuidas osta?"}]},{"@type":"WebSite","@id":"https:\/\/alekeskus.eu\/#website","url":"https:\/\/alekeskus.eu\/","name":"Alekeskus","description":"Alekeskus.eu","potentialAction":[{"@type":"SearchAction","target":{"@type":"EntryPoint","urlTemplate":"https:\/\/alekeskus.eu\/?s={search_term_string}"},"query-input":{"@type":"PropertyValueSpecification","valueRequired":true,"valueName":"search_term_string"}}],"inLanguage":"et"}]}},"_links":{"self":[{"href":"https:\/\/alekeskus.eu\/et\/wp-json\/wp\/v2\/pages\/22912","targetHints":{"allow":["GET"]}}],"collection":[{"href":"https:\/\/alekeskus.eu\/et\/wp-json\/wp\/v2\/pages"}],"about":[{"href":"https:\/\/alekeskus.eu\/et\/wp-json\/wp\/v2\/types\/page"}],"author":[{"embeddable":true,"href":"https:\/\/alekeskus.eu\/et\/wp-json\/wp\/v2\/users\/1"}],"replies":[{"embeddable":true,"href":"https:\/\/alekeskus.eu\/et\/wp-json\/wp\/v2\/comments?post=22912"}],"version-history":[{"count":0,"href":"https:\/\/alekeskus.eu\/et\/wp-json\/wp\/v2\/pages\/22912\/revisions"}],"wp:attachment":[{"href":"https:\/\/alekeskus.eu\/et\/wp-json\/wp\/v2\/media?parent=22912"}],"curies":[{"name":"wp","href":"https:\/\/api.w.org\/{rel}","templated":true}]}}