{"id":81566,"date":"2023-03-02T14:04:13","date_gmt":"2023-03-02T14:04:13","guid":{"rendered":"https:\/\/alekeskus.eu\/?page_id=81566"},"modified":"2023-03-02T14:08:50","modified_gmt":"2023-03-02T14:08:50","slug":"huvitavat-lugemist","status":"publish","type":"page","link":"https:\/\/alekeskus.eu\/et\/huvitavat-lugemist\/","title":{"rendered":"Huvitavat lugemist"},"content":{"rendered":"\t\t<div data-elementor-type=\"wp-page\" data-elementor-id=\"81566\" class=\"elementor elementor-81566\">\n\t\t\t\t\t\t<section class=\"elementor-section elementor-top-section elementor-element elementor-element-a11723a elementor-section-boxed elementor-section-height-default elementor-section-height-default\" data-id=\"a11723a\" data-element_type=\"section\" data-e-type=\"section\">\r\n\t\t\r\n\t\t\t\t\t\t\t<div class=\"elementor-container elementor-column-gap-default\">\r\n\t\t\t\t\t\t\t\t\t\t\t<div class=\"elementor-column elementor-col-100 elementor-top-column elementor-element elementor-element-cfe79a5\" data-id=\"cfe79a5\" data-element_type=\"column\" data-e-type=\"column\">\r\n\t\t\t\t\t<div class=\"elementor-widget-wrap elementor-element-populated\">\r\n\t\t\t\t\t\t\t\t<div class=\"elementor-element elementor-element-9833fd7 elementor-widget elementor-widget-porto_blog\" data-id=\"9833fd7\" data-element_type=\"widget\" data-e-type=\"widget\" data-widget_type=\"porto_blog.default\">\n\t\t\t\t<div class=\"elementor-widget-container\">\n\t\t\t\t\t<div class=\"porto-blog wpb_content_element  porto-blog-d751713988987e9331980363e24189ce\">\t\t<div class=\"blog-posts posts-grid\">\r\n\t\t\t<div class=\"posts-container row\">\r\n\t\t\r\n<article class=\"post post-grid col-md-6 col-lg-4 post-title-simple post-82807 post type-post status-publish format-standard hentry category-uncategorized-et\">\r\n\t<div class=\"grid-box\">\r\n\t\t\t<div class=\"post-image single\">\r\n\t\t<div class=\"post-slideshow porto-carousel owl-carousel has-ccols ccols-1  nav-inside nav-inside-center nav-style-2 show-nav-hover\" data-plugin-options='{\"nav\":true}'>\r\n\t\t\t\t\t\t\t\t\t\t\t<a href=\"https:\/\/alekeskus.eu\/et\/kkk-manguvaljakud-kiiged-mangumajad\/\" aria-label=\"post image\">\r\n\t\t\t\t\t\t\t\t<div class=\"img-thumbnail\">\r\n\t\t\t\t\t\t<img fetchpriority=\"high\" decoding=\"async\" width=\"400\" height=\"300\" src=\"https:\/\/alekeskus.eu\/wp-content\/uploads\/2023\/06\/Tivoli-1-400x300.jpg\" class=\"owl-lazy img-responsive\" alt=\"\" \/>\t\t\t\t\t\t\t\t\t\t\t\t\t<span class=\"zoom\" data-src=\"https:\/\/alekeskus.eu\/wp-content\/uploads\/2023\/06\/Tivoli-1-scaled.jpg\" data-title=\"\"><i class=\"fas fa-search\"><\/i><\/span>\r\n\t\t\t\t\t\t\t\t\t\t\t<\/div>\r\n\t\t\t\t\t\t\t\t<\/a>\r\n\t\t\t\t\t\t\t\t<\/div>\r\n\t\t\r\n\t\t\t<\/div>\r\n\t\r\n\t\t<!-- Post meta before content -->\r\n\t\t\t\t<div class=\"post-content\">\r\n\r\n\t\t\t<h4 class=\"entry-title\"><a href=\"https:\/\/alekeskus.eu\/et\/kkk-manguvaljakud-kiiged-mangumajad\/\">KKK m\u00e4nguv\u00e4ljakud, m\u00e4ngumajad ja kiiged<\/a><\/h4>\r\n\t\t\t<span class=\"vcard\" style=\"display: none;\"><span class=\"fn\"><a href=\"https:\/\/alekeskus.eu\/et\/author\/marti\/\" title=\"marti tehtud postitused\" rel=\"author\">marti<\/a><\/span><\/span><span class=\"updated\" style=\"display:none\">2023-06-05T20:00:49+00:00<\/span><p class=\"post-excerpt\"><\/p>\t\t\t\t\t<\/div>\r\n\t\t<!-- Post meta after content -->\r\n\t\t<div class=\"post-meta\"><span class=\"meta-date\"><i class=\"far fa-calendar-alt\"><\/i>5. juuni 2023<\/span><\/div><div class=\"post-meta\"><span class=\"meta-author\"><i class=\"far fa-user\"><\/i>By <a href=\"https:\/\/alekeskus.eu\/et\/author\/marti\/\" title=\"marti tehtud postitused\" rel=\"author\">marti<\/a><\/span><span class=\"meta-cats\"><i class=\"far fa-folder\"><\/i><a href=\"https:\/\/alekeskus.eu\/et\/category\/uncategorized-et\/\" rel=\"category tag\">Uncategorized @et<\/a><\/span><span class=\"meta-comments\"><i class=\"far fa-comments\"><\/i><span>Comments Off<\/span><\/span><\/div>\t\t<div class=\"clearfix\">\r\n\t\t\t<a class=\"btn btn-xs btn-default text-xs text-uppercase btn-readmore\" href=\"https:\/\/alekeskus.eu\/et\/kkk-manguvaljakud-kiiged-mangumajad\/\">Loe l\u00e4hemalt...<\/a>\r\n\t\t<\/div>\r\n\t<\/div>\r\n<\/article>\r\n\r\n<article class=\"post post-grid col-md-6 col-lg-4 post-title-simple post-81553 post type-post status-publish format-standard has-post-thumbnail hentry category-uncategorized-et\">\r\n\t<div class=\"grid-box\">\r\n\t\t\t<div class=\"post-image single\">\r\n\t\t<div class=\"post-slideshow porto-carousel owl-carousel has-ccols ccols-1  nav-inside nav-inside-center nav-style-2 show-nav-hover\" data-plugin-options='{\"nav\":true}'>\r\n\t\t\t\t\t\t\t\t\t\t\t<a href=\"https:\/\/alekeskus.eu\/et\/asjalikult-aiamajadest\/\" aria-label=\"post image\">\r\n\t\t\t\t\t\t\t\t<div class=\"img-thumbnail\">\r\n\t\t\t\t\t\t<img decoding=\"async\" width=\"400\" height=\"300\" src=\"https:\/\/alekeskus.eu\/wp-content\/uploads\/2023\/03\/Claudia-115-pariselt-400x300.jpg\" class=\"owl-lazy img-responsive\" alt=\"\" \/>\t\t\t\t\t\t\t\t\t\t\t\t\t<span class=\"zoom\" data-src=\"https:\/\/alekeskus.eu\/wp-content\/uploads\/2023\/03\/Claudia-115-pariselt.jpg\" data-title=\"\"><i class=\"fas fa-search\"><\/i><\/span>\r\n\t\t\t\t\t\t\t\t\t\t\t<\/div>\r\n\t\t\t\t\t\t\t\t<\/a>\r\n\t\t\t\t\t\t\t\t<\/div>\r\n\t\t\r\n\t\t\t<\/div>\r\n\t\r\n\t\t<!-- Post meta before content -->\r\n\t\t\t\t<div class=\"post-content\">\r\n\r\n\t\t\t<h4 class=\"entry-title\"><a href=\"https:\/\/alekeskus.eu\/et\/asjalikult-aiamajadest\/\">Asjalikult aiamajadest<\/a><\/h4>\r\n\t\t\t<span class=\"vcard\" style=\"display: none;\"><span class=\"fn\"><a href=\"https:\/\/alekeskus.eu\/et\/author\/eurocsim\/\" title=\"eurocsim tehtud postitused\" rel=\"author\">eurocsim<\/a><\/span><\/span><span class=\"updated\" style=\"display:none\">2026-03-21T16:58:25+00:00<\/span><p class=\"post-excerpt\">Soovid oma aeda aiamaja, sauna, kuuri, kodukontorit, talveaeda, peonurka, garaazhi v\u00f5i\u00a0varjualust, aga ei tea, millist valida? Alekeskus https:\/\/alekeskus.eu\/et\/ annab hea \u00fclevaate turul\u00a0pakutavatest Eestis toodetud aiamajadest ning lisaks pakume kasulikku teavet aiamajade paigaldamise kohta.\u00a0Asudes valima aiamaja, on kasulik l\u00e4bi m\u00f5elda, kui palju seda on kavas hakata kasutama. Kas majake\u00a0peaks pakkuma peavarju...<\/p>\t\t\t\t\t<\/div>\r\n\t\t<!-- Post meta after content -->\r\n\t\t<div class=\"post-meta\"><span class=\"meta-date\"><i class=\"far fa-calendar-alt\"><\/i>2. m\u00e4rts 2023<\/span><\/div><div class=\"post-meta\"><span class=\"meta-author\"><i class=\"far fa-user\"><\/i>By <a href=\"https:\/\/alekeskus.eu\/et\/author\/eurocsim\/\" title=\"eurocsim tehtud postitused\" rel=\"author\">eurocsim<\/a><\/span><span class=\"meta-cats\"><i class=\"far fa-folder\"><\/i><a href=\"https:\/\/alekeskus.eu\/et\/category\/uncategorized-et\/\" rel=\"category tag\">Uncategorized @et<\/a><\/span><span class=\"meta-comments\"><i class=\"far fa-comments\"><\/i><span>Comments Off<\/span><\/span><\/div>\t\t<div class=\"clearfix\">\r\n\t\t\t<a class=\"btn btn-xs btn-default text-xs text-uppercase btn-readmore\" href=\"https:\/\/alekeskus.eu\/et\/asjalikult-aiamajadest\/\">Loe l\u00e4hemalt...<\/a>\r\n\t\t<\/div>\r\n\t<\/div>\r\n<\/article>\r\n\r\n\t\r\n\t\t\t<\/div>\r\n\t\t<\/div>\r\n\r\n\t\r\n\t\r\n\t<\/div>\t\t\t\t<\/div>\n\t\t\t\t<\/div>\n\t\t\t\t\t<\/div>\r\n\t\t\t\t<\/div>\r\n\t\t\t\t\t<\/div>\r\n\t\t\t\t<\/section>\r\n\t\t\t\t<\/div>\n\t\t","protected":false},"excerpt":{"rendered":"<p>Asjalikult aiamajadest eurocsim2023-03-02T13:59:19+00:00 Peamine aiamaja hinnam\u00e4\u00e4raja on seinapalgi paksus(puidu kulu), mis on aiamajadel vahemikus 28-70 mm.\u00d5hema ja paksema seinaga majade p\u00f5randa pindala ruutmeetri hinnaerinevus v\u00f5ib olla lausa 5x. Oma osa annab ka see, et paksemate seintega suvilatel on kaasas ka paksemast lauast p\u00f5rand koos j\u00e4medamate taladega ja aknad-uksed on pakettklaasidega. Paksem freespalk&#8230; m\u00e4rts 2, 2023By [&hellip;]<\/p>\n","protected":false},"author":1,"featured_media":0,"parent":0,"menu_order":0,"comment_status":"closed","ping_status":"closed","template":"","meta":{"_monsterinsights_skip_tracking":false,"_monsterinsights_sitenote_active":false,"_monsterinsights_sitenote_note":"","_monsterinsights_sitenote_category":0,"footnotes":""},"class_list":["post-81566","page","type-page","status-publish","hentry"],"yoast_head":"<!-- This site is optimized with the Yoast SEO plugin v27.3 - https:\/\/yoast.com\/product\/yoast-seo-wordpress\/ -->\n<title>Huvitavat lugemist - Alekeskus<\/title>\n<meta name=\"robots\" content=\"index, follow, max-snippet:-1, max-image-preview:large, max-video-preview:-1\" \/>\n<link rel=\"canonical\" href=\"https:\/\/alekeskus.eu\/huvitavat-lugemist\/\" \/>\n<meta property=\"og:locale\" content=\"et_EE\" \/>\n<meta property=\"og:type\" content=\"article\" \/>\n<meta property=\"og:title\" content=\"Huvitavat lugemist - Alekeskus\" \/>\n<meta property=\"og:description\" content=\"Asjalikult aiamajadest eurocsim2023-03-02T13:59:19+00:00 Peamine aiamaja hinnam\u00e4\u00e4raja on seinapalgi paksus(puidu kulu), mis on aiamajadel vahemikus 28-70 mm.\u00d5hema ja paksema seinaga majade p\u00f5randa pindala ruutmeetri hinnaerinevus v\u00f5ib olla lausa 5x. Oma osa annab ka see, et paksemate seintega suvilatel on kaasas ka paksemast lauast p\u00f5rand koos j\u00e4medamate taladega ja aknad-uksed on pakettklaasidega. Paksem freespalk&#8230; m\u00e4rts 2, 2023By [&hellip;]\" \/>\n<meta property=\"og:url\" content=\"https:\/\/alekeskus.eu\/huvitavat-lugemist\/\" \/>\n<meta property=\"og:site_name\" content=\"Alekeskus\" \/>\n<meta property=\"article:modified_time\" content=\"2023-03-02T14:08:50+00:00\" \/>\n<meta name=\"twitter:card\" content=\"summary_large_image\" \/>\n<meta name=\"twitter:label1\" content=\"Est. reading time\" \/>\n\t<meta name=\"twitter:data1\" content=\"1 minut\" \/>\n<script type=\"application\/ld+json\" class=\"yoast-schema-graph\">{\"@context\":\"https:\\\/\\\/schema.org\",\"@graph\":[{\"@type\":\"WebPage\",\"@id\":\"https:\\\/\\\/alekeskus.eu\\\/huvitavat-lugemist\\\/\",\"url\":\"https:\\\/\\\/alekeskus.eu\\\/huvitavat-lugemist\\\/\",\"name\":\"Huvitavat lugemist - Alekeskus\",\"isPartOf\":{\"@id\":\"https:\\\/\\\/alekeskus.eu\\\/#website\"},\"datePublished\":\"2023-03-02T14:04:13+00:00\",\"dateModified\":\"2023-03-02T14:08:50+00:00\",\"breadcrumb\":{\"@id\":\"https:\\\/\\\/alekeskus.eu\\\/huvitavat-lugemist\\\/#breadcrumb\"},\"inLanguage\":\"et\",\"potentialAction\":[{\"@type\":\"ReadAction\",\"target\":[\"https:\\\/\\\/alekeskus.eu\\\/huvitavat-lugemist\\\/\"]}]},{\"@type\":\"BreadcrumbList\",\"@id\":\"https:\\\/\\\/alekeskus.eu\\\/huvitavat-lugemist\\\/#breadcrumb\",\"itemListElement\":[{\"@type\":\"ListItem\",\"position\":1,\"name\":\"Avaleht\",\"item\":\"https:\\\/\\\/alekeskus.eu\\\/et\\\/\"},{\"@type\":\"ListItem\",\"position\":2,\"name\":\"Huvitavat lugemist\"}]},{\"@type\":\"WebSite\",\"@id\":\"https:\\\/\\\/alekeskus.eu\\\/#website\",\"url\":\"https:\\\/\\\/alekeskus.eu\\\/\",\"name\":\"Alekeskus\",\"description\":\"Alekeskus.eu\",\"potentialAction\":[{\"@type\":\"SearchAction\",\"target\":{\"@type\":\"EntryPoint\",\"urlTemplate\":\"https:\\\/\\\/alekeskus.eu\\\/?s={search_term_string}\"},\"query-input\":{\"@type\":\"PropertyValueSpecification\",\"valueRequired\":true,\"valueName\":\"search_term_string\"}}],\"inLanguage\":\"et\"}]}<\/script>\n<!-- \/ Yoast SEO plugin. -->","yoast_head_json":{"title":"Huvitavat lugemist - Alekeskus","robots":{"index":"index","follow":"follow","max-snippet":"max-snippet:-1","max-image-preview":"max-image-preview:large","max-video-preview":"max-video-preview:-1"},"canonical":"https:\/\/alekeskus.eu\/huvitavat-lugemist\/","og_locale":"et_EE","og_type":"article","og_title":"Huvitavat lugemist - Alekeskus","og_description":"Asjalikult aiamajadest eurocsim2023-03-02T13:59:19+00:00 Peamine aiamaja hinnam\u00e4\u00e4raja on seinapalgi paksus(puidu kulu), mis on aiamajadel vahemikus 28-70 mm.\u00d5hema ja paksema seinaga majade p\u00f5randa pindala ruutmeetri hinnaerinevus v\u00f5ib olla lausa 5x. Oma osa annab ka see, et paksemate seintega suvilatel on kaasas ka paksemast lauast p\u00f5rand koos j\u00e4medamate taladega ja aknad-uksed on pakettklaasidega. Paksem freespalk&#8230; m\u00e4rts 2, 2023By [&hellip;]","og_url":"https:\/\/alekeskus.eu\/huvitavat-lugemist\/","og_site_name":"Alekeskus","article_modified_time":"2023-03-02T14:08:50+00:00","twitter_card":"summary_large_image","twitter_misc":{"Est. reading time":"1 minut"},"schema":{"@context":"https:\/\/schema.org","@graph":[{"@type":"WebPage","@id":"https:\/\/alekeskus.eu\/huvitavat-lugemist\/","url":"https:\/\/alekeskus.eu\/huvitavat-lugemist\/","name":"Huvitavat lugemist - Alekeskus","isPartOf":{"@id":"https:\/\/alekeskus.eu\/#website"},"datePublished":"2023-03-02T14:04:13+00:00","dateModified":"2023-03-02T14:08:50+00:00","breadcrumb":{"@id":"https:\/\/alekeskus.eu\/huvitavat-lugemist\/#breadcrumb"},"inLanguage":"et","potentialAction":[{"@type":"ReadAction","target":["https:\/\/alekeskus.eu\/huvitavat-lugemist\/"]}]},{"@type":"BreadcrumbList","@id":"https:\/\/alekeskus.eu\/huvitavat-lugemist\/#breadcrumb","itemListElement":[{"@type":"ListItem","position":1,"name":"Avaleht","item":"https:\/\/alekeskus.eu\/et\/"},{"@type":"ListItem","position":2,"name":"Huvitavat lugemist"}]},{"@type":"WebSite","@id":"https:\/\/alekeskus.eu\/#website","url":"https:\/\/alekeskus.eu\/","name":"Alekeskus","description":"Alekeskus.eu","potentialAction":[{"@type":"SearchAction","target":{"@type":"EntryPoint","urlTemplate":"https:\/\/alekeskus.eu\/?s={search_term_string}"},"query-input":{"@type":"PropertyValueSpecification","valueRequired":true,"valueName":"search_term_string"}}],"inLanguage":"et"}]}},"_links":{"self":[{"href":"https:\/\/alekeskus.eu\/et\/wp-json\/wp\/v2\/pages\/81566","targetHints":{"allow":["GET"]}}],"collection":[{"href":"https:\/\/alekeskus.eu\/et\/wp-json\/wp\/v2\/pages"}],"about":[{"href":"https:\/\/alekeskus.eu\/et\/wp-json\/wp\/v2\/types\/page"}],"author":[{"embeddable":true,"href":"https:\/\/alekeskus.eu\/et\/wp-json\/wp\/v2\/users\/1"}],"replies":[{"embeddable":true,"href":"https:\/\/alekeskus.eu\/et\/wp-json\/wp\/v2\/comments?post=81566"}],"version-history":[{"count":0,"href":"https:\/\/alekeskus.eu\/et\/wp-json\/wp\/v2\/pages\/81566\/revisions"}],"wp:attachment":[{"href":"https:\/\/alekeskus.eu\/et\/wp-json\/wp\/v2\/media?parent=81566"}],"curies":[{"name":"wp","href":"https:\/\/api.w.org\/{rel}","templated":true}]}}