{"id":100558,"date":"2026-03-13T15:09:47","date_gmt":"2026-03-13T15:09:47","guid":{"rendered":"https:\/\/alekeskus.eu\/?post_type=product&#038;p=100558"},"modified":"2026-03-13T18:00:26","modified_gmt":"2026-03-13T18:00:26","slug":"mangumaja-dingo-23-alekeskus","status":"publish","type":"product","link":"https:\/\/alekeskus.eu\/et\/toode\/mangumaja-dingo-23-alekeskus\/","title":{"rendered":"M\u00e4ngumaja Dingo 2,3 m\u00b2 + katusealune"},"content":{"rendered":"","protected":false},"excerpt":{"rendered":"<p>M\u00f5\u00f5dud: <strong>200 x 120 cm + katusealune 200 x 59 cm<\/strong><\/p>\n<ul>\n<li>seinad 19 mm punnlauad<\/li>\n<li>seina k\u00f5rgus 165 cm ja harja k\u00f5rgus 188 cm<\/li>\n<li>punniga p\u00f5randalauad 15 mm, s\u00fcvaimmutatud alustalad 45 x 45 mm, s\u00fcvaimmutatud terrassilauad 18 x 90 mm<\/li>\n<li>punniga katuselauad 15 mm, laetalad 44 x 95 mm<\/li>\n<li>59 cm s\u00fcgav katusealune, katuse pindala 5 <span class=\"super-position\">m<sup>2\u00a0<\/sup>, kalle 21<\/span>\u00b0<\/li>\n<li>uks 74 x 138 cm pleksiklaasiga<\/li>\n<li>pleksiklaasiga aknad 54 x 54 cm 3 tk<\/li>\n<li>tellitav v\u00e4ljast v\u00e4rvituna +600\u20ac (tellimisaeg 3-4 n\u00e4dalat pikem)<\/li>\n<li>5 aastane tehase garantii<strong>\u00a0<\/strong><\/li>\n<li>kinnitusvahendid ja koosteohje<\/li>\n<li>Eesti toode<\/li>\n<li>ilmastikukindel pakend<\/li>\n<li>m\u00f5eldud kodukasutusse 3-14 aastastele (kaaluga kuni 50 kg)<\/li>\n<li>peegelpildis paigaldatav<\/li>\n<\/ul>\n<div class=\"pictogram qtip-additional-element\">K\u00fcsi ka paigaldust!<\/div>\n","protected":false},"featured_media":100566,"template":"","meta":{"_monsterinsights_skip_tracking":false,"_monsterinsights_sitenote_active":false,"_monsterinsights_sitenote_note":"","_monsterinsights_sitenote_category":0},"pwb-brand":[],"product_brand":[],"product_cat":[13540,13594],"product_tag":[13938,13950,19179],"class_list":{"0":"post-100558","1":"product","2":"type-product","3":"status-publish","4":"has-post-thumbnail","6":"product_cat-hooned-alekeskus","7":"product_cat-mangumajad","8":"product_tag-mangumaja","9":"product_tag-lekhus","10":"product_tag-eesti-mangumaja","11":"product_shipping_class-30-300kg","12":"pa_kohaletoimetamine-veohind-mandri-eestis-alekeskus","13":"pa_laoasukoht-tartumaa","14":"pa_pindalam-19178","15":"pa_tellimisaeg-tilausaika-alekeskus","17":"first","18":"instock","19":"taxable","20":"shipping-taxable","21":"purchasable","22":"product-type-simple"},"yoast_head":"<!-- This site is optimized with the Yoast SEO plugin v27.3 - https:\/\/yoast.com\/product\/yoast-seo-wordpress\/ -->\n<title>M\u00e4ngumaja Dingo 2,3 m\u00b2 + katusealune - Alekeskus<\/title>\n<meta name=\"description\" content=\"M\u00e4ngumaja Dingo katusealusega\" \/>\n<meta name=\"robots\" content=\"index, follow, max-snippet:-1, max-image-preview:large, max-video-preview:-1\" \/>\n<link rel=\"canonical\" href=\"https:\/\/alekeskus.eu\/et\/toode\/mangumaja-dingo-23-alekeskus\/\" \/>\n<meta property=\"og:locale\" content=\"et_EE\" \/>\n<meta property=\"og:type\" content=\"article\" \/>\n<meta property=\"og:title\" content=\"M\u00e4ngumaja Dingo 2,3 m\u00b2 + katusealune - Alekeskus\" \/>\n<meta property=\"og:description\" content=\"M\u00e4ngumaja Dingo katusealusega\" \/>\n<meta property=\"og:url\" content=\"https:\/\/alekeskus.eu\/et\/toode\/mangumaja-dingo-23-alekeskus\/\" \/>\n<meta property=\"og:site_name\" content=\"Alekeskus\" \/>\n<meta property=\"article:modified_time\" content=\"2026-03-13T18:00:26+00:00\" \/>\n<meta property=\"og:image\" content=\"https:\/\/alekeskus.eu\/wp-content\/uploads\/2026\/03\/Dingo-aias-scaled.jpg\" \/>\n\t<meta property=\"og:image:width\" content=\"2560\" \/>\n\t<meta property=\"og:image:height\" content=\"1440\" \/>\n\t<meta property=\"og:image:type\" content=\"image\/jpeg\" \/>\n<meta name=\"twitter:card\" content=\"summary_large_image\" \/>\n<meta name=\"twitter:label1\" content=\"Est. reading time\" \/>\n\t<meta name=\"twitter:data1\" content=\"1 minut\" \/>\n<script type=\"application\/ld+json\" class=\"yoast-schema-graph\">{\"@context\":\"https:\\\/\\\/schema.org\",\"@graph\":[{\"@type\":\"WebPage\",\"@id\":\"https:\\\/\\\/alekeskus.eu\\\/et\\\/toode\\\/mangumaja-dingo-23-alekeskus\\\/\",\"url\":\"https:\\\/\\\/alekeskus.eu\\\/et\\\/toode\\\/mangumaja-dingo-23-alekeskus\\\/\",\"name\":\"M\u00e4ngumaja Dingo 2,3 m\u00b2 + katusealune - Alekeskus\",\"isPartOf\":{\"@id\":\"https:\\\/\\\/alekeskus.eu\\\/#website\"},\"primaryImageOfPage\":{\"@id\":\"https:\\\/\\\/alekeskus.eu\\\/et\\\/toode\\\/mangumaja-dingo-23-alekeskus\\\/#primaryimage\"},\"image\":{\"@id\":\"https:\\\/\\\/alekeskus.eu\\\/et\\\/toode\\\/mangumaja-dingo-23-alekeskus\\\/#primaryimage\"},\"thumbnailUrl\":\"https:\\\/\\\/alekeskus.eu\\\/wp-content\\\/uploads\\\/2026\\\/03\\\/Dingo-aias-scaled.jpg\",\"datePublished\":\"2026-03-13T15:09:47+00:00\",\"dateModified\":\"2026-03-13T18:00:26+00:00\",\"description\":\"M\u00e4ngumaja Dingo katusealusega\",\"breadcrumb\":{\"@id\":\"https:\\\/\\\/alekeskus.eu\\\/et\\\/toode\\\/mangumaja-dingo-23-alekeskus\\\/#breadcrumb\"},\"inLanguage\":\"et\",\"potentialAction\":[{\"@type\":\"ReadAction\",\"target\":[\"https:\\\/\\\/alekeskus.eu\\\/et\\\/toode\\\/mangumaja-dingo-23-alekeskus\\\/\"]}]},{\"@type\":\"ImageObject\",\"inLanguage\":\"et\",\"@id\":\"https:\\\/\\\/alekeskus.eu\\\/et\\\/toode\\\/mangumaja-dingo-23-alekeskus\\\/#primaryimage\",\"url\":\"https:\\\/\\\/alekeskus.eu\\\/wp-content\\\/uploads\\\/2026\\\/03\\\/Dingo-aias-scaled.jpg\",\"contentUrl\":\"https:\\\/\\\/alekeskus.eu\\\/wp-content\\\/uploads\\\/2026\\\/03\\\/Dingo-aias-scaled.jpg\",\"width\":2560,\"height\":1440},{\"@type\":\"BreadcrumbList\",\"@id\":\"https:\\\/\\\/alekeskus.eu\\\/et\\\/toode\\\/mangumaja-dingo-23-alekeskus\\\/#breadcrumb\",\"itemListElement\":[{\"@type\":\"ListItem\",\"position\":1,\"name\":\"Avaleht\",\"item\":\"https:\\\/\\\/alekeskus.eu\\\/et\\\/\"},{\"@type\":\"ListItem\",\"position\":2,\"name\":\"Pood\",\"item\":\"https:\\\/\\\/alekeskus.eu\\\/pood\\\/\"},{\"@type\":\"ListItem\",\"position\":3,\"name\":\"M\u00e4ngumaja Dingo 2,3 m\u00b2 + katusealune\"}]},{\"@type\":\"WebSite\",\"@id\":\"https:\\\/\\\/alekeskus.eu\\\/#website\",\"url\":\"https:\\\/\\\/alekeskus.eu\\\/\",\"name\":\"Alekeskus\",\"description\":\"Alekeskus.eu\",\"potentialAction\":[{\"@type\":\"SearchAction\",\"target\":{\"@type\":\"EntryPoint\",\"urlTemplate\":\"https:\\\/\\\/alekeskus.eu\\\/?s={search_term_string}\"},\"query-input\":{\"@type\":\"PropertyValueSpecification\",\"valueRequired\":true,\"valueName\":\"search_term_string\"}}],\"inLanguage\":\"et\"}]}<\/script>\n<!-- \/ Yoast SEO plugin. -->","yoast_head_json":{"title":"M\u00e4ngumaja Dingo 2,3 m\u00b2 + katusealune - Alekeskus","description":"M\u00e4ngumaja Dingo katusealusega","robots":{"index":"index","follow":"follow","max-snippet":"max-snippet:-1","max-image-preview":"max-image-preview:large","max-video-preview":"max-video-preview:-1"},"canonical":"https:\/\/alekeskus.eu\/et\/toode\/mangumaja-dingo-23-alekeskus\/","og_locale":"et_EE","og_type":"article","og_title":"M\u00e4ngumaja Dingo 2,3 m\u00b2 + katusealune - Alekeskus","og_description":"M\u00e4ngumaja Dingo katusealusega","og_url":"https:\/\/alekeskus.eu\/et\/toode\/mangumaja-dingo-23-alekeskus\/","og_site_name":"Alekeskus","article_modified_time":"2026-03-13T18:00:26+00:00","og_image":[{"width":2560,"height":1440,"url":"https:\/\/alekeskus.eu\/wp-content\/uploads\/2026\/03\/Dingo-aias-scaled.jpg","type":"image\/jpeg"}],"twitter_card":"summary_large_image","twitter_misc":{"Est. reading time":"1 minut"},"schema":{"@context":"https:\/\/schema.org","@graph":[{"@type":"WebPage","@id":"https:\/\/alekeskus.eu\/et\/toode\/mangumaja-dingo-23-alekeskus\/","url":"https:\/\/alekeskus.eu\/et\/toode\/mangumaja-dingo-23-alekeskus\/","name":"M\u00e4ngumaja Dingo 2,3 m\u00b2 + katusealune - Alekeskus","isPartOf":{"@id":"https:\/\/alekeskus.eu\/#website"},"primaryImageOfPage":{"@id":"https:\/\/alekeskus.eu\/et\/toode\/mangumaja-dingo-23-alekeskus\/#primaryimage"},"image":{"@id":"https:\/\/alekeskus.eu\/et\/toode\/mangumaja-dingo-23-alekeskus\/#primaryimage"},"thumbnailUrl":"https:\/\/alekeskus.eu\/wp-content\/uploads\/2026\/03\/Dingo-aias-scaled.jpg","datePublished":"2026-03-13T15:09:47+00:00","dateModified":"2026-03-13T18:00:26+00:00","description":"M\u00e4ngumaja Dingo katusealusega","breadcrumb":{"@id":"https:\/\/alekeskus.eu\/et\/toode\/mangumaja-dingo-23-alekeskus\/#breadcrumb"},"inLanguage":"et","potentialAction":[{"@type":"ReadAction","target":["https:\/\/alekeskus.eu\/et\/toode\/mangumaja-dingo-23-alekeskus\/"]}]},{"@type":"ImageObject","inLanguage":"et","@id":"https:\/\/alekeskus.eu\/et\/toode\/mangumaja-dingo-23-alekeskus\/#primaryimage","url":"https:\/\/alekeskus.eu\/wp-content\/uploads\/2026\/03\/Dingo-aias-scaled.jpg","contentUrl":"https:\/\/alekeskus.eu\/wp-content\/uploads\/2026\/03\/Dingo-aias-scaled.jpg","width":2560,"height":1440},{"@type":"BreadcrumbList","@id":"https:\/\/alekeskus.eu\/et\/toode\/mangumaja-dingo-23-alekeskus\/#breadcrumb","itemListElement":[{"@type":"ListItem","position":1,"name":"Avaleht","item":"https:\/\/alekeskus.eu\/et\/"},{"@type":"ListItem","position":2,"name":"Pood","item":"https:\/\/alekeskus.eu\/pood\/"},{"@type":"ListItem","position":3,"name":"M\u00e4ngumaja Dingo 2,3 m\u00b2 + katusealune"}]},{"@type":"WebSite","@id":"https:\/\/alekeskus.eu\/#website","url":"https:\/\/alekeskus.eu\/","name":"Alekeskus","description":"Alekeskus.eu","potentialAction":[{"@type":"SearchAction","target":{"@type":"EntryPoint","urlTemplate":"https:\/\/alekeskus.eu\/?s={search_term_string}"},"query-input":{"@type":"PropertyValueSpecification","valueRequired":true,"valueName":"search_term_string"}}],"inLanguage":"et"}]}},"brands":[],"_links":{"self":[{"href":"https:\/\/alekeskus.eu\/et\/wp-json\/wp\/v2\/product\/100558","targetHints":{"allow":["GET"]}}],"collection":[{"href":"https:\/\/alekeskus.eu\/et\/wp-json\/wp\/v2\/product"}],"about":[{"href":"https:\/\/alekeskus.eu\/et\/wp-json\/wp\/v2\/types\/product"}],"wp:featuredmedia":[{"embeddable":true,"href":"https:\/\/alekeskus.eu\/et\/wp-json\/wp\/v2\/media\/100566"}],"wp:attachment":[{"href":"https:\/\/alekeskus.eu\/et\/wp-json\/wp\/v2\/media?parent=100558"}],"wp:term":[{"taxonomy":"pwb-brand","embeddable":true,"href":"https:\/\/alekeskus.eu\/et\/wp-json\/wp\/v2\/pwb-brand?post=100558"},{"taxonomy":"product_brand","embeddable":true,"href":"https:\/\/alekeskus.eu\/et\/wp-json\/wp\/v2\/product_brand?post=100558"},{"taxonomy":"product_cat","embeddable":true,"href":"https:\/\/alekeskus.eu\/et\/wp-json\/wp\/v2\/product_cat?post=100558"},{"taxonomy":"product_tag","embeddable":true,"href":"https:\/\/alekeskus.eu\/et\/wp-json\/wp\/v2\/product_tag?post=100558"}],"curies":[{"name":"wp","href":"https:\/\/api.w.org\/{rel}","templated":true}]}}