{"id":100626,"date":"2026-01-15T18:23:35","date_gmt":"2026-01-15T18:23:35","guid":{"rendered":"https:\/\/alekeskus.eu\/?post_type=product&#038;p=100626"},"modified":"2026-03-17T14:53:06","modified_gmt":"2026-03-17T14:53:06","slug":"suvemaja-live1-alekeskus","status":"publish","type":"product","link":"https:\/\/alekeskus.eu\/et\/toode\/suvemaja-live1-alekeskus\/","title":{"rendered":"Suvemaja Live1 15,3+ veranda 5,5 m\u00b2, voldikuks ja 70 mm freespalk"},"content":{"rendered":"","protected":false},"excerpt":{"rendered":"<p>V\u00e4lism\u00f5\u00f5dud: <strong>5,5<\/strong><b> x 3 m + veranda 5,5 x 1 m<\/b><\/p>\n<ul>\n<li>tuuletapiga <strong>freespalk 70 mm, <\/strong>keermelatt-tormikinnitused<\/li>\n<li>seinte k\u00f5rgused 236 cm ja 221 cm<\/li>\n<li>punniga p\u00f5randalauad 18 mm, s\u00fcvaimmutatud terrassilauad 19 mm ja alustalad 70 x 45 mm<\/li>\n<li>liimpuidust postid 4 tk 120 x 120 mm koos teraskingadega<\/li>\n<li>silinderlukuga pakettklaasiga voldikuks 410 x 200 cm<\/li>\n<li>\n<div class=\"product-spec\">\n<div class=\"spec-detail\">\n<div class=\"spec-singular\">katuse pindala 29 <span class=\"super-position\">m<sup>2 <\/sup><\/span>ja katusekalle 2\u00b0<\/div>\n<\/div>\n<\/div>\n<\/li>\n<li>\n<div class=\"spec-name\">punniga katuselauad 18 x 90 mm, katusetalad 70 x 140 mm<\/div>\n<\/li>\n<li>\n<div class=\"spec-name\">katusekate ei sisaldu hinnas(tarve 5 rulli SBS-bituumenkatet)<\/div>\n<\/li>\n<li>\n<div class=\"spec-name\">kinnitusvahendid ja koostejuhend<\/div>\n<\/li>\n<li>tehase garantii 5 aastat<\/li>\n<li>Eesti toode<\/li>\n<li>ilmastikukindel pakend<\/li>\n<li>tellimisaeg 1,5-3 kuud<\/li>\n<li>tutvu ka sarnase Live3 majaga, millel on 44 mm sein, alumiiniumuks ja lahtine terrass<\/li>\n<\/ul>\n<p>Vedu mandril 180\u20ac v\u00f5i kraana-autoga 350\u20ac(suursaartele vedu 280\u20ac ja t\u00f5stega vedu 590\u20ac).<\/p>\n<p>K\u00fcsi ka paigaldust!<\/p>\n","protected":false},"featured_media":100630,"template":"","meta":{"_monsterinsights_skip_tracking":false,"_monsterinsights_sitenote_active":false,"_monsterinsights_sitenote_note":"","_monsterinsights_sitenote_category":0},"pwb-brand":[],"product_brand":[],"product_cat":[17182,13592,13540,13596,13604,13608,13610],"product_tag":[15264,15276,17852,13813,15543,17869,13864,14224,18910,14252,19143,14253,19185,14264,19186,14265,19187,14277,14310],"class_list":{"0":"post-100626","1":"product","2":"type-product","3":"status-publish","4":"has-post-thumbnail","6":"product_cat-suvekoogid-alekeskus","7":"product_cat-aia-ja-grillmajad","8":"product_cat-hooned-alekeskus","9":"product_cat-varjualused-talveaiad-alekeskus","10":"product_cat-saunad","11":"product_cat-kontorid","12":"product_cat-suvilad","13":"product_tag-grillikatos","14":"product_tag-pihatoimisto","15":"product_tag-voldikuks","16":"product_tag-aiamaja","17":"product_tag-pihakatos","18":"product_tag-rannasaun","19":"product_tag-huvimaja","20":"product_tag-varjualune","21":"product_tag-aiamaja-ale","22":"product_tag-suvemaja","23":"product_tag-aiamaja-muuk","24":"product_tag-rannamaja","25":"product_tag-suvemaja-muuk","26":"product_tag-aiakuur","27":"product_tag-soodus-suvemaja","28":"product_tag-pihavaja","29":"product_tag-aiamajad-muuk","30":"product_tag-freespalk","31":"product_tag-kodukontor","32":"product_shipping_class-alates-1000kg","33":"pa_garantii-2-vuotta-fi","34":"pa_kohaletoimetamine-alkaen-699e","35":"pa_laoasukoht-tartumaa-fi","36":"pa_pindalam-153-fi","37":"pa_seinapaksus-70-mm-fi","38":"pa_tellimisaeg-2-3-kuud-fi","39":"pa_varv-puuvalmis-fi","40":"pa_veame-eesti-ja-suomi","42":"first","43":"onbackorder","44":"sale","45":"taxable","46":"shipping-taxable","47":"purchasable","48":"product-type-simple"},"yoast_head":"<!-- This site is optimized with the Yoast SEO plugin v27.3 - https:\/\/yoast.com\/product\/yoast-seo-wordpress\/ -->\n<title>Suvemaja Live1 15,3+ veranda 5,5 m\u00b2, voldikuks ja 70 mm freespalk - Alekeskus<\/title>\n<meta name=\"description\" content=\"Suvemaja Live1 verandaga, voldikuksega ja 70 mm paksust freespalgist.\" \/>\n<meta name=\"robots\" content=\"index, follow, max-snippet:-1, max-image-preview:large, max-video-preview:-1\" \/>\n<link rel=\"canonical\" href=\"https:\/\/alekeskus.eu\/et\/toode\/suvemaja-live1-alekeskus\/\" \/>\n<meta property=\"og:locale\" content=\"et_EE\" \/>\n<meta property=\"og:type\" content=\"article\" \/>\n<meta property=\"og:title\" content=\"Suvemaja Live1 15,3+ veranda 5,5 m\u00b2, voldikuks ja 70 mm freespalk - Alekeskus\" \/>\n<meta property=\"og:description\" content=\"Suvemaja Live1 verandaga, voldikuksega ja 70 mm paksust freespalgist.\" \/>\n<meta property=\"og:url\" content=\"https:\/\/alekeskus.eu\/et\/toode\/suvemaja-live1-alekeskus\/\" \/>\n<meta property=\"og:site_name\" content=\"Alekeskus\" \/>\n<meta property=\"article:modified_time\" content=\"2026-03-17T14:53:06+00:00\" \/>\n<meta property=\"og:image\" content=\"https:\/\/alekeskus.eu\/wp-content\/uploads\/2026\/03\/Live1-aias-scaled.jpg\" \/>\n\t<meta property=\"og:image:width\" content=\"2560\" \/>\n\t<meta property=\"og:image:height\" content=\"1707\" \/>\n\t<meta property=\"og:image:type\" content=\"image\/jpeg\" \/>\n<meta name=\"twitter:card\" content=\"summary_large_image\" \/>\n<meta name=\"twitter:label1\" content=\"Est. reading time\" \/>\n\t<meta name=\"twitter:data1\" content=\"1 minut\" \/>\n<script type=\"application\/ld+json\" class=\"yoast-schema-graph\">{\"@context\":\"https:\\\/\\\/schema.org\",\"@graph\":[{\"@type\":\"WebPage\",\"@id\":\"https:\\\/\\\/alekeskus.eu\\\/et\\\/toode\\\/suvemaja-live1-alekeskus\\\/\",\"url\":\"https:\\\/\\\/alekeskus.eu\\\/et\\\/toode\\\/suvemaja-live1-alekeskus\\\/\",\"name\":\"Suvemaja Live1 15,3+ veranda 5,5 m\u00b2, voldikuks ja 70 mm freespalk - Alekeskus\",\"isPartOf\":{\"@id\":\"https:\\\/\\\/alekeskus.eu\\\/#website\"},\"primaryImageOfPage\":{\"@id\":\"https:\\\/\\\/alekeskus.eu\\\/et\\\/toode\\\/suvemaja-live1-alekeskus\\\/#primaryimage\"},\"image\":{\"@id\":\"https:\\\/\\\/alekeskus.eu\\\/et\\\/toode\\\/suvemaja-live1-alekeskus\\\/#primaryimage\"},\"thumbnailUrl\":\"https:\\\/\\\/alekeskus.eu\\\/wp-content\\\/uploads\\\/2026\\\/03\\\/Live1-aias-scaled.jpg\",\"datePublished\":\"2026-01-15T18:23:35+00:00\",\"dateModified\":\"2026-03-17T14:53:06+00:00\",\"description\":\"Suvemaja Live1 verandaga, voldikuksega ja 70 mm paksust freespalgist.\",\"breadcrumb\":{\"@id\":\"https:\\\/\\\/alekeskus.eu\\\/et\\\/toode\\\/suvemaja-live1-alekeskus\\\/#breadcrumb\"},\"inLanguage\":\"et\",\"potentialAction\":[{\"@type\":\"ReadAction\",\"target\":[\"https:\\\/\\\/alekeskus.eu\\\/et\\\/toode\\\/suvemaja-live1-alekeskus\\\/\"]}]},{\"@type\":\"ImageObject\",\"inLanguage\":\"et\",\"@id\":\"https:\\\/\\\/alekeskus.eu\\\/et\\\/toode\\\/suvemaja-live1-alekeskus\\\/#primaryimage\",\"url\":\"https:\\\/\\\/alekeskus.eu\\\/wp-content\\\/uploads\\\/2026\\\/03\\\/Live1-aias-scaled.jpg\",\"contentUrl\":\"https:\\\/\\\/alekeskus.eu\\\/wp-content\\\/uploads\\\/2026\\\/03\\\/Live1-aias-scaled.jpg\",\"width\":2560,\"height\":1707},{\"@type\":\"BreadcrumbList\",\"@id\":\"https:\\\/\\\/alekeskus.eu\\\/et\\\/toode\\\/suvemaja-live1-alekeskus\\\/#breadcrumb\",\"itemListElement\":[{\"@type\":\"ListItem\",\"position\":1,\"name\":\"Avaleht\",\"item\":\"https:\\\/\\\/alekeskus.eu\\\/et\\\/\"},{\"@type\":\"ListItem\",\"position\":2,\"name\":\"Pood\",\"item\":\"https:\\\/\\\/alekeskus.eu\\\/pood\\\/\"},{\"@type\":\"ListItem\",\"position\":3,\"name\":\"Suvemaja Live1 15,3+ veranda 5,5 m\u00b2, voldikuks ja 70 mm freespalk\"}]},{\"@type\":\"WebSite\",\"@id\":\"https:\\\/\\\/alekeskus.eu\\\/#website\",\"url\":\"https:\\\/\\\/alekeskus.eu\\\/\",\"name\":\"Alekeskus\",\"description\":\"Alekeskus.eu\",\"potentialAction\":[{\"@type\":\"SearchAction\",\"target\":{\"@type\":\"EntryPoint\",\"urlTemplate\":\"https:\\\/\\\/alekeskus.eu\\\/?s={search_term_string}\"},\"query-input\":{\"@type\":\"PropertyValueSpecification\",\"valueRequired\":true,\"valueName\":\"search_term_string\"}}],\"inLanguage\":\"et\"}]}<\/script>\n<!-- \/ Yoast SEO plugin. -->","yoast_head_json":{"title":"Suvemaja Live1 15,3+ veranda 5,5 m\u00b2, voldikuks ja 70 mm freespalk - Alekeskus","description":"Suvemaja Live1 verandaga, voldikuksega ja 70 mm paksust freespalgist.","robots":{"index":"index","follow":"follow","max-snippet":"max-snippet:-1","max-image-preview":"max-image-preview:large","max-video-preview":"max-video-preview:-1"},"canonical":"https:\/\/alekeskus.eu\/et\/toode\/suvemaja-live1-alekeskus\/","og_locale":"et_EE","og_type":"article","og_title":"Suvemaja Live1 15,3+ veranda 5,5 m\u00b2, voldikuks ja 70 mm freespalk - Alekeskus","og_description":"Suvemaja Live1 verandaga, voldikuksega ja 70 mm paksust freespalgist.","og_url":"https:\/\/alekeskus.eu\/et\/toode\/suvemaja-live1-alekeskus\/","og_site_name":"Alekeskus","article_modified_time":"2026-03-17T14:53:06+00:00","og_image":[{"width":2560,"height":1707,"url":"https:\/\/alekeskus.eu\/wp-content\/uploads\/2026\/03\/Live1-aias-scaled.jpg","type":"image\/jpeg"}],"twitter_card":"summary_large_image","twitter_misc":{"Est. reading time":"1 minut"},"schema":{"@context":"https:\/\/schema.org","@graph":[{"@type":"WebPage","@id":"https:\/\/alekeskus.eu\/et\/toode\/suvemaja-live1-alekeskus\/","url":"https:\/\/alekeskus.eu\/et\/toode\/suvemaja-live1-alekeskus\/","name":"Suvemaja Live1 15,3+ veranda 5,5 m\u00b2, voldikuks ja 70 mm freespalk - Alekeskus","isPartOf":{"@id":"https:\/\/alekeskus.eu\/#website"},"primaryImageOfPage":{"@id":"https:\/\/alekeskus.eu\/et\/toode\/suvemaja-live1-alekeskus\/#primaryimage"},"image":{"@id":"https:\/\/alekeskus.eu\/et\/toode\/suvemaja-live1-alekeskus\/#primaryimage"},"thumbnailUrl":"https:\/\/alekeskus.eu\/wp-content\/uploads\/2026\/03\/Live1-aias-scaled.jpg","datePublished":"2026-01-15T18:23:35+00:00","dateModified":"2026-03-17T14:53:06+00:00","description":"Suvemaja Live1 verandaga, voldikuksega ja 70 mm paksust freespalgist.","breadcrumb":{"@id":"https:\/\/alekeskus.eu\/et\/toode\/suvemaja-live1-alekeskus\/#breadcrumb"},"inLanguage":"et","potentialAction":[{"@type":"ReadAction","target":["https:\/\/alekeskus.eu\/et\/toode\/suvemaja-live1-alekeskus\/"]}]},{"@type":"ImageObject","inLanguage":"et","@id":"https:\/\/alekeskus.eu\/et\/toode\/suvemaja-live1-alekeskus\/#primaryimage","url":"https:\/\/alekeskus.eu\/wp-content\/uploads\/2026\/03\/Live1-aias-scaled.jpg","contentUrl":"https:\/\/alekeskus.eu\/wp-content\/uploads\/2026\/03\/Live1-aias-scaled.jpg","width":2560,"height":1707},{"@type":"BreadcrumbList","@id":"https:\/\/alekeskus.eu\/et\/toode\/suvemaja-live1-alekeskus\/#breadcrumb","itemListElement":[{"@type":"ListItem","position":1,"name":"Avaleht","item":"https:\/\/alekeskus.eu\/et\/"},{"@type":"ListItem","position":2,"name":"Pood","item":"https:\/\/alekeskus.eu\/pood\/"},{"@type":"ListItem","position":3,"name":"Suvemaja Live1 15,3+ veranda 5,5 m\u00b2, voldikuks ja 70 mm freespalk"}]},{"@type":"WebSite","@id":"https:\/\/alekeskus.eu\/#website","url":"https:\/\/alekeskus.eu\/","name":"Alekeskus","description":"Alekeskus.eu","potentialAction":[{"@type":"SearchAction","target":{"@type":"EntryPoint","urlTemplate":"https:\/\/alekeskus.eu\/?s={search_term_string}"},"query-input":{"@type":"PropertyValueSpecification","valueRequired":true,"valueName":"search_term_string"}}],"inLanguage":"et"}]}},"brands":[],"_links":{"self":[{"href":"https:\/\/alekeskus.eu\/et\/wp-json\/wp\/v2\/product\/100626","targetHints":{"allow":["GET"]}}],"collection":[{"href":"https:\/\/alekeskus.eu\/et\/wp-json\/wp\/v2\/product"}],"about":[{"href":"https:\/\/alekeskus.eu\/et\/wp-json\/wp\/v2\/types\/product"}],"wp:featuredmedia":[{"embeddable":true,"href":"https:\/\/alekeskus.eu\/et\/wp-json\/wp\/v2\/media\/100630"}],"wp:attachment":[{"href":"https:\/\/alekeskus.eu\/et\/wp-json\/wp\/v2\/media?parent=100626"}],"wp:term":[{"taxonomy":"pwb-brand","embeddable":true,"href":"https:\/\/alekeskus.eu\/et\/wp-json\/wp\/v2\/pwb-brand?post=100626"},{"taxonomy":"product_brand","embeddable":true,"href":"https:\/\/alekeskus.eu\/et\/wp-json\/wp\/v2\/product_brand?post=100626"},{"taxonomy":"product_cat","embeddable":true,"href":"https:\/\/alekeskus.eu\/et\/wp-json\/wp\/v2\/product_cat?post=100626"},{"taxonomy":"product_tag","embeddable":true,"href":"https:\/\/alekeskus.eu\/et\/wp-json\/wp\/v2\/product_tag?post=100626"}],"curies":[{"name":"wp","href":"https:\/\/api.w.org\/{rel}","templated":true}]}}