{"id":100711,"date":"2026-03-17T15:01:08","date_gmt":"2026-03-17T15:01:08","guid":{"rendered":"https:\/\/alekeskus.eu\/?post_type=product&#038;p=100711"},"modified":"2026-03-17T15:53:46","modified_gmt":"2026-03-17T15:53:46","slug":"suvemaja-live3-158-veranda-55-alekeskus","status":"publish","type":"product","link":"https:\/\/alekeskus.eu\/et\/toode\/suvemaja-live3-158-veranda-55-alekeskus\/","title":{"rendered":"Suvemaja Live3 15,8 + veranda 5,5 m\u00b2, alumiiniumliuguks ja 44 mm freespalk"},"content":{"rendered":"","protected":false},"excerpt":{"rendered":"<p>V\u00e4lism\u00f5\u00f5dud: <strong>5,5<\/strong><b> x 3 m + veranda 5,5 x 1 m<\/b><\/p>\n<ul>\n<li>tuuletapiga <strong>freespalk 44 mm, <\/strong>tormikinnitused<\/li>\n<li>seinte k\u00f5rgused 239 cm ja 228 cm<\/li>\n<li>punniga p\u00f5randalauad 18 mm, s\u00fcvaimmutatud terrassilauad 19 mm ja alustalad 70 x 45 mm<\/li>\n<li>liimpuidust terrassipostid 2 tk 120 x 120 mm koos teraskingadega<\/li>\n<li>silinderlukuga pakettklaasiga <strong>alumiiniumliuguks 340 x 198 cm<\/strong><\/li>\n<li>\n<div class=\"product-spec\">\n<div class=\"spec-detail\">\n<div class=\"spec-singular\">katuse pindala 25 <span class=\"super-position\">m<sup>2 <\/sup><\/span>ja katusekalle 2\u00b0<\/div>\n<\/div>\n<\/div>\n<\/li>\n<li>\n<div class=\"spec-name\">punniga katuselauad 18 x 90 mm, katusetalad 70 x 170 mm<\/div>\n<\/li>\n<li>\n<div class=\"spec-name\">katusekate ei sisaldu hinnas(tarve 5 rulli SBS-bituumenkatet)<\/div>\n<\/li>\n<li>\n<div class=\"spec-name\">kinnitusvahendid ja koostejuhend<\/div>\n<\/li>\n<li>tehase garantii 5 aastat<\/li>\n<li>Eesti toode<\/li>\n<li>ilmastikukindel pakend<\/li>\n<li>tutvu ka sarnaste viilkatusega Linhurstiga ja Live1-ga, millel on 70 mm sein, puust voldikuks ja piirdega terrass<\/li>\n<\/ul>\n<p>Vedu mandril 180\u20ac v\u00f5i kraana-autoga 350\u20ac(suursaartele vedu 280\u20ac ja t\u00f5stega vedu 590\u20ac).<\/p>\n<p>K\u00fcsi ka paigaldust!<\/p>\n","protected":false},"featured_media":100723,"template":"","meta":{"_monsterinsights_skip_tracking":false,"_monsterinsights_sitenote_active":false,"_monsterinsights_sitenote_note":"","_monsterinsights_sitenote_category":0},"pwb-brand":[],"product_brand":[],"product_cat":[17182,13592,13540,13596,13604,13608,13610],"product_tag":[19185,13813,15543,19186,19187,13864,19206,14224,19207,14252,14253,17869,14264,18211,14277,18910,14310,19143,15276],"class_list":{"0":"post-100711","1":"product","2":"type-product","3":"status-publish","4":"has-post-thumbnail","6":"product_cat-suvekoogid-alekeskus","7":"product_cat-aia-ja-grillmajad","8":"product_cat-hooned-alekeskus","9":"product_cat-varjualused-talveaiad-alekeskus","10":"product_cat-saunad","11":"product_cat-kontorid","12":"product_cat-suvilad","13":"product_tag-suvemaja-muuk","14":"product_tag-aiamaja","15":"product_tag-pihakatos","16":"product_tag-soodus-suvemaja","17":"product_tag-aiamajad-muuk","18":"product_tag-huvimaja","19":"product_tag-alumiiniumraamiga-liuguks","20":"product_tag-varjualune","21":"product_tag-kaugtootuba","22":"product_tag-suvemaja","23":"product_tag-rannamaja","24":"product_tag-rannasaun","25":"product_tag-aiakuur","26":"product_tag-alumiiniumuks","27":"product_tag-freespalk","28":"product_tag-aiamaja-ale","29":"product_tag-kodukontor","30":"product_tag-aiamaja-muuk","31":"product_tag-pihatoimisto","32":"product_shipping_class-alates-1000kg","33":"pa_garantii-5-aastat","34":"pa_kohaletoimetamine-alates-180e","35":"pa_laoasukoht-tartumaa-fi","36":"pa_pindalam-19205","37":"pa_seinapaksus-17405","38":"pa_tellimisaeg-tilausaika-alekeskus","39":"pa_varv-viimistlemata","40":"pa_veame-eesti-ja-soome","42":"first","43":"instock","44":"taxable","45":"shipping-taxable","46":"purchasable","47":"product-type-simple"},"yoast_head":"<!-- This site is optimized with the Yoast SEO plugin v27.3 - https:\/\/yoast.com\/product\/yoast-seo-wordpress\/ -->\n<title>Suvemaja Live3 15,8 + veranda 5,5 m\u00b2, alumiiniumliuguks ja 44 mm freespalk - Alekeskus<\/title>\n<meta name=\"description\" content=\"Suvemaja Live3 avatud verandaga, alumiiniumuksega ja 44 mm paksust freespalgist.\" \/>\n<meta name=\"robots\" content=\"index, follow, max-snippet:-1, max-image-preview:large, max-video-preview:-1\" \/>\n<link rel=\"canonical\" href=\"https:\/\/alekeskus.eu\/et\/toode\/suvemaja-live3-158-veranda-55-alekeskus\/\" \/>\n<meta property=\"og:locale\" content=\"et_EE\" \/>\n<meta property=\"og:type\" content=\"article\" \/>\n<meta property=\"og:title\" content=\"Suvemaja Live3 15,8 + veranda 5,5 m\u00b2, alumiiniumliuguks ja 44 mm freespalk - Alekeskus\" \/>\n<meta property=\"og:description\" content=\"Suvemaja Live3 avatud verandaga, alumiiniumuksega ja 44 mm paksust freespalgist.\" \/>\n<meta property=\"og:url\" content=\"https:\/\/alekeskus.eu\/et\/toode\/suvemaja-live3-158-veranda-55-alekeskus\/\" \/>\n<meta property=\"og:site_name\" content=\"Alekeskus\" \/>\n<meta property=\"article:modified_time\" content=\"2026-03-17T15:53:46+00:00\" \/>\n<meta property=\"og:image\" content=\"https:\/\/alekeskus.eu\/wp-content\/uploads\/2026\/03\/Live3-helehall-aias-scaled.jpg\" \/>\n\t<meta property=\"og:image:width\" content=\"2560\" \/>\n\t<meta property=\"og:image:height\" content=\"1707\" \/>\n\t<meta property=\"og:image:type\" content=\"image\/jpeg\" \/>\n<meta name=\"twitter:card\" content=\"summary_large_image\" \/>\n<meta name=\"twitter:label1\" content=\"Est. reading time\" \/>\n\t<meta name=\"twitter:data1\" content=\"1 minut\" \/>\n<script type=\"application\/ld+json\" class=\"yoast-schema-graph\">{\"@context\":\"https:\\\/\\\/schema.org\",\"@graph\":[{\"@type\":\"WebPage\",\"@id\":\"https:\\\/\\\/alekeskus.eu\\\/et\\\/toode\\\/suvemaja-live3-158-veranda-55-alekeskus\\\/\",\"url\":\"https:\\\/\\\/alekeskus.eu\\\/et\\\/toode\\\/suvemaja-live3-158-veranda-55-alekeskus\\\/\",\"name\":\"Suvemaja Live3 15,8 + veranda 5,5 m\u00b2, alumiiniumliuguks ja 44 mm freespalk - Alekeskus\",\"isPartOf\":{\"@id\":\"https:\\\/\\\/alekeskus.eu\\\/#website\"},\"primaryImageOfPage\":{\"@id\":\"https:\\\/\\\/alekeskus.eu\\\/et\\\/toode\\\/suvemaja-live3-158-veranda-55-alekeskus\\\/#primaryimage\"},\"image\":{\"@id\":\"https:\\\/\\\/alekeskus.eu\\\/et\\\/toode\\\/suvemaja-live3-158-veranda-55-alekeskus\\\/#primaryimage\"},\"thumbnailUrl\":\"https:\\\/\\\/alekeskus.eu\\\/wp-content\\\/uploads\\\/2026\\\/03\\\/Live3-helehall-aias-scaled.jpg\",\"datePublished\":\"2026-03-17T15:01:08+00:00\",\"dateModified\":\"2026-03-17T15:53:46+00:00\",\"description\":\"Suvemaja Live3 avatud verandaga, alumiiniumuksega ja 44 mm paksust freespalgist.\",\"breadcrumb\":{\"@id\":\"https:\\\/\\\/alekeskus.eu\\\/et\\\/toode\\\/suvemaja-live3-158-veranda-55-alekeskus\\\/#breadcrumb\"},\"inLanguage\":\"et\",\"potentialAction\":[{\"@type\":\"ReadAction\",\"target\":[\"https:\\\/\\\/alekeskus.eu\\\/et\\\/toode\\\/suvemaja-live3-158-veranda-55-alekeskus\\\/\"]}]},{\"@type\":\"ImageObject\",\"inLanguage\":\"et\",\"@id\":\"https:\\\/\\\/alekeskus.eu\\\/et\\\/toode\\\/suvemaja-live3-158-veranda-55-alekeskus\\\/#primaryimage\",\"url\":\"https:\\\/\\\/alekeskus.eu\\\/wp-content\\\/uploads\\\/2026\\\/03\\\/Live3-helehall-aias-scaled.jpg\",\"contentUrl\":\"https:\\\/\\\/alekeskus.eu\\\/wp-content\\\/uploads\\\/2026\\\/03\\\/Live3-helehall-aias-scaled.jpg\",\"width\":2560,\"height\":1707,\"caption\":\"Suvemaja Live3 alumiiniumuksega ja terrassiga helehalliks v\u00e4rvituna\"},{\"@type\":\"BreadcrumbList\",\"@id\":\"https:\\\/\\\/alekeskus.eu\\\/et\\\/toode\\\/suvemaja-live3-158-veranda-55-alekeskus\\\/#breadcrumb\",\"itemListElement\":[{\"@type\":\"ListItem\",\"position\":1,\"name\":\"Avaleht\",\"item\":\"https:\\\/\\\/alekeskus.eu\\\/et\\\/\"},{\"@type\":\"ListItem\",\"position\":2,\"name\":\"Pood\",\"item\":\"https:\\\/\\\/alekeskus.eu\\\/pood\\\/\"},{\"@type\":\"ListItem\",\"position\":3,\"name\":\"Suvemaja Live3 15,8 + veranda 5,5 m\u00b2, alumiiniumliuguks ja 44 mm freespalk\"}]},{\"@type\":\"WebSite\",\"@id\":\"https:\\\/\\\/alekeskus.eu\\\/#website\",\"url\":\"https:\\\/\\\/alekeskus.eu\\\/\",\"name\":\"Alekeskus\",\"description\":\"Alekeskus.eu\",\"potentialAction\":[{\"@type\":\"SearchAction\",\"target\":{\"@type\":\"EntryPoint\",\"urlTemplate\":\"https:\\\/\\\/alekeskus.eu\\\/?s={search_term_string}\"},\"query-input\":{\"@type\":\"PropertyValueSpecification\",\"valueRequired\":true,\"valueName\":\"search_term_string\"}}],\"inLanguage\":\"et\"}]}<\/script>\n<!-- \/ Yoast SEO plugin. -->","yoast_head_json":{"title":"Suvemaja Live3 15,8 + veranda 5,5 m\u00b2, alumiiniumliuguks ja 44 mm freespalk - Alekeskus","description":"Suvemaja Live3 avatud verandaga, alumiiniumuksega ja 44 mm paksust freespalgist.","robots":{"index":"index","follow":"follow","max-snippet":"max-snippet:-1","max-image-preview":"max-image-preview:large","max-video-preview":"max-video-preview:-1"},"canonical":"https:\/\/alekeskus.eu\/et\/toode\/suvemaja-live3-158-veranda-55-alekeskus\/","og_locale":"et_EE","og_type":"article","og_title":"Suvemaja Live3 15,8 + veranda 5,5 m\u00b2, alumiiniumliuguks ja 44 mm freespalk - Alekeskus","og_description":"Suvemaja Live3 avatud verandaga, alumiiniumuksega ja 44 mm paksust freespalgist.","og_url":"https:\/\/alekeskus.eu\/et\/toode\/suvemaja-live3-158-veranda-55-alekeskus\/","og_site_name":"Alekeskus","article_modified_time":"2026-03-17T15:53:46+00:00","og_image":[{"width":2560,"height":1707,"url":"https:\/\/alekeskus.eu\/wp-content\/uploads\/2026\/03\/Live3-helehall-aias-scaled.jpg","type":"image\/jpeg"}],"twitter_card":"summary_large_image","twitter_misc":{"Est. reading time":"1 minut"},"schema":{"@context":"https:\/\/schema.org","@graph":[{"@type":"WebPage","@id":"https:\/\/alekeskus.eu\/et\/toode\/suvemaja-live3-158-veranda-55-alekeskus\/","url":"https:\/\/alekeskus.eu\/et\/toode\/suvemaja-live3-158-veranda-55-alekeskus\/","name":"Suvemaja Live3 15,8 + veranda 5,5 m\u00b2, alumiiniumliuguks ja 44 mm freespalk - Alekeskus","isPartOf":{"@id":"https:\/\/alekeskus.eu\/#website"},"primaryImageOfPage":{"@id":"https:\/\/alekeskus.eu\/et\/toode\/suvemaja-live3-158-veranda-55-alekeskus\/#primaryimage"},"image":{"@id":"https:\/\/alekeskus.eu\/et\/toode\/suvemaja-live3-158-veranda-55-alekeskus\/#primaryimage"},"thumbnailUrl":"https:\/\/alekeskus.eu\/wp-content\/uploads\/2026\/03\/Live3-helehall-aias-scaled.jpg","datePublished":"2026-03-17T15:01:08+00:00","dateModified":"2026-03-17T15:53:46+00:00","description":"Suvemaja Live3 avatud verandaga, alumiiniumuksega ja 44 mm paksust freespalgist.","breadcrumb":{"@id":"https:\/\/alekeskus.eu\/et\/toode\/suvemaja-live3-158-veranda-55-alekeskus\/#breadcrumb"},"inLanguage":"et","potentialAction":[{"@type":"ReadAction","target":["https:\/\/alekeskus.eu\/et\/toode\/suvemaja-live3-158-veranda-55-alekeskus\/"]}]},{"@type":"ImageObject","inLanguage":"et","@id":"https:\/\/alekeskus.eu\/et\/toode\/suvemaja-live3-158-veranda-55-alekeskus\/#primaryimage","url":"https:\/\/alekeskus.eu\/wp-content\/uploads\/2026\/03\/Live3-helehall-aias-scaled.jpg","contentUrl":"https:\/\/alekeskus.eu\/wp-content\/uploads\/2026\/03\/Live3-helehall-aias-scaled.jpg","width":2560,"height":1707,"caption":"Suvemaja Live3 alumiiniumuksega ja terrassiga helehalliks v\u00e4rvituna"},{"@type":"BreadcrumbList","@id":"https:\/\/alekeskus.eu\/et\/toode\/suvemaja-live3-158-veranda-55-alekeskus\/#breadcrumb","itemListElement":[{"@type":"ListItem","position":1,"name":"Avaleht","item":"https:\/\/alekeskus.eu\/et\/"},{"@type":"ListItem","position":2,"name":"Pood","item":"https:\/\/alekeskus.eu\/pood\/"},{"@type":"ListItem","position":3,"name":"Suvemaja Live3 15,8 + veranda 5,5 m\u00b2, alumiiniumliuguks ja 44 mm freespalk"}]},{"@type":"WebSite","@id":"https:\/\/alekeskus.eu\/#website","url":"https:\/\/alekeskus.eu\/","name":"Alekeskus","description":"Alekeskus.eu","potentialAction":[{"@type":"SearchAction","target":{"@type":"EntryPoint","urlTemplate":"https:\/\/alekeskus.eu\/?s={search_term_string}"},"query-input":{"@type":"PropertyValueSpecification","valueRequired":true,"valueName":"search_term_string"}}],"inLanguage":"et"}]}},"brands":[],"_links":{"self":[{"href":"https:\/\/alekeskus.eu\/et\/wp-json\/wp\/v2\/product\/100711","targetHints":{"allow":["GET"]}}],"collection":[{"href":"https:\/\/alekeskus.eu\/et\/wp-json\/wp\/v2\/product"}],"about":[{"href":"https:\/\/alekeskus.eu\/et\/wp-json\/wp\/v2\/types\/product"}],"wp:featuredmedia":[{"embeddable":true,"href":"https:\/\/alekeskus.eu\/et\/wp-json\/wp\/v2\/media\/100723"}],"wp:attachment":[{"href":"https:\/\/alekeskus.eu\/et\/wp-json\/wp\/v2\/media?parent=100711"}],"wp:term":[{"taxonomy":"pwb-brand","embeddable":true,"href":"https:\/\/alekeskus.eu\/et\/wp-json\/wp\/v2\/pwb-brand?post=100711"},{"taxonomy":"product_brand","embeddable":true,"href":"https:\/\/alekeskus.eu\/et\/wp-json\/wp\/v2\/product_brand?post=100711"},{"taxonomy":"product_cat","embeddable":true,"href":"https:\/\/alekeskus.eu\/et\/wp-json\/wp\/v2\/product_cat?post=100711"},{"taxonomy":"product_tag","embeddable":true,"href":"https:\/\/alekeskus.eu\/et\/wp-json\/wp\/v2\/product_tag?post=100711"}],"curies":[{"name":"wp","href":"https:\/\/api.w.org\/{rel}","templated":true}]}}