{"id":101116,"date":"2026-01-02T18:31:03","date_gmt":"2026-01-02T18:31:03","guid":{"rendered":"https:\/\/alekeskus.eu\/?post_type=product&#038;p=101116"},"modified":"2026-03-30T13:51:27","modified_gmt":"2026-03-30T13:51:27","slug":"aiamaja-alar7-alekeskus","status":"publish","type":"product","link":"https:\/\/alekeskus.eu\/et\/toode\/aiamaja-alar7-alekeskus\/","title":{"rendered":"Aiamaja Alar 7,0 m\u00b2, freespalk 44 mm, pakettklaasid"},"content":{"rendered":"<p>Sein v\u00e4rvitakse 3-st k\u00fcljest, ka punnsooned. 4 standardv\u00e4rvi: rootsi punane, s\u00fcsihall, helehall, roheline. Sisepind j\u00e4\u00e4b naturaalseks. Maja nurgad on v\u00e4rvitud igast k\u00fcljest. V\u00e4rvitakse 2 kihti. \u27a2 P\u00f5randa- ja laelauad ning p\u00e4rlinid j\u00e4\u00e4vad v\u00e4rvimata. \u27a2 Aknad ja uksed v\u00e4rvitakse valgeks igast k\u00fcljest. \u27a2 K\u00f5ik v\u00e4lised liistud (viilulauad ja liistud) v\u00e4rvitakse valgeks. \u27a2 Kvaliteetme v\u00e4rv tuntud saksa ettev\u00f5ttelt OSMO<\/p>\n<p>Tellimisaeg 3-4 n\u00e4dalat pikem.<\/p>\n","protected":false},"excerpt":{"rendered":"<p>Pisike inglise stiilis aiamaja sobib ideaalselt v\u00e4iksemasse aeda kodukontoriks v\u00f5i puhkeruumiks. Ukse ja akna kaarliistud annavad majale armsa v\u00e4limuse.<\/p>\n<p>V\u00e4lism\u00f5\u00f5dud: <strong>2,5 x 3,0 m.<\/strong><\/p>\n<ul>\n<li>tuuletapiga freespalk <strong>44 mm<\/strong> tormitugevdustega<\/li>\n<li>seina k\u00f5rgus 211 cm, harja k\u00f5rgus 245 cm<\/li>\n<li>esir\u00e4\u00e4stas 20 cm, katuse kalle 16\u00b0, pindala 11 m<sup>2<\/sup><\/li>\n<li>punnitud p\u00f5randalauad 18,5 x 90 mm; s\u00fcvaimmutatud alusraam 70 x 45 mm<\/li>\n<li>katusetalad 44 x 146 mm, punnitud katuselauad 18,5 x 90 mm<\/li>\n<li>katusekate ei sisaldu hinnas (lisahinnaga 5 pakki bituumensindlit v\u00f5i 1 rull SBS-bituumenkatet)<\/li>\n<li>tellitav v\u00e4ljast v\u00e4rvituna +1000\u20ac(hele-ja tumehall, punane v\u00f5i roheline; uks ja liistud \u00fcleni valged; loe alt kirjeldust, tellimisaeg 3-4 n\u00e4dalat pikem)<\/li>\n<li>silinderlukuga ja pakettklaasiga paarisuks 124 x 185 cm<\/li>\n<li>avatav pakettklaasidega aken 99 x 134 cm<\/li>\n<li>\n<div class=\"spec-name\">kinnitusvahendid ja juhend<\/div>\n<\/li>\n<li>ilmastikukindel pakend<\/li>\n<li>Eesti toode<\/li>\n<li>peegelpildis paigaldatav<\/li>\n<li>tehase garantii 5 aastat<\/li>\n<\/ul>\n<p>Vedu mandril tellijapoolse mahalaadimisega 180\u20ac v\u00f5i kraana-autoga 350\u20ac(suursaartele vastavalt 280\u20ac ja 590\u20ac).<\/p>\n<p>K\u00fcsi ka paigaldust!<\/p>\n","protected":false},"featured_media":101146,"template":"","meta":{"_monsterinsights_skip_tracking":false,"_monsterinsights_sitenote_active":false,"_monsterinsights_sitenote_note":"","_monsterinsights_sitenote_category":0},"pwb-brand":[],"product_brand":[],"product_cat":[17182,13592,13540,13608],"product_tag":[15510,18910,15516,19143,16124,19164,19165,19166,13813,13840,18330,13913,18537,14310,18909],"class_list":{"0":"post-101116","1":"product","2":"type-product","3":"status-publish","4":"has-post-thumbnail","6":"product_cat-suvekoogid-alekeskus","7":"product_cat-aia-ja-grillmajad","8":"product_cat-hooned-alekeskus","9":"product_cat-kontorid","10":"product_tag-aiakontor","11":"product_tag-aiamaja-ale","12":"product_tag-suvekook","13":"product_tag-aiamaja-muuk","14":"product_tag-aiamajad","15":"product_tag-aiamaja-muugis","16":"product_tag-vierasmaja-ale","17":"product_tag-vierasmajat-myynnissa","18":"product_tag-aiamaja","19":"product_tag-kontor","20":"product_tag-palmako-vierasmaja","21":"product_tag-vierasmaja","22":"product_tag-aiamaja-paigaldus","23":"product_tag-kodukontor","24":"product_tag-aiamaja-soodus","25":"product_shipping_class-alates-1000kg","26":"pa_garantii-5-aastat","27":"pa_laoasukoht-tartumaa","28":"pa_pindalam-17894","29":"pa_seinapaksus-17405","30":"pa_varv-tumehall","31":"pa_varv-helehall","32":"pa_varv-roheline","33":"pa_varv-punane","34":"pa_varv-viimistlemata","35":"pa_veame-eesti-ja-soome","37":"first","38":"instock","39":"featured","40":"taxable","41":"shipping-taxable","42":"purchasable","43":"product-type-variable","44":"has-default-attributes"},"yoast_head":"<!-- This site is optimized with the Yoast SEO plugin v27.3 - https:\/\/yoast.com\/product\/yoast-seo-wordpress\/ -->\n<title>Aiamaja Alar 7,0 m\u00b2, freespalk 44 mm, pakettklaasid - Alekeskus<\/title>\n<meta name=\"description\" content=\"V\u00e4ike aiamaja Alar 44 mm freespalgist ja pakettklaasidega.\" \/>\n<meta name=\"robots\" content=\"index, follow, max-snippet:-1, max-image-preview:large, max-video-preview:-1\" \/>\n<link rel=\"canonical\" href=\"https:\/\/alekeskus.eu\/et\/toode\/aiamaja-alar7-alekeskus\/\" \/>\n<meta property=\"og:locale\" content=\"et_EE\" \/>\n<meta property=\"og:type\" content=\"article\" \/>\n<meta property=\"og:title\" content=\"Aiamaja Alar 7,0 m\u00b2, freespalk 44 mm, pakettklaasid - Alekeskus\" \/>\n<meta property=\"og:description\" content=\"V\u00e4ike aiamaja Alar 44 mm freespalgist ja pakettklaasidega.\" \/>\n<meta property=\"og:url\" content=\"https:\/\/alekeskus.eu\/et\/toode\/aiamaja-alar7-alekeskus\/\" \/>\n<meta property=\"og:site_name\" content=\"Alekeskus\" \/>\n<meta property=\"article:modified_time\" content=\"2026-03-30T13:51:27+00:00\" \/>\n<meta property=\"og:image\" content=\"https:\/\/alekeskus.eu\/wp-content\/uploads\/2026\/01\/Olev-green-aias-1024x1024.jpg\" \/>\n\t<meta property=\"og:image:width\" content=\"1024\" \/>\n\t<meta property=\"og:image:height\" content=\"1024\" \/>\n\t<meta property=\"og:image:type\" content=\"image\/jpeg\" \/>\n<meta name=\"twitter:card\" content=\"summary_large_image\" \/>\n<meta name=\"twitter:label1\" content=\"Est. reading time\" \/>\n\t<meta name=\"twitter:data1\" content=\"1 minut\" \/>\n<script type=\"application\/ld+json\" class=\"yoast-schema-graph\">{\"@context\":\"https:\\\/\\\/schema.org\",\"@graph\":[{\"@type\":\"WebPage\",\"@id\":\"https:\\\/\\\/alekeskus.eu\\\/et\\\/toode\\\/aiamaja-alar7-alekeskus\\\/\",\"url\":\"https:\\\/\\\/alekeskus.eu\\\/et\\\/toode\\\/aiamaja-alar7-alekeskus\\\/\",\"name\":\"Aiamaja Alar 7,0 m\u00b2, freespalk 44 mm, pakettklaasid - Alekeskus\",\"isPartOf\":{\"@id\":\"https:\\\/\\\/alekeskus.eu\\\/#website\"},\"primaryImageOfPage\":{\"@id\":\"https:\\\/\\\/alekeskus.eu\\\/et\\\/toode\\\/aiamaja-alar7-alekeskus\\\/#primaryimage\"},\"image\":{\"@id\":\"https:\\\/\\\/alekeskus.eu\\\/et\\\/toode\\\/aiamaja-alar7-alekeskus\\\/#primaryimage\"},\"thumbnailUrl\":\"https:\\\/\\\/alekeskus.eu\\\/wp-content\\\/uploads\\\/2026\\\/01\\\/Olev-green-aias.jpg\",\"datePublished\":\"2026-01-02T18:31:03+00:00\",\"dateModified\":\"2026-03-30T13:51:27+00:00\",\"description\":\"V\u00e4ike aiamaja Alar 44 mm freespalgist ja pakettklaasidega.\",\"breadcrumb\":{\"@id\":\"https:\\\/\\\/alekeskus.eu\\\/et\\\/toode\\\/aiamaja-alar7-alekeskus\\\/#breadcrumb\"},\"inLanguage\":\"et\",\"potentialAction\":[{\"@type\":\"ReadAction\",\"target\":[\"https:\\\/\\\/alekeskus.eu\\\/et\\\/toode\\\/aiamaja-alar7-alekeskus\\\/\"]}]},{\"@type\":\"ImageObject\",\"inLanguage\":\"et\",\"@id\":\"https:\\\/\\\/alekeskus.eu\\\/et\\\/toode\\\/aiamaja-alar7-alekeskus\\\/#primaryimage\",\"url\":\"https:\\\/\\\/alekeskus.eu\\\/wp-content\\\/uploads\\\/2026\\\/01\\\/Olev-green-aias.jpg\",\"contentUrl\":\"https:\\\/\\\/alekeskus.eu\\\/wp-content\\\/uploads\\\/2026\\\/01\\\/Olev-green-aias.jpg\",\"width\":2500,\"height\":1667},{\"@type\":\"BreadcrumbList\",\"@id\":\"https:\\\/\\\/alekeskus.eu\\\/et\\\/toode\\\/aiamaja-alar7-alekeskus\\\/#breadcrumb\",\"itemListElement\":[{\"@type\":\"ListItem\",\"position\":1,\"name\":\"Avaleht\",\"item\":\"https:\\\/\\\/alekeskus.eu\\\/et\\\/\"},{\"@type\":\"ListItem\",\"position\":2,\"name\":\"Pood\",\"item\":\"https:\\\/\\\/alekeskus.eu\\\/pood\\\/\"},{\"@type\":\"ListItem\",\"position\":3,\"name\":\"Aiamaja Alar 7,0 m\u00b2, freespalk 44 mm, pakettklaasid\"}]},{\"@type\":\"WebSite\",\"@id\":\"https:\\\/\\\/alekeskus.eu\\\/#website\",\"url\":\"https:\\\/\\\/alekeskus.eu\\\/\",\"name\":\"Alekeskus\",\"description\":\"Alekeskus.eu\",\"potentialAction\":[{\"@type\":\"SearchAction\",\"target\":{\"@type\":\"EntryPoint\",\"urlTemplate\":\"https:\\\/\\\/alekeskus.eu\\\/?s={search_term_string}\"},\"query-input\":{\"@type\":\"PropertyValueSpecification\",\"valueRequired\":true,\"valueName\":\"search_term_string\"}}],\"inLanguage\":\"et\"}]}<\/script>\n<!-- \/ Yoast SEO plugin. -->","yoast_head_json":{"title":"Aiamaja Alar 7,0 m\u00b2, freespalk 44 mm, pakettklaasid - Alekeskus","description":"V\u00e4ike aiamaja Alar 44 mm freespalgist ja pakettklaasidega.","robots":{"index":"index","follow":"follow","max-snippet":"max-snippet:-1","max-image-preview":"max-image-preview:large","max-video-preview":"max-video-preview:-1"},"canonical":"https:\/\/alekeskus.eu\/et\/toode\/aiamaja-alar7-alekeskus\/","og_locale":"et_EE","og_type":"article","og_title":"Aiamaja Alar 7,0 m\u00b2, freespalk 44 mm, pakettklaasid - Alekeskus","og_description":"V\u00e4ike aiamaja Alar 44 mm freespalgist ja pakettklaasidega.","og_url":"https:\/\/alekeskus.eu\/et\/toode\/aiamaja-alar7-alekeskus\/","og_site_name":"Alekeskus","article_modified_time":"2026-03-30T13:51:27+00:00","og_image":[{"width":1024,"height":1024,"url":"https:\/\/alekeskus.eu\/wp-content\/uploads\/2026\/01\/Olev-green-aias-1024x1024.jpg","type":"image\/jpeg"}],"twitter_card":"summary_large_image","twitter_misc":{"Est. reading time":"1 minut"},"schema":{"@context":"https:\/\/schema.org","@graph":[{"@type":"WebPage","@id":"https:\/\/alekeskus.eu\/et\/toode\/aiamaja-alar7-alekeskus\/","url":"https:\/\/alekeskus.eu\/et\/toode\/aiamaja-alar7-alekeskus\/","name":"Aiamaja Alar 7,0 m\u00b2, freespalk 44 mm, pakettklaasid - Alekeskus","isPartOf":{"@id":"https:\/\/alekeskus.eu\/#website"},"primaryImageOfPage":{"@id":"https:\/\/alekeskus.eu\/et\/toode\/aiamaja-alar7-alekeskus\/#primaryimage"},"image":{"@id":"https:\/\/alekeskus.eu\/et\/toode\/aiamaja-alar7-alekeskus\/#primaryimage"},"thumbnailUrl":"https:\/\/alekeskus.eu\/wp-content\/uploads\/2026\/01\/Olev-green-aias.jpg","datePublished":"2026-01-02T18:31:03+00:00","dateModified":"2026-03-30T13:51:27+00:00","description":"V\u00e4ike aiamaja Alar 44 mm freespalgist ja pakettklaasidega.","breadcrumb":{"@id":"https:\/\/alekeskus.eu\/et\/toode\/aiamaja-alar7-alekeskus\/#breadcrumb"},"inLanguage":"et","potentialAction":[{"@type":"ReadAction","target":["https:\/\/alekeskus.eu\/et\/toode\/aiamaja-alar7-alekeskus\/"]}]},{"@type":"ImageObject","inLanguage":"et","@id":"https:\/\/alekeskus.eu\/et\/toode\/aiamaja-alar7-alekeskus\/#primaryimage","url":"https:\/\/alekeskus.eu\/wp-content\/uploads\/2026\/01\/Olev-green-aias.jpg","contentUrl":"https:\/\/alekeskus.eu\/wp-content\/uploads\/2026\/01\/Olev-green-aias.jpg","width":2500,"height":1667},{"@type":"BreadcrumbList","@id":"https:\/\/alekeskus.eu\/et\/toode\/aiamaja-alar7-alekeskus\/#breadcrumb","itemListElement":[{"@type":"ListItem","position":1,"name":"Avaleht","item":"https:\/\/alekeskus.eu\/et\/"},{"@type":"ListItem","position":2,"name":"Pood","item":"https:\/\/alekeskus.eu\/pood\/"},{"@type":"ListItem","position":3,"name":"Aiamaja Alar 7,0 m\u00b2, freespalk 44 mm, pakettklaasid"}]},{"@type":"WebSite","@id":"https:\/\/alekeskus.eu\/#website","url":"https:\/\/alekeskus.eu\/","name":"Alekeskus","description":"Alekeskus.eu","potentialAction":[{"@type":"SearchAction","target":{"@type":"EntryPoint","urlTemplate":"https:\/\/alekeskus.eu\/?s={search_term_string}"},"query-input":{"@type":"PropertyValueSpecification","valueRequired":true,"valueName":"search_term_string"}}],"inLanguage":"et"}]}},"brands":[],"_links":{"self":[{"href":"https:\/\/alekeskus.eu\/et\/wp-json\/wp\/v2\/product\/101116","targetHints":{"allow":["GET"]}}],"collection":[{"href":"https:\/\/alekeskus.eu\/et\/wp-json\/wp\/v2\/product"}],"about":[{"href":"https:\/\/alekeskus.eu\/et\/wp-json\/wp\/v2\/types\/product"}],"wp:featuredmedia":[{"embeddable":true,"href":"https:\/\/alekeskus.eu\/et\/wp-json\/wp\/v2\/media\/101146"}],"wp:attachment":[{"href":"https:\/\/alekeskus.eu\/et\/wp-json\/wp\/v2\/media?parent=101116"}],"wp:term":[{"taxonomy":"pwb-brand","embeddable":true,"href":"https:\/\/alekeskus.eu\/et\/wp-json\/wp\/v2\/pwb-brand?post=101116"},{"taxonomy":"product_brand","embeddable":true,"href":"https:\/\/alekeskus.eu\/et\/wp-json\/wp\/v2\/product_brand?post=101116"},{"taxonomy":"product_cat","embeddable":true,"href":"https:\/\/alekeskus.eu\/et\/wp-json\/wp\/v2\/product_cat?post=101116"},{"taxonomy":"product_tag","embeddable":true,"href":"https:\/\/alekeskus.eu\/et\/wp-json\/wp\/v2\/product_tag?post=101116"}],"curies":[{"name":"wp","href":"https:\/\/api.w.org\/{rel}","templated":true}]}}