{"id":101180,"date":"2026-04-06T13:12:49","date_gmt":"2026-04-06T13:12:49","guid":{"rendered":"https:\/\/alekeskus.eu\/?post_type=product&#038;p=101180"},"modified":"2026-04-06T13:37:54","modified_gmt":"2026-04-06T13:37:54","slug":"saslokivann-alekeskus","status":"publish","type":"product","link":"https:\/\/alekeskus.eu\/et\/toode\/saslokivann-alekeskus\/","title":{"rendered":"\u0160a\u0161l\u00f5kivann (Eesti toode)"},"content":{"rendered":"","protected":false},"excerpt":{"rendered":"<p>K\u00f5rgus: 1000 mm, laius: 320 mm, pikkus: 1060 mm, s\u00fcgavus: 240 mm<\/p>\n<p>Terase paksus 3 mm.<\/p>\n<p>Nii s\u00f6e kui ka puiduga t\u00f6\u00f6tav kodumaine \u0161a\u0161l\u00f5kivann. S\u00fcsi kallata p\u00f5hjarestile ja k\u00fclgedes olevad \u00f5hutuskanalid tagavad s\u00f6ele h\u00f5\u00f5gumiseks piisava \u00f5huvoolu.<\/p>\n<p>Halgude p\u00f5letamiseks on tootele lisatud k\u00f5rgenduskast, kuhu puud asetatakse p\u00fcstiasendis. Nii p\u00f5levad puud kiiresti, tekitades vajaliku s\u00f6e, mille saab roobiga k\u00f5rgenduse avatud alumisest servast vanni m\u00f6\u00f6da laiali t\u00f5mmata. Samal ajal saab puid s\u00f6e tootmiseks kogu aeg lisada ilma, et toitu k\u00f5rvetaks. Viimased vardad v\u00f5ib grillimise l\u00f5ppedes l\u00fckata vastu k\u00f5rgenduse serva, mis hoiab vardad veel t\u00fckk aega soojana.<\/p>\n","protected":false},"featured_media":101184,"template":"","meta":{"_monsterinsights_skip_tracking":false,"_monsterinsights_sitenote_active":false,"_monsterinsights_sitenote_note":"","_monsterinsights_sitenote_category":0},"pwb-brand":[18577],"product_brand":[],"product_cat":[18965,13538,18079],"product_tag":[18940,18941,13856,18963,18964,14655,15168,19231,15179,19255],"class_list":{"0":"post-101180","1":"product","2":"type-product","3":"status-publish","4":"has-post-thumbnail","6":"pwb-brand-eesti","7":"product_cat-grillid-alekeskus","8":"product_cat-ale","9":"product_cat-grillid-suitsuahjud-pizzaahjud-alekeskus","10":"product_tag-aiagrill","11":"product_tag-soegrill","12":"product_tag-grill","13":"product_tag-kulmsuits","14":"product_tag-kuumsuits","15":"product_tag-barbeque","16":"product_tag-suitsuahi","17":"product_tag-ratastel-grill","18":"product_tag-saslokivann","19":"product_tag-grillimine","20":"product_shipping_class-30-300kg","21":"pa_garantii-2-aastat","22":"pa_kohaletoimetamine-veohind-mandri-eestis-alekeskus","24":"first","25":"instock","26":"sale","27":"featured","28":"taxable","29":"shipping-taxable","30":"purchasable","31":"product-type-simple"},"yoast_head":"<!-- This site is optimized with the Yoast SEO plugin v27.3 - https:\/\/yoast.com\/product\/yoast-seo-wordpress\/ -->\n<title>\u0160a\u0161l\u00f5kivann (Eesti toode) - Alekeskus<\/title>\n<meta name=\"description\" content=\"\u0161a\u0161l\u00f5kivann\" \/>\n<meta name=\"robots\" content=\"index, follow, max-snippet:-1, max-image-preview:large, max-video-preview:-1\" \/>\n<link rel=\"canonical\" href=\"https:\/\/alekeskus.eu\/et\/toode\/saslokivann-alekeskus\/\" \/>\n<meta property=\"og:locale\" content=\"et_EE\" \/>\n<meta property=\"og:type\" content=\"article\" \/>\n<meta property=\"og:title\" content=\"\u0160a\u0161l\u00f5kivann (Eesti toode) - Alekeskus\" \/>\n<meta property=\"og:description\" content=\"\u0161a\u0161l\u00f5kivann\" \/>\n<meta property=\"og:url\" content=\"https:\/\/alekeskus.eu\/et\/toode\/saslokivann-alekeskus\/\" \/>\n<meta property=\"og:site_name\" content=\"Alekeskus\" \/>\n<meta property=\"article:modified_time\" content=\"2026-04-06T13:37:54+00:00\" \/>\n<meta property=\"og:image\" content=\"https:\/\/alekeskus.eu\/wp-content\/uploads\/2026\/04\/Saslokivann-lahi.png\" \/>\n\t<meta property=\"og:image:width\" content=\"960\" \/>\n\t<meta property=\"og:image:height\" content=\"1280\" \/>\n\t<meta property=\"og:image:type\" content=\"image\/png\" \/>\n<meta name=\"twitter:card\" content=\"summary_large_image\" \/>\n<meta name=\"twitter:label1\" content=\"Est. reading time\" \/>\n\t<meta name=\"twitter:data1\" content=\"1 minut\" \/>\n<script type=\"application\/ld+json\" class=\"yoast-schema-graph\">{\"@context\":\"https:\\\/\\\/schema.org\",\"@graph\":[{\"@type\":\"WebPage\",\"@id\":\"https:\\\/\\\/alekeskus.eu\\\/et\\\/toode\\\/saslokivann-alekeskus\\\/\",\"url\":\"https:\\\/\\\/alekeskus.eu\\\/et\\\/toode\\\/saslokivann-alekeskus\\\/\",\"name\":\"\u0160a\u0161l\u00f5kivann (Eesti toode) - Alekeskus\",\"isPartOf\":{\"@id\":\"https:\\\/\\\/alekeskus.eu\\\/#website\"},\"primaryImageOfPage\":{\"@id\":\"https:\\\/\\\/alekeskus.eu\\\/et\\\/toode\\\/saslokivann-alekeskus\\\/#primaryimage\"},\"image\":{\"@id\":\"https:\\\/\\\/alekeskus.eu\\\/et\\\/toode\\\/saslokivann-alekeskus\\\/#primaryimage\"},\"thumbnailUrl\":\"https:\\\/\\\/alekeskus.eu\\\/wp-content\\\/uploads\\\/2026\\\/04\\\/Saslokivann-lahi.png\",\"datePublished\":\"2026-04-06T13:12:49+00:00\",\"dateModified\":\"2026-04-06T13:37:54+00:00\",\"description\":\"\u0161a\u0161l\u00f5kivann\",\"breadcrumb\":{\"@id\":\"https:\\\/\\\/alekeskus.eu\\\/et\\\/toode\\\/saslokivann-alekeskus\\\/#breadcrumb\"},\"inLanguage\":\"et\",\"potentialAction\":[{\"@type\":\"ReadAction\",\"target\":[\"https:\\\/\\\/alekeskus.eu\\\/et\\\/toode\\\/saslokivann-alekeskus\\\/\"]}]},{\"@type\":\"ImageObject\",\"inLanguage\":\"et\",\"@id\":\"https:\\\/\\\/alekeskus.eu\\\/et\\\/toode\\\/saslokivann-alekeskus\\\/#primaryimage\",\"url\":\"https:\\\/\\\/alekeskus.eu\\\/wp-content\\\/uploads\\\/2026\\\/04\\\/Saslokivann-lahi.png\",\"contentUrl\":\"https:\\\/\\\/alekeskus.eu\\\/wp-content\\\/uploads\\\/2026\\\/04\\\/Saslokivann-lahi.png\",\"width\":960,\"height\":1280},{\"@type\":\"BreadcrumbList\",\"@id\":\"https:\\\/\\\/alekeskus.eu\\\/et\\\/toode\\\/saslokivann-alekeskus\\\/#breadcrumb\",\"itemListElement\":[{\"@type\":\"ListItem\",\"position\":1,\"name\":\"Avaleht\",\"item\":\"https:\\\/\\\/alekeskus.eu\\\/et\\\/\"},{\"@type\":\"ListItem\",\"position\":2,\"name\":\"Pood\",\"item\":\"https:\\\/\\\/alekeskus.eu\\\/pood\\\/\"},{\"@type\":\"ListItem\",\"position\":3,\"name\":\"\u0160a\u0161l\u00f5kivann (Eesti toode)\"}]},{\"@type\":\"WebSite\",\"@id\":\"https:\\\/\\\/alekeskus.eu\\\/#website\",\"url\":\"https:\\\/\\\/alekeskus.eu\\\/\",\"name\":\"Alekeskus\",\"description\":\"Alekeskus.eu\",\"potentialAction\":[{\"@type\":\"SearchAction\",\"target\":{\"@type\":\"EntryPoint\",\"urlTemplate\":\"https:\\\/\\\/alekeskus.eu\\\/?s={search_term_string}\"},\"query-input\":{\"@type\":\"PropertyValueSpecification\",\"valueRequired\":true,\"valueName\":\"search_term_string\"}}],\"inLanguage\":\"et\"}]}<\/script>\n<!-- \/ Yoast SEO plugin. -->","yoast_head_json":{"title":"\u0160a\u0161l\u00f5kivann (Eesti toode) - Alekeskus","description":"\u0161a\u0161l\u00f5kivann","robots":{"index":"index","follow":"follow","max-snippet":"max-snippet:-1","max-image-preview":"max-image-preview:large","max-video-preview":"max-video-preview:-1"},"canonical":"https:\/\/alekeskus.eu\/et\/toode\/saslokivann-alekeskus\/","og_locale":"et_EE","og_type":"article","og_title":"\u0160a\u0161l\u00f5kivann (Eesti toode) - Alekeskus","og_description":"\u0161a\u0161l\u00f5kivann","og_url":"https:\/\/alekeskus.eu\/et\/toode\/saslokivann-alekeskus\/","og_site_name":"Alekeskus","article_modified_time":"2026-04-06T13:37:54+00:00","og_image":[{"width":960,"height":1280,"url":"https:\/\/alekeskus.eu\/wp-content\/uploads\/2026\/04\/Saslokivann-lahi.png","type":"image\/png"}],"twitter_card":"summary_large_image","twitter_misc":{"Est. reading time":"1 minut"},"schema":{"@context":"https:\/\/schema.org","@graph":[{"@type":"WebPage","@id":"https:\/\/alekeskus.eu\/et\/toode\/saslokivann-alekeskus\/","url":"https:\/\/alekeskus.eu\/et\/toode\/saslokivann-alekeskus\/","name":"\u0160a\u0161l\u00f5kivann (Eesti toode) - Alekeskus","isPartOf":{"@id":"https:\/\/alekeskus.eu\/#website"},"primaryImageOfPage":{"@id":"https:\/\/alekeskus.eu\/et\/toode\/saslokivann-alekeskus\/#primaryimage"},"image":{"@id":"https:\/\/alekeskus.eu\/et\/toode\/saslokivann-alekeskus\/#primaryimage"},"thumbnailUrl":"https:\/\/alekeskus.eu\/wp-content\/uploads\/2026\/04\/Saslokivann-lahi.png","datePublished":"2026-04-06T13:12:49+00:00","dateModified":"2026-04-06T13:37:54+00:00","description":"\u0161a\u0161l\u00f5kivann","breadcrumb":{"@id":"https:\/\/alekeskus.eu\/et\/toode\/saslokivann-alekeskus\/#breadcrumb"},"inLanguage":"et","potentialAction":[{"@type":"ReadAction","target":["https:\/\/alekeskus.eu\/et\/toode\/saslokivann-alekeskus\/"]}]},{"@type":"ImageObject","inLanguage":"et","@id":"https:\/\/alekeskus.eu\/et\/toode\/saslokivann-alekeskus\/#primaryimage","url":"https:\/\/alekeskus.eu\/wp-content\/uploads\/2026\/04\/Saslokivann-lahi.png","contentUrl":"https:\/\/alekeskus.eu\/wp-content\/uploads\/2026\/04\/Saslokivann-lahi.png","width":960,"height":1280},{"@type":"BreadcrumbList","@id":"https:\/\/alekeskus.eu\/et\/toode\/saslokivann-alekeskus\/#breadcrumb","itemListElement":[{"@type":"ListItem","position":1,"name":"Avaleht","item":"https:\/\/alekeskus.eu\/et\/"},{"@type":"ListItem","position":2,"name":"Pood","item":"https:\/\/alekeskus.eu\/pood\/"},{"@type":"ListItem","position":3,"name":"\u0160a\u0161l\u00f5kivann (Eesti toode)"}]},{"@type":"WebSite","@id":"https:\/\/alekeskus.eu\/#website","url":"https:\/\/alekeskus.eu\/","name":"Alekeskus","description":"Alekeskus.eu","potentialAction":[{"@type":"SearchAction","target":{"@type":"EntryPoint","urlTemplate":"https:\/\/alekeskus.eu\/?s={search_term_string}"},"query-input":{"@type":"PropertyValueSpecification","valueRequired":true,"valueName":"search_term_string"}}],"inLanguage":"et"}]}},"brands":[{"id":18577,"name":"Eesti","slug":"eesti"}],"_links":{"self":[{"href":"https:\/\/alekeskus.eu\/et\/wp-json\/wp\/v2\/product\/101180","targetHints":{"allow":["GET"]}}],"collection":[{"href":"https:\/\/alekeskus.eu\/et\/wp-json\/wp\/v2\/product"}],"about":[{"href":"https:\/\/alekeskus.eu\/et\/wp-json\/wp\/v2\/types\/product"}],"wp:featuredmedia":[{"embeddable":true,"href":"https:\/\/alekeskus.eu\/et\/wp-json\/wp\/v2\/media\/101184"}],"wp:attachment":[{"href":"https:\/\/alekeskus.eu\/et\/wp-json\/wp\/v2\/media?parent=101180"}],"wp:term":[{"taxonomy":"pwb-brand","embeddable":true,"href":"https:\/\/alekeskus.eu\/et\/wp-json\/wp\/v2\/pwb-brand?post=101180"},{"taxonomy":"product_brand","embeddable":true,"href":"https:\/\/alekeskus.eu\/et\/wp-json\/wp\/v2\/product_brand?post=101180"},{"taxonomy":"product_cat","embeddable":true,"href":"https:\/\/alekeskus.eu\/et\/wp-json\/wp\/v2\/product_cat?post=101180"},{"taxonomy":"product_tag","embeddable":true,"href":"https:\/\/alekeskus.eu\/et\/wp-json\/wp\/v2\/product_tag?post=101180"}],"curies":[{"name":"wp","href":"https:\/\/api.w.org\/{rel}","templated":true}]}}