{"id":101186,"date":"2026-04-06T13:45:45","date_gmt":"2026-04-06T13:45:45","guid":{"rendered":"https:\/\/alekeskus.eu\/?post_type=product&#038;p=101186"},"modified":"2026-04-07T13:59:02","modified_gmt":"2026-04-07T13:59:02","slug":"lokkegrill-alekeskus","status":"publish","type":"product","link":"https:\/\/alekeskus.eu\/et\/toode\/lokkegrill-alekeskus\/","title":{"rendered":"L\u00f5kkegrill Laev (Eesti toode)"},"content":{"rendered":"","protected":false},"excerpt":{"rendered":"<p>Eestis disainitud ja toodetud l\u00f5kkealus L\u00f5kkegrill.<\/p>\n<p>\u00dcla\u00e4\u00e4rtes on t\u00e4kked k\u00fcpsetusvarraste jaoks. Allpool \u00f5huavad tule toitmiseks.<\/p>\n<p>K\u00f5rgus: 62 cm, laius: 45 cm, pikkus: 140 cm.\u00a0Terase paksus 3 mm.<\/p>\n","protected":false},"featured_media":101197,"template":"","meta":{"_monsterinsights_skip_tracking":false,"_monsterinsights_sitenote_active":false,"_monsterinsights_sitenote_note":"","_monsterinsights_sitenote_category":0},"pwb-brand":[18577],"product_brand":[],"product_cat":[18965,13538,13568,13530,18079],"product_tag":[18940,13856,18941,18963,14156,18964,14655,15168,19231,15179,19255,19258],"class_list":{"0":"post-101186","1":"product","2":"type-product","3":"status-publish","4":"has-post-thumbnail","6":"pwb-brand-eesti","7":"product_cat-grillid-alekeskus","8":"product_cat-ale","9":"product_cat-grill-ja-tuli","10":"product_cat-aed-ja-kodu","11":"product_cat-grillid-suitsuahjud-pizzaahjud-alekeskus","12":"product_tag-aiagrill","13":"product_tag-grill","14":"product_tag-soegrill","15":"product_tag-kulmsuits","16":"product_tag-lokkealus","17":"product_tag-kuumsuits","18":"product_tag-barbeque","19":"product_tag-suitsuahi","20":"product_tag-ratastel-grill","21":"product_tag-saslokivann","22":"product_tag-grillimine","23":"product_tag-lokkegrill","24":"product_shipping_class-30-300kg","25":"pa_garantii-2-aastat","26":"pa_kohaletoimetamine-veohind-mandri-eestis-alekeskus","28":"first","29":"instock","30":"sale","31":"featured","32":"taxable","33":"shipping-taxable","34":"purchasable","35":"product-type-simple"},"yoast_head":"<!-- This site is optimized with the Yoast SEO plugin v27.3 - https:\/\/yoast.com\/product\/yoast-seo-wordpress\/ -->\n<title>L\u00f5kkegrill Laev (Eesti toode) - Alekeskus<\/title>\n<meta name=\"description\" content=\"L\u00f5kkealus-grill 3 mm terasest Eesti disaintoode.\" \/>\n<meta name=\"robots\" content=\"index, follow, max-snippet:-1, max-image-preview:large, max-video-preview:-1\" \/>\n<link rel=\"canonical\" href=\"https:\/\/alekeskus.eu\/et\/toode\/lokkegrill-alekeskus\/\" \/>\n<meta property=\"og:locale\" content=\"et_EE\" \/>\n<meta property=\"og:type\" content=\"article\" \/>\n<meta property=\"og:title\" content=\"L\u00f5kkegrill Laev (Eesti toode) - Alekeskus\" \/>\n<meta property=\"og:description\" content=\"L\u00f5kkealus-grill 3 mm terasest Eesti disaintoode.\" \/>\n<meta property=\"og:url\" content=\"https:\/\/alekeskus.eu\/et\/toode\/lokkegrill-alekeskus\/\" \/>\n<meta property=\"og:site_name\" content=\"Alekeskus\" \/>\n<meta property=\"article:modified_time\" content=\"2026-04-07T13:59:02+00:00\" \/>\n<meta property=\"og:image\" content=\"https:\/\/alekeskus.eu\/wp-content\/uploads\/2026\/04\/Lokkegrill-suur-scaled.jpg\" \/>\n\t<meta property=\"og:image:width\" content=\"2560\" \/>\n\t<meta property=\"og:image:height\" content=\"2560\" \/>\n\t<meta property=\"og:image:type\" content=\"image\/jpeg\" \/>\n<meta name=\"twitter:card\" content=\"summary_large_image\" \/>\n<meta name=\"twitter:label1\" content=\"Est. reading time\" \/>\n\t<meta name=\"twitter:data1\" content=\"1 minut\" \/>\n<script type=\"application\/ld+json\" class=\"yoast-schema-graph\">{\"@context\":\"https:\\\/\\\/schema.org\",\"@graph\":[{\"@type\":\"WebPage\",\"@id\":\"https:\\\/\\\/alekeskus.eu\\\/et\\\/toode\\\/lokkegrill-alekeskus\\\/\",\"url\":\"https:\\\/\\\/alekeskus.eu\\\/et\\\/toode\\\/lokkegrill-alekeskus\\\/\",\"name\":\"L\u00f5kkegrill Laev (Eesti toode) - Alekeskus\",\"isPartOf\":{\"@id\":\"https:\\\/\\\/alekeskus.eu\\\/#website\"},\"primaryImageOfPage\":{\"@id\":\"https:\\\/\\\/alekeskus.eu\\\/et\\\/toode\\\/lokkegrill-alekeskus\\\/#primaryimage\"},\"image\":{\"@id\":\"https:\\\/\\\/alekeskus.eu\\\/et\\\/toode\\\/lokkegrill-alekeskus\\\/#primaryimage\"},\"thumbnailUrl\":\"https:\\\/\\\/alekeskus.eu\\\/wp-content\\\/uploads\\\/2026\\\/04\\\/Lokkegrill-suur-scaled.jpg\",\"datePublished\":\"2026-04-06T13:45:45+00:00\",\"dateModified\":\"2026-04-07T13:59:02+00:00\",\"description\":\"L\u00f5kkealus-grill 3 mm terasest Eesti disaintoode.\",\"breadcrumb\":{\"@id\":\"https:\\\/\\\/alekeskus.eu\\\/et\\\/toode\\\/lokkegrill-alekeskus\\\/#breadcrumb\"},\"inLanguage\":\"et\",\"potentialAction\":[{\"@type\":\"ReadAction\",\"target\":[\"https:\\\/\\\/alekeskus.eu\\\/et\\\/toode\\\/lokkegrill-alekeskus\\\/\"]}]},{\"@type\":\"ImageObject\",\"inLanguage\":\"et\",\"@id\":\"https:\\\/\\\/alekeskus.eu\\\/et\\\/toode\\\/lokkegrill-alekeskus\\\/#primaryimage\",\"url\":\"https:\\\/\\\/alekeskus.eu\\\/wp-content\\\/uploads\\\/2026\\\/04\\\/Lokkegrill-suur-scaled.jpg\",\"contentUrl\":\"https:\\\/\\\/alekeskus.eu\\\/wp-content\\\/uploads\\\/2026\\\/04\\\/Lokkegrill-suur-scaled.jpg\",\"width\":2560,\"height\":2560},{\"@type\":\"BreadcrumbList\",\"@id\":\"https:\\\/\\\/alekeskus.eu\\\/et\\\/toode\\\/lokkegrill-alekeskus\\\/#breadcrumb\",\"itemListElement\":[{\"@type\":\"ListItem\",\"position\":1,\"name\":\"Avaleht\",\"item\":\"https:\\\/\\\/alekeskus.eu\\\/et\\\/\"},{\"@type\":\"ListItem\",\"position\":2,\"name\":\"Pood\",\"item\":\"https:\\\/\\\/alekeskus.eu\\\/pood\\\/\"},{\"@type\":\"ListItem\",\"position\":3,\"name\":\"L\u00f5kkegrill Laev (Eesti toode)\"}]},{\"@type\":\"WebSite\",\"@id\":\"https:\\\/\\\/alekeskus.eu\\\/#website\",\"url\":\"https:\\\/\\\/alekeskus.eu\\\/\",\"name\":\"Alekeskus\",\"description\":\"Alekeskus.eu\",\"potentialAction\":[{\"@type\":\"SearchAction\",\"target\":{\"@type\":\"EntryPoint\",\"urlTemplate\":\"https:\\\/\\\/alekeskus.eu\\\/?s={search_term_string}\"},\"query-input\":{\"@type\":\"PropertyValueSpecification\",\"valueRequired\":true,\"valueName\":\"search_term_string\"}}],\"inLanguage\":\"et\"}]}<\/script>\n<!-- \/ Yoast SEO plugin. -->","yoast_head_json":{"title":"L\u00f5kkegrill Laev (Eesti toode) - Alekeskus","description":"L\u00f5kkealus-grill 3 mm terasest Eesti disaintoode.","robots":{"index":"index","follow":"follow","max-snippet":"max-snippet:-1","max-image-preview":"max-image-preview:large","max-video-preview":"max-video-preview:-1"},"canonical":"https:\/\/alekeskus.eu\/et\/toode\/lokkegrill-alekeskus\/","og_locale":"et_EE","og_type":"article","og_title":"L\u00f5kkegrill Laev (Eesti toode) - Alekeskus","og_description":"L\u00f5kkealus-grill 3 mm terasest Eesti disaintoode.","og_url":"https:\/\/alekeskus.eu\/et\/toode\/lokkegrill-alekeskus\/","og_site_name":"Alekeskus","article_modified_time":"2026-04-07T13:59:02+00:00","og_image":[{"width":2560,"height":2560,"url":"https:\/\/alekeskus.eu\/wp-content\/uploads\/2026\/04\/Lokkegrill-suur-scaled.jpg","type":"image\/jpeg"}],"twitter_card":"summary_large_image","twitter_misc":{"Est. reading time":"1 minut"},"schema":{"@context":"https:\/\/schema.org","@graph":[{"@type":"WebPage","@id":"https:\/\/alekeskus.eu\/et\/toode\/lokkegrill-alekeskus\/","url":"https:\/\/alekeskus.eu\/et\/toode\/lokkegrill-alekeskus\/","name":"L\u00f5kkegrill Laev (Eesti toode) - Alekeskus","isPartOf":{"@id":"https:\/\/alekeskus.eu\/#website"},"primaryImageOfPage":{"@id":"https:\/\/alekeskus.eu\/et\/toode\/lokkegrill-alekeskus\/#primaryimage"},"image":{"@id":"https:\/\/alekeskus.eu\/et\/toode\/lokkegrill-alekeskus\/#primaryimage"},"thumbnailUrl":"https:\/\/alekeskus.eu\/wp-content\/uploads\/2026\/04\/Lokkegrill-suur-scaled.jpg","datePublished":"2026-04-06T13:45:45+00:00","dateModified":"2026-04-07T13:59:02+00:00","description":"L\u00f5kkealus-grill 3 mm terasest Eesti disaintoode.","breadcrumb":{"@id":"https:\/\/alekeskus.eu\/et\/toode\/lokkegrill-alekeskus\/#breadcrumb"},"inLanguage":"et","potentialAction":[{"@type":"ReadAction","target":["https:\/\/alekeskus.eu\/et\/toode\/lokkegrill-alekeskus\/"]}]},{"@type":"ImageObject","inLanguage":"et","@id":"https:\/\/alekeskus.eu\/et\/toode\/lokkegrill-alekeskus\/#primaryimage","url":"https:\/\/alekeskus.eu\/wp-content\/uploads\/2026\/04\/Lokkegrill-suur-scaled.jpg","contentUrl":"https:\/\/alekeskus.eu\/wp-content\/uploads\/2026\/04\/Lokkegrill-suur-scaled.jpg","width":2560,"height":2560},{"@type":"BreadcrumbList","@id":"https:\/\/alekeskus.eu\/et\/toode\/lokkegrill-alekeskus\/#breadcrumb","itemListElement":[{"@type":"ListItem","position":1,"name":"Avaleht","item":"https:\/\/alekeskus.eu\/et\/"},{"@type":"ListItem","position":2,"name":"Pood","item":"https:\/\/alekeskus.eu\/pood\/"},{"@type":"ListItem","position":3,"name":"L\u00f5kkegrill Laev (Eesti toode)"}]},{"@type":"WebSite","@id":"https:\/\/alekeskus.eu\/#website","url":"https:\/\/alekeskus.eu\/","name":"Alekeskus","description":"Alekeskus.eu","potentialAction":[{"@type":"SearchAction","target":{"@type":"EntryPoint","urlTemplate":"https:\/\/alekeskus.eu\/?s={search_term_string}"},"query-input":{"@type":"PropertyValueSpecification","valueRequired":true,"valueName":"search_term_string"}}],"inLanguage":"et"}]}},"brands":[{"id":18577,"name":"Eesti","slug":"eesti"}],"_links":{"self":[{"href":"https:\/\/alekeskus.eu\/et\/wp-json\/wp\/v2\/product\/101186","targetHints":{"allow":["GET"]}}],"collection":[{"href":"https:\/\/alekeskus.eu\/et\/wp-json\/wp\/v2\/product"}],"about":[{"href":"https:\/\/alekeskus.eu\/et\/wp-json\/wp\/v2\/types\/product"}],"wp:featuredmedia":[{"embeddable":true,"href":"https:\/\/alekeskus.eu\/et\/wp-json\/wp\/v2\/media\/101197"}],"wp:attachment":[{"href":"https:\/\/alekeskus.eu\/et\/wp-json\/wp\/v2\/media?parent=101186"}],"wp:term":[{"taxonomy":"pwb-brand","embeddable":true,"href":"https:\/\/alekeskus.eu\/et\/wp-json\/wp\/v2\/pwb-brand?post=101186"},{"taxonomy":"product_brand","embeddable":true,"href":"https:\/\/alekeskus.eu\/et\/wp-json\/wp\/v2\/product_brand?post=101186"},{"taxonomy":"product_cat","embeddable":true,"href":"https:\/\/alekeskus.eu\/et\/wp-json\/wp\/v2\/product_cat?post=101186"},{"taxonomy":"product_tag","embeddable":true,"href":"https:\/\/alekeskus.eu\/et\/wp-json\/wp\/v2\/product_tag?post=101186"}],"curies":[{"name":"wp","href":"https:\/\/api.w.org\/{rel}","templated":true}]}}