{"id":101199,"date":"2026-01-07T15:47:34","date_gmt":"2026-01-07T15:47:34","guid":{"rendered":"https:\/\/alekeskus.eu\/?post_type=product&#038;p=101199"},"modified":"2026-04-07T16:00:29","modified_gmt":"2026-04-07T16:00:29","slug":"pustinegrill-alekeskus","status":"publish","type":"product","link":"https:\/\/alekeskus.eu\/et\/toode\/pustinegrill-alekeskus\/","title":{"rendered":"P\u00fcstine grill (Eesti toode)"},"content":{"rendered":"","protected":false},"excerpt":{"rendered":"<p>Eestis toodetud p\u00fcstine grill, mis ei v\u00f5ta palju ruumi ja k\u00fcpsetab liha \u00fchtlaselt mahlaseks.<\/p>\n<p>K\u00f5rgus: 100 cm, laius: 30 cm, s\u00fcgavus: 40 cm. Terase paksus 3 mm.<\/p>\n","protected":false},"featured_media":101204,"template":"","meta":{"_monsterinsights_skip_tracking":false,"_monsterinsights_sitenote_active":false,"_monsterinsights_sitenote_note":"","_monsterinsights_sitenote_category":0},"pwb-brand":[18577],"product_brand":[],"product_cat":[18965,13538,13568,13530,18079],"product_tag":[18940,18941,13856,18963,18964,14655,15168,19231,15179,19255,19258,19261],"class_list":{"0":"post-101199","1":"product","2":"type-product","3":"status-publish","4":"has-post-thumbnail","6":"pwb-brand-eesti","7":"product_cat-grillid-alekeskus","8":"product_cat-ale","9":"product_cat-grill-ja-tuli","10":"product_cat-aed-ja-kodu","11":"product_cat-grillid-suitsuahjud-pizzaahjud-alekeskus","12":"product_tag-aiagrill","13":"product_tag-soegrill","14":"product_tag-grill","15":"product_tag-kulmsuits","16":"product_tag-kuumsuits","17":"product_tag-barbeque","18":"product_tag-suitsuahi","19":"product_tag-ratastel-grill","20":"product_tag-saslokivann","21":"product_tag-grillimine","22":"product_tag-lokkegrill","23":"product_tag-vertikaalne-grill","24":"product_shipping_class-30-300kg","25":"pa_garantii-2-aastat","26":"pa_kohaletoimetamine-veohind-mandri-eestis-alekeskus","28":"first","29":"instock","30":"sale","31":"featured","32":"taxable","33":"shipping-taxable","34":"purchasable","35":"product-type-simple"},"yoast_head":"<!-- This site is optimized with the Yoast SEO plugin v27.3 - https:\/\/yoast.com\/product\/yoast-seo-wordpress\/ -->\n<title>P\u00fcstine grill (Eesti toode) - Alekeskus<\/title>\n<meta name=\"description\" content=\"P\u00fcstine grill mahlase \u0161a\u0161l\u00f5ki k\u00fcpsetamiseks.\" \/>\n<meta name=\"robots\" content=\"index, follow, max-snippet:-1, max-image-preview:large, max-video-preview:-1\" \/>\n<link rel=\"canonical\" href=\"https:\/\/alekeskus.eu\/et\/toode\/pustinegrill-alekeskus\/\" \/>\n<meta property=\"og:locale\" content=\"et_EE\" \/>\n<meta property=\"og:type\" content=\"article\" \/>\n<meta property=\"og:title\" content=\"P\u00fcstine grill (Eesti toode) - Alekeskus\" \/>\n<meta property=\"og:description\" content=\"P\u00fcstine grill mahlase \u0161a\u0161l\u00f5ki k\u00fcpsetamiseks.\" \/>\n<meta property=\"og:url\" content=\"https:\/\/alekeskus.eu\/et\/toode\/pustinegrill-alekeskus\/\" \/>\n<meta property=\"og:site_name\" content=\"Alekeskus\" \/>\n<meta property=\"article:modified_time\" content=\"2026-04-07T16:00:29+00:00\" \/>\n<meta property=\"og:image\" content=\"https:\/\/alekeskus.eu\/wp-content\/uploads\/2026\/04\/Grill-vert-nurgast.jpg\" \/>\n\t<meta property=\"og:image:width\" content=\"667\" \/>\n\t<meta property=\"og:image:height\" content=\"1000\" \/>\n\t<meta property=\"og:image:type\" content=\"image\/jpeg\" \/>\n<meta name=\"twitter:card\" content=\"summary_large_image\" \/>\n<meta name=\"twitter:label1\" content=\"Est. reading time\" \/>\n\t<meta name=\"twitter:data1\" content=\"1 minut\" \/>\n<script type=\"application\/ld+json\" class=\"yoast-schema-graph\">{\"@context\":\"https:\\\/\\\/schema.org\",\"@graph\":[{\"@type\":\"WebPage\",\"@id\":\"https:\\\/\\\/alekeskus.eu\\\/et\\\/toode\\\/pustinegrill-alekeskus\\\/\",\"url\":\"https:\\\/\\\/alekeskus.eu\\\/et\\\/toode\\\/pustinegrill-alekeskus\\\/\",\"name\":\"P\u00fcstine grill (Eesti toode) - Alekeskus\",\"isPartOf\":{\"@id\":\"https:\\\/\\\/alekeskus.eu\\\/#website\"},\"primaryImageOfPage\":{\"@id\":\"https:\\\/\\\/alekeskus.eu\\\/et\\\/toode\\\/pustinegrill-alekeskus\\\/#primaryimage\"},\"image\":{\"@id\":\"https:\\\/\\\/alekeskus.eu\\\/et\\\/toode\\\/pustinegrill-alekeskus\\\/#primaryimage\"},\"thumbnailUrl\":\"https:\\\/\\\/alekeskus.eu\\\/wp-content\\\/uploads\\\/2026\\\/04\\\/Grill-vert-nurgast.jpg\",\"datePublished\":\"2026-01-07T15:47:34+00:00\",\"dateModified\":\"2026-04-07T16:00:29+00:00\",\"description\":\"P\u00fcstine grill mahlase \u0161a\u0161l\u00f5ki k\u00fcpsetamiseks.\",\"breadcrumb\":{\"@id\":\"https:\\\/\\\/alekeskus.eu\\\/et\\\/toode\\\/pustinegrill-alekeskus\\\/#breadcrumb\"},\"inLanguage\":\"et\",\"potentialAction\":[{\"@type\":\"ReadAction\",\"target\":[\"https:\\\/\\\/alekeskus.eu\\\/et\\\/toode\\\/pustinegrill-alekeskus\\\/\"]}]},{\"@type\":\"ImageObject\",\"inLanguage\":\"et\",\"@id\":\"https:\\\/\\\/alekeskus.eu\\\/et\\\/toode\\\/pustinegrill-alekeskus\\\/#primaryimage\",\"url\":\"https:\\\/\\\/alekeskus.eu\\\/wp-content\\\/uploads\\\/2026\\\/04\\\/Grill-vert-nurgast.jpg\",\"contentUrl\":\"https:\\\/\\\/alekeskus.eu\\\/wp-content\\\/uploads\\\/2026\\\/04\\\/Grill-vert-nurgast.jpg\",\"width\":667,\"height\":1000,\"caption\":\"P\u00fcstine grill\"},{\"@type\":\"BreadcrumbList\",\"@id\":\"https:\\\/\\\/alekeskus.eu\\\/et\\\/toode\\\/pustinegrill-alekeskus\\\/#breadcrumb\",\"itemListElement\":[{\"@type\":\"ListItem\",\"position\":1,\"name\":\"Avaleht\",\"item\":\"https:\\\/\\\/alekeskus.eu\\\/et\\\/\"},{\"@type\":\"ListItem\",\"position\":2,\"name\":\"Pood\",\"item\":\"https:\\\/\\\/alekeskus.eu\\\/pood\\\/\"},{\"@type\":\"ListItem\",\"position\":3,\"name\":\"P\u00fcstine grill (Eesti toode)\"}]},{\"@type\":\"WebSite\",\"@id\":\"https:\\\/\\\/alekeskus.eu\\\/#website\",\"url\":\"https:\\\/\\\/alekeskus.eu\\\/\",\"name\":\"Alekeskus\",\"description\":\"Alekeskus.eu\",\"potentialAction\":[{\"@type\":\"SearchAction\",\"target\":{\"@type\":\"EntryPoint\",\"urlTemplate\":\"https:\\\/\\\/alekeskus.eu\\\/?s={search_term_string}\"},\"query-input\":{\"@type\":\"PropertyValueSpecification\",\"valueRequired\":true,\"valueName\":\"search_term_string\"}}],\"inLanguage\":\"et\"}]}<\/script>\n<!-- \/ Yoast SEO plugin. -->","yoast_head_json":{"title":"P\u00fcstine grill (Eesti toode) - Alekeskus","description":"P\u00fcstine grill mahlase \u0161a\u0161l\u00f5ki k\u00fcpsetamiseks.","robots":{"index":"index","follow":"follow","max-snippet":"max-snippet:-1","max-image-preview":"max-image-preview:large","max-video-preview":"max-video-preview:-1"},"canonical":"https:\/\/alekeskus.eu\/et\/toode\/pustinegrill-alekeskus\/","og_locale":"et_EE","og_type":"article","og_title":"P\u00fcstine grill (Eesti toode) - Alekeskus","og_description":"P\u00fcstine grill mahlase \u0161a\u0161l\u00f5ki k\u00fcpsetamiseks.","og_url":"https:\/\/alekeskus.eu\/et\/toode\/pustinegrill-alekeskus\/","og_site_name":"Alekeskus","article_modified_time":"2026-04-07T16:00:29+00:00","og_image":[{"width":667,"height":1000,"url":"https:\/\/alekeskus.eu\/wp-content\/uploads\/2026\/04\/Grill-vert-nurgast.jpg","type":"image\/jpeg"}],"twitter_card":"summary_large_image","twitter_misc":{"Est. reading time":"1 minut"},"schema":{"@context":"https:\/\/schema.org","@graph":[{"@type":"WebPage","@id":"https:\/\/alekeskus.eu\/et\/toode\/pustinegrill-alekeskus\/","url":"https:\/\/alekeskus.eu\/et\/toode\/pustinegrill-alekeskus\/","name":"P\u00fcstine grill (Eesti toode) - Alekeskus","isPartOf":{"@id":"https:\/\/alekeskus.eu\/#website"},"primaryImageOfPage":{"@id":"https:\/\/alekeskus.eu\/et\/toode\/pustinegrill-alekeskus\/#primaryimage"},"image":{"@id":"https:\/\/alekeskus.eu\/et\/toode\/pustinegrill-alekeskus\/#primaryimage"},"thumbnailUrl":"https:\/\/alekeskus.eu\/wp-content\/uploads\/2026\/04\/Grill-vert-nurgast.jpg","datePublished":"2026-01-07T15:47:34+00:00","dateModified":"2026-04-07T16:00:29+00:00","description":"P\u00fcstine grill mahlase \u0161a\u0161l\u00f5ki k\u00fcpsetamiseks.","breadcrumb":{"@id":"https:\/\/alekeskus.eu\/et\/toode\/pustinegrill-alekeskus\/#breadcrumb"},"inLanguage":"et","potentialAction":[{"@type":"ReadAction","target":["https:\/\/alekeskus.eu\/et\/toode\/pustinegrill-alekeskus\/"]}]},{"@type":"ImageObject","inLanguage":"et","@id":"https:\/\/alekeskus.eu\/et\/toode\/pustinegrill-alekeskus\/#primaryimage","url":"https:\/\/alekeskus.eu\/wp-content\/uploads\/2026\/04\/Grill-vert-nurgast.jpg","contentUrl":"https:\/\/alekeskus.eu\/wp-content\/uploads\/2026\/04\/Grill-vert-nurgast.jpg","width":667,"height":1000,"caption":"P\u00fcstine grill"},{"@type":"BreadcrumbList","@id":"https:\/\/alekeskus.eu\/et\/toode\/pustinegrill-alekeskus\/#breadcrumb","itemListElement":[{"@type":"ListItem","position":1,"name":"Avaleht","item":"https:\/\/alekeskus.eu\/et\/"},{"@type":"ListItem","position":2,"name":"Pood","item":"https:\/\/alekeskus.eu\/pood\/"},{"@type":"ListItem","position":3,"name":"P\u00fcstine grill (Eesti toode)"}]},{"@type":"WebSite","@id":"https:\/\/alekeskus.eu\/#website","url":"https:\/\/alekeskus.eu\/","name":"Alekeskus","description":"Alekeskus.eu","potentialAction":[{"@type":"SearchAction","target":{"@type":"EntryPoint","urlTemplate":"https:\/\/alekeskus.eu\/?s={search_term_string}"},"query-input":{"@type":"PropertyValueSpecification","valueRequired":true,"valueName":"search_term_string"}}],"inLanguage":"et"}]}},"brands":[{"id":18577,"name":"Eesti","slug":"eesti"}],"_links":{"self":[{"href":"https:\/\/alekeskus.eu\/et\/wp-json\/wp\/v2\/product\/101199","targetHints":{"allow":["GET"]}}],"collection":[{"href":"https:\/\/alekeskus.eu\/et\/wp-json\/wp\/v2\/product"}],"about":[{"href":"https:\/\/alekeskus.eu\/et\/wp-json\/wp\/v2\/types\/product"}],"wp:featuredmedia":[{"embeddable":true,"href":"https:\/\/alekeskus.eu\/et\/wp-json\/wp\/v2\/media\/101204"}],"wp:attachment":[{"href":"https:\/\/alekeskus.eu\/et\/wp-json\/wp\/v2\/media?parent=101199"}],"wp:term":[{"taxonomy":"pwb-brand","embeddable":true,"href":"https:\/\/alekeskus.eu\/et\/wp-json\/wp\/v2\/pwb-brand?post=101199"},{"taxonomy":"product_brand","embeddable":true,"href":"https:\/\/alekeskus.eu\/et\/wp-json\/wp\/v2\/product_brand?post=101199"},{"taxonomy":"product_cat","embeddable":true,"href":"https:\/\/alekeskus.eu\/et\/wp-json\/wp\/v2\/product_cat?post=101199"},{"taxonomy":"product_tag","embeddable":true,"href":"https:\/\/alekeskus.eu\/et\/wp-json\/wp\/v2\/product_tag?post=101199"}],"curies":[{"name":"wp","href":"https:\/\/api.w.org\/{rel}","templated":true}]}}