{"id":101229,"date":"2026-02-08T18:04:28","date_gmt":"2026-02-08T18:04:28","guid":{"rendered":"https:\/\/alekeskus.eu\/?post_type=product&#038;p=101229"},"modified":"2026-04-08T19:51:51","modified_gmt":"2026-04-08T19:51:51","slug":"garaaz-canberra187-alekeskus","status":"publish","type":"product","link":"https:\/\/alekeskus.eu\/et\/toode\/garaaz-canberra187-alekeskus\/","title":{"rendered":"Garaa\u017e Canberra 18,7 m\u00b2 piimjate klaasidega"},"content":{"rendered":"<p>V\u00c4RVIMISE TEENUSE KIRJELDUS:<\/p>\n<p>Sein v\u00e4rvitakse 3-st k\u00fcljest, ka punnsooned. 4 standardv\u00e4rvi: rootsi punane, s\u00fcsihall, helehall, roheline. Sisepind j\u00e4\u00e4b naturaalseks. Maja nurgad on v\u00e4rvitud igast k\u00fcljest. V\u00e4rvitakse 2 kihti. \u27a2 P\u00f5randa- ja laelauad ning p\u00e4rlinid j\u00e4\u00e4vad v\u00e4rvimata. \u27a2 Aknad ja uksed v\u00e4rvitakse valgeks \u00fcleni \u27a2 K\u00f5ik v\u00e4lised liistud (viilulauad ja liistud) v\u00e4rvitakse valgeks. \u27a2 Kvaliteetne v\u00e4rv tuntud Saksa tootjalt OSMO<\/p>\n<p>Tellimisaeg 3-4 n\u00e4dalat pikem.<\/p>\n","protected":false},"excerpt":{"rendered":"<p>V\u00e4lism\u00f5\u00f5dud: <strong>540<\/strong><b> x 360 cm. <\/b>Seina k\u00f5rgused<strong> 234 cm ja <\/strong><strong>222 cm.\u00a0<\/strong><\/p>\n<ul>\n<li>tuuletappidega freespalk <strong>44 mm<\/strong>, tormitugevdused<\/li>\n<li>s\u00fcvaimmutatud alusv\u00f6\u00f6 45 x 70 mm<\/li>\n<li>silinderlukuga piimja klaasiga jalguks 84 x 196 cm<\/li>\n<li>tellitav puuv\u00e4ravaga 229 x 197 cm(v\u00e4rava m\u00f5\u00f5dud) +700\u20ac v\u00f5i H\u00f6rmann\u2019i metallkarkassile paigaldatud puitlaudisega k\u00e4\u00e4nduksega 238 x 208 cm(lengi m\u00f5\u00f5dud) +1300\u20ac<\/li>\n<li>piimjate klaasidega kinnised aknad 2 tk 150 x 41 cm<\/li>\n<li>katusetalad 44 x 140 mm, punniga katuselauad 18 x 90 mm (SBS-bituumenkate 4 rulli lisahinnaga)<\/li>\n<li>\n<div class=\"spec-name\">r\u00e4\u00e4stas ees 40 cm, katuse kalle 2\u00b0, katuse pindala 25 m<sup>2<\/sup><\/div>\n<\/li>\n<li>p\u00f5randat ei ole<\/li>\n<li>\n<div class=\"spec-name\">kinnitusvahendid, koostejuhend<\/div>\n<\/li>\n<li>tellitav v\u00e4ljast v\u00e4rvituna +1600\u20ac (hele-ja tumehall, punane v\u00f5i roheline, avat\u00e4ited-liistud \u00fcleni valged; loe alt kirjeldust; tellimisaeg 3-4 n\u00e4dalat pikem)<\/li>\n<li>tehase garantii 5 aastat<\/li>\n<li>ilmastikukindel pakend<\/li>\n<li>Eesti toode<\/li>\n<li>peegelpildis paigaldatav<\/li>\n<\/ul>\n<p>Vedu mandril tellijapoolse mahalaadimisega 180\u20ac v\u00f5i kraana-autoga 350\u20ac(suursaartele vastavalt 280\u20ac ja 590\u20ac).<\/p>\n<p>K\u00fcsi ka paigaldust!<\/p>\n","protected":false},"featured_media":101278,"template":"","meta":{"_monsterinsights_skip_tracking":false,"_monsterinsights_sitenote_active":false,"_monsterinsights_sitenote_note":"","_monsterinsights_sitenote_category":0},"pwb-brand":[],"product_brand":[],"product_cat":[13538,13540,13598,13600],"product_tag":[19132,19224,13813,19225,19273,19274,19275,17936,19276,14225,17995,19277,14229,18325,14277,19130,15633,19131],"class_list":{"0":"post-101229","1":"product","2":"type-product","3":"status-publish","4":"has-post-thumbnail","6":"product_cat-ale","7":"product_cat-hooned-alekeskus","8":"product_cat-garaazid","9":"product_cat-kuurid-aidad-kioskid","10":"product_tag-garaazh-ale","11":"product_tag-garaazid","12":"product_tag-aiamaja","13":"product_tag-garaazide-muuk","14":"product_tag-puidust-garaaz-canberra","15":"product_tag-puidust-garaaz","16":"product_tag-lamekatusega-garaaz","17":"product_tag-pihavarasto","18":"product_tag-tosteuksega-garaaz","19":"product_tag-garaaz","20":"product_tag-puidust-garaazh","21":"product_tag-hormanni-kaanduksega-garaaz","22":"product_tag-autotalli","23":"product_tag-palmako-pihavarasto","24":"product_tag-freespalk","25":"product_tag-soodus-garaazh","26":"product_tag-garaazh","27":"product_tag-odav-garaazh","28":"product_shipping_class-alates-1000kg","29":"pa_garantii-5-aastat","30":"pa_kohaletoimetamine-alates-180e","31":"pa_laoasukoht-tartumaa","32":"pa_pindalam-14207","33":"pa_seinapaksus-17405","34":"pa_tellimisaeg-tilausaika-alekeskus","35":"pa_valilisad-puitvaravaga","36":"pa_valilisad-ilma-varavata","37":"pa_valilisad-tosteuksega","38":"pa_varv-roheline","39":"pa_varv-punane","40":"pa_varv-viimistlemata","41":"pa_varv-tumehall","42":"pa_varv-helehall","43":"pa_veame-eesti-ja-soome","45":"first","46":"instock","47":"sale","48":"featured","49":"taxable","50":"shipping-taxable","51":"purchasable","52":"product-type-variable","53":"has-default-attributes"},"yoast_head":"<!-- This site is optimized with the Yoast SEO plugin v27.3 - https:\/\/yoast.com\/product\/yoast-seo-wordpress\/ -->\n<title>Garaa\u017e Canberra 18,7 m\u00b2 piimjate klaasidega - Alekeskus<\/title>\n<meta name=\"description\" content=\"freespalkgaraa\u017e autov\u00e4rava, akende ja klaasitud uksega.\" \/>\n<meta name=\"robots\" content=\"index, follow, max-snippet:-1, max-image-preview:large, max-video-preview:-1\" \/>\n<link rel=\"canonical\" href=\"https:\/\/alekeskus.eu\/et\/toode\/garaaz-canberra187-alekeskus\/\" \/>\n<meta property=\"og:locale\" content=\"et_EE\" \/>\n<meta property=\"og:type\" content=\"article\" \/>\n<meta property=\"og:title\" content=\"Garaa\u017e Canberra 18,7 m\u00b2 piimjate klaasidega - Alekeskus\" \/>\n<meta property=\"og:description\" content=\"freespalkgaraa\u017e autov\u00e4rava, akende ja klaasitud uksega.\" \/>\n<meta property=\"og:url\" content=\"https:\/\/alekeskus.eu\/et\/toode\/garaaz-canberra187-alekeskus\/\" \/>\n<meta property=\"og:site_name\" content=\"Alekeskus\" \/>\n<meta property=\"article:modified_time\" content=\"2026-04-08T19:51:51+00:00\" \/>\n<meta property=\"og:image\" content=\"https:\/\/alekeskus.eu\/wp-content\/uploads\/2026\/02\/Canberra-puuvaravaga-aias-1024x1024.jpg\" \/>\n\t<meta property=\"og:image:width\" content=\"1024\" \/>\n\t<meta property=\"og:image:height\" content=\"1024\" \/>\n\t<meta property=\"og:image:type\" content=\"image\/jpeg\" \/>\n<meta name=\"twitter:card\" content=\"summary_large_image\" \/>\n<meta name=\"twitter:label1\" content=\"Est. reading time\" \/>\n\t<meta name=\"twitter:data1\" content=\"1 minut\" \/>\n<script type=\"application\/ld+json\" class=\"yoast-schema-graph\">{\"@context\":\"https:\\\/\\\/schema.org\",\"@graph\":[{\"@type\":\"WebPage\",\"@id\":\"https:\\\/\\\/alekeskus.eu\\\/et\\\/toode\\\/garaaz-canberra187-alekeskus\\\/\",\"url\":\"https:\\\/\\\/alekeskus.eu\\\/et\\\/toode\\\/garaaz-canberra187-alekeskus\\\/\",\"name\":\"Garaa\u017e Canberra 18,7 m\u00b2 piimjate klaasidega - Alekeskus\",\"isPartOf\":{\"@id\":\"https:\\\/\\\/alekeskus.eu\\\/#website\"},\"primaryImageOfPage\":{\"@id\":\"https:\\\/\\\/alekeskus.eu\\\/et\\\/toode\\\/garaaz-canberra187-alekeskus\\\/#primaryimage\"},\"image\":{\"@id\":\"https:\\\/\\\/alekeskus.eu\\\/et\\\/toode\\\/garaaz-canberra187-alekeskus\\\/#primaryimage\"},\"thumbnailUrl\":\"https:\\\/\\\/alekeskus.eu\\\/wp-content\\\/uploads\\\/2026\\\/02\\\/Canberra-puuvaravaga-aias.jpg\",\"datePublished\":\"2026-02-08T18:04:28+00:00\",\"dateModified\":\"2026-04-08T19:51:51+00:00\",\"description\":\"freespalkgaraa\u017e autov\u00e4rava, akende ja klaasitud uksega.\",\"breadcrumb\":{\"@id\":\"https:\\\/\\\/alekeskus.eu\\\/et\\\/toode\\\/garaaz-canberra187-alekeskus\\\/#breadcrumb\"},\"inLanguage\":\"et\",\"potentialAction\":[{\"@type\":\"ReadAction\",\"target\":[\"https:\\\/\\\/alekeskus.eu\\\/et\\\/toode\\\/garaaz-canberra187-alekeskus\\\/\"]}]},{\"@type\":\"ImageObject\",\"inLanguage\":\"et\",\"@id\":\"https:\\\/\\\/alekeskus.eu\\\/et\\\/toode\\\/garaaz-canberra187-alekeskus\\\/#primaryimage\",\"url\":\"https:\\\/\\\/alekeskus.eu\\\/wp-content\\\/uploads\\\/2026\\\/02\\\/Canberra-puuvaravaga-aias.jpg\",\"contentUrl\":\"https:\\\/\\\/alekeskus.eu\\\/wp-content\\\/uploads\\\/2026\\\/02\\\/Canberra-puuvaravaga-aias.jpg\",\"width\":2500,\"height\":1667,\"caption\":\"Garaa\u017e Canberra\"},{\"@type\":\"BreadcrumbList\",\"@id\":\"https:\\\/\\\/alekeskus.eu\\\/et\\\/toode\\\/garaaz-canberra187-alekeskus\\\/#breadcrumb\",\"itemListElement\":[{\"@type\":\"ListItem\",\"position\":1,\"name\":\"Avaleht\",\"item\":\"https:\\\/\\\/alekeskus.eu\\\/et\\\/\"},{\"@type\":\"ListItem\",\"position\":2,\"name\":\"Pood\",\"item\":\"https:\\\/\\\/alekeskus.eu\\\/pood\\\/\"},{\"@type\":\"ListItem\",\"position\":3,\"name\":\"Garaa\u017e Canberra 18,7 m\u00b2 piimjate klaasidega\"}]},{\"@type\":\"WebSite\",\"@id\":\"https:\\\/\\\/alekeskus.eu\\\/#website\",\"url\":\"https:\\\/\\\/alekeskus.eu\\\/\",\"name\":\"Alekeskus\",\"description\":\"Alekeskus.eu\",\"potentialAction\":[{\"@type\":\"SearchAction\",\"target\":{\"@type\":\"EntryPoint\",\"urlTemplate\":\"https:\\\/\\\/alekeskus.eu\\\/?s={search_term_string}\"},\"query-input\":{\"@type\":\"PropertyValueSpecification\",\"valueRequired\":true,\"valueName\":\"search_term_string\"}}],\"inLanguage\":\"et\"}]}<\/script>\n<!-- \/ Yoast SEO plugin. -->","yoast_head_json":{"title":"Garaa\u017e Canberra 18,7 m\u00b2 piimjate klaasidega - Alekeskus","description":"freespalkgaraa\u017e autov\u00e4rava, akende ja klaasitud uksega.","robots":{"index":"index","follow":"follow","max-snippet":"max-snippet:-1","max-image-preview":"max-image-preview:large","max-video-preview":"max-video-preview:-1"},"canonical":"https:\/\/alekeskus.eu\/et\/toode\/garaaz-canberra187-alekeskus\/","og_locale":"et_EE","og_type":"article","og_title":"Garaa\u017e Canberra 18,7 m\u00b2 piimjate klaasidega - Alekeskus","og_description":"freespalkgaraa\u017e autov\u00e4rava, akende ja klaasitud uksega.","og_url":"https:\/\/alekeskus.eu\/et\/toode\/garaaz-canberra187-alekeskus\/","og_site_name":"Alekeskus","article_modified_time":"2026-04-08T19:51:51+00:00","og_image":[{"width":1024,"height":1024,"url":"https:\/\/alekeskus.eu\/wp-content\/uploads\/2026\/02\/Canberra-puuvaravaga-aias-1024x1024.jpg","type":"image\/jpeg"}],"twitter_card":"summary_large_image","twitter_misc":{"Est. reading time":"1 minut"},"schema":{"@context":"https:\/\/schema.org","@graph":[{"@type":"WebPage","@id":"https:\/\/alekeskus.eu\/et\/toode\/garaaz-canberra187-alekeskus\/","url":"https:\/\/alekeskus.eu\/et\/toode\/garaaz-canberra187-alekeskus\/","name":"Garaa\u017e Canberra 18,7 m\u00b2 piimjate klaasidega - Alekeskus","isPartOf":{"@id":"https:\/\/alekeskus.eu\/#website"},"primaryImageOfPage":{"@id":"https:\/\/alekeskus.eu\/et\/toode\/garaaz-canberra187-alekeskus\/#primaryimage"},"image":{"@id":"https:\/\/alekeskus.eu\/et\/toode\/garaaz-canberra187-alekeskus\/#primaryimage"},"thumbnailUrl":"https:\/\/alekeskus.eu\/wp-content\/uploads\/2026\/02\/Canberra-puuvaravaga-aias.jpg","datePublished":"2026-02-08T18:04:28+00:00","dateModified":"2026-04-08T19:51:51+00:00","description":"freespalkgaraa\u017e autov\u00e4rava, akende ja klaasitud uksega.","breadcrumb":{"@id":"https:\/\/alekeskus.eu\/et\/toode\/garaaz-canberra187-alekeskus\/#breadcrumb"},"inLanguage":"et","potentialAction":[{"@type":"ReadAction","target":["https:\/\/alekeskus.eu\/et\/toode\/garaaz-canberra187-alekeskus\/"]}]},{"@type":"ImageObject","inLanguage":"et","@id":"https:\/\/alekeskus.eu\/et\/toode\/garaaz-canberra187-alekeskus\/#primaryimage","url":"https:\/\/alekeskus.eu\/wp-content\/uploads\/2026\/02\/Canberra-puuvaravaga-aias.jpg","contentUrl":"https:\/\/alekeskus.eu\/wp-content\/uploads\/2026\/02\/Canberra-puuvaravaga-aias.jpg","width":2500,"height":1667,"caption":"Garaa\u017e Canberra"},{"@type":"BreadcrumbList","@id":"https:\/\/alekeskus.eu\/et\/toode\/garaaz-canberra187-alekeskus\/#breadcrumb","itemListElement":[{"@type":"ListItem","position":1,"name":"Avaleht","item":"https:\/\/alekeskus.eu\/et\/"},{"@type":"ListItem","position":2,"name":"Pood","item":"https:\/\/alekeskus.eu\/pood\/"},{"@type":"ListItem","position":3,"name":"Garaa\u017e Canberra 18,7 m\u00b2 piimjate klaasidega"}]},{"@type":"WebSite","@id":"https:\/\/alekeskus.eu\/#website","url":"https:\/\/alekeskus.eu\/","name":"Alekeskus","description":"Alekeskus.eu","potentialAction":[{"@type":"SearchAction","target":{"@type":"EntryPoint","urlTemplate":"https:\/\/alekeskus.eu\/?s={search_term_string}"},"query-input":{"@type":"PropertyValueSpecification","valueRequired":true,"valueName":"search_term_string"}}],"inLanguage":"et"}]}},"brands":[],"_links":{"self":[{"href":"https:\/\/alekeskus.eu\/et\/wp-json\/wp\/v2\/product\/101229","targetHints":{"allow":["GET"]}}],"collection":[{"href":"https:\/\/alekeskus.eu\/et\/wp-json\/wp\/v2\/product"}],"about":[{"href":"https:\/\/alekeskus.eu\/et\/wp-json\/wp\/v2\/types\/product"}],"wp:featuredmedia":[{"embeddable":true,"href":"https:\/\/alekeskus.eu\/et\/wp-json\/wp\/v2\/media\/101278"}],"wp:attachment":[{"href":"https:\/\/alekeskus.eu\/et\/wp-json\/wp\/v2\/media?parent=101229"}],"wp:term":[{"taxonomy":"pwb-brand","embeddable":true,"href":"https:\/\/alekeskus.eu\/et\/wp-json\/wp\/v2\/pwb-brand?post=101229"},{"taxonomy":"product_brand","embeddable":true,"href":"https:\/\/alekeskus.eu\/et\/wp-json\/wp\/v2\/product_brand?post=101229"},{"taxonomy":"product_cat","embeddable":true,"href":"https:\/\/alekeskus.eu\/et\/wp-json\/wp\/v2\/product_cat?post=101229"},{"taxonomy":"product_tag","embeddable":true,"href":"https:\/\/alekeskus.eu\/et\/wp-json\/wp\/v2\/product_tag?post=101229"}],"curies":[{"name":"wp","href":"https:\/\/api.w.org\/{rel}","templated":true}]}}