{"id":101358,"date":"2026-03-22T17:17:23","date_gmt":"2026-03-22T17:17:23","guid":{"rendered":"https:\/\/alekeskus.eu\/?post_type=product&#038;p=101358"},"modified":"2026-04-23T05:43:47","modified_gmt":"2026-04-23T05:43:47","slug":"aiamaja-selenaset1-126-alekeskus","status":"publish","type":"product","link":"https:\/\/alekeskus.eu\/et\/toode\/aiamaja-selenaset1-126-alekeskus\/","title":{"rendered":"Aiamaja Selena 12,6 m\u00b2 SET1 alumiiniumliugustega"},"content":{"rendered":"<p><strong>Telli juurde:<\/strong><\/p>\n<p><strong>&#8211; SBS-bituumenkatusekate 2 rulli<\/strong><\/p>\n<p><strong>&#8211; iseliimuv EPDM-kate 1,5 x 10 m 2 rulli<\/strong><\/p>\n<p><strong>&#8211; tehases puidukaitsevahendisse kastetuna (pruunikas, hallikas v\u00f5i valkjas) v\u00f5i v\u00e4rvituna<br \/>\n<\/strong>\u00a0<img decoding=\"async\" src=\"http:\/\/pood.palmako.ee\/sites\/default\/files\/styles\/pictogram_thumbnail\/public\/field_pictogram_image\/pp25.png?itok=8xQVzSvW\" alt=\"\" \/>Pakendid:\u00a0 4,5 x 1,2 x 0,7 m, kaal 1090 kg; 3,0 x 1,1 x 0,4 m, kaal 190 kg<\/p>\n<div class=\"pictogram qtip-additional-element\">\n<div class=\"description\">\n<div class=\"pictogram qtip-additional-element\">\n<div class=\"image\">\n<div class=\"pictogram qtip-additional-element\">\n<div class=\"image\"><\/div>\n<\/div>\n<\/div>\n<\/div>\n<\/div>\n<\/div>\n","protected":false},"excerpt":{"rendered":"<p>V\u00e4lism\u00f5\u00f5dud: <strong>3,2 x 4,2 m<\/strong>.<\/p>\n<p><strong>TASUTA VEDU JA MAHALAADIMINE (ka suursaartel)!<\/strong><\/p>\n<ul>\n<li>44 mm tuuletappidega freespalksein siledate nurkadega; 120 x 120 mm postid<\/li>\n<li>r\u00e4\u00e4sta k\u00f5rgus 233 cm ja kogu k\u00f5rgus 250 cm<\/li>\n<li>silinderlukkudega ja alumiiniumraamidega liuguksed 1,8 x 2,0 m ja 4,0 x 2,0 m (tellitav pakettklaasidega +2000\u20ac)<\/li>\n<li>immutatud alusraam 45 x 70 mm ja 45 x 95 mm, punnitud p\u00f5randalauad 19 mm<\/li>\n<li>katuse pindala 13,4 m\u00b2 ja kalle 3\u00ba<\/li>\n<li>katusetalad 44 x 140 mm ja 60 x 160 mm, punnitud katuselauad 19 mm, \u00e4\u00e4replekid<\/li>\n<li>katusekate ei sisaldu hinnas (valikus SBS-bituumenkate v\u00f5i iseliimuv EPDM-kummikate 2 rulli)<\/li>\n<li>tellitav puidukaitsevahendisse kastetuna +800\u20ac (pruun, hall v\u00f5i valkjas)<strong><img decoding=\"async\" class=\"\" src=\"https:\/\/www.palmako.ee\/sites\/default\/files\/styles\/product_list_item\/public\/2020-06\/BNDIP.jpg?itok=_LQkkeHM\" width=\"66\" height=\"66\" \/><img decoding=\"async\" class=\"\" src=\"https:\/\/www.palmako.ee\/sites\/default\/files\/styles\/product_list_item\/public\/2020-06\/GYDIP.jpg?itok=RrYf7KTV\" width=\"66\" height=\"66\" \/><img decoding=\"async\" class=\"\" src=\"https:\/\/www.palmako.ee\/sites\/default\/files\/styles\/product_list_item\/public\/2020-06\/WTDIP.jpg?itok=D9U46coI\" width=\"67\" height=\"67\" \/> <\/strong>v\u00f5i v\u00e4ljast v\u00e4rvituna +1500\u20ac; tellimisaeg 2-4 n\u00e4dalat pikem<\/li>\n<li>5-aastane tehase garantii<\/li>\n<li>kinnitusvahendid ja koostejuhend<\/li>\n<li>peegelpildis paigaldatav<\/li>\n<li>Eesti toode<\/li>\n<li>vihmakindel pakend<\/li>\n<\/ul>\n<p>K\u00fcsi ka paigaldust!<\/p>\n","protected":false},"featured_media":101396,"template":"","meta":{"_monsterinsights_skip_tracking":false,"_monsterinsights_sitenote_active":false,"_monsterinsights_sitenote_note":"","_monsterinsights_sitenote_category":0},"pwb-brand":[18577],"product_brand":[],"product_cat":[17182,13538,13592,13540,13608],"product_tag":[13913,18638,13976,18680,14224,18696,14310,18309,18909,15276,18328,19136,15516,18330,19143,15543,13813,18466,13850,16124,18478,18565],"class_list":{"0":"post-101358","1":"product","2":"type-product","3":"status-publish","4":"has-post-thumbnail","6":"pwb-brand-eesti","7":"product_cat-suvekoogid-alekeskus","8":"product_cat-ale","9":"product_cat-aia-ja-grillmajad","10":"product_cat-hooned-alekeskus","11":"product_cat-kontorid","12":"product_tag-vierasmaja","13":"product_tag-seiskari-2","14":"product_tag-liukuovi","15":"product_tag-alumiiniumliuguks","16":"product_tag-varjualune","17":"product_tag-liuguks","18":"product_tag-kodukontor","19":"product_tag-palmako-huvimaja","20":"product_tag-aiamaja-soodus","21":"product_tag-pihatoimisto","22":"product_tag-pihabaari","23":"product_tag-aiamajade-muuk","24":"product_tag-suvekook","25":"product_tag-palmako-vierasmaja","26":"product_tag-aiamaja-muuk","27":"product_tag-pihakatos","28":"product_tag-aiamaja","29":"product_tag-aiabaar","30":"product_tag-paviljonki","31":"product_tag-aiamajad","32":"product_tag-kesahuone","33":"product_tag-etatyotila-2","34":"product_shipping_class-tasuta-transport-alates-1000kg","35":"pa_garantii-5-aastat","36":"pa_kohaletoimetamine-tasuta-mandri-eestis-ja-suursaartel-soome-alates-699e","37":"pa_laoasukoht-tartumaa","38":"pa_pindalam-17818","39":"pa_seinapaksus-17405","40":"pa_tellimisaeg-kuni-4-nadalat","41":"pa_varv-tumehall","42":"pa_varv-helehall","43":"pa_varv-pruunikas-puidukaitse","44":"pa_varv-hallikas-puidukaitse","45":"pa_varv-valkjas-puidukaitse","46":"pa_varv-valge","47":"pa_varv-viimistlemata","48":"pa_varv-must","49":"pa_veame-eesti-ja-soome","51":"first","52":"instock","53":"sale","54":"featured","55":"taxable","56":"shipping-taxable","57":"purchasable","58":"product-type-variable","59":"has-default-attributes"},"yoast_head":"<!-- This site is optimized with the Yoast SEO plugin v27.3 - https:\/\/yoast.com\/product\/yoast-seo-wordpress\/ -->\n<title>Aiamaja Selena 12,6 m\u00b2 SET1 alumiiniumliugustega - Alekeskus<\/title>\n<meta name=\"description\" content=\"alumiiniumliugustega aiamaja\" \/>\n<meta name=\"robots\" content=\"index, follow, max-snippet:-1, max-image-preview:large, max-video-preview:-1\" \/>\n<link rel=\"canonical\" href=\"https:\/\/alekeskus.eu\/et\/toode\/aiamaja-selenaset1-126-alekeskus\/\" \/>\n<meta property=\"og:locale\" content=\"et_EE\" \/>\n<meta property=\"og:type\" content=\"article\" \/>\n<meta property=\"og:title\" content=\"Aiamaja Selena 12,6 m\u00b2 SET1 alumiiniumliugustega - Alekeskus\" \/>\n<meta property=\"og:description\" content=\"alumiiniumliugustega aiamaja\" \/>\n<meta property=\"og:url\" content=\"https:\/\/alekeskus.eu\/et\/toode\/aiamaja-selenaset1-126-alekeskus\/\" \/>\n<meta property=\"og:site_name\" content=\"Alekeskus\" \/>\n<meta property=\"article:modified_time\" content=\"2026-04-23T05:43:47+00:00\" \/>\n<meta property=\"og:image\" content=\"https:\/\/alekeskus.eu\/wp-content\/uploads\/2026\/04\/Serena_12.6_m2_Set1_Slide_PNT7012G7_wb.jpg\" \/>\n\t<meta property=\"og:image:width\" content=\"2500\" \/>\n\t<meta property=\"og:image:height\" content=\"1875\" \/>\n\t<meta property=\"og:image:type\" content=\"image\/jpeg\" \/>\n<meta name=\"twitter:card\" content=\"summary_large_image\" \/>\n<meta name=\"twitter:label1\" content=\"Est. reading time\" \/>\n\t<meta name=\"twitter:data1\" content=\"1 minut\" \/>\n<script type=\"application\/ld+json\" class=\"yoast-schema-graph\">{\"@context\":\"https:\\\/\\\/schema.org\",\"@graph\":[{\"@type\":\"WebPage\",\"@id\":\"https:\\\/\\\/alekeskus.eu\\\/et\\\/toode\\\/aiamaja-selenaset1-126-alekeskus\\\/\",\"url\":\"https:\\\/\\\/alekeskus.eu\\\/et\\\/toode\\\/aiamaja-selenaset1-126-alekeskus\\\/\",\"name\":\"Aiamaja Selena 12,6 m\u00b2 SET1 alumiiniumliugustega - Alekeskus\",\"isPartOf\":{\"@id\":\"https:\\\/\\\/alekeskus.eu\\\/#website\"},\"primaryImageOfPage\":{\"@id\":\"https:\\\/\\\/alekeskus.eu\\\/et\\\/toode\\\/aiamaja-selenaset1-126-alekeskus\\\/#primaryimage\"},\"image\":{\"@id\":\"https:\\\/\\\/alekeskus.eu\\\/et\\\/toode\\\/aiamaja-selenaset1-126-alekeskus\\\/#primaryimage\"},\"thumbnailUrl\":\"https:\\\/\\\/alekeskus.eu\\\/wp-content\\\/uploads\\\/2026\\\/04\\\/Serena_12.6_m2_Set1_Slide_PNT7012G7_wb.jpg\",\"datePublished\":\"2026-03-22T17:17:23+00:00\",\"dateModified\":\"2026-04-23T05:43:47+00:00\",\"description\":\"alumiiniumliugustega aiamaja\",\"breadcrumb\":{\"@id\":\"https:\\\/\\\/alekeskus.eu\\\/et\\\/toode\\\/aiamaja-selenaset1-126-alekeskus\\\/#breadcrumb\"},\"inLanguage\":\"et\",\"potentialAction\":[{\"@type\":\"ReadAction\",\"target\":[\"https:\\\/\\\/alekeskus.eu\\\/et\\\/toode\\\/aiamaja-selenaset1-126-alekeskus\\\/\"]}]},{\"@type\":\"ImageObject\",\"inLanguage\":\"et\",\"@id\":\"https:\\\/\\\/alekeskus.eu\\\/et\\\/toode\\\/aiamaja-selenaset1-126-alekeskus\\\/#primaryimage\",\"url\":\"https:\\\/\\\/alekeskus.eu\\\/wp-content\\\/uploads\\\/2026\\\/04\\\/Serena_12.6_m2_Set1_Slide_PNT7012G7_wb.jpg\",\"contentUrl\":\"https:\\\/\\\/alekeskus.eu\\\/wp-content\\\/uploads\\\/2026\\\/04\\\/Serena_12.6_m2_Set1_Slide_PNT7012G7_wb.jpg\",\"width\":2500,\"height\":1875,\"caption\":\"Aiamaja Selena v\u00e4rvitud\"},{\"@type\":\"BreadcrumbList\",\"@id\":\"https:\\\/\\\/alekeskus.eu\\\/et\\\/toode\\\/aiamaja-selenaset1-126-alekeskus\\\/#breadcrumb\",\"itemListElement\":[{\"@type\":\"ListItem\",\"position\":1,\"name\":\"Avaleht\",\"item\":\"https:\\\/\\\/alekeskus.eu\\\/et\\\/\"},{\"@type\":\"ListItem\",\"position\":2,\"name\":\"Pood\",\"item\":\"https:\\\/\\\/alekeskus.eu\\\/pood\\\/\"},{\"@type\":\"ListItem\",\"position\":3,\"name\":\"Aiamaja Selena 12,6 m\u00b2 SET1 alumiiniumliugustega\"}]},{\"@type\":\"WebSite\",\"@id\":\"https:\\\/\\\/alekeskus.eu\\\/#website\",\"url\":\"https:\\\/\\\/alekeskus.eu\\\/\",\"name\":\"Alekeskus\",\"description\":\"Alekeskus.eu\",\"potentialAction\":[{\"@type\":\"SearchAction\",\"target\":{\"@type\":\"EntryPoint\",\"urlTemplate\":\"https:\\\/\\\/alekeskus.eu\\\/?s={search_term_string}\"},\"query-input\":{\"@type\":\"PropertyValueSpecification\",\"valueRequired\":true,\"valueName\":\"search_term_string\"}}],\"inLanguage\":\"et\"}]}<\/script>\n<!-- \/ Yoast SEO plugin. -->","yoast_head_json":{"title":"Aiamaja Selena 12,6 m\u00b2 SET1 alumiiniumliugustega - Alekeskus","description":"alumiiniumliugustega aiamaja","robots":{"index":"index","follow":"follow","max-snippet":"max-snippet:-1","max-image-preview":"max-image-preview:large","max-video-preview":"max-video-preview:-1"},"canonical":"https:\/\/alekeskus.eu\/et\/toode\/aiamaja-selenaset1-126-alekeskus\/","og_locale":"et_EE","og_type":"article","og_title":"Aiamaja Selena 12,6 m\u00b2 SET1 alumiiniumliugustega - Alekeskus","og_description":"alumiiniumliugustega aiamaja","og_url":"https:\/\/alekeskus.eu\/et\/toode\/aiamaja-selenaset1-126-alekeskus\/","og_site_name":"Alekeskus","article_modified_time":"2026-04-23T05:43:47+00:00","og_image":[{"width":2500,"height":1875,"url":"https:\/\/alekeskus.eu\/wp-content\/uploads\/2026\/04\/Serena_12.6_m2_Set1_Slide_PNT7012G7_wb.jpg","type":"image\/jpeg"}],"twitter_card":"summary_large_image","twitter_misc":{"Est. reading time":"1 minut"},"schema":{"@context":"https:\/\/schema.org","@graph":[{"@type":"WebPage","@id":"https:\/\/alekeskus.eu\/et\/toode\/aiamaja-selenaset1-126-alekeskus\/","url":"https:\/\/alekeskus.eu\/et\/toode\/aiamaja-selenaset1-126-alekeskus\/","name":"Aiamaja Selena 12,6 m\u00b2 SET1 alumiiniumliugustega - Alekeskus","isPartOf":{"@id":"https:\/\/alekeskus.eu\/#website"},"primaryImageOfPage":{"@id":"https:\/\/alekeskus.eu\/et\/toode\/aiamaja-selenaset1-126-alekeskus\/#primaryimage"},"image":{"@id":"https:\/\/alekeskus.eu\/et\/toode\/aiamaja-selenaset1-126-alekeskus\/#primaryimage"},"thumbnailUrl":"https:\/\/alekeskus.eu\/wp-content\/uploads\/2026\/04\/Serena_12.6_m2_Set1_Slide_PNT7012G7_wb.jpg","datePublished":"2026-03-22T17:17:23+00:00","dateModified":"2026-04-23T05:43:47+00:00","description":"alumiiniumliugustega aiamaja","breadcrumb":{"@id":"https:\/\/alekeskus.eu\/et\/toode\/aiamaja-selenaset1-126-alekeskus\/#breadcrumb"},"inLanguage":"et","potentialAction":[{"@type":"ReadAction","target":["https:\/\/alekeskus.eu\/et\/toode\/aiamaja-selenaset1-126-alekeskus\/"]}]},{"@type":"ImageObject","inLanguage":"et","@id":"https:\/\/alekeskus.eu\/et\/toode\/aiamaja-selenaset1-126-alekeskus\/#primaryimage","url":"https:\/\/alekeskus.eu\/wp-content\/uploads\/2026\/04\/Serena_12.6_m2_Set1_Slide_PNT7012G7_wb.jpg","contentUrl":"https:\/\/alekeskus.eu\/wp-content\/uploads\/2026\/04\/Serena_12.6_m2_Set1_Slide_PNT7012G7_wb.jpg","width":2500,"height":1875,"caption":"Aiamaja Selena v\u00e4rvitud"},{"@type":"BreadcrumbList","@id":"https:\/\/alekeskus.eu\/et\/toode\/aiamaja-selenaset1-126-alekeskus\/#breadcrumb","itemListElement":[{"@type":"ListItem","position":1,"name":"Avaleht","item":"https:\/\/alekeskus.eu\/et\/"},{"@type":"ListItem","position":2,"name":"Pood","item":"https:\/\/alekeskus.eu\/pood\/"},{"@type":"ListItem","position":3,"name":"Aiamaja Selena 12,6 m\u00b2 SET1 alumiiniumliugustega"}]},{"@type":"WebSite","@id":"https:\/\/alekeskus.eu\/#website","url":"https:\/\/alekeskus.eu\/","name":"Alekeskus","description":"Alekeskus.eu","potentialAction":[{"@type":"SearchAction","target":{"@type":"EntryPoint","urlTemplate":"https:\/\/alekeskus.eu\/?s={search_term_string}"},"query-input":{"@type":"PropertyValueSpecification","valueRequired":true,"valueName":"search_term_string"}}],"inLanguage":"et"}]}},"brands":[{"id":18577,"name":"Eesti","slug":"eesti"}],"_links":{"self":[{"href":"https:\/\/alekeskus.eu\/et\/wp-json\/wp\/v2\/product\/101358","targetHints":{"allow":["GET"]}}],"collection":[{"href":"https:\/\/alekeskus.eu\/et\/wp-json\/wp\/v2\/product"}],"about":[{"href":"https:\/\/alekeskus.eu\/et\/wp-json\/wp\/v2\/types\/product"}],"wp:featuredmedia":[{"embeddable":true,"href":"https:\/\/alekeskus.eu\/et\/wp-json\/wp\/v2\/media\/101396"}],"wp:attachment":[{"href":"https:\/\/alekeskus.eu\/et\/wp-json\/wp\/v2\/media?parent=101358"}],"wp:term":[{"taxonomy":"pwb-brand","embeddable":true,"href":"https:\/\/alekeskus.eu\/et\/wp-json\/wp\/v2\/pwb-brand?post=101358"},{"taxonomy":"product_brand","embeddable":true,"href":"https:\/\/alekeskus.eu\/et\/wp-json\/wp\/v2\/product_brand?post=101358"},{"taxonomy":"product_cat","embeddable":true,"href":"https:\/\/alekeskus.eu\/et\/wp-json\/wp\/v2\/product_cat?post=101358"},{"taxonomy":"product_tag","embeddable":true,"href":"https:\/\/alekeskus.eu\/et\/wp-json\/wp\/v2\/product_tag?post=101358"}],"curies":[{"name":"wp","href":"https:\/\/api.w.org\/{rel}","templated":true}]}}