{"id":62289,"date":"2021-11-11T21:30:42","date_gmt":"2021-11-11T21:30:42","guid":{"rendered":"http:\/\/alekeskus.eu\/product\/kasepuidust-kuunlaalus-kuunaldega-ja-klaasidega\/"},"modified":"2023-11-28T16:15:13","modified_gmt":"2023-11-28T16:15:13","slug":"kasepuidust-kuunlaalus-kuunaldega-ja-klaasidega","status":"publish","type":"product","link":"https:\/\/alekeskus.eu\/et\/toode\/kasepuidust-kuunlaalus-kuunaldega-ja-klaasidega\/","title":{"rendered":"Kasepuidust k\u00fc\u00fcnlaalus k\u00fc\u00fcnaldega ja klaasidega"},"content":{"rendered":"","protected":false},"excerpt":{"rendered":"<p><strong>Ligikaudsed m\u00f5\u00f5dud 29 x 11 x 7 cm. <\/strong><\/p>\n<p>K\u00fc\u00fcnlaleek\u00a0 annab koju maal\u00e4hedust ning tekitab m\u00f5nusa \u00f5dusa olemise pimedatel talve \u00f5htutel.<\/p>\n<p>Hea kingiidee. Iga k\u00fc\u00fcnlaalus oman\u00e4oline ja puhas k\u00e4sit\u00f6\u00f6 Eesti puidumeistritelt!<\/p>\n<p>Teek\u00fc\u00fcnalde l\u00e4bim\u00f5\u00f5t 40 mm.<\/p>\n<p>Saatmine 3\u20ac pakiautomaati v\u00f5i kulleriga 12\u20ac.<\/p>\n","protected":false},"featured_media":62281,"template":"","meta":{"_monsterinsights_skip_tracking":false,"_monsterinsights_sitenote_active":false,"_monsterinsights_sitenote_note":"","_monsterinsights_sitenote_category":0},"pwb-brand":[],"product_brand":[],"product_cat":[13566,13568,13530],"product_tag":[13799,13800,13801,13802,18305,18306,18307],"class_list":{"0":"post-62289","1":"product","2":"type-product","3":"status-publish","4":"has-post-thumbnail","6":"product_cat-iluaiandus","7":"product_cat-grill-ja-tuli","8":"product_cat-aed-ja-kodu","9":"product_tag-kuunal","10":"product_tag-kaunistus","11":"product_tag-sisustus","12":"product_tag-kuunlajalg","13":"product_tag-kuunlaalus","14":"product_tag-teekuunal","15":"product_tag-joulukaunistus","16":"product_shipping_class-pakiautomaat","17":"pa_garantii-2-aastat","18":"pa_kohaletoimetamine-5e-pakiautomaati-12e-kulleriga","19":"pa_laoasukoht-saadaval-paslepa-laos-5015483-alekeskus","20":"pa_tellimisaeg-2-10-toopaeva","21":"pa_veame-eesti-ja-soome","23":"first","24":"instock","25":"taxable","26":"shipping-taxable","27":"purchasable","28":"product-type-simple"},"yoast_head":"<!-- This site is optimized with the Yoast SEO plugin v27.3 - https:\/\/yoast.com\/product\/yoast-seo-wordpress\/ -->\n<title>Kasepuidust k\u00fc\u00fcnlaalus k\u00fc\u00fcnaldega ja klaasidega - Alekeskus<\/title>\n<meta name=\"description\" content=\"k\u00fc\u00fcnlaalus k\u00fc\u00fcnaldega\" \/>\n<meta name=\"robots\" content=\"index, follow, max-snippet:-1, max-image-preview:large, max-video-preview:-1\" \/>\n<link rel=\"canonical\" href=\"https:\/\/alekeskus.eu\/toode\/kasepuidust-kuunlaalus-kuunaldega-ja-klaasidega\/\" \/>\n<meta property=\"og:locale\" content=\"et_EE\" \/>\n<meta property=\"og:type\" content=\"article\" \/>\n<meta property=\"og:title\" content=\"Kasepuidust k\u00fc\u00fcnlaalus k\u00fc\u00fcnaldega ja klaasidega - Alekeskus\" \/>\n<meta property=\"og:description\" content=\"k\u00fc\u00fcnlaalus k\u00fc\u00fcnaldega\" \/>\n<meta property=\"og:url\" content=\"https:\/\/alekeskus.eu\/toode\/kasepuidust-kuunlaalus-kuunaldega-ja-klaasidega\/\" \/>\n<meta property=\"og:site_name\" content=\"Alekeskus\" \/>\n<meta property=\"article:modified_time\" content=\"2023-11-28T16:15:13+00:00\" \/>\n<meta property=\"og:image\" content=\"https:\/\/alekeskus.eu\/wp-content\/uploads\/2021\/11\/530kasepuidust-k-nlaalus-k-naldega-ja-klaasidega-0-scaled.jpg\" \/>\n\t<meta property=\"og:image:width\" content=\"2560\" \/>\n\t<meta property=\"og:image:height\" content=\"1707\" \/>\n\t<meta property=\"og:image:type\" content=\"image\/jpeg\" \/>\n<meta name=\"twitter:card\" content=\"summary_large_image\" \/>\n<script type=\"application\/ld+json\" class=\"yoast-schema-graph\">{\"@context\":\"https:\\\/\\\/schema.org\",\"@graph\":[{\"@type\":\"WebPage\",\"@id\":\"https:\\\/\\\/alekeskus.eu\\\/toode\\\/kasepuidust-kuunlaalus-kuunaldega-ja-klaasidega\\\/\",\"url\":\"https:\\\/\\\/alekeskus.eu\\\/toode\\\/kasepuidust-kuunlaalus-kuunaldega-ja-klaasidega\\\/\",\"name\":\"Kasepuidust k\u00fc\u00fcnlaalus k\u00fc\u00fcnaldega ja klaasidega - Alekeskus\",\"isPartOf\":{\"@id\":\"https:\\\/\\\/alekeskus.eu\\\/#website\"},\"primaryImageOfPage\":{\"@id\":\"https:\\\/\\\/alekeskus.eu\\\/toode\\\/kasepuidust-kuunlaalus-kuunaldega-ja-klaasidega\\\/#primaryimage\"},\"image\":{\"@id\":\"https:\\\/\\\/alekeskus.eu\\\/toode\\\/kasepuidust-kuunlaalus-kuunaldega-ja-klaasidega\\\/#primaryimage\"},\"thumbnailUrl\":\"https:\\\/\\\/alekeskus.eu\\\/wp-content\\\/uploads\\\/2021\\\/11\\\/530kasepuidust-k-nlaalus-k-naldega-ja-klaasidega-0-scaled.jpg\",\"datePublished\":\"2021-11-11T21:30:42+00:00\",\"dateModified\":\"2023-11-28T16:15:13+00:00\",\"description\":\"k\u00fc\u00fcnlaalus k\u00fc\u00fcnaldega\",\"breadcrumb\":{\"@id\":\"https:\\\/\\\/alekeskus.eu\\\/toode\\\/kasepuidust-kuunlaalus-kuunaldega-ja-klaasidega\\\/#breadcrumb\"},\"inLanguage\":\"et\",\"potentialAction\":[{\"@type\":\"ReadAction\",\"target\":[\"https:\\\/\\\/alekeskus.eu\\\/toode\\\/kasepuidust-kuunlaalus-kuunaldega-ja-klaasidega\\\/\"]}]},{\"@type\":\"ImageObject\",\"inLanguage\":\"et\",\"@id\":\"https:\\\/\\\/alekeskus.eu\\\/toode\\\/kasepuidust-kuunlaalus-kuunaldega-ja-klaasidega\\\/#primaryimage\",\"url\":\"https:\\\/\\\/alekeskus.eu\\\/wp-content\\\/uploads\\\/2021\\\/11\\\/530kasepuidust-k-nlaalus-k-naldega-ja-klaasidega-0-scaled.jpg\",\"contentUrl\":\"https:\\\/\\\/alekeskus.eu\\\/wp-content\\\/uploads\\\/2021\\\/11\\\/530kasepuidust-k-nlaalus-k-naldega-ja-klaasidega-0-scaled.jpg\",\"width\":1600,\"height\":1067},{\"@type\":\"BreadcrumbList\",\"@id\":\"https:\\\/\\\/alekeskus.eu\\\/toode\\\/kasepuidust-kuunlaalus-kuunaldega-ja-klaasidega\\\/#breadcrumb\",\"itemListElement\":[{\"@type\":\"ListItem\",\"position\":1,\"name\":\"Avaleht\",\"item\":\"https:\\\/\\\/alekeskus.eu\\\/et\\\/\"},{\"@type\":\"ListItem\",\"position\":2,\"name\":\"Pood\",\"item\":\"https:\\\/\\\/alekeskus.eu\\\/pood\\\/\"},{\"@type\":\"ListItem\",\"position\":3,\"name\":\"Kasepuidust k\u00fc\u00fcnlaalus k\u00fc\u00fcnaldega ja klaasidega\"}]},{\"@type\":\"WebSite\",\"@id\":\"https:\\\/\\\/alekeskus.eu\\\/#website\",\"url\":\"https:\\\/\\\/alekeskus.eu\\\/\",\"name\":\"Alekeskus\",\"description\":\"Alekeskus.eu\",\"potentialAction\":[{\"@type\":\"SearchAction\",\"target\":{\"@type\":\"EntryPoint\",\"urlTemplate\":\"https:\\\/\\\/alekeskus.eu\\\/?s={search_term_string}\"},\"query-input\":{\"@type\":\"PropertyValueSpecification\",\"valueRequired\":true,\"valueName\":\"search_term_string\"}}],\"inLanguage\":\"et\"}]}<\/script>\n<!-- \/ Yoast SEO plugin. -->","yoast_head_json":{"title":"Kasepuidust k\u00fc\u00fcnlaalus k\u00fc\u00fcnaldega ja klaasidega - Alekeskus","description":"k\u00fc\u00fcnlaalus k\u00fc\u00fcnaldega","robots":{"index":"index","follow":"follow","max-snippet":"max-snippet:-1","max-image-preview":"max-image-preview:large","max-video-preview":"max-video-preview:-1"},"canonical":"https:\/\/alekeskus.eu\/toode\/kasepuidust-kuunlaalus-kuunaldega-ja-klaasidega\/","og_locale":"et_EE","og_type":"article","og_title":"Kasepuidust k\u00fc\u00fcnlaalus k\u00fc\u00fcnaldega ja klaasidega - Alekeskus","og_description":"k\u00fc\u00fcnlaalus k\u00fc\u00fcnaldega","og_url":"https:\/\/alekeskus.eu\/toode\/kasepuidust-kuunlaalus-kuunaldega-ja-klaasidega\/","og_site_name":"Alekeskus","article_modified_time":"2023-11-28T16:15:13+00:00","og_image":[{"width":2560,"height":1707,"url":"https:\/\/alekeskus.eu\/wp-content\/uploads\/2021\/11\/530kasepuidust-k-nlaalus-k-naldega-ja-klaasidega-0-scaled.jpg","type":"image\/jpeg"}],"twitter_card":"summary_large_image","schema":{"@context":"https:\/\/schema.org","@graph":[{"@type":"WebPage","@id":"https:\/\/alekeskus.eu\/toode\/kasepuidust-kuunlaalus-kuunaldega-ja-klaasidega\/","url":"https:\/\/alekeskus.eu\/toode\/kasepuidust-kuunlaalus-kuunaldega-ja-klaasidega\/","name":"Kasepuidust k\u00fc\u00fcnlaalus k\u00fc\u00fcnaldega ja klaasidega - Alekeskus","isPartOf":{"@id":"https:\/\/alekeskus.eu\/#website"},"primaryImageOfPage":{"@id":"https:\/\/alekeskus.eu\/toode\/kasepuidust-kuunlaalus-kuunaldega-ja-klaasidega\/#primaryimage"},"image":{"@id":"https:\/\/alekeskus.eu\/toode\/kasepuidust-kuunlaalus-kuunaldega-ja-klaasidega\/#primaryimage"},"thumbnailUrl":"https:\/\/alekeskus.eu\/wp-content\/uploads\/2021\/11\/530kasepuidust-k-nlaalus-k-naldega-ja-klaasidega-0-scaled.jpg","datePublished":"2021-11-11T21:30:42+00:00","dateModified":"2023-11-28T16:15:13+00:00","description":"k\u00fc\u00fcnlaalus k\u00fc\u00fcnaldega","breadcrumb":{"@id":"https:\/\/alekeskus.eu\/toode\/kasepuidust-kuunlaalus-kuunaldega-ja-klaasidega\/#breadcrumb"},"inLanguage":"et","potentialAction":[{"@type":"ReadAction","target":["https:\/\/alekeskus.eu\/toode\/kasepuidust-kuunlaalus-kuunaldega-ja-klaasidega\/"]}]},{"@type":"ImageObject","inLanguage":"et","@id":"https:\/\/alekeskus.eu\/toode\/kasepuidust-kuunlaalus-kuunaldega-ja-klaasidega\/#primaryimage","url":"https:\/\/alekeskus.eu\/wp-content\/uploads\/2021\/11\/530kasepuidust-k-nlaalus-k-naldega-ja-klaasidega-0-scaled.jpg","contentUrl":"https:\/\/alekeskus.eu\/wp-content\/uploads\/2021\/11\/530kasepuidust-k-nlaalus-k-naldega-ja-klaasidega-0-scaled.jpg","width":1600,"height":1067},{"@type":"BreadcrumbList","@id":"https:\/\/alekeskus.eu\/toode\/kasepuidust-kuunlaalus-kuunaldega-ja-klaasidega\/#breadcrumb","itemListElement":[{"@type":"ListItem","position":1,"name":"Avaleht","item":"https:\/\/alekeskus.eu\/et\/"},{"@type":"ListItem","position":2,"name":"Pood","item":"https:\/\/alekeskus.eu\/pood\/"},{"@type":"ListItem","position":3,"name":"Kasepuidust k\u00fc\u00fcnlaalus k\u00fc\u00fcnaldega ja klaasidega"}]},{"@type":"WebSite","@id":"https:\/\/alekeskus.eu\/#website","url":"https:\/\/alekeskus.eu\/","name":"Alekeskus","description":"Alekeskus.eu","potentialAction":[{"@type":"SearchAction","target":{"@type":"EntryPoint","urlTemplate":"https:\/\/alekeskus.eu\/?s={search_term_string}"},"query-input":{"@type":"PropertyValueSpecification","valueRequired":true,"valueName":"search_term_string"}}],"inLanguage":"et"}]}},"brands":[],"_links":{"self":[{"href":"https:\/\/alekeskus.eu\/et\/wp-json\/wp\/v2\/product\/62289","targetHints":{"allow":["GET"]}}],"collection":[{"href":"https:\/\/alekeskus.eu\/et\/wp-json\/wp\/v2\/product"}],"about":[{"href":"https:\/\/alekeskus.eu\/et\/wp-json\/wp\/v2\/types\/product"}],"wp:featuredmedia":[{"embeddable":true,"href":"https:\/\/alekeskus.eu\/et\/wp-json\/wp\/v2\/media\/62281"}],"wp:attachment":[{"href":"https:\/\/alekeskus.eu\/et\/wp-json\/wp\/v2\/media?parent=62289"}],"wp:term":[{"taxonomy":"pwb-brand","embeddable":true,"href":"https:\/\/alekeskus.eu\/et\/wp-json\/wp\/v2\/pwb-brand?post=62289"},{"taxonomy":"product_brand","embeddable":true,"href":"https:\/\/alekeskus.eu\/et\/wp-json\/wp\/v2\/product_brand?post=62289"},{"taxonomy":"product_cat","embeddable":true,"href":"https:\/\/alekeskus.eu\/et\/wp-json\/wp\/v2\/product_cat?post=62289"},{"taxonomy":"product_tag","embeddable":true,"href":"https:\/\/alekeskus.eu\/et\/wp-json\/wp\/v2\/product_tag?post=62289"}],"curies":[{"name":"wp","href":"https:\/\/api.w.org\/{rel}","templated":true}]}}