{"id":62325,"date":"2021-11-11T21:30:54","date_gmt":"2021-11-11T21:30:54","guid":{"rendered":"http:\/\/alekeskus.eu\/product\/kodukontor-2\/"},"modified":"2022-02-06T16:19:12","modified_gmt":"2022-02-06T16:19:12","slug":"kodukontor-2","status":"publish","type":"product","link":"https:\/\/alekeskus.eu\/et\/toode\/kodukontor-2\/","title":{"rendered":"Kodukontor(kilp) 2"},"content":{"rendered":"<div>\n<div>\n<div id=\"pilt_2916\">Pindala:17 m2.\u00a0 Sisem\u00f5\u00f5dud:477&#215;351 cm, v\u00e4lism\u00f5\u00f5dud 486&#215;275 cm.<\/div>\n<\/div>\n<\/div>\n<div>Tootmises kasutatakse p\u00f5hjamaist, kuivatatud ja kvaliteedi p\u00f5hjal sorteeritud kuuse saematerjali. Toodete valmistamiseks vajalike profiilide h\u00f6\u00f6veldamine toimub tehases.<\/div>\n<p>Uste valmistamisel kasutatakse liimpuitu, mis hoiab maksimaalselt \u00e4ra nende v\u00f5imaliku v\u00e4\u00e4ndumise.<br \/>\nAvanevad aknad ning osa premium-klassi uksi tellitakse toodetele nende valmistamisele spetsialiseerunud ettev\u00f5tetelt \u2013 nii on parimal v\u00f5imalikul viisil tagatud nende k\u00f5rge kvaliteet.<\/p>\n<div>\u00a0Komplekti kuuluvad k\u00f5ik puuosad (k.a. uksed ja aknad, viimased on enamikul juhul juba paigaldatud seinaelementidesse), kinnitusvahendite komplekt ning \u00fcksikasjalik ja arusaadav koostejuhend.<\/div>\n<p>Valmiselementide raamide \u00fchendamisel kruvikoostega tekib tugev ja vastupidav raamkonstruktsioon, mis teenib oma peremeest h\u00e4sti pika aja v\u00e4ltel ka p\u00f5hjamaises kliimas.<br \/>\nEhitiste aluspuudeks kasutatakse minimaalselt 44&#215;94 mm ristl\u00f5ikega puitu.<\/p>\n<div><\/div>\n<div><\/div>\n<div><\/div>\n","protected":false},"excerpt":{"rendered":"<p>V\u00e4lism\u00f5\u00f5dud: <strong>477 x 351 cm.\u00a0<\/strong><\/p>\n<p><strong>Valmiskilpidest p\u00f5randa, seinte ja katusega esinduslik<\/strong>\u00a0valgusk\u00fcllane suvemaja v\u00f5i kontor ettev\u00f5ttesse.\u00a0Katusekate ei sisaldu hinnas.<\/p>\n<p>Plastikust ja pakettklaasiga avat\u00e4idetega + 1000\u20ac ning soojustatud (65mm katus-p\u00f5rand, sein 30mm) ja sisevoodriga +4000\u20ac.<\/p>\n<p>K\u00fcsi paigaldust! Eesti toode. Garantii 2 aastat.<\/p>\n","protected":false},"featured_media":62317,"template":"","meta":{"_monsterinsights_skip_tracking":false,"_monsterinsights_sitenote_active":false,"_monsterinsights_sitenote_note":"","_monsterinsights_sitenote_category":0},"pwb-brand":[],"product_brand":[],"product_cat":[13592,13540,13602,13608],"product_tag":[13816,13840,13841,13813,14310,13814,15276,13815],"class_list":{"0":"post-62325","1":"product","2":"type-product","3":"status-publish","4":"has-post-thumbnail","6":"product_cat-aia-ja-grillmajad","7":"product_cat-hooned-alekeskus","8":"product_cat-elementmajad","9":"product_cat-kontorid","10":"product_tag-peomaja","11":"product_tag-kontor","12":"product_tag-soojak","13":"product_tag-aiamaja","14":"product_tag-kodukontor","15":"product_tag-ouemaja","16":"product_tag-pihatoimisto","17":"product_tag-kuur","18":"product_shipping_class-alates-1000kg","19":"pa_garantii-2-aastat","20":"pa_kaalkg-13842","21":"pa_kohaletoimetamine-alates-180e","22":"pa_laoasukoht-vorumaa","23":"pa_pakendimoodud-360x120x112cm","24":"pa_pindalam-13843","25":"pa_tellimisaeg-tilausaika-alekeskus","26":"pa_veame-eesti-ja-soome","28":"first","29":"instock","30":"taxable","31":"shipping-taxable","32":"purchasable","33":"product-type-simple"},"yoast_head":"<!-- This site is optimized with the Yoast SEO plugin v27.3 - https:\/\/yoast.com\/product\/yoast-seo-wordpress\/ -->\n<title>Kodukontor(kilp) 2 - Alekeskus<\/title>\n<meta name=\"description\" content=\"Kodukontor 2\" \/>\n<meta name=\"robots\" content=\"index, follow, max-snippet:-1, max-image-preview:large, max-video-preview:-1\" \/>\n<link rel=\"canonical\" href=\"https:\/\/alekeskus.eu\/toode\/kodukontor-2\/\" \/>\n<meta property=\"og:locale\" content=\"et_EE\" \/>\n<meta property=\"og:type\" content=\"article\" \/>\n<meta property=\"og:title\" content=\"Kodukontor(kilp) 2 - Alekeskus\" \/>\n<meta property=\"og:description\" content=\"Kodukontor 2\" \/>\n<meta property=\"og:url\" content=\"https:\/\/alekeskus.eu\/toode\/kodukontor-2\/\" \/>\n<meta property=\"og:site_name\" content=\"Alekeskus\" \/>\n<meta property=\"article:modified_time\" content=\"2022-02-06T16:19:12+00:00\" \/>\n<meta property=\"og:image\" content=\"https:\/\/alekeskus.eu\/wp-content\/uploads\/2021\/11\/536kodukontor-2-0.jpg\" \/>\n\t<meta property=\"og:image:width\" content=\"1600\" \/>\n\t<meta property=\"og:image:height\" content=\"1067\" \/>\n\t<meta property=\"og:image:type\" content=\"image\/jpeg\" \/>\n<meta name=\"twitter:card\" content=\"summary_large_image\" \/>\n<meta name=\"twitter:label1\" content=\"Est. reading time\" \/>\n\t<meta name=\"twitter:data1\" content=\"1 minut\" \/>\n<script type=\"application\/ld+json\" class=\"yoast-schema-graph\">{\"@context\":\"https:\\\/\\\/schema.org\",\"@graph\":[{\"@type\":\"WebPage\",\"@id\":\"https:\\\/\\\/alekeskus.eu\\\/toode\\\/kodukontor-2\\\/\",\"url\":\"https:\\\/\\\/alekeskus.eu\\\/toode\\\/kodukontor-2\\\/\",\"name\":\"Kodukontor(kilp) 2 - Alekeskus\",\"isPartOf\":{\"@id\":\"https:\\\/\\\/alekeskus.eu\\\/#website\"},\"primaryImageOfPage\":{\"@id\":\"https:\\\/\\\/alekeskus.eu\\\/toode\\\/kodukontor-2\\\/#primaryimage\"},\"image\":{\"@id\":\"https:\\\/\\\/alekeskus.eu\\\/toode\\\/kodukontor-2\\\/#primaryimage\"},\"thumbnailUrl\":\"https:\\\/\\\/alekeskus.eu\\\/wp-content\\\/uploads\\\/2021\\\/11\\\/536kodukontor-2-0.jpg\",\"datePublished\":\"2021-11-11T21:30:54+00:00\",\"dateModified\":\"2022-02-06T16:19:12+00:00\",\"description\":\"Kodukontor 2\",\"breadcrumb\":{\"@id\":\"https:\\\/\\\/alekeskus.eu\\\/toode\\\/kodukontor-2\\\/#breadcrumb\"},\"inLanguage\":\"et\",\"potentialAction\":[{\"@type\":\"ReadAction\",\"target\":[\"https:\\\/\\\/alekeskus.eu\\\/toode\\\/kodukontor-2\\\/\"]}]},{\"@type\":\"ImageObject\",\"inLanguage\":\"et\",\"@id\":\"https:\\\/\\\/alekeskus.eu\\\/toode\\\/kodukontor-2\\\/#primaryimage\",\"url\":\"https:\\\/\\\/alekeskus.eu\\\/wp-content\\\/uploads\\\/2021\\\/11\\\/536kodukontor-2-0.jpg\",\"contentUrl\":\"https:\\\/\\\/alekeskus.eu\\\/wp-content\\\/uploads\\\/2021\\\/11\\\/536kodukontor-2-0.jpg\",\"width\":1600,\"height\":1067},{\"@type\":\"BreadcrumbList\",\"@id\":\"https:\\\/\\\/alekeskus.eu\\\/toode\\\/kodukontor-2\\\/#breadcrumb\",\"itemListElement\":[{\"@type\":\"ListItem\",\"position\":1,\"name\":\"Avaleht\",\"item\":\"https:\\\/\\\/alekeskus.eu\\\/et\\\/\"},{\"@type\":\"ListItem\",\"position\":2,\"name\":\"Pood\",\"item\":\"https:\\\/\\\/alekeskus.eu\\\/pood\\\/\"},{\"@type\":\"ListItem\",\"position\":3,\"name\":\"Kodukontor(kilp) 2\"}]},{\"@type\":\"WebSite\",\"@id\":\"https:\\\/\\\/alekeskus.eu\\\/#website\",\"url\":\"https:\\\/\\\/alekeskus.eu\\\/\",\"name\":\"Alekeskus\",\"description\":\"Alekeskus.eu\",\"potentialAction\":[{\"@type\":\"SearchAction\",\"target\":{\"@type\":\"EntryPoint\",\"urlTemplate\":\"https:\\\/\\\/alekeskus.eu\\\/?s={search_term_string}\"},\"query-input\":{\"@type\":\"PropertyValueSpecification\",\"valueRequired\":true,\"valueName\":\"search_term_string\"}}],\"inLanguage\":\"et\"}]}<\/script>\n<!-- \/ Yoast SEO plugin. -->","yoast_head_json":{"title":"Kodukontor(kilp) 2 - Alekeskus","description":"Kodukontor 2","robots":{"index":"index","follow":"follow","max-snippet":"max-snippet:-1","max-image-preview":"max-image-preview:large","max-video-preview":"max-video-preview:-1"},"canonical":"https:\/\/alekeskus.eu\/toode\/kodukontor-2\/","og_locale":"et_EE","og_type":"article","og_title":"Kodukontor(kilp) 2 - Alekeskus","og_description":"Kodukontor 2","og_url":"https:\/\/alekeskus.eu\/toode\/kodukontor-2\/","og_site_name":"Alekeskus","article_modified_time":"2022-02-06T16:19:12+00:00","og_image":[{"width":1600,"height":1067,"url":"https:\/\/alekeskus.eu\/wp-content\/uploads\/2021\/11\/536kodukontor-2-0.jpg","type":"image\/jpeg"}],"twitter_card":"summary_large_image","twitter_misc":{"Est. reading time":"1 minut"},"schema":{"@context":"https:\/\/schema.org","@graph":[{"@type":"WebPage","@id":"https:\/\/alekeskus.eu\/toode\/kodukontor-2\/","url":"https:\/\/alekeskus.eu\/toode\/kodukontor-2\/","name":"Kodukontor(kilp) 2 - Alekeskus","isPartOf":{"@id":"https:\/\/alekeskus.eu\/#website"},"primaryImageOfPage":{"@id":"https:\/\/alekeskus.eu\/toode\/kodukontor-2\/#primaryimage"},"image":{"@id":"https:\/\/alekeskus.eu\/toode\/kodukontor-2\/#primaryimage"},"thumbnailUrl":"https:\/\/alekeskus.eu\/wp-content\/uploads\/2021\/11\/536kodukontor-2-0.jpg","datePublished":"2021-11-11T21:30:54+00:00","dateModified":"2022-02-06T16:19:12+00:00","description":"Kodukontor 2","breadcrumb":{"@id":"https:\/\/alekeskus.eu\/toode\/kodukontor-2\/#breadcrumb"},"inLanguage":"et","potentialAction":[{"@type":"ReadAction","target":["https:\/\/alekeskus.eu\/toode\/kodukontor-2\/"]}]},{"@type":"ImageObject","inLanguage":"et","@id":"https:\/\/alekeskus.eu\/toode\/kodukontor-2\/#primaryimage","url":"https:\/\/alekeskus.eu\/wp-content\/uploads\/2021\/11\/536kodukontor-2-0.jpg","contentUrl":"https:\/\/alekeskus.eu\/wp-content\/uploads\/2021\/11\/536kodukontor-2-0.jpg","width":1600,"height":1067},{"@type":"BreadcrumbList","@id":"https:\/\/alekeskus.eu\/toode\/kodukontor-2\/#breadcrumb","itemListElement":[{"@type":"ListItem","position":1,"name":"Avaleht","item":"https:\/\/alekeskus.eu\/et\/"},{"@type":"ListItem","position":2,"name":"Pood","item":"https:\/\/alekeskus.eu\/pood\/"},{"@type":"ListItem","position":3,"name":"Kodukontor(kilp) 2"}]},{"@type":"WebSite","@id":"https:\/\/alekeskus.eu\/#website","url":"https:\/\/alekeskus.eu\/","name":"Alekeskus","description":"Alekeskus.eu","potentialAction":[{"@type":"SearchAction","target":{"@type":"EntryPoint","urlTemplate":"https:\/\/alekeskus.eu\/?s={search_term_string}"},"query-input":{"@type":"PropertyValueSpecification","valueRequired":true,"valueName":"search_term_string"}}],"inLanguage":"et"}]}},"brands":[],"_links":{"self":[{"href":"https:\/\/alekeskus.eu\/et\/wp-json\/wp\/v2\/product\/62325","targetHints":{"allow":["GET"]}}],"collection":[{"href":"https:\/\/alekeskus.eu\/et\/wp-json\/wp\/v2\/product"}],"about":[{"href":"https:\/\/alekeskus.eu\/et\/wp-json\/wp\/v2\/types\/product"}],"wp:featuredmedia":[{"embeddable":true,"href":"https:\/\/alekeskus.eu\/et\/wp-json\/wp\/v2\/media\/62317"}],"wp:attachment":[{"href":"https:\/\/alekeskus.eu\/et\/wp-json\/wp\/v2\/media?parent=62325"}],"wp:term":[{"taxonomy":"pwb-brand","embeddable":true,"href":"https:\/\/alekeskus.eu\/et\/wp-json\/wp\/v2\/pwb-brand?post=62325"},{"taxonomy":"product_brand","embeddable":true,"href":"https:\/\/alekeskus.eu\/et\/wp-json\/wp\/v2\/product_brand?post=62325"},{"taxonomy":"product_cat","embeddable":true,"href":"https:\/\/alekeskus.eu\/et\/wp-json\/wp\/v2\/product_cat?post=62325"},{"taxonomy":"product_tag","embeddable":true,"href":"https:\/\/alekeskus.eu\/et\/wp-json\/wp\/v2\/product_tag?post=62325"}],"curies":[{"name":"wp","href":"https:\/\/api.w.org\/{rel}","templated":true}]}}