{"id":62357,"date":"2022-11-11T21:31:10","date_gmt":"2022-11-11T21:31:10","guid":{"rendered":"http:\/\/alekeskus.eu\/product\/grillkoda-38-x-33-m-taisvarustuses\/"},"modified":"2023-01-31T07:39:05","modified_gmt":"2023-01-31T07:39:05","slug":"grillkoda-38-x-33-m-taisvarustuses","status":"publish","type":"product","link":"https:\/\/alekeskus.eu\/et\/toode\/grillkoda-38-x-33-m-taisvarustuses\/","title":{"rendered":"Grillkoda 3,8 x 3,3 m t\u00e4isvarustuses"},"content":{"rendered":"<p><strong>Telli lisaks:<\/strong><\/p>\n<p><strong>&#8211; k\u00e4rgkate paigaldus katuselementidele\u00a0<\/strong><\/p>\n","protected":false},"excerpt":{"rendered":"<p>Grillkoda v\u00f5imaldab veeta hubaseid toiduk\u00fcpsetamise hetki ja pidutseda ilmast olenemata. Mahutab 10 pidulist.<\/p>\n<p><strong>Hinnas K\u00d5IK: seinakilbid(10 palgi k\u00f5rgus), muud puitosad, OSB plaadist r\u00e4\u00e4stad, aknad(1 avanev), raamuks, grill suitsukogujaga teras 2 mm, kinnitusvahendid, k\u00e4rgkatusekate, p\u00f5rand ja koostejuhend.<\/strong> Pindala 9,2 m<sup>2<\/sup>.<\/p>\n<p><span style=\"text-decoration: underline;\">2 p\u00f5hjap\u00f5dranahka tasuta kaasa!<\/span><\/p>\n<p>Eesti toode.<\/p>\n<p>K\u00fcsi ka paigaldust!<\/p>\n","protected":false},"featured_media":62337,"template":"","meta":{"_monsterinsights_skip_tracking":false,"_monsterinsights_sitenote_active":false,"_monsterinsights_sitenote_note":"","_monsterinsights_sitenote_category":0},"pwb-brand":[],"product_brand":[],"product_cat":[17182,13538,13592,13540,13568,13602,13530],"product_tag":[13856,13858,13813,13866,13816,15356,13831,13833],"class_list":{"0":"post-62357","1":"product","2":"type-product","3":"status-publish","4":"has-post-thumbnail","6":"product_cat-suvekoogid-alekeskus","7":"product_cat-ale","8":"product_cat-aia-ja-grillmajad","9":"product_cat-hooned-alekeskus","10":"product_cat-grill-ja-tuli","11":"product_cat-elementmajad","12":"product_cat-aed-ja-kodu","13":"product_tag-grill","14":"product_tag-bbq","15":"product_tag-aiamaja","16":"product_tag-grillikota","17":"product_tag-peomaja","18":"product_tag-grillkoda","19":"product_tag-mokki","20":"product_tag-pihamaja","21":"product_shipping_class-alates-1000kg","22":"pa_garantii-2-aastat","23":"pa_kaalkg-1188-kg","24":"pa_laoasukoht-vorumaa","25":"pa_pakendimoodud-238x120x242cm","26":"pa_pindalam-13860","27":"pa_tellimisaeg-tilausaika-alekeskus","28":"pa_varv-viimistlemata","29":"pa_veame-eesti-ja-soome","31":"first","32":"instock","33":"sale","34":"taxable","35":"shipping-taxable","36":"purchasable","37":"product-type-simple"},"yoast_head":"<!-- This site is optimized with the Yoast SEO plugin v27.3 - https:\/\/yoast.com\/product\/yoast-seo-wordpress\/ -->\n<title>Grillkoda 3,8 x 3,3 m t\u00e4isvarustuses - Alekeskus<\/title>\n<meta name=\"description\" content=\"grillkoda\" \/>\n<meta name=\"robots\" content=\"index, follow, max-snippet:-1, max-image-preview:large, max-video-preview:-1\" \/>\n<link rel=\"canonical\" href=\"https:\/\/alekeskus.eu\/toode\/grillkoda-38-x-33-m-taisvarustuses\/\" \/>\n<meta property=\"og:locale\" content=\"et_EE\" \/>\n<meta property=\"og:type\" content=\"article\" \/>\n<meta property=\"og:title\" content=\"Grillkoda 3,8 x 3,3 m t\u00e4isvarustuses - Alekeskus\" \/>\n<meta property=\"og:description\" content=\"grillkoda\" \/>\n<meta property=\"og:url\" content=\"https:\/\/alekeskus.eu\/toode\/grillkoda-38-x-33-m-taisvarustuses\/\" \/>\n<meta property=\"og:site_name\" content=\"Alekeskus\" \/>\n<meta property=\"article:modified_time\" content=\"2023-01-31T07:39:05+00:00\" \/>\n<meta property=\"og:image\" content=\"https:\/\/alekeskus.eu\/wp-content\/uploads\/2021\/11\/563grillkoda-3-8-x-3-3-m-t-isvarustuses-0-1-scaled.jpg\" \/>\n\t<meta property=\"og:image:width\" content=\"1920\" \/>\n\t<meta property=\"og:image:height\" content=\"2560\" \/>\n\t<meta property=\"og:image:type\" content=\"image\/jpeg\" \/>\n<meta name=\"twitter:card\" content=\"summary_large_image\" \/>\n<meta name=\"twitter:label1\" content=\"Est. reading time\" \/>\n\t<meta name=\"twitter:data1\" content=\"1 minut\" \/>\n<script type=\"application\/ld+json\" class=\"yoast-schema-graph\">{\"@context\":\"https:\\\/\\\/schema.org\",\"@graph\":[{\"@type\":\"WebPage\",\"@id\":\"https:\\\/\\\/alekeskus.eu\\\/toode\\\/grillkoda-38-x-33-m-taisvarustuses\\\/\",\"url\":\"https:\\\/\\\/alekeskus.eu\\\/toode\\\/grillkoda-38-x-33-m-taisvarustuses\\\/\",\"name\":\"Grillkoda 3,8 x 3,3 m t\u00e4isvarustuses - Alekeskus\",\"isPartOf\":{\"@id\":\"https:\\\/\\\/alekeskus.eu\\\/#website\"},\"primaryImageOfPage\":{\"@id\":\"https:\\\/\\\/alekeskus.eu\\\/toode\\\/grillkoda-38-x-33-m-taisvarustuses\\\/#primaryimage\"},\"image\":{\"@id\":\"https:\\\/\\\/alekeskus.eu\\\/toode\\\/grillkoda-38-x-33-m-taisvarustuses\\\/#primaryimage\"},\"thumbnailUrl\":\"https:\\\/\\\/alekeskus.eu\\\/wp-content\\\/uploads\\\/2021\\\/11\\\/563grillkoda-3-8-x-3-3-m-t-isvarustuses-0-1-scaled.jpg\",\"datePublished\":\"2022-11-11T21:31:10+00:00\",\"dateModified\":\"2023-01-31T07:39:05+00:00\",\"description\":\"grillkoda\",\"breadcrumb\":{\"@id\":\"https:\\\/\\\/alekeskus.eu\\\/toode\\\/grillkoda-38-x-33-m-taisvarustuses\\\/#breadcrumb\"},\"inLanguage\":\"et\",\"potentialAction\":[{\"@type\":\"ReadAction\",\"target\":[\"https:\\\/\\\/alekeskus.eu\\\/toode\\\/grillkoda-38-x-33-m-taisvarustuses\\\/\"]}]},{\"@type\":\"ImageObject\",\"inLanguage\":\"et\",\"@id\":\"https:\\\/\\\/alekeskus.eu\\\/toode\\\/grillkoda-38-x-33-m-taisvarustuses\\\/#primaryimage\",\"url\":\"https:\\\/\\\/alekeskus.eu\\\/wp-content\\\/uploads\\\/2021\\\/11\\\/563grillkoda-3-8-x-3-3-m-t-isvarustuses-0-1-scaled.jpg\",\"contentUrl\":\"https:\\\/\\\/alekeskus.eu\\\/wp-content\\\/uploads\\\/2021\\\/11\\\/563grillkoda-3-8-x-3-3-m-t-isvarustuses-0-1-scaled.jpg\",\"width\":1200,\"height\":1600},{\"@type\":\"BreadcrumbList\",\"@id\":\"https:\\\/\\\/alekeskus.eu\\\/toode\\\/grillkoda-38-x-33-m-taisvarustuses\\\/#breadcrumb\",\"itemListElement\":[{\"@type\":\"ListItem\",\"position\":1,\"name\":\"Avaleht\",\"item\":\"https:\\\/\\\/alekeskus.eu\\\/et\\\/\"},{\"@type\":\"ListItem\",\"position\":2,\"name\":\"Pood\",\"item\":\"https:\\\/\\\/alekeskus.eu\\\/pood\\\/\"},{\"@type\":\"ListItem\",\"position\":3,\"name\":\"Grillkoda 3,8 x 3,3 m t\u00e4isvarustuses\"}]},{\"@type\":\"WebSite\",\"@id\":\"https:\\\/\\\/alekeskus.eu\\\/#website\",\"url\":\"https:\\\/\\\/alekeskus.eu\\\/\",\"name\":\"Alekeskus\",\"description\":\"Alekeskus.eu\",\"potentialAction\":[{\"@type\":\"SearchAction\",\"target\":{\"@type\":\"EntryPoint\",\"urlTemplate\":\"https:\\\/\\\/alekeskus.eu\\\/?s={search_term_string}\"},\"query-input\":{\"@type\":\"PropertyValueSpecification\",\"valueRequired\":true,\"valueName\":\"search_term_string\"}}],\"inLanguage\":\"et\"}]}<\/script>\n<!-- \/ Yoast SEO plugin. -->","yoast_head_json":{"title":"Grillkoda 3,8 x 3,3 m t\u00e4isvarustuses - Alekeskus","description":"grillkoda","robots":{"index":"index","follow":"follow","max-snippet":"max-snippet:-1","max-image-preview":"max-image-preview:large","max-video-preview":"max-video-preview:-1"},"canonical":"https:\/\/alekeskus.eu\/toode\/grillkoda-38-x-33-m-taisvarustuses\/","og_locale":"et_EE","og_type":"article","og_title":"Grillkoda 3,8 x 3,3 m t\u00e4isvarustuses - Alekeskus","og_description":"grillkoda","og_url":"https:\/\/alekeskus.eu\/toode\/grillkoda-38-x-33-m-taisvarustuses\/","og_site_name":"Alekeskus","article_modified_time":"2023-01-31T07:39:05+00:00","og_image":[{"width":1920,"height":2560,"url":"https:\/\/alekeskus.eu\/wp-content\/uploads\/2021\/11\/563grillkoda-3-8-x-3-3-m-t-isvarustuses-0-1-scaled.jpg","type":"image\/jpeg"}],"twitter_card":"summary_large_image","twitter_misc":{"Est. reading time":"1 minut"},"schema":{"@context":"https:\/\/schema.org","@graph":[{"@type":"WebPage","@id":"https:\/\/alekeskus.eu\/toode\/grillkoda-38-x-33-m-taisvarustuses\/","url":"https:\/\/alekeskus.eu\/toode\/grillkoda-38-x-33-m-taisvarustuses\/","name":"Grillkoda 3,8 x 3,3 m t\u00e4isvarustuses - Alekeskus","isPartOf":{"@id":"https:\/\/alekeskus.eu\/#website"},"primaryImageOfPage":{"@id":"https:\/\/alekeskus.eu\/toode\/grillkoda-38-x-33-m-taisvarustuses\/#primaryimage"},"image":{"@id":"https:\/\/alekeskus.eu\/toode\/grillkoda-38-x-33-m-taisvarustuses\/#primaryimage"},"thumbnailUrl":"https:\/\/alekeskus.eu\/wp-content\/uploads\/2021\/11\/563grillkoda-3-8-x-3-3-m-t-isvarustuses-0-1-scaled.jpg","datePublished":"2022-11-11T21:31:10+00:00","dateModified":"2023-01-31T07:39:05+00:00","description":"grillkoda","breadcrumb":{"@id":"https:\/\/alekeskus.eu\/toode\/grillkoda-38-x-33-m-taisvarustuses\/#breadcrumb"},"inLanguage":"et","potentialAction":[{"@type":"ReadAction","target":["https:\/\/alekeskus.eu\/toode\/grillkoda-38-x-33-m-taisvarustuses\/"]}]},{"@type":"ImageObject","inLanguage":"et","@id":"https:\/\/alekeskus.eu\/toode\/grillkoda-38-x-33-m-taisvarustuses\/#primaryimage","url":"https:\/\/alekeskus.eu\/wp-content\/uploads\/2021\/11\/563grillkoda-3-8-x-3-3-m-t-isvarustuses-0-1-scaled.jpg","contentUrl":"https:\/\/alekeskus.eu\/wp-content\/uploads\/2021\/11\/563grillkoda-3-8-x-3-3-m-t-isvarustuses-0-1-scaled.jpg","width":1200,"height":1600},{"@type":"BreadcrumbList","@id":"https:\/\/alekeskus.eu\/toode\/grillkoda-38-x-33-m-taisvarustuses\/#breadcrumb","itemListElement":[{"@type":"ListItem","position":1,"name":"Avaleht","item":"https:\/\/alekeskus.eu\/et\/"},{"@type":"ListItem","position":2,"name":"Pood","item":"https:\/\/alekeskus.eu\/pood\/"},{"@type":"ListItem","position":3,"name":"Grillkoda 3,8 x 3,3 m t\u00e4isvarustuses"}]},{"@type":"WebSite","@id":"https:\/\/alekeskus.eu\/#website","url":"https:\/\/alekeskus.eu\/","name":"Alekeskus","description":"Alekeskus.eu","potentialAction":[{"@type":"SearchAction","target":{"@type":"EntryPoint","urlTemplate":"https:\/\/alekeskus.eu\/?s={search_term_string}"},"query-input":{"@type":"PropertyValueSpecification","valueRequired":true,"valueName":"search_term_string"}}],"inLanguage":"et"}]}},"brands":[],"_links":{"self":[{"href":"https:\/\/alekeskus.eu\/et\/wp-json\/wp\/v2\/product\/62357","targetHints":{"allow":["GET"]}}],"collection":[{"href":"https:\/\/alekeskus.eu\/et\/wp-json\/wp\/v2\/product"}],"about":[{"href":"https:\/\/alekeskus.eu\/et\/wp-json\/wp\/v2\/types\/product"}],"wp:featuredmedia":[{"embeddable":true,"href":"https:\/\/alekeskus.eu\/et\/wp-json\/wp\/v2\/media\/62337"}],"wp:attachment":[{"href":"https:\/\/alekeskus.eu\/et\/wp-json\/wp\/v2\/media?parent=62357"}],"wp:term":[{"taxonomy":"pwb-brand","embeddable":true,"href":"https:\/\/alekeskus.eu\/et\/wp-json\/wp\/v2\/pwb-brand?post=62357"},{"taxonomy":"product_brand","embeddable":true,"href":"https:\/\/alekeskus.eu\/et\/wp-json\/wp\/v2\/product_brand?post=62357"},{"taxonomy":"product_cat","embeddable":true,"href":"https:\/\/alekeskus.eu\/et\/wp-json\/wp\/v2\/product_cat?post=62357"},{"taxonomy":"product_tag","embeddable":true,"href":"https:\/\/alekeskus.eu\/et\/wp-json\/wp\/v2\/product_tag?post=62357"}],"curies":[{"name":"wp","href":"https:\/\/api.w.org\/{rel}","templated":true}]}}