{"id":62401,"date":"2023-11-11T21:31:33","date_gmt":"2023-11-11T21:31:33","guid":{"rendered":"http:\/\/alekeskus.eu\/product\/aiamaja-airi10-2-alumiiniumliuguksega\/"},"modified":"2026-01-10T14:22:35","modified_gmt":"2026-01-10T14:22:35","slug":"aiamaja-airi10-2-alumiiniumliuguksega","status":"publish","type":"product","link":"https:\/\/alekeskus.eu\/et\/toode\/aiamaja-airi10-2-alumiiniumliuguksega\/","title":{"rendered":"Aiamaja-kodukontor Airi10 2 alumiiniumliuguksega"},"content":{"rendered":"<div>\n<div id=\"pilt_3129\">\n<div>\n<div id=\"pilt_3021\"><\/div>\n<\/div>\n<div><\/div>\n<\/div>\n<\/div>\n<div>\n<div class=\"gal-text\"><\/div>\n<div class=\"gal-text\"><\/div>\n<\/div>\n","protected":false},"excerpt":{"rendered":"<p>V\u00e4lism\u00f5\u00f5dud: <strong>3,6 x 2,7 cm.\u00a0<\/strong><\/p>\n<p><strong>Valmiskilpidest p\u00f5randa, seinte ja katusega\u00a0<\/strong>ning <strong>2 ilmastikukindla<\/strong>\u00a0<strong>lukustatava alumiiniumist liuguksega karastatud klaasidega (<\/strong>229&#215;185 cm, 171&#215;185 cm) valgusk\u00fcllane suvemaja.<\/p>\n<div>\n<div class=\"gal-text\">Katusekate ei sisaldu hinnas.<\/div>\n<\/div>\n<p>Garantii 2 aastat.<\/p>\n<p>K\u00fcsi ka paigaldust! Vajadusel kaasa joonised ehitusloa taotlemiseks.<\/p>\n","protected":false},"featured_media":62389,"template":"","meta":{"_monsterinsights_skip_tracking":false,"_monsterinsights_sitenote_active":false,"_monsterinsights_sitenote_note":"","_monsterinsights_sitenote_category":0},"pwb-brand":[],"product_brand":[],"product_cat":[17182,13592,13540,13596,13600,13602,13608],"product_tag":[13834,13840,17298,13846,13898,13899,13900,13813,15276],"class_list":{"0":"post-62401","1":"product","2":"type-product","3":"status-publish","4":"has-post-thumbnail","6":"product_cat-suvekoogid-alekeskus","7":"product_cat-aia-ja-grillmajad","8":"product_cat-hooned-alekeskus","9":"product_cat-varjualused-talveaiad-alekeskus","10":"product_cat-kuurid-aidad-kioskid","11":"product_cat-elementmajad","12":"product_cat-kontorid","13":"product_tag-toimisto","14":"product_tag-kontor","15":"product_tag-alumiiniliukuovi","16":"product_tag-office","17":"product_tag-airi","18":"product_tag-garden-house","19":"product_tag-liuguksed","20":"product_tag-aiamaja","21":"product_tag-pihatoimisto","22":"product_shipping_class-alates-1000kg","23":"pa_garantii-2-aastat","24":"pa_kaalkg-13902","25":"pa_laoasukoht-vorumaa","26":"pa_pakendimoodud-480x120x105-cm","27":"pa_pindalam-13903","28":"pa_tellimisaeg-tilausaika-alekeskus","29":"pa_varv-viimistlemata","30":"pa_veame-eesti-ja-soome","32":"first","33":"instock","34":"taxable","35":"shipping-taxable","36":"purchasable","37":"product-type-simple"},"yoast_head":"<!-- This site is optimized with the Yoast SEO plugin v27.3 - https:\/\/yoast.com\/product\/yoast-seo-wordpress\/ -->\n<title>Aiamaja-kodukontor Airi10 2 alumiiniumliuguksega - Alekeskus<\/title>\n<meta name=\"description\" content=\"Kodukontor Airi 10 alumiiniumliugustega\" \/>\n<meta name=\"robots\" content=\"index, follow, max-snippet:-1, max-image-preview:large, max-video-preview:-1\" \/>\n<link rel=\"canonical\" href=\"https:\/\/alekeskus.eu\/et\/toode\/aiamaja-airi10-2-alumiiniumliuguksega\/\" \/>\n<meta property=\"og:locale\" content=\"et_EE\" \/>\n<meta property=\"og:type\" content=\"article\" \/>\n<meta property=\"og:title\" content=\"Aiamaja-kodukontor Airi10 2 alumiiniumliuguksega - Alekeskus\" \/>\n<meta property=\"og:description\" content=\"Kodukontor Airi 10 alumiiniumliugustega\" \/>\n<meta property=\"og:url\" content=\"https:\/\/alekeskus.eu\/et\/toode\/aiamaja-airi10-2-alumiiniumliuguksega\/\" \/>\n<meta property=\"og:site_name\" content=\"Alekeskus\" \/>\n<meta property=\"article:modified_time\" content=\"2026-01-10T14:22:35+00:00\" \/>\n<meta property=\"og:image\" content=\"https:\/\/alekeskus.eu\/wp-content\/uploads\/2021\/11\/644aiamaja-airi10-2-alumiiniumliuguksega-0.jpg\" \/>\n\t<meta property=\"og:image:width\" content=\"900\" \/>\n\t<meta property=\"og:image:height\" content=\"600\" \/>\n\t<meta property=\"og:image:type\" content=\"image\/jpeg\" \/>\n<meta name=\"twitter:card\" content=\"summary_large_image\" \/>\n<meta name=\"twitter:label1\" content=\"Est. reading time\" \/>\n\t<meta name=\"twitter:data1\" content=\"1 minut\" \/>\n<script type=\"application\/ld+json\" class=\"yoast-schema-graph\">{\"@context\":\"https:\\\/\\\/schema.org\",\"@graph\":[{\"@type\":\"WebPage\",\"@id\":\"https:\\\/\\\/alekeskus.eu\\\/et\\\/toode\\\/aiamaja-airi10-2-alumiiniumliuguksega\\\/\",\"url\":\"https:\\\/\\\/alekeskus.eu\\\/et\\\/toode\\\/aiamaja-airi10-2-alumiiniumliuguksega\\\/\",\"name\":\"Aiamaja-kodukontor Airi10 2 alumiiniumliuguksega - Alekeskus\",\"isPartOf\":{\"@id\":\"https:\\\/\\\/alekeskus.eu\\\/#website\"},\"primaryImageOfPage\":{\"@id\":\"https:\\\/\\\/alekeskus.eu\\\/et\\\/toode\\\/aiamaja-airi10-2-alumiiniumliuguksega\\\/#primaryimage\"},\"image\":{\"@id\":\"https:\\\/\\\/alekeskus.eu\\\/et\\\/toode\\\/aiamaja-airi10-2-alumiiniumliuguksega\\\/#primaryimage\"},\"thumbnailUrl\":\"https:\\\/\\\/alekeskus.eu\\\/wp-content\\\/uploads\\\/2021\\\/11\\\/644aiamaja-airi10-2-alumiiniumliuguksega-0.jpg\",\"datePublished\":\"2023-11-11T21:31:33+00:00\",\"dateModified\":\"2026-01-10T14:22:35+00:00\",\"description\":\"Kodukontor Airi 10 alumiiniumliugustega\",\"breadcrumb\":{\"@id\":\"https:\\\/\\\/alekeskus.eu\\\/et\\\/toode\\\/aiamaja-airi10-2-alumiiniumliuguksega\\\/#breadcrumb\"},\"inLanguage\":\"et\",\"potentialAction\":[{\"@type\":\"ReadAction\",\"target\":[\"https:\\\/\\\/alekeskus.eu\\\/et\\\/toode\\\/aiamaja-airi10-2-alumiiniumliuguksega\\\/\"]}]},{\"@type\":\"ImageObject\",\"inLanguage\":\"et\",\"@id\":\"https:\\\/\\\/alekeskus.eu\\\/et\\\/toode\\\/aiamaja-airi10-2-alumiiniumliuguksega\\\/#primaryimage\",\"url\":\"https:\\\/\\\/alekeskus.eu\\\/wp-content\\\/uploads\\\/2021\\\/11\\\/644aiamaja-airi10-2-alumiiniumliuguksega-0.jpg\",\"contentUrl\":\"https:\\\/\\\/alekeskus.eu\\\/wp-content\\\/uploads\\\/2021\\\/11\\\/644aiamaja-airi10-2-alumiiniumliuguksega-0.jpg\",\"width\":900,\"height\":600},{\"@type\":\"BreadcrumbList\",\"@id\":\"https:\\\/\\\/alekeskus.eu\\\/et\\\/toode\\\/aiamaja-airi10-2-alumiiniumliuguksega\\\/#breadcrumb\",\"itemListElement\":[{\"@type\":\"ListItem\",\"position\":1,\"name\":\"Avaleht\",\"item\":\"https:\\\/\\\/alekeskus.eu\\\/et\\\/\"},{\"@type\":\"ListItem\",\"position\":2,\"name\":\"Pood\",\"item\":\"https:\\\/\\\/alekeskus.eu\\\/pood\\\/\"},{\"@type\":\"ListItem\",\"position\":3,\"name\":\"Aiamaja-kodukontor Airi10 2 alumiiniumliuguksega\"}]},{\"@type\":\"WebSite\",\"@id\":\"https:\\\/\\\/alekeskus.eu\\\/#website\",\"url\":\"https:\\\/\\\/alekeskus.eu\\\/\",\"name\":\"Alekeskus\",\"description\":\"Alekeskus.eu\",\"potentialAction\":[{\"@type\":\"SearchAction\",\"target\":{\"@type\":\"EntryPoint\",\"urlTemplate\":\"https:\\\/\\\/alekeskus.eu\\\/?s={search_term_string}\"},\"query-input\":{\"@type\":\"PropertyValueSpecification\",\"valueRequired\":true,\"valueName\":\"search_term_string\"}}],\"inLanguage\":\"et\"}]}<\/script>\n<!-- \/ Yoast SEO plugin. -->","yoast_head_json":{"title":"Aiamaja-kodukontor Airi10 2 alumiiniumliuguksega - Alekeskus","description":"Kodukontor Airi 10 alumiiniumliugustega","robots":{"index":"index","follow":"follow","max-snippet":"max-snippet:-1","max-image-preview":"max-image-preview:large","max-video-preview":"max-video-preview:-1"},"canonical":"https:\/\/alekeskus.eu\/et\/toode\/aiamaja-airi10-2-alumiiniumliuguksega\/","og_locale":"et_EE","og_type":"article","og_title":"Aiamaja-kodukontor Airi10 2 alumiiniumliuguksega - Alekeskus","og_description":"Kodukontor Airi 10 alumiiniumliugustega","og_url":"https:\/\/alekeskus.eu\/et\/toode\/aiamaja-airi10-2-alumiiniumliuguksega\/","og_site_name":"Alekeskus","article_modified_time":"2026-01-10T14:22:35+00:00","og_image":[{"width":900,"height":600,"url":"https:\/\/alekeskus.eu\/wp-content\/uploads\/2021\/11\/644aiamaja-airi10-2-alumiiniumliuguksega-0.jpg","type":"image\/jpeg"}],"twitter_card":"summary_large_image","twitter_misc":{"Est. reading time":"1 minut"},"schema":{"@context":"https:\/\/schema.org","@graph":[{"@type":"WebPage","@id":"https:\/\/alekeskus.eu\/et\/toode\/aiamaja-airi10-2-alumiiniumliuguksega\/","url":"https:\/\/alekeskus.eu\/et\/toode\/aiamaja-airi10-2-alumiiniumliuguksega\/","name":"Aiamaja-kodukontor Airi10 2 alumiiniumliuguksega - Alekeskus","isPartOf":{"@id":"https:\/\/alekeskus.eu\/#website"},"primaryImageOfPage":{"@id":"https:\/\/alekeskus.eu\/et\/toode\/aiamaja-airi10-2-alumiiniumliuguksega\/#primaryimage"},"image":{"@id":"https:\/\/alekeskus.eu\/et\/toode\/aiamaja-airi10-2-alumiiniumliuguksega\/#primaryimage"},"thumbnailUrl":"https:\/\/alekeskus.eu\/wp-content\/uploads\/2021\/11\/644aiamaja-airi10-2-alumiiniumliuguksega-0.jpg","datePublished":"2023-11-11T21:31:33+00:00","dateModified":"2026-01-10T14:22:35+00:00","description":"Kodukontor Airi 10 alumiiniumliugustega","breadcrumb":{"@id":"https:\/\/alekeskus.eu\/et\/toode\/aiamaja-airi10-2-alumiiniumliuguksega\/#breadcrumb"},"inLanguage":"et","potentialAction":[{"@type":"ReadAction","target":["https:\/\/alekeskus.eu\/et\/toode\/aiamaja-airi10-2-alumiiniumliuguksega\/"]}]},{"@type":"ImageObject","inLanguage":"et","@id":"https:\/\/alekeskus.eu\/et\/toode\/aiamaja-airi10-2-alumiiniumliuguksega\/#primaryimage","url":"https:\/\/alekeskus.eu\/wp-content\/uploads\/2021\/11\/644aiamaja-airi10-2-alumiiniumliuguksega-0.jpg","contentUrl":"https:\/\/alekeskus.eu\/wp-content\/uploads\/2021\/11\/644aiamaja-airi10-2-alumiiniumliuguksega-0.jpg","width":900,"height":600},{"@type":"BreadcrumbList","@id":"https:\/\/alekeskus.eu\/et\/toode\/aiamaja-airi10-2-alumiiniumliuguksega\/#breadcrumb","itemListElement":[{"@type":"ListItem","position":1,"name":"Avaleht","item":"https:\/\/alekeskus.eu\/et\/"},{"@type":"ListItem","position":2,"name":"Pood","item":"https:\/\/alekeskus.eu\/pood\/"},{"@type":"ListItem","position":3,"name":"Aiamaja-kodukontor Airi10 2 alumiiniumliuguksega"}]},{"@type":"WebSite","@id":"https:\/\/alekeskus.eu\/#website","url":"https:\/\/alekeskus.eu\/","name":"Alekeskus","description":"Alekeskus.eu","potentialAction":[{"@type":"SearchAction","target":{"@type":"EntryPoint","urlTemplate":"https:\/\/alekeskus.eu\/?s={search_term_string}"},"query-input":{"@type":"PropertyValueSpecification","valueRequired":true,"valueName":"search_term_string"}}],"inLanguage":"et"}]}},"brands":[],"_links":{"self":[{"href":"https:\/\/alekeskus.eu\/et\/wp-json\/wp\/v2\/product\/62401","targetHints":{"allow":["GET"]}}],"collection":[{"href":"https:\/\/alekeskus.eu\/et\/wp-json\/wp\/v2\/product"}],"about":[{"href":"https:\/\/alekeskus.eu\/et\/wp-json\/wp\/v2\/types\/product"}],"wp:featuredmedia":[{"embeddable":true,"href":"https:\/\/alekeskus.eu\/et\/wp-json\/wp\/v2\/media\/62389"}],"wp:attachment":[{"href":"https:\/\/alekeskus.eu\/et\/wp-json\/wp\/v2\/media?parent=62401"}],"wp:term":[{"taxonomy":"pwb-brand","embeddable":true,"href":"https:\/\/alekeskus.eu\/et\/wp-json\/wp\/v2\/pwb-brand?post=62401"},{"taxonomy":"product_brand","embeddable":true,"href":"https:\/\/alekeskus.eu\/et\/wp-json\/wp\/v2\/product_brand?post=62401"},{"taxonomy":"product_cat","embeddable":true,"href":"https:\/\/alekeskus.eu\/et\/wp-json\/wp\/v2\/product_cat?post=62401"},{"taxonomy":"product_tag","embeddable":true,"href":"https:\/\/alekeskus.eu\/et\/wp-json\/wp\/v2\/product_tag?post=62401"}],"curies":[{"name":"wp","href":"https:\/\/api.w.org\/{rel}","templated":true}]}}