{"id":62439,"date":"2022-10-11T21:31:43","date_gmt":"2022-10-11T21:31:43","guid":{"rendered":"http:\/\/alekeskus.eu\/product\/kiosk-lux-a-66m%c2%b2-2-letiga\/"},"modified":"2022-11-21T18:38:48","modified_gmt":"2022-11-21T18:38:48","slug":"kiosk-lux-a-6m%c2%b2-2-letiga","status":"publish","type":"product","link":"https:\/\/alekeskus.eu\/et\/toode\/kiosk-lux-a-6m%c2%b2-2-letiga\/","title":{"rendered":"Kiosk Lux A 6,0 m\u00b2 2 letiga"},"content":{"rendered":"<div><\/div>\n<div>\n<div class=\"gal-text\">Pakend: 276 x 118 x 97 cm, kaal 380kg<\/div>\n<\/div>\n<div><\/div>\n","protected":false},"excerpt":{"rendered":"<p>V\u00e4lism\u00f5\u00f5dud: <strong>274 x 241 cm<\/strong>.<\/p>\n<p>P\u00f5randa pindala 6,0 m\u00b2.<\/p>\n<p><strong>2 aknaluugi alaosad avanevad lettideks, \u00fclemised osad j\u00e4\u00e4vad p\u00e4ikesevarjudeks. Harja k\u00f5rgus 244 cm, seina k\u00f5rgus 229 cm.<\/strong><\/p>\n<p><strong>Seinad ja lagi tehases koostatud kilpidest 19 mm lauaga. P\u00f5randalaudad 19 mm, p\u00f5randatalad 44 x 44 mm ja katusetalad 44 x 44 mm kaasas. Uks liimpuidust lengiga ja lukuga. \u00dclemine aknav\u00f6\u00f6 koostatud. Katuse kalle 1.2 \u00b0.<\/strong><\/p>\n<p>Tehase garantii 2 aastat. Eesti toode.<\/p>\n<p>K\u00fcsi ka paigaldust!<\/p>\n","protected":false},"featured_media":62433,"template":"","meta":{"_monsterinsights_skip_tracking":false,"_monsterinsights_sitenote_active":false,"_monsterinsights_sitenote_note":"","_monsterinsights_sitenote_category":0},"pwb-brand":[],"product_brand":[],"product_cat":[13540,13600,13602],"product_tag":[13924,13925,13926,13927,13928,13914,13929,13915,13930,13916,13917,13918],"class_list":{"0":"post-62439","1":"product","2":"type-product","3":"status-publish","4":"has-post-thumbnail","6":"product_cat-hooned-alekeskus","7":"product_cat-kuurid-aidad-kioskid","8":"product_cat-elementmajad","9":"product_tag-muugikoht","10":"product_tag-turg","11":"product_tag-putka","12":"product_tag-market","13":"product_tag-place","14":"product_tag-kiosk","15":"product_tag-myynti","16":"product_tag-lux","17":"product_tag-piste","18":"product_tag-olut","19":"product_tag-tori","20":"product_tag-markkina","21":"product_shipping_class-kuni-1000kg","22":"pa_garantii-2-aastat","23":"pa_kaalkg-380-kg","24":"pa_kohaletoimetamine-65e-mandril-hiiu-ja-saaremaale-100e-soome-alates-149e","25":"pa_laoasukoht-vorumaa","26":"pa_pindalam-15393","27":"pa_tellimisaeg-tilausaika-alekeskus","28":"pa_varv-viimistlemata","29":"pa_veame-eesti-ja-soome","31":"first","32":"instock","33":"taxable","34":"shipping-taxable","35":"purchasable","36":"product-type-simple"},"yoast_head":"<!-- This site is optimized with the Yoast SEO plugin v27.3 - https:\/\/yoast.com\/product\/yoast-seo-wordpress\/ -->\n<title>Kiosk Lux A 6,0 m\u00b2 2 letiga - Alekeskus<\/title>\n<meta name=\"description\" content=\"puidust turukiosk\" \/>\n<meta name=\"robots\" content=\"index, follow, max-snippet:-1, max-image-preview:large, max-video-preview:-1\" \/>\n<link rel=\"canonical\" href=\"https:\/\/alekeskus.eu\/toode\/kiosk-lux-a-6m\u00b2-2-letiga\/\" \/>\n<meta property=\"og:locale\" content=\"et_EE\" \/>\n<meta property=\"og:type\" content=\"article\" \/>\n<meta property=\"og:title\" content=\"Kiosk Lux A 6,0 m\u00b2 2 letiga - Alekeskus\" \/>\n<meta property=\"og:description\" content=\"puidust turukiosk\" \/>\n<meta property=\"og:url\" content=\"https:\/\/alekeskus.eu\/toode\/kiosk-lux-a-6m\u00b2-2-letiga\/\" \/>\n<meta property=\"og:site_name\" content=\"Alekeskus\" \/>\n<meta property=\"article:modified_time\" content=\"2022-11-21T18:38:48+00:00\" \/>\n<meta property=\"og:image\" content=\"https:\/\/alekeskus.eu\/wp-content\/uploads\/2021\/11\/661kiosk-lux-a-6-6m-2-letiga-0.jpg\" \/>\n\t<meta property=\"og:image:width\" content=\"400\" \/>\n\t<meta property=\"og:image:height\" content=\"266\" \/>\n\t<meta property=\"og:image:type\" content=\"image\/jpeg\" \/>\n<meta name=\"twitter:card\" content=\"summary_large_image\" \/>\n<meta name=\"twitter:label1\" content=\"Est. reading time\" \/>\n\t<meta name=\"twitter:data1\" content=\"1 minut\" \/>\n<script type=\"application\/ld+json\" class=\"yoast-schema-graph\">{\"@context\":\"https:\\\/\\\/schema.org\",\"@graph\":[{\"@type\":\"WebPage\",\"@id\":\"https:\\\/\\\/alekeskus.eu\\\/toode\\\/kiosk-lux-a-6m%c2%b2-2-letiga\\\/\",\"url\":\"https:\\\/\\\/alekeskus.eu\\\/toode\\\/kiosk-lux-a-6m%c2%b2-2-letiga\\\/\",\"name\":\"Kiosk Lux A 6,0 m\u00b2 2 letiga - Alekeskus\",\"isPartOf\":{\"@id\":\"https:\\\/\\\/alekeskus.eu\\\/#website\"},\"primaryImageOfPage\":{\"@id\":\"https:\\\/\\\/alekeskus.eu\\\/toode\\\/kiosk-lux-a-6m%c2%b2-2-letiga\\\/#primaryimage\"},\"image\":{\"@id\":\"https:\\\/\\\/alekeskus.eu\\\/toode\\\/kiosk-lux-a-6m%c2%b2-2-letiga\\\/#primaryimage\"},\"thumbnailUrl\":\"https:\\\/\\\/alekeskus.eu\\\/wp-content\\\/uploads\\\/2021\\\/11\\\/661kiosk-lux-a-6-6m-2-letiga-0.jpg\",\"datePublished\":\"2022-10-11T21:31:43+00:00\",\"dateModified\":\"2022-11-21T18:38:48+00:00\",\"description\":\"puidust turukiosk\",\"breadcrumb\":{\"@id\":\"https:\\\/\\\/alekeskus.eu\\\/toode\\\/kiosk-lux-a-6m%c2%b2-2-letiga\\\/#breadcrumb\"},\"inLanguage\":\"et\",\"potentialAction\":[{\"@type\":\"ReadAction\",\"target\":[\"https:\\\/\\\/alekeskus.eu\\\/toode\\\/kiosk-lux-a-6m%c2%b2-2-letiga\\\/\"]}]},{\"@type\":\"ImageObject\",\"inLanguage\":\"et\",\"@id\":\"https:\\\/\\\/alekeskus.eu\\\/toode\\\/kiosk-lux-a-6m%c2%b2-2-letiga\\\/#primaryimage\",\"url\":\"https:\\\/\\\/alekeskus.eu\\\/wp-content\\\/uploads\\\/2021\\\/11\\\/661kiosk-lux-a-6-6m-2-letiga-0.jpg\",\"contentUrl\":\"https:\\\/\\\/alekeskus.eu\\\/wp-content\\\/uploads\\\/2021\\\/11\\\/661kiosk-lux-a-6-6m-2-letiga-0.jpg\",\"width\":400,\"height\":266},{\"@type\":\"BreadcrumbList\",\"@id\":\"https:\\\/\\\/alekeskus.eu\\\/toode\\\/kiosk-lux-a-6m%c2%b2-2-letiga\\\/#breadcrumb\",\"itemListElement\":[{\"@type\":\"ListItem\",\"position\":1,\"name\":\"Avaleht\",\"item\":\"https:\\\/\\\/alekeskus.eu\\\/et\\\/\"},{\"@type\":\"ListItem\",\"position\":2,\"name\":\"Pood\",\"item\":\"https:\\\/\\\/alekeskus.eu\\\/pood\\\/\"},{\"@type\":\"ListItem\",\"position\":3,\"name\":\"Kiosk Lux A 6,0 m\u00b2 2 letiga\"}]},{\"@type\":\"WebSite\",\"@id\":\"https:\\\/\\\/alekeskus.eu\\\/#website\",\"url\":\"https:\\\/\\\/alekeskus.eu\\\/\",\"name\":\"Alekeskus\",\"description\":\"Alekeskus.eu\",\"potentialAction\":[{\"@type\":\"SearchAction\",\"target\":{\"@type\":\"EntryPoint\",\"urlTemplate\":\"https:\\\/\\\/alekeskus.eu\\\/?s={search_term_string}\"},\"query-input\":{\"@type\":\"PropertyValueSpecification\",\"valueRequired\":true,\"valueName\":\"search_term_string\"}}],\"inLanguage\":\"et\"}]}<\/script>\n<!-- \/ Yoast SEO plugin. -->","yoast_head_json":{"title":"Kiosk Lux A 6,0 m\u00b2 2 letiga - Alekeskus","description":"puidust turukiosk","robots":{"index":"index","follow":"follow","max-snippet":"max-snippet:-1","max-image-preview":"max-image-preview:large","max-video-preview":"max-video-preview:-1"},"canonical":"https:\/\/alekeskus.eu\/toode\/kiosk-lux-a-6m\u00b2-2-letiga\/","og_locale":"et_EE","og_type":"article","og_title":"Kiosk Lux A 6,0 m\u00b2 2 letiga - Alekeskus","og_description":"puidust turukiosk","og_url":"https:\/\/alekeskus.eu\/toode\/kiosk-lux-a-6m\u00b2-2-letiga\/","og_site_name":"Alekeskus","article_modified_time":"2022-11-21T18:38:48+00:00","og_image":[{"width":400,"height":266,"url":"https:\/\/alekeskus.eu\/wp-content\/uploads\/2021\/11\/661kiosk-lux-a-6-6m-2-letiga-0.jpg","type":"image\/jpeg"}],"twitter_card":"summary_large_image","twitter_misc":{"Est. reading time":"1 minut"},"schema":{"@context":"https:\/\/schema.org","@graph":[{"@type":"WebPage","@id":"https:\/\/alekeskus.eu\/toode\/kiosk-lux-a-6m%c2%b2-2-letiga\/","url":"https:\/\/alekeskus.eu\/toode\/kiosk-lux-a-6m%c2%b2-2-letiga\/","name":"Kiosk Lux A 6,0 m\u00b2 2 letiga - Alekeskus","isPartOf":{"@id":"https:\/\/alekeskus.eu\/#website"},"primaryImageOfPage":{"@id":"https:\/\/alekeskus.eu\/toode\/kiosk-lux-a-6m%c2%b2-2-letiga\/#primaryimage"},"image":{"@id":"https:\/\/alekeskus.eu\/toode\/kiosk-lux-a-6m%c2%b2-2-letiga\/#primaryimage"},"thumbnailUrl":"https:\/\/alekeskus.eu\/wp-content\/uploads\/2021\/11\/661kiosk-lux-a-6-6m-2-letiga-0.jpg","datePublished":"2022-10-11T21:31:43+00:00","dateModified":"2022-11-21T18:38:48+00:00","description":"puidust turukiosk","breadcrumb":{"@id":"https:\/\/alekeskus.eu\/toode\/kiosk-lux-a-6m%c2%b2-2-letiga\/#breadcrumb"},"inLanguage":"et","potentialAction":[{"@type":"ReadAction","target":["https:\/\/alekeskus.eu\/toode\/kiosk-lux-a-6m%c2%b2-2-letiga\/"]}]},{"@type":"ImageObject","inLanguage":"et","@id":"https:\/\/alekeskus.eu\/toode\/kiosk-lux-a-6m%c2%b2-2-letiga\/#primaryimage","url":"https:\/\/alekeskus.eu\/wp-content\/uploads\/2021\/11\/661kiosk-lux-a-6-6m-2-letiga-0.jpg","contentUrl":"https:\/\/alekeskus.eu\/wp-content\/uploads\/2021\/11\/661kiosk-lux-a-6-6m-2-letiga-0.jpg","width":400,"height":266},{"@type":"BreadcrumbList","@id":"https:\/\/alekeskus.eu\/toode\/kiosk-lux-a-6m%c2%b2-2-letiga\/#breadcrumb","itemListElement":[{"@type":"ListItem","position":1,"name":"Avaleht","item":"https:\/\/alekeskus.eu\/et\/"},{"@type":"ListItem","position":2,"name":"Pood","item":"https:\/\/alekeskus.eu\/pood\/"},{"@type":"ListItem","position":3,"name":"Kiosk Lux A 6,0 m\u00b2 2 letiga"}]},{"@type":"WebSite","@id":"https:\/\/alekeskus.eu\/#website","url":"https:\/\/alekeskus.eu\/","name":"Alekeskus","description":"Alekeskus.eu","potentialAction":[{"@type":"SearchAction","target":{"@type":"EntryPoint","urlTemplate":"https:\/\/alekeskus.eu\/?s={search_term_string}"},"query-input":{"@type":"PropertyValueSpecification","valueRequired":true,"valueName":"search_term_string"}}],"inLanguage":"et"}]}},"brands":[],"_links":{"self":[{"href":"https:\/\/alekeskus.eu\/et\/wp-json\/wp\/v2\/product\/62439","targetHints":{"allow":["GET"]}}],"collection":[{"href":"https:\/\/alekeskus.eu\/et\/wp-json\/wp\/v2\/product"}],"about":[{"href":"https:\/\/alekeskus.eu\/et\/wp-json\/wp\/v2\/types\/product"}],"wp:featuredmedia":[{"embeddable":true,"href":"https:\/\/alekeskus.eu\/et\/wp-json\/wp\/v2\/media\/62433"}],"wp:attachment":[{"href":"https:\/\/alekeskus.eu\/et\/wp-json\/wp\/v2\/media?parent=62439"}],"wp:term":[{"taxonomy":"pwb-brand","embeddable":true,"href":"https:\/\/alekeskus.eu\/et\/wp-json\/wp\/v2\/pwb-brand?post=62439"},{"taxonomy":"product_brand","embeddable":true,"href":"https:\/\/alekeskus.eu\/et\/wp-json\/wp\/v2\/product_brand?post=62439"},{"taxonomy":"product_cat","embeddable":true,"href":"https:\/\/alekeskus.eu\/et\/wp-json\/wp\/v2\/product_cat?post=62439"},{"taxonomy":"product_tag","embeddable":true,"href":"https:\/\/alekeskus.eu\/et\/wp-json\/wp\/v2\/product_tag?post=62439"}],"curies":[{"name":"wp","href":"https:\/\/api.w.org\/{rel}","templated":true}]}}