{"id":62496,"date":"2021-11-11T21:32:03","date_gmt":"2021-11-11T21:32:03","guid":{"rendered":"http:\/\/alekeskus.eu\/product\/pihamaja-airi22-muovi-ikkunoilla-ja-ovella\/"},"modified":"2021-11-12T07:47:25","modified_gmt":"2021-11-12T07:47:25","slug":"pihamaja-airi22-muovi-ikkunoilla-ja-ovella","status":"publish","type":"product","link":"https:\/\/alekeskus.eu\/et\/toode\/pihamaja-airi22-muovi-ikkunoilla-ja-ovella\/","title":{"rendered":"Pihamaja Airi22 muovi-ikkunoilla ja ovella"},"content":{"rendered":"<div>\n<div id=\"pilt_3282\"><\/div>\n<div class=\"gal-text\">Pinta-ala 21,6m2. Ulkosein\u00e4mitat: 599&#215;362 cm, sis\u00e4sein\u00e4mitat:583&#215;346 cm\u00a0 \u00a0 \u00a0 \u00a0 \u00a0 \u00a0 \u00a0 \u00a0 Sein\u00e4: 19 mm<\/div>\n<\/div>\n<div>\n<div id=\"pilt_3283\">\u00a0<\/div>\n<\/div>\n<div>\n<div id=\"pilt_3286\"><img decoding=\"async\" class=\"galerii_eelvaade\" src=\"http:\/\/hut.ee\/img\/image\/\/pikto_3264\/7614e4476dc0d9eb_1.png\" alt=\"480x120x160\" border=\"0\" hspace=\"3\" \/>\u00a0 \u00a0 \u00a0 \u00a0 \u00a0 \u00a0 \u00a0 \u00a0 \u00a0 \u00a0 \u00a0 \u00a0<img decoding=\"async\" class=\"galerii_eelvaade\" src=\"http:\/\/hut.ee\/img\/image\/\/pikto_3264\/3c1f762ebaa33375_1.png\" alt=\"1690\" border=\"0\" hspace=\"3\" \/>\u00a0 \u00a0 \u00a0 \u00a0 \u00a0 \u00a0 \u00a0 \u00a0 \u00a0 \u00a0\u00a0 \u00a0 \u00a0<img decoding=\"async\" class=\"galerii_eelvaade\" src=\"http:\/\/hut.ee\/img\/image\/\/pikto_3264\/b15452d0554d7222_1.png\" alt=\"251 cm\" border=\"0\" hspace=\"3\" \/><\/div>\n<div class=\"gal-text\">480x120x160cm \u00a0 \u00a0 \u00a0 \u00a0 \u00a0 \u00a0 \u00a0 \u00a0 \u00a0 1690 \u00a0 \u00a0 \u00a0 \u00a0 \u00a0 \u00a0 \u00a0 \u00a0 \u00a0 \u00a0 \u00a0 \u00a0 \u00a0 \u00a0 \u00a0 \u00a0 \u00a0251 cm<\/div>\n<\/div>\n<div><\/div>\n<div>\n<div id=\"pilt_3289\"><img decoding=\"async\" class=\"galerii_eelvaade\" src=\"http:\/\/hut.ee\/img\/image\/\/pikto_3264\/03d81d65ee2d9304_1.png\" alt=\"224 cm\" border=\"0\" hspace=\"3\" \/>\u00a0 \u00a0 \u00a0 \u00a0 \u00a0 \u00a0 \u00a0 \u00a0 \u00a0 \u00a0 \u00a0 \u00a0<img decoding=\"async\" class=\"galerii_eelvaade\" src=\"http:\/\/hut.ee\/img\/image\/\/pikto_3264\/ea05fabdc395e4bd_1.png\" alt=\"3 degrees\" border=\"0\" hspace=\"3\" \/>\u00a0 \u00a0 \u00a0 \u00a0 \u00a0 \u00a0 \u00a0 \u00a0 \u00a0 \u00a0 \u00a0 \u00a0 \u00a0<img decoding=\"async\" class=\"galerii_eelvaade\" src=\"http:\/\/hut.ee\/img\/image\/\/pikto_3264\/a7f90d6fdc44ecce_1.png\" alt=\"19 mm\" border=\"0\" hspace=\"3\" \/><\/div>\n<div class=\"gal-text\">\u00a0 \u00a0224 cm \u00a0 \u00a0 \u00a0 \u00a0 \u00a0 \u00a0 \u00a0 \u00a0 \u00a0 \u00a0 \u00a0 \u00a0 \u00a0 \u00a0 \u00a03 kraadi \u00a0 \u00a0 \u00a0 \u00a0 \u00a0 \u00a0 \u00a0 \u00a0 \u00a0 \u00a0 \u00a0 \u00a0 \u00a0 \u00a0 \u00a0 \u00a019 mm<\/div>\n<\/div>\n<div><\/div>\n<div>\n<div id=\"pilt_3292\"><img decoding=\"async\" class=\"galerii_eelvaade\" src=\"http:\/\/hut.ee\/img\/image\/\/pikto_3264\/76efb71ba8269925_1.png\" alt=\"44x94 mm;&lt;br&gt; 19 mm\" border=\"0\" hspace=\"3\" \/>\u00a0 \u00a0 \u00a0 \u00a0\u00a0<\/div>\n<div class=\"gal-text\">44&#215;94 mm;\u00a0 \u00a0 \u00a0 \u00a0 \u00a0 \u00a0\u00a0<br \/>19 mm<\/div>\n<\/div>\n<div>\u00a0\u00a0<\/div>\n<div>\n<div id=\"pilt_3296\"><img decoding=\"async\" class=\"galerii_eelvaade\" src=\"http:\/\/hut.ee\/img\/image\/\/pikto_3264\/0eb42acc9f01bbd5_1.png\" alt=\"890x525 cm x2 &lt;br&gt;730x830 cm x1&lt;br&gt;opening, thermo\" border=\"0\" hspace=\"3\" \/>\u00a0 \u00a0 \u00a0 \u00a0 \u00a0 \u00a0 \u00a0 \u00a0 \u00a0 \u00a0 \u00a0 \u00a0 \u00a0 \u00a0 \u00a0 \u00a0\u00a0<img decoding=\"async\" class=\"galerii_eelvaade\" src=\"http:\/\/hut.ee\/img\/image\/\/pikto_3264\/266f4b11862a4845_1.png\" alt=\"100x195 cm&lt;br&gt;thermo\" border=\"0\" hspace=\"3\" \/><\/div>\n<div class=\"gal-text\">890&#215;525 cm x2 \u00a0 \u00a0 \u00a0 \u00a0 \u00a0 \u00a0 \u00a0 \u00a0 \u00a0 \u00a0 \u00a0 \u00a0 100&#215;195 cm<br \/>\u00a0 \u00a0 \u00a0 \u00a0 \u00a0 \u00a0 \u00a0 \u00a0 \u00a0 \u00a0 \u00a0 \u00a0 \u00a0 \u00a0 \u00a0 \u00a0 \u00a0 \u00a0 \u00a0 \u00a0 \u00a0 \u00a0 \u00a0 \u00a0 \u00a0 \u00a0 \u00a0l\u00e4mp\u00f6lasi<br \/>730&#215;830 cm x1<\/div>\n<div class=\"gal-text\">avautuva, l\u00e4mp\u00f6lasi<\/div>\n<\/div>\n","protected":false},"excerpt":{"rendered":"<p>Ulkomitat:<strong>\u00a06,0 x 3,6 cm.\u00a0<\/strong><\/p>\n<p>Elementtirakenteiset lattia ja sein\u00e4.<\/p>\n<p>Muoviikkunat ja ovi l\u00e4mp\u00f6lasilla. Lis\u00e4hintaan 4500\u20ac l\u00e4mp\u00f6eristyspaketti sis\u00e4verhoilulla (l\u00e4mp\u00f6eriste sein\u00e4ss\u00e4 35mm, latttia-katto 65mm).<\/p>\n<p>Tehty Eestiss\u00e4. Tehtaan takuu 2 vuotta.<\/p>\n","protected":false},"featured_media":62490,"template":"","meta":{"_monsterinsights_skip_tracking":false,"_monsterinsights_sitenote_active":false,"_monsterinsights_sitenote_note":"","_monsterinsights_sitenote_category":0},"pwb-brand":[],"product_brand":[],"product_cat":[13593,13541,13609,13603],"product_tag":[17173,17224,16363],"class_list":{"0":"post-62496","1":"product","2":"type-product","3":"status-publish","4":"has-post-thumbnail","6":"product_cat-vierasmajat-alekeskus","7":"product_cat-rakennukset","8":"product_cat-pihatoimistot","9":"product_cat-elementtirakenteiset-rakennukset","10":"product_tag-pihamaja-fi-2","11":"product_tag-kesamokki-fi","12":"product_tag-pihamaja-fi","13":"pa_garantii-2-vuotta-fi","14":"pa_kaalkg-1690kg-fi","15":"pa_laoasukoht-vorumaa-fi","16":"pa_pakendimoodud-480x120x160cm-fi","17":"pa_pindalam-216-fi","18":"pa_tellimisaeg-1-3-viikossa","19":"pa_varv-puuvalmis-fi","20":"pa_veame-eesti-ja-suomi","22":"first","23":"instock","24":"taxable","25":"shipping-taxable","26":"purchasable","27":"product-type-simple"},"yoast_head":"<!-- This site is optimized with the Yoast SEO plugin v27.3 - https:\/\/yoast.com\/product\/yoast-seo-wordpress\/ -->\n<title>Pihamaja Airi22 muovi-ikkunoilla ja ovella - Alekeskus<\/title>\n<meta name=\"robots\" content=\"index, follow, max-snippet:-1, max-image-preview:large, max-video-preview:-1\" \/>\n<link rel=\"canonical\" href=\"https:\/\/alekeskus.eu\/fi\/tuote\/pihamaja-airi22-muovi-ikkunoilla-ja-ovella\/\" \/>\n<meta property=\"og:locale\" content=\"et_EE\" \/>\n<meta property=\"og:type\" content=\"article\" \/>\n<meta property=\"og:title\" content=\"Pihamaja Airi22 muovi-ikkunoilla ja ovella - Alekeskus\" \/>\n<meta property=\"og:description\" content=\"Ulkomitat:\u00a06,0 x 3,6 cm.\u00a0 Elementtirakenteiset lattia ja sein\u00e4. Muoviikkunat ja ovi l\u00e4mp\u00f6lasilla. Lis\u00e4hintaan 4500\u20ac l\u00e4mp\u00f6eristyspaketti sis\u00e4verhoilulla (l\u00e4mp\u00f6eriste sein\u00e4ss\u00e4 35mm, latttia-katto 65mm). Tehty Eestiss\u00e4. Tehtaan takuu 2 vuotta.\" \/>\n<meta property=\"og:url\" content=\"https:\/\/alekeskus.eu\/fi\/tuote\/pihamaja-airi22-muovi-ikkunoilla-ja-ovella\/\" \/>\n<meta property=\"og:site_name\" content=\"Alekeskus\" \/>\n<meta property=\"article:modified_time\" content=\"2021-11-12T07:47:25+00:00\" \/>\n<meta property=\"og:image\" content=\"https:\/\/alekeskus.eu\/wp-content\/uploads\/2021\/11\/684aiamaja-kontor-airi22-plastavat-idetega-0.jpg\" \/>\n\t<meta property=\"og:image:width\" content=\"400\" \/>\n\t<meta property=\"og:image:height\" content=\"225\" \/>\n\t<meta property=\"og:image:type\" content=\"image\/jpeg\" \/>\n<meta name=\"twitter:card\" content=\"summary_large_image\" \/>\n<script type=\"application\/ld+json\" class=\"yoast-schema-graph\">{\"@context\":\"https:\\\/\\\/schema.org\",\"@graph\":[{\"@type\":\"WebPage\",\"@id\":\"https:\\\/\\\/alekeskus.eu\\\/fi\\\/tuote\\\/pihamaja-airi22-muovi-ikkunoilla-ja-ovella\\\/\",\"url\":\"https:\\\/\\\/alekeskus.eu\\\/fi\\\/tuote\\\/pihamaja-airi22-muovi-ikkunoilla-ja-ovella\\\/\",\"name\":\"Pihamaja Airi22 muovi-ikkunoilla ja ovella - Alekeskus\",\"isPartOf\":{\"@id\":\"https:\\\/\\\/alekeskus.eu\\\/#website\"},\"primaryImageOfPage\":{\"@id\":\"https:\\\/\\\/alekeskus.eu\\\/fi\\\/tuote\\\/pihamaja-airi22-muovi-ikkunoilla-ja-ovella\\\/#primaryimage\"},\"image\":{\"@id\":\"https:\\\/\\\/alekeskus.eu\\\/fi\\\/tuote\\\/pihamaja-airi22-muovi-ikkunoilla-ja-ovella\\\/#primaryimage\"},\"thumbnailUrl\":\"https:\\\/\\\/alekeskus.eu\\\/wp-content\\\/uploads\\\/2021\\\/11\\\/684aiamaja-kontor-airi22-plastavat-idetega-0.jpg\",\"datePublished\":\"2021-11-11T21:32:03+00:00\",\"dateModified\":\"2021-11-12T07:47:25+00:00\",\"breadcrumb\":{\"@id\":\"https:\\\/\\\/alekeskus.eu\\\/fi\\\/tuote\\\/pihamaja-airi22-muovi-ikkunoilla-ja-ovella\\\/#breadcrumb\"},\"inLanguage\":\"et\",\"potentialAction\":[{\"@type\":\"ReadAction\",\"target\":[\"https:\\\/\\\/alekeskus.eu\\\/fi\\\/tuote\\\/pihamaja-airi22-muovi-ikkunoilla-ja-ovella\\\/\"]}]},{\"@type\":\"ImageObject\",\"inLanguage\":\"et\",\"@id\":\"https:\\\/\\\/alekeskus.eu\\\/fi\\\/tuote\\\/pihamaja-airi22-muovi-ikkunoilla-ja-ovella\\\/#primaryimage\",\"url\":\"https:\\\/\\\/alekeskus.eu\\\/wp-content\\\/uploads\\\/2021\\\/11\\\/684aiamaja-kontor-airi22-plastavat-idetega-0.jpg\",\"contentUrl\":\"https:\\\/\\\/alekeskus.eu\\\/wp-content\\\/uploads\\\/2021\\\/11\\\/684aiamaja-kontor-airi22-plastavat-idetega-0.jpg\",\"width\":400,\"height\":225},{\"@type\":\"BreadcrumbList\",\"@id\":\"https:\\\/\\\/alekeskus.eu\\\/fi\\\/tuote\\\/pihamaja-airi22-muovi-ikkunoilla-ja-ovella\\\/#breadcrumb\",\"itemListElement\":[{\"@type\":\"ListItem\",\"position\":1,\"name\":\"Avaleht\",\"item\":\"https:\\\/\\\/alekeskus.eu\\\/et\\\/\"},{\"@type\":\"ListItem\",\"position\":2,\"name\":\"Pood\",\"item\":\"https:\\\/\\\/alekeskus.eu\\\/pood\\\/\"},{\"@type\":\"ListItem\",\"position\":3,\"name\":\"Pihamaja Airi22 muovi-ikkunoilla ja ovella\"}]},{\"@type\":\"WebSite\",\"@id\":\"https:\\\/\\\/alekeskus.eu\\\/#website\",\"url\":\"https:\\\/\\\/alekeskus.eu\\\/\",\"name\":\"Alekeskus\",\"description\":\"Alekeskus.eu\",\"potentialAction\":[{\"@type\":\"SearchAction\",\"target\":{\"@type\":\"EntryPoint\",\"urlTemplate\":\"https:\\\/\\\/alekeskus.eu\\\/?s={search_term_string}\"},\"query-input\":{\"@type\":\"PropertyValueSpecification\",\"valueRequired\":true,\"valueName\":\"search_term_string\"}}],\"inLanguage\":\"et\"}]}<\/script>\n<!-- \/ Yoast SEO plugin. -->","yoast_head_json":{"title":"Pihamaja Airi22 muovi-ikkunoilla ja ovella - Alekeskus","robots":{"index":"index","follow":"follow","max-snippet":"max-snippet:-1","max-image-preview":"max-image-preview:large","max-video-preview":"max-video-preview:-1"},"canonical":"https:\/\/alekeskus.eu\/fi\/tuote\/pihamaja-airi22-muovi-ikkunoilla-ja-ovella\/","og_locale":"et_EE","og_type":"article","og_title":"Pihamaja Airi22 muovi-ikkunoilla ja ovella - Alekeskus","og_description":"Ulkomitat:\u00a06,0 x 3,6 cm.\u00a0 Elementtirakenteiset lattia ja sein\u00e4. Muoviikkunat ja ovi l\u00e4mp\u00f6lasilla. Lis\u00e4hintaan 4500\u20ac l\u00e4mp\u00f6eristyspaketti sis\u00e4verhoilulla (l\u00e4mp\u00f6eriste sein\u00e4ss\u00e4 35mm, latttia-katto 65mm). Tehty Eestiss\u00e4. Tehtaan takuu 2 vuotta.","og_url":"https:\/\/alekeskus.eu\/fi\/tuote\/pihamaja-airi22-muovi-ikkunoilla-ja-ovella\/","og_site_name":"Alekeskus","article_modified_time":"2021-11-12T07:47:25+00:00","og_image":[{"width":400,"height":225,"url":"https:\/\/alekeskus.eu\/wp-content\/uploads\/2021\/11\/684aiamaja-kontor-airi22-plastavat-idetega-0.jpg","type":"image\/jpeg"}],"twitter_card":"summary_large_image","schema":{"@context":"https:\/\/schema.org","@graph":[{"@type":"WebPage","@id":"https:\/\/alekeskus.eu\/fi\/tuote\/pihamaja-airi22-muovi-ikkunoilla-ja-ovella\/","url":"https:\/\/alekeskus.eu\/fi\/tuote\/pihamaja-airi22-muovi-ikkunoilla-ja-ovella\/","name":"Pihamaja Airi22 muovi-ikkunoilla ja ovella - Alekeskus","isPartOf":{"@id":"https:\/\/alekeskus.eu\/#website"},"primaryImageOfPage":{"@id":"https:\/\/alekeskus.eu\/fi\/tuote\/pihamaja-airi22-muovi-ikkunoilla-ja-ovella\/#primaryimage"},"image":{"@id":"https:\/\/alekeskus.eu\/fi\/tuote\/pihamaja-airi22-muovi-ikkunoilla-ja-ovella\/#primaryimage"},"thumbnailUrl":"https:\/\/alekeskus.eu\/wp-content\/uploads\/2021\/11\/684aiamaja-kontor-airi22-plastavat-idetega-0.jpg","datePublished":"2021-11-11T21:32:03+00:00","dateModified":"2021-11-12T07:47:25+00:00","breadcrumb":{"@id":"https:\/\/alekeskus.eu\/fi\/tuote\/pihamaja-airi22-muovi-ikkunoilla-ja-ovella\/#breadcrumb"},"inLanguage":"et","potentialAction":[{"@type":"ReadAction","target":["https:\/\/alekeskus.eu\/fi\/tuote\/pihamaja-airi22-muovi-ikkunoilla-ja-ovella\/"]}]},{"@type":"ImageObject","inLanguage":"et","@id":"https:\/\/alekeskus.eu\/fi\/tuote\/pihamaja-airi22-muovi-ikkunoilla-ja-ovella\/#primaryimage","url":"https:\/\/alekeskus.eu\/wp-content\/uploads\/2021\/11\/684aiamaja-kontor-airi22-plastavat-idetega-0.jpg","contentUrl":"https:\/\/alekeskus.eu\/wp-content\/uploads\/2021\/11\/684aiamaja-kontor-airi22-plastavat-idetega-0.jpg","width":400,"height":225},{"@type":"BreadcrumbList","@id":"https:\/\/alekeskus.eu\/fi\/tuote\/pihamaja-airi22-muovi-ikkunoilla-ja-ovella\/#breadcrumb","itemListElement":[{"@type":"ListItem","position":1,"name":"Avaleht","item":"https:\/\/alekeskus.eu\/et\/"},{"@type":"ListItem","position":2,"name":"Pood","item":"https:\/\/alekeskus.eu\/pood\/"},{"@type":"ListItem","position":3,"name":"Pihamaja Airi22 muovi-ikkunoilla ja ovella"}]},{"@type":"WebSite","@id":"https:\/\/alekeskus.eu\/#website","url":"https:\/\/alekeskus.eu\/","name":"Alekeskus","description":"Alekeskus.eu","potentialAction":[{"@type":"SearchAction","target":{"@type":"EntryPoint","urlTemplate":"https:\/\/alekeskus.eu\/?s={search_term_string}"},"query-input":{"@type":"PropertyValueSpecification","valueRequired":true,"valueName":"search_term_string"}}],"inLanguage":"et"}]}},"brands":[],"_links":{"self":[{"href":"https:\/\/alekeskus.eu\/et\/wp-json\/wp\/v2\/product\/62496","targetHints":{"allow":["GET"]}}],"collection":[{"href":"https:\/\/alekeskus.eu\/et\/wp-json\/wp\/v2\/product"}],"about":[{"href":"https:\/\/alekeskus.eu\/et\/wp-json\/wp\/v2\/types\/product"}],"wp:featuredmedia":[{"embeddable":true,"href":"https:\/\/alekeskus.eu\/et\/wp-json\/wp\/v2\/media\/62490"}],"wp:attachment":[{"href":"https:\/\/alekeskus.eu\/et\/wp-json\/wp\/v2\/media?parent=62496"}],"wp:term":[{"taxonomy":"pwb-brand","embeddable":true,"href":"https:\/\/alekeskus.eu\/et\/wp-json\/wp\/v2\/pwb-brand?post=62496"},{"taxonomy":"product_brand","embeddable":true,"href":"https:\/\/alekeskus.eu\/et\/wp-json\/wp\/v2\/product_brand?post=62496"},{"taxonomy":"product_cat","embeddable":true,"href":"https:\/\/alekeskus.eu\/et\/wp-json\/wp\/v2\/product_cat?post=62496"},{"taxonomy":"product_tag","embeddable":true,"href":"https:\/\/alekeskus.eu\/et\/wp-json\/wp\/v2\/product_tag?post=62496"}],"curies":[{"name":"wp","href":"https:\/\/api.w.org\/{rel}","templated":true}]}}