{"id":62523,"date":"2023-11-11T21:32:17","date_gmt":"2023-11-11T21:32:17","guid":{"rendered":"http:\/\/alekeskus.eu\/product\/grillkoda-33-x-28-m-taisvarustusega\/"},"modified":"2024-09-05T15:57:00","modified_gmt":"2024-09-05T15:57:00","slug":"grillkoda-33-x-28-m-taisvarustusega-alekeskus","status":"publish","type":"product","link":"https:\/\/alekeskus.eu\/et\/toode\/grillkoda-33-x-28-m-taisvarustusega-alekeskus\/","title":{"rendered":"Grillkoda 3,3 x 2,8 m t\u00e4isvarustusega"},"content":{"rendered":"<p><strong>Telli lisaks:<\/strong><\/p>\n<p><strong>&#8211; k\u00e4rgkate paigaldus katuselementidele\u00a0<\/strong><\/p>\n<p><strong>&#8211; lisa p\u00f5hjap\u00f5dra nahk\u00a0<\/strong><\/p>\n","protected":false},"excerpt":{"rendered":"<p>Grillkoda v\u00f5imaldab veeta hubaseid toiduk\u00fcpsetamise hetki ja pidutseda ka talvel ilmastikust olenemata.<\/p>\n<p><strong>Hinnas K\u00d5IK: seinakilbid (9 palgi k\u00f5rgus), OSB plaadist r\u00e4\u00e4stad, aknad, raamuks, grill koos suitsukogujaga 2mm-isest terasest, kinnitusvahendid, must k\u00e4rgkate, p\u00f5rand ja koostejuhend.<\/strong><\/p>\n<p><strong>Pindala 7 m<sup>2<\/sup><\/strong>. 1 avanev aken.<\/p>\n<p>Eesti toode.<\/p>\n<p>K\u00fcsi ka paigaldust!<\/p>\n","protected":false},"featured_media":62505,"template":"","meta":{"_monsterinsights_skip_tracking":false,"_monsterinsights_sitenote_active":false,"_monsterinsights_sitenote_note":"","_monsterinsights_sitenote_category":0},"pwb-brand":[],"product_brand":[],"product_cat":[17182,13538,13592,13540,13568,13602,13530],"product_tag":[13831,13856,15356,13857,13858,13866,13993,13994,13813,13995,13816],"class_list":{"0":"post-62523","1":"product","2":"type-product","3":"status-publish","4":"has-post-thumbnail","6":"product_cat-suvekoogid-alekeskus","7":"product_cat-ale","8":"product_cat-aia-ja-grillmajad","9":"product_cat-hooned-alekeskus","10":"product_cat-grill-ja-tuli","11":"product_cat-elementmajad","12":"product_cat-aed-ja-kodu","13":"product_tag-mokki","14":"product_tag-grill","15":"product_tag-grillkoda","16":"product_tag-koda","17":"product_tag-bbq","18":"product_tag-grillikota","19":"product_tag-kota","20":"product_tag-katos","21":"product_tag-aiamaja","22":"product_tag-grilli","23":"product_tag-peomaja","24":"product_shipping_class-kuni-1000kg","25":"pa_garantii-2-aastat","26":"pa_kaalkg-1055-kg","27":"pa_kohaletoimetamine-100e-mandri-eestis","28":"pa_laoasukoht-vorumaa","29":"pa_pakendimoodud-230x120x215-cm","30":"pa_pindalam-13997","31":"pa_tellimisaeg-tilausaika-alekeskus","32":"pa_varv-viimistlemata","33":"pa_veame-eesti-ja-soome","35":"first","36":"instock","37":"sale","38":"taxable","39":"shipping-taxable","40":"purchasable","41":"product-type-simple"},"yoast_head":"<!-- This site is optimized with the Yoast SEO plugin v27.3 - https:\/\/yoast.com\/product\/yoast-seo-wordpress\/ -->\n<title>Grillkoda 3,3 x 2,8 m t\u00e4isvarustusega - Alekeskus<\/title>\n<meta name=\"description\" content=\"grillkoda 7m2 on v\u00e4ikseim grillmaja\" \/>\n<meta name=\"robots\" content=\"index, follow, max-snippet:-1, max-image-preview:large, max-video-preview:-1\" \/>\n<link rel=\"canonical\" href=\"https:\/\/alekeskus.eu\/toode\/grillkoda-33-x-28-m-taisvarustusega-alekeskus\/\" \/>\n<meta property=\"og:locale\" content=\"et_EE\" \/>\n<meta property=\"og:type\" content=\"article\" \/>\n<meta property=\"og:title\" content=\"Grillkoda 3,3 x 2,8 m t\u00e4isvarustusega - Alekeskus\" \/>\n<meta property=\"og:description\" content=\"grillkoda 7m2 on v\u00e4ikseim grillmaja\" \/>\n<meta property=\"og:url\" content=\"https:\/\/alekeskus.eu\/toode\/grillkoda-33-x-28-m-taisvarustusega-alekeskus\/\" \/>\n<meta property=\"og:site_name\" content=\"Alekeskus\" \/>\n<meta property=\"article:modified_time\" content=\"2024-09-05T15:57:00+00:00\" \/>\n<meta property=\"og:image\" content=\"https:\/\/alekeskus.eu\/wp-content\/uploads\/2021\/11\/691grillkoda-3-3-x-2-8-m-t-isvarustusega-0.jpg\" \/>\n\t<meta property=\"og:image:width\" content=\"400\" \/>\n\t<meta property=\"og:image:height\" content=\"225\" \/>\n\t<meta property=\"og:image:type\" content=\"image\/jpeg\" \/>\n<meta name=\"twitter:card\" content=\"summary_large_image\" \/>\n<meta name=\"twitter:label1\" content=\"Est. reading time\" \/>\n\t<meta name=\"twitter:data1\" content=\"1 minut\" \/>\n<script type=\"application\/ld+json\" class=\"yoast-schema-graph\">{\"@context\":\"https:\\\/\\\/schema.org\",\"@graph\":[{\"@type\":\"WebPage\",\"@id\":\"https:\\\/\\\/alekeskus.eu\\\/toode\\\/grillkoda-33-x-28-m-taisvarustusega-alekeskus\\\/\",\"url\":\"https:\\\/\\\/alekeskus.eu\\\/toode\\\/grillkoda-33-x-28-m-taisvarustusega-alekeskus\\\/\",\"name\":\"Grillkoda 3,3 x 2,8 m t\u00e4isvarustusega - Alekeskus\",\"isPartOf\":{\"@id\":\"https:\\\/\\\/alekeskus.eu\\\/#website\"},\"primaryImageOfPage\":{\"@id\":\"https:\\\/\\\/alekeskus.eu\\\/toode\\\/grillkoda-33-x-28-m-taisvarustusega-alekeskus\\\/#primaryimage\"},\"image\":{\"@id\":\"https:\\\/\\\/alekeskus.eu\\\/toode\\\/grillkoda-33-x-28-m-taisvarustusega-alekeskus\\\/#primaryimage\"},\"thumbnailUrl\":\"https:\\\/\\\/alekeskus.eu\\\/wp-content\\\/uploads\\\/2021\\\/11\\\/691grillkoda-3-3-x-2-8-m-t-isvarustusega-0.jpg\",\"datePublished\":\"2023-11-11T21:32:17+00:00\",\"dateModified\":\"2024-09-05T15:57:00+00:00\",\"description\":\"grillkoda 7m2 on v\u00e4ikseim grillmaja\",\"breadcrumb\":{\"@id\":\"https:\\\/\\\/alekeskus.eu\\\/toode\\\/grillkoda-33-x-28-m-taisvarustusega-alekeskus\\\/#breadcrumb\"},\"inLanguage\":\"et\",\"potentialAction\":[{\"@type\":\"ReadAction\",\"target\":[\"https:\\\/\\\/alekeskus.eu\\\/toode\\\/grillkoda-33-x-28-m-taisvarustusega-alekeskus\\\/\"]}]},{\"@type\":\"ImageObject\",\"inLanguage\":\"et\",\"@id\":\"https:\\\/\\\/alekeskus.eu\\\/toode\\\/grillkoda-33-x-28-m-taisvarustusega-alekeskus\\\/#primaryimage\",\"url\":\"https:\\\/\\\/alekeskus.eu\\\/wp-content\\\/uploads\\\/2021\\\/11\\\/691grillkoda-3-3-x-2-8-m-t-isvarustusega-0.jpg\",\"contentUrl\":\"https:\\\/\\\/alekeskus.eu\\\/wp-content\\\/uploads\\\/2021\\\/11\\\/691grillkoda-3-3-x-2-8-m-t-isvarustusega-0.jpg\",\"width\":400,\"height\":225},{\"@type\":\"BreadcrumbList\",\"@id\":\"https:\\\/\\\/alekeskus.eu\\\/toode\\\/grillkoda-33-x-28-m-taisvarustusega-alekeskus\\\/#breadcrumb\",\"itemListElement\":[{\"@type\":\"ListItem\",\"position\":1,\"name\":\"Avaleht\",\"item\":\"https:\\\/\\\/alekeskus.eu\\\/et\\\/\"},{\"@type\":\"ListItem\",\"position\":2,\"name\":\"Pood\",\"item\":\"https:\\\/\\\/alekeskus.eu\\\/pood\\\/\"},{\"@type\":\"ListItem\",\"position\":3,\"name\":\"Grillkoda 3,3 x 2,8 m t\u00e4isvarustusega\"}]},{\"@type\":\"WebSite\",\"@id\":\"https:\\\/\\\/alekeskus.eu\\\/#website\",\"url\":\"https:\\\/\\\/alekeskus.eu\\\/\",\"name\":\"Alekeskus\",\"description\":\"Alekeskus.eu\",\"potentialAction\":[{\"@type\":\"SearchAction\",\"target\":{\"@type\":\"EntryPoint\",\"urlTemplate\":\"https:\\\/\\\/alekeskus.eu\\\/?s={search_term_string}\"},\"query-input\":{\"@type\":\"PropertyValueSpecification\",\"valueRequired\":true,\"valueName\":\"search_term_string\"}}],\"inLanguage\":\"et\"}]}<\/script>\n<!-- \/ Yoast SEO plugin. -->","yoast_head_json":{"title":"Grillkoda 3,3 x 2,8 m t\u00e4isvarustusega - Alekeskus","description":"grillkoda 7m2 on v\u00e4ikseim grillmaja","robots":{"index":"index","follow":"follow","max-snippet":"max-snippet:-1","max-image-preview":"max-image-preview:large","max-video-preview":"max-video-preview:-1"},"canonical":"https:\/\/alekeskus.eu\/toode\/grillkoda-33-x-28-m-taisvarustusega-alekeskus\/","og_locale":"et_EE","og_type":"article","og_title":"Grillkoda 3,3 x 2,8 m t\u00e4isvarustusega - Alekeskus","og_description":"grillkoda 7m2 on v\u00e4ikseim grillmaja","og_url":"https:\/\/alekeskus.eu\/toode\/grillkoda-33-x-28-m-taisvarustusega-alekeskus\/","og_site_name":"Alekeskus","article_modified_time":"2024-09-05T15:57:00+00:00","og_image":[{"width":400,"height":225,"url":"https:\/\/alekeskus.eu\/wp-content\/uploads\/2021\/11\/691grillkoda-3-3-x-2-8-m-t-isvarustusega-0.jpg","type":"image\/jpeg"}],"twitter_card":"summary_large_image","twitter_misc":{"Est. reading time":"1 minut"},"schema":{"@context":"https:\/\/schema.org","@graph":[{"@type":"WebPage","@id":"https:\/\/alekeskus.eu\/toode\/grillkoda-33-x-28-m-taisvarustusega-alekeskus\/","url":"https:\/\/alekeskus.eu\/toode\/grillkoda-33-x-28-m-taisvarustusega-alekeskus\/","name":"Grillkoda 3,3 x 2,8 m t\u00e4isvarustusega - Alekeskus","isPartOf":{"@id":"https:\/\/alekeskus.eu\/#website"},"primaryImageOfPage":{"@id":"https:\/\/alekeskus.eu\/toode\/grillkoda-33-x-28-m-taisvarustusega-alekeskus\/#primaryimage"},"image":{"@id":"https:\/\/alekeskus.eu\/toode\/grillkoda-33-x-28-m-taisvarustusega-alekeskus\/#primaryimage"},"thumbnailUrl":"https:\/\/alekeskus.eu\/wp-content\/uploads\/2021\/11\/691grillkoda-3-3-x-2-8-m-t-isvarustusega-0.jpg","datePublished":"2023-11-11T21:32:17+00:00","dateModified":"2024-09-05T15:57:00+00:00","description":"grillkoda 7m2 on v\u00e4ikseim grillmaja","breadcrumb":{"@id":"https:\/\/alekeskus.eu\/toode\/grillkoda-33-x-28-m-taisvarustusega-alekeskus\/#breadcrumb"},"inLanguage":"et","potentialAction":[{"@type":"ReadAction","target":["https:\/\/alekeskus.eu\/toode\/grillkoda-33-x-28-m-taisvarustusega-alekeskus\/"]}]},{"@type":"ImageObject","inLanguage":"et","@id":"https:\/\/alekeskus.eu\/toode\/grillkoda-33-x-28-m-taisvarustusega-alekeskus\/#primaryimage","url":"https:\/\/alekeskus.eu\/wp-content\/uploads\/2021\/11\/691grillkoda-3-3-x-2-8-m-t-isvarustusega-0.jpg","contentUrl":"https:\/\/alekeskus.eu\/wp-content\/uploads\/2021\/11\/691grillkoda-3-3-x-2-8-m-t-isvarustusega-0.jpg","width":400,"height":225},{"@type":"BreadcrumbList","@id":"https:\/\/alekeskus.eu\/toode\/grillkoda-33-x-28-m-taisvarustusega-alekeskus\/#breadcrumb","itemListElement":[{"@type":"ListItem","position":1,"name":"Avaleht","item":"https:\/\/alekeskus.eu\/et\/"},{"@type":"ListItem","position":2,"name":"Pood","item":"https:\/\/alekeskus.eu\/pood\/"},{"@type":"ListItem","position":3,"name":"Grillkoda 3,3 x 2,8 m t\u00e4isvarustusega"}]},{"@type":"WebSite","@id":"https:\/\/alekeskus.eu\/#website","url":"https:\/\/alekeskus.eu\/","name":"Alekeskus","description":"Alekeskus.eu","potentialAction":[{"@type":"SearchAction","target":{"@type":"EntryPoint","urlTemplate":"https:\/\/alekeskus.eu\/?s={search_term_string}"},"query-input":{"@type":"PropertyValueSpecification","valueRequired":true,"valueName":"search_term_string"}}],"inLanguage":"et"}]}},"brands":[],"_links":{"self":[{"href":"https:\/\/alekeskus.eu\/et\/wp-json\/wp\/v2\/product\/62523","targetHints":{"allow":["GET"]}}],"collection":[{"href":"https:\/\/alekeskus.eu\/et\/wp-json\/wp\/v2\/product"}],"about":[{"href":"https:\/\/alekeskus.eu\/et\/wp-json\/wp\/v2\/types\/product"}],"wp:featuredmedia":[{"embeddable":true,"href":"https:\/\/alekeskus.eu\/et\/wp-json\/wp\/v2\/media\/62505"}],"wp:attachment":[{"href":"https:\/\/alekeskus.eu\/et\/wp-json\/wp\/v2\/media?parent=62523"}],"wp:term":[{"taxonomy":"pwb-brand","embeddable":true,"href":"https:\/\/alekeskus.eu\/et\/wp-json\/wp\/v2\/pwb-brand?post=62523"},{"taxonomy":"product_brand","embeddable":true,"href":"https:\/\/alekeskus.eu\/et\/wp-json\/wp\/v2\/product_brand?post=62523"},{"taxonomy":"product_cat","embeddable":true,"href":"https:\/\/alekeskus.eu\/et\/wp-json\/wp\/v2\/product_cat?post=62523"},{"taxonomy":"product_tag","embeddable":true,"href":"https:\/\/alekeskus.eu\/et\/wp-json\/wp\/v2\/product_tag?post=62523"}],"curies":[{"name":"wp","href":"https:\/\/api.w.org\/{rel}","templated":true}]}}