{"id":62575,"date":"2023-11-11T21:32:46","date_gmt":"2023-11-11T21:32:46","guid":{"rendered":"http:\/\/alekeskus.eu\/product\/pellet-kuttegraanul-premium-heatit\/"},"modified":"2026-02-17T08:10:34","modified_gmt":"2026-02-17T08:10:34","slug":"pellet-kuttegraanul-premium-heatit-alekeskus","status":"publish","type":"product","link":"https:\/\/alekeskus.eu\/et\/toode\/pellet-kuttegraanul-premium-heatit-alekeskus\/","title":{"rendered":"Pellet k\u00fcttegraanul Premium 6 mm"},"content":{"rendered":"","protected":false},"excerpt":{"rendered":"<p><span style=\"text-decoration: underline;\">Kvaliteetne Eesti k\u00fcttegraanul<\/span>\u00a0 6mm. Kes on korra ostnud, see muud vaevalt soovib.<\/p>\n<p>M\u00fc\u00fck aluse kaupa (975kg, st 65 x 15kg kotti).<\/p>\n<p>K\u00fcttev\u00e4\u00e4rtus: \u00a0<span style=\"text-decoration: underline;\">&gt;<\/span>\u00a04.6 kWh\/kg, tuhk:\u00a0<span style=\"text-decoration: underline;\">&lt;<\/span>\u00a00,5%<\/p>\n<p><span style=\"text-decoration: underline;\">Tasuta vedu mandri Eestis ja suursaartel!<\/span><\/p>\n<p style=\"font-weight: 400;\">Mahalaadimiskohas peab olema k\u00f5va ja sile pinnakate nagu kivisillutis v\u00f5i asfalt, sest kaup laaditakse maha roklaga. Ka vineeritahvel ja puitlaastplaat on piisavalt sileda ja tugevad, kuid killustik ei ole sobilik.<\/p>\n<p style=\"font-weight: 400;\">\n","protected":false},"featured_media":80689,"template":"","meta":{"_monsterinsights_skip_tracking":false,"_monsterinsights_sitenote_active":false,"_monsterinsights_sitenote_note":"","_monsterinsights_sitenote_category":0},"pwb-brand":[18577],"product_brand":[],"product_cat":[13542],"product_tag":[14052,17780,18738,14041,18904,14043,14044,14045,14047],"class_list":{"0":"post-62575","1":"product","2":"type-product","3":"status-publish","4":"has-post-thumbnail","6":"pwb-brand-eesti","7":"product_cat-kute","8":"product_tag-pelletti","9":"product_tag-kuttegraanul","10":"product_tag-lammityspelletti","11":"product_tag-kute","12":"product_tag-tahke-kutus","13":"product_tag-kutte","14":"product_tag-lammitys","15":"product_tag-heating","16":"product_tag-pellet","17":"product_shipping_class-tasuta-transport-kuni-300kg","18":"pa_kohaletoimetamine-tasuta-ule-eesti-soome-alates-160e-alekeskus","19":"pa_laoasukoht-tartumaa","20":"pa_pakendimoodud-095-x-115-x-175m","21":"pa_tellimisaeg-2-10-toopaeva","22":"pa_veame-eesti-ja-soome","24":"first","25":"instock","26":"taxable","27":"shipping-taxable","28":"purchasable","29":"product-type-simple"},"yoast_head":"<!-- This site is optimized with the Yoast SEO plugin v27.3 - https:\/\/yoast.com\/product\/yoast-seo-wordpress\/ -->\n<title>Pellet k\u00fcttegraanul Premium 6 mm - Alekeskus<\/title>\n<meta name=\"description\" content=\"Kodumaine kvaliteetne pellet Heatit 6 mm\" \/>\n<meta name=\"robots\" content=\"index, follow, max-snippet:-1, max-image-preview:large, max-video-preview:-1\" \/>\n<link rel=\"canonical\" href=\"https:\/\/alekeskus.eu\/et\/toode\/pellet-kuttegraanul-premium-heatit-alekeskus\/\" \/>\n<meta property=\"og:locale\" content=\"et_EE\" \/>\n<meta property=\"og:type\" content=\"article\" \/>\n<meta property=\"og:title\" content=\"Pellet k\u00fcttegraanul Premium 6 mm - Alekeskus\" \/>\n<meta property=\"og:description\" content=\"Kodumaine kvaliteetne pellet Heatit 6 mm\" \/>\n<meta property=\"og:url\" content=\"https:\/\/alekeskus.eu\/et\/toode\/pellet-kuttegraanul-premium-heatit-alekeskus\/\" \/>\n<meta property=\"og:site_name\" content=\"Alekeskus\" \/>\n<meta property=\"article:modified_time\" content=\"2026-02-17T08:10:34+00:00\" \/>\n<meta property=\"og:image\" content=\"https:\/\/alekeskus.eu\/wp-content\/uploads\/2021\/11\/Graanuli-alus-valge-taust.jpg\" \/>\n\t<meta property=\"og:image:width\" content=\"1203\" \/>\n\t<meta property=\"og:image:height\" content=\"1600\" \/>\n\t<meta property=\"og:image:type\" content=\"image\/jpeg\" \/>\n<meta name=\"twitter:card\" content=\"summary_large_image\" \/>\n<meta name=\"twitter:label1\" content=\"Est. reading time\" \/>\n\t<meta name=\"twitter:data1\" content=\"1 minut\" \/>\n<script type=\"application\/ld+json\" class=\"yoast-schema-graph\">{\"@context\":\"https:\\\/\\\/schema.org\",\"@graph\":[{\"@type\":\"WebPage\",\"@id\":\"https:\\\/\\\/alekeskus.eu\\\/et\\\/toode\\\/pellet-kuttegraanul-premium-heatit-alekeskus\\\/\",\"url\":\"https:\\\/\\\/alekeskus.eu\\\/et\\\/toode\\\/pellet-kuttegraanul-premium-heatit-alekeskus\\\/\",\"name\":\"Pellet k\u00fcttegraanul Premium 6 mm - Alekeskus\",\"isPartOf\":{\"@id\":\"https:\\\/\\\/alekeskus.eu\\\/#website\"},\"primaryImageOfPage\":{\"@id\":\"https:\\\/\\\/alekeskus.eu\\\/et\\\/toode\\\/pellet-kuttegraanul-premium-heatit-alekeskus\\\/#primaryimage\"},\"image\":{\"@id\":\"https:\\\/\\\/alekeskus.eu\\\/et\\\/toode\\\/pellet-kuttegraanul-premium-heatit-alekeskus\\\/#primaryimage\"},\"thumbnailUrl\":\"https:\\\/\\\/alekeskus.eu\\\/wp-content\\\/uploads\\\/2021\\\/11\\\/Graanuli-alus-valge-taust.jpg\",\"datePublished\":\"2023-11-11T21:32:46+00:00\",\"dateModified\":\"2026-02-17T08:10:34+00:00\",\"description\":\"Kodumaine kvaliteetne pellet Heatit 6 mm\",\"breadcrumb\":{\"@id\":\"https:\\\/\\\/alekeskus.eu\\\/et\\\/toode\\\/pellet-kuttegraanul-premium-heatit-alekeskus\\\/#breadcrumb\"},\"inLanguage\":\"et\",\"potentialAction\":[{\"@type\":\"ReadAction\",\"target\":[\"https:\\\/\\\/alekeskus.eu\\\/et\\\/toode\\\/pellet-kuttegraanul-premium-heatit-alekeskus\\\/\"]}]},{\"@type\":\"ImageObject\",\"inLanguage\":\"et\",\"@id\":\"https:\\\/\\\/alekeskus.eu\\\/et\\\/toode\\\/pellet-kuttegraanul-premium-heatit-alekeskus\\\/#primaryimage\",\"url\":\"https:\\\/\\\/alekeskus.eu\\\/wp-content\\\/uploads\\\/2021\\\/11\\\/Graanuli-alus-valge-taust.jpg\",\"contentUrl\":\"https:\\\/\\\/alekeskus.eu\\\/wp-content\\\/uploads\\\/2021\\\/11\\\/Graanuli-alus-valge-taust.jpg\",\"width\":1203,\"height\":1600},{\"@type\":\"BreadcrumbList\",\"@id\":\"https:\\\/\\\/alekeskus.eu\\\/et\\\/toode\\\/pellet-kuttegraanul-premium-heatit-alekeskus\\\/#breadcrumb\",\"itemListElement\":[{\"@type\":\"ListItem\",\"position\":1,\"name\":\"Avaleht\",\"item\":\"https:\\\/\\\/alekeskus.eu\\\/et\\\/\"},{\"@type\":\"ListItem\",\"position\":2,\"name\":\"Pood\",\"item\":\"https:\\\/\\\/alekeskus.eu\\\/pood\\\/\"},{\"@type\":\"ListItem\",\"position\":3,\"name\":\"Pellet k\u00fcttegraanul Premium 6 mm\"}]},{\"@type\":\"WebSite\",\"@id\":\"https:\\\/\\\/alekeskus.eu\\\/#website\",\"url\":\"https:\\\/\\\/alekeskus.eu\\\/\",\"name\":\"Alekeskus\",\"description\":\"Alekeskus.eu\",\"potentialAction\":[{\"@type\":\"SearchAction\",\"target\":{\"@type\":\"EntryPoint\",\"urlTemplate\":\"https:\\\/\\\/alekeskus.eu\\\/?s={search_term_string}\"},\"query-input\":{\"@type\":\"PropertyValueSpecification\",\"valueRequired\":true,\"valueName\":\"search_term_string\"}}],\"inLanguage\":\"et\"}]}<\/script>\n<!-- \/ Yoast SEO plugin. -->","yoast_head_json":{"title":"Pellet k\u00fcttegraanul Premium 6 mm - Alekeskus","description":"Kodumaine kvaliteetne pellet Heatit 6 mm","robots":{"index":"index","follow":"follow","max-snippet":"max-snippet:-1","max-image-preview":"max-image-preview:large","max-video-preview":"max-video-preview:-1"},"canonical":"https:\/\/alekeskus.eu\/et\/toode\/pellet-kuttegraanul-premium-heatit-alekeskus\/","og_locale":"et_EE","og_type":"article","og_title":"Pellet k\u00fcttegraanul Premium 6 mm - Alekeskus","og_description":"Kodumaine kvaliteetne pellet Heatit 6 mm","og_url":"https:\/\/alekeskus.eu\/et\/toode\/pellet-kuttegraanul-premium-heatit-alekeskus\/","og_site_name":"Alekeskus","article_modified_time":"2026-02-17T08:10:34+00:00","og_image":[{"width":1203,"height":1600,"url":"https:\/\/alekeskus.eu\/wp-content\/uploads\/2021\/11\/Graanuli-alus-valge-taust.jpg","type":"image\/jpeg"}],"twitter_card":"summary_large_image","twitter_misc":{"Est. reading time":"1 minut"},"schema":{"@context":"https:\/\/schema.org","@graph":[{"@type":"WebPage","@id":"https:\/\/alekeskus.eu\/et\/toode\/pellet-kuttegraanul-premium-heatit-alekeskus\/","url":"https:\/\/alekeskus.eu\/et\/toode\/pellet-kuttegraanul-premium-heatit-alekeskus\/","name":"Pellet k\u00fcttegraanul Premium 6 mm - Alekeskus","isPartOf":{"@id":"https:\/\/alekeskus.eu\/#website"},"primaryImageOfPage":{"@id":"https:\/\/alekeskus.eu\/et\/toode\/pellet-kuttegraanul-premium-heatit-alekeskus\/#primaryimage"},"image":{"@id":"https:\/\/alekeskus.eu\/et\/toode\/pellet-kuttegraanul-premium-heatit-alekeskus\/#primaryimage"},"thumbnailUrl":"https:\/\/alekeskus.eu\/wp-content\/uploads\/2021\/11\/Graanuli-alus-valge-taust.jpg","datePublished":"2023-11-11T21:32:46+00:00","dateModified":"2026-02-17T08:10:34+00:00","description":"Kodumaine kvaliteetne pellet Heatit 6 mm","breadcrumb":{"@id":"https:\/\/alekeskus.eu\/et\/toode\/pellet-kuttegraanul-premium-heatit-alekeskus\/#breadcrumb"},"inLanguage":"et","potentialAction":[{"@type":"ReadAction","target":["https:\/\/alekeskus.eu\/et\/toode\/pellet-kuttegraanul-premium-heatit-alekeskus\/"]}]},{"@type":"ImageObject","inLanguage":"et","@id":"https:\/\/alekeskus.eu\/et\/toode\/pellet-kuttegraanul-premium-heatit-alekeskus\/#primaryimage","url":"https:\/\/alekeskus.eu\/wp-content\/uploads\/2021\/11\/Graanuli-alus-valge-taust.jpg","contentUrl":"https:\/\/alekeskus.eu\/wp-content\/uploads\/2021\/11\/Graanuli-alus-valge-taust.jpg","width":1203,"height":1600},{"@type":"BreadcrumbList","@id":"https:\/\/alekeskus.eu\/et\/toode\/pellet-kuttegraanul-premium-heatit-alekeskus\/#breadcrumb","itemListElement":[{"@type":"ListItem","position":1,"name":"Avaleht","item":"https:\/\/alekeskus.eu\/et\/"},{"@type":"ListItem","position":2,"name":"Pood","item":"https:\/\/alekeskus.eu\/pood\/"},{"@type":"ListItem","position":3,"name":"Pellet k\u00fcttegraanul Premium 6 mm"}]},{"@type":"WebSite","@id":"https:\/\/alekeskus.eu\/#website","url":"https:\/\/alekeskus.eu\/","name":"Alekeskus","description":"Alekeskus.eu","potentialAction":[{"@type":"SearchAction","target":{"@type":"EntryPoint","urlTemplate":"https:\/\/alekeskus.eu\/?s={search_term_string}"},"query-input":{"@type":"PropertyValueSpecification","valueRequired":true,"valueName":"search_term_string"}}],"inLanguage":"et"}]}},"brands":[{"id":18577,"name":"Eesti","slug":"eesti"}],"_links":{"self":[{"href":"https:\/\/alekeskus.eu\/et\/wp-json\/wp\/v2\/product\/62575","targetHints":{"allow":["GET"]}}],"collection":[{"href":"https:\/\/alekeskus.eu\/et\/wp-json\/wp\/v2\/product"}],"about":[{"href":"https:\/\/alekeskus.eu\/et\/wp-json\/wp\/v2\/types\/product"}],"wp:featuredmedia":[{"embeddable":true,"href":"https:\/\/alekeskus.eu\/et\/wp-json\/wp\/v2\/media\/80689"}],"wp:attachment":[{"href":"https:\/\/alekeskus.eu\/et\/wp-json\/wp\/v2\/media?parent=62575"}],"wp:term":[{"taxonomy":"pwb-brand","embeddable":true,"href":"https:\/\/alekeskus.eu\/et\/wp-json\/wp\/v2\/pwb-brand?post=62575"},{"taxonomy":"product_brand","embeddable":true,"href":"https:\/\/alekeskus.eu\/et\/wp-json\/wp\/v2\/product_brand?post=62575"},{"taxonomy":"product_cat","embeddable":true,"href":"https:\/\/alekeskus.eu\/et\/wp-json\/wp\/v2\/product_cat?post=62575"},{"taxonomy":"product_tag","embeddable":true,"href":"https:\/\/alekeskus.eu\/et\/wp-json\/wp\/v2\/product_tag?post=62575"}],"curies":[{"name":"wp","href":"https:\/\/api.w.org\/{rel}","templated":true}]}}