{"id":62649,"date":"2024-11-11T21:33:19","date_gmt":"2024-11-11T21:33:19","guid":{"rendered":"http:\/\/alekeskus.eu\/product\/noorredel-5-astet-ale\/"},"modified":"2025-12-30T19:48:21","modified_gmt":"2025-12-30T19:48:21","slug":"noorredel-5-astet-alekeskus","status":"publish","type":"product","link":"https:\/\/alekeskus.eu\/et\/toode\/noorredel-5-astet-alekeskus\/","title":{"rendered":"N\u00f6\u00f6rredel 5 pulgaga L\u00d5PUM\u00dc\u00dcK!"},"content":{"rendered":"","protected":false},"excerpt":{"rendered":"<p>M\u00f5\u00f5dud: 30 x 180 cm<\/p>\n<p>Ilmastikukindel lisavarustus m\u00e4nguv\u00e4ljakutele. Kinnitusr\u00f5ngas kaasas.<\/p>\n<p>Asub Noarootsi laos(helistada ette 5015483). Pakiautomaati saatmine tasuta(tellides kirjutage soovitud pakiautomaat m\u00e4rkustesse).<\/p>\n","protected":false},"featured_media":62645,"template":"","meta":{"_monsterinsights_skip_tracking":false,"_monsterinsights_sitenote_active":false,"_monsterinsights_sitenote_note":"","_monsterinsights_sitenote_category":0},"pwb-brand":[],"product_brand":[],"product_cat":[18677,13556,13538,13562,13528],"product_tag":[13769,14086,14348],"class_list":{"0":"post-62649","1":"product","2":"type-product","3":"status-publish","4":"has-post-thumbnail","6":"product_cat-lopumuuk","7":"product_cat-kiiged","8":"product_cat-ale","9":"product_cat-tarvikud","10":"product_cat-manguvaljakud-kiiged","11":"product_tag-noorredel","12":"product_tag-sporditarbed","13":"product_tag-laste-manguvaljak","14":"product_shipping_class-tasuta-transport-kuni-300kg","15":"pa_tellimisaeg-2-10-toopaeva","16":"pa_veame-eesti-ja-soome","18":"first","19":"instock","20":"sale","21":"taxable","22":"shipping-taxable","23":"purchasable","24":"product-type-simple"},"yoast_head":"<!-- This site is optimized with the Yoast SEO plugin v27.3 - https:\/\/yoast.com\/product\/yoast-seo-wordpress\/ -->\n<title>N\u00f6\u00f6rredel 5 pulgaga L\u00d5PUM\u00dc\u00dcK! - Alekeskus<\/title>\n<meta name=\"description\" content=\"n\u00f6\u00f6rredel m\u00e4nguv\u00e4ljakule\" \/>\n<meta name=\"robots\" content=\"index, follow, max-snippet:-1, max-image-preview:large, max-video-preview:-1\" \/>\n<link rel=\"canonical\" href=\"https:\/\/alekeskus.eu\/toode\/noorredel-5-astet-alekeskus\/\" \/>\n<meta property=\"og:locale\" content=\"et_EE\" \/>\n<meta property=\"og:type\" content=\"article\" \/>\n<meta property=\"og:title\" content=\"N\u00f6\u00f6rredel 5 pulgaga L\u00d5PUM\u00dc\u00dcK! - Alekeskus\" \/>\n<meta property=\"og:description\" content=\"n\u00f6\u00f6rredel m\u00e4nguv\u00e4ljakule\" \/>\n<meta property=\"og:url\" content=\"https:\/\/alekeskus.eu\/toode\/noorredel-5-astet-alekeskus\/\" \/>\n<meta property=\"og:site_name\" content=\"Alekeskus\" \/>\n<meta property=\"article:modified_time\" content=\"2025-12-30T19:48:21+00:00\" \/>\n<meta property=\"og:image\" content=\"https:\/\/alekeskus.eu\/wp-content\/uploads\/2021\/11\/967n-rredel-5-astet-ale-0.jpg\" \/>\n\t<meta property=\"og:image:width\" content=\"207\" \/>\n\t<meta property=\"og:image:height\" content=\"400\" \/>\n\t<meta property=\"og:image:type\" content=\"image\/jpeg\" \/>\n<meta name=\"twitter:card\" content=\"summary_large_image\" \/>\n<meta name=\"twitter:label1\" content=\"Est. reading time\" \/>\n\t<meta name=\"twitter:data1\" content=\"1 minut\" \/>\n<script type=\"application\/ld+json\" class=\"yoast-schema-graph\">{\"@context\":\"https:\\\/\\\/schema.org\",\"@graph\":[{\"@type\":\"WebPage\",\"@id\":\"https:\\\/\\\/alekeskus.eu\\\/toode\\\/noorredel-5-astet-alekeskus\\\/\",\"url\":\"https:\\\/\\\/alekeskus.eu\\\/toode\\\/noorredel-5-astet-alekeskus\\\/\",\"name\":\"N\u00f6\u00f6rredel 5 pulgaga L\u00d5PUM\u00dc\u00dcK! - Alekeskus\",\"isPartOf\":{\"@id\":\"https:\\\/\\\/alekeskus.eu\\\/#website\"},\"primaryImageOfPage\":{\"@id\":\"https:\\\/\\\/alekeskus.eu\\\/toode\\\/noorredel-5-astet-alekeskus\\\/#primaryimage\"},\"image\":{\"@id\":\"https:\\\/\\\/alekeskus.eu\\\/toode\\\/noorredel-5-astet-alekeskus\\\/#primaryimage\"},\"thumbnailUrl\":\"https:\\\/\\\/alekeskus.eu\\\/wp-content\\\/uploads\\\/2021\\\/11\\\/967n-rredel-5-astet-ale-0.jpg\",\"datePublished\":\"2024-11-11T21:33:19+00:00\",\"dateModified\":\"2025-12-30T19:48:21+00:00\",\"description\":\"n\u00f6\u00f6rredel m\u00e4nguv\u00e4ljakule\",\"breadcrumb\":{\"@id\":\"https:\\\/\\\/alekeskus.eu\\\/toode\\\/noorredel-5-astet-alekeskus\\\/#breadcrumb\"},\"inLanguage\":\"et\",\"potentialAction\":[{\"@type\":\"ReadAction\",\"target\":[\"https:\\\/\\\/alekeskus.eu\\\/toode\\\/noorredel-5-astet-alekeskus\\\/\"]}]},{\"@type\":\"ImageObject\",\"inLanguage\":\"et\",\"@id\":\"https:\\\/\\\/alekeskus.eu\\\/toode\\\/noorredel-5-astet-alekeskus\\\/#primaryimage\",\"url\":\"https:\\\/\\\/alekeskus.eu\\\/wp-content\\\/uploads\\\/2021\\\/11\\\/967n-rredel-5-astet-ale-0.jpg\",\"contentUrl\":\"https:\\\/\\\/alekeskus.eu\\\/wp-content\\\/uploads\\\/2021\\\/11\\\/967n-rredel-5-astet-ale-0.jpg\",\"width\":207,\"height\":400},{\"@type\":\"BreadcrumbList\",\"@id\":\"https:\\\/\\\/alekeskus.eu\\\/toode\\\/noorredel-5-astet-alekeskus\\\/#breadcrumb\",\"itemListElement\":[{\"@type\":\"ListItem\",\"position\":1,\"name\":\"Avaleht\",\"item\":\"https:\\\/\\\/alekeskus.eu\\\/et\\\/\"},{\"@type\":\"ListItem\",\"position\":2,\"name\":\"Pood\",\"item\":\"https:\\\/\\\/alekeskus.eu\\\/pood\\\/\"},{\"@type\":\"ListItem\",\"position\":3,\"name\":\"N\u00f6\u00f6rredel 5 pulgaga L\u00d5PUM\u00dc\u00dcK!\"}]},{\"@type\":\"WebSite\",\"@id\":\"https:\\\/\\\/alekeskus.eu\\\/#website\",\"url\":\"https:\\\/\\\/alekeskus.eu\\\/\",\"name\":\"Alekeskus\",\"description\":\"Alekeskus.eu\",\"potentialAction\":[{\"@type\":\"SearchAction\",\"target\":{\"@type\":\"EntryPoint\",\"urlTemplate\":\"https:\\\/\\\/alekeskus.eu\\\/?s={search_term_string}\"},\"query-input\":{\"@type\":\"PropertyValueSpecification\",\"valueRequired\":true,\"valueName\":\"search_term_string\"}}],\"inLanguage\":\"et\"}]}<\/script>\n<!-- \/ Yoast SEO plugin. -->","yoast_head_json":{"title":"N\u00f6\u00f6rredel 5 pulgaga L\u00d5PUM\u00dc\u00dcK! - Alekeskus","description":"n\u00f6\u00f6rredel m\u00e4nguv\u00e4ljakule","robots":{"index":"index","follow":"follow","max-snippet":"max-snippet:-1","max-image-preview":"max-image-preview:large","max-video-preview":"max-video-preview:-1"},"canonical":"https:\/\/alekeskus.eu\/toode\/noorredel-5-astet-alekeskus\/","og_locale":"et_EE","og_type":"article","og_title":"N\u00f6\u00f6rredel 5 pulgaga L\u00d5PUM\u00dc\u00dcK! - Alekeskus","og_description":"n\u00f6\u00f6rredel m\u00e4nguv\u00e4ljakule","og_url":"https:\/\/alekeskus.eu\/toode\/noorredel-5-astet-alekeskus\/","og_site_name":"Alekeskus","article_modified_time":"2025-12-30T19:48:21+00:00","og_image":[{"width":207,"height":400,"url":"https:\/\/alekeskus.eu\/wp-content\/uploads\/2021\/11\/967n-rredel-5-astet-ale-0.jpg","type":"image\/jpeg"}],"twitter_card":"summary_large_image","twitter_misc":{"Est. reading time":"1 minut"},"schema":{"@context":"https:\/\/schema.org","@graph":[{"@type":"WebPage","@id":"https:\/\/alekeskus.eu\/toode\/noorredel-5-astet-alekeskus\/","url":"https:\/\/alekeskus.eu\/toode\/noorredel-5-astet-alekeskus\/","name":"N\u00f6\u00f6rredel 5 pulgaga L\u00d5PUM\u00dc\u00dcK! - Alekeskus","isPartOf":{"@id":"https:\/\/alekeskus.eu\/#website"},"primaryImageOfPage":{"@id":"https:\/\/alekeskus.eu\/toode\/noorredel-5-astet-alekeskus\/#primaryimage"},"image":{"@id":"https:\/\/alekeskus.eu\/toode\/noorredel-5-astet-alekeskus\/#primaryimage"},"thumbnailUrl":"https:\/\/alekeskus.eu\/wp-content\/uploads\/2021\/11\/967n-rredel-5-astet-ale-0.jpg","datePublished":"2024-11-11T21:33:19+00:00","dateModified":"2025-12-30T19:48:21+00:00","description":"n\u00f6\u00f6rredel m\u00e4nguv\u00e4ljakule","breadcrumb":{"@id":"https:\/\/alekeskus.eu\/toode\/noorredel-5-astet-alekeskus\/#breadcrumb"},"inLanguage":"et","potentialAction":[{"@type":"ReadAction","target":["https:\/\/alekeskus.eu\/toode\/noorredel-5-astet-alekeskus\/"]}]},{"@type":"ImageObject","inLanguage":"et","@id":"https:\/\/alekeskus.eu\/toode\/noorredel-5-astet-alekeskus\/#primaryimage","url":"https:\/\/alekeskus.eu\/wp-content\/uploads\/2021\/11\/967n-rredel-5-astet-ale-0.jpg","contentUrl":"https:\/\/alekeskus.eu\/wp-content\/uploads\/2021\/11\/967n-rredel-5-astet-ale-0.jpg","width":207,"height":400},{"@type":"BreadcrumbList","@id":"https:\/\/alekeskus.eu\/toode\/noorredel-5-astet-alekeskus\/#breadcrumb","itemListElement":[{"@type":"ListItem","position":1,"name":"Avaleht","item":"https:\/\/alekeskus.eu\/et\/"},{"@type":"ListItem","position":2,"name":"Pood","item":"https:\/\/alekeskus.eu\/pood\/"},{"@type":"ListItem","position":3,"name":"N\u00f6\u00f6rredel 5 pulgaga L\u00d5PUM\u00dc\u00dcK!"}]},{"@type":"WebSite","@id":"https:\/\/alekeskus.eu\/#website","url":"https:\/\/alekeskus.eu\/","name":"Alekeskus","description":"Alekeskus.eu","potentialAction":[{"@type":"SearchAction","target":{"@type":"EntryPoint","urlTemplate":"https:\/\/alekeskus.eu\/?s={search_term_string}"},"query-input":{"@type":"PropertyValueSpecification","valueRequired":true,"valueName":"search_term_string"}}],"inLanguage":"et"}]}},"brands":[],"_links":{"self":[{"href":"https:\/\/alekeskus.eu\/et\/wp-json\/wp\/v2\/product\/62649","targetHints":{"allow":["GET"]}}],"collection":[{"href":"https:\/\/alekeskus.eu\/et\/wp-json\/wp\/v2\/product"}],"about":[{"href":"https:\/\/alekeskus.eu\/et\/wp-json\/wp\/v2\/types\/product"}],"wp:featuredmedia":[{"embeddable":true,"href":"https:\/\/alekeskus.eu\/et\/wp-json\/wp\/v2\/media\/62645"}],"wp:attachment":[{"href":"https:\/\/alekeskus.eu\/et\/wp-json\/wp\/v2\/media?parent=62649"}],"wp:term":[{"taxonomy":"pwb-brand","embeddable":true,"href":"https:\/\/alekeskus.eu\/et\/wp-json\/wp\/v2\/pwb-brand?post=62649"},{"taxonomy":"product_brand","embeddable":true,"href":"https:\/\/alekeskus.eu\/et\/wp-json\/wp\/v2\/product_brand?post=62649"},{"taxonomy":"product_cat","embeddable":true,"href":"https:\/\/alekeskus.eu\/et\/wp-json\/wp\/v2\/product_cat?post=62649"},{"taxonomy":"product_tag","embeddable":true,"href":"https:\/\/alekeskus.eu\/et\/wp-json\/wp\/v2\/product_tag?post=62649"}],"curies":[{"name":"wp","href":"https:\/\/api.w.org\/{rel}","templated":true}]}}