{"id":62743,"date":"2021-11-11T21:40:05","date_gmt":"2021-11-11T21:40:05","guid":{"rendered":"http:\/\/alekeskus.eu\/product\/kodukontor-21\/"},"modified":"2022-02-06T16:12:58","modified_gmt":"2022-02-06T16:12:58","slug":"kodukontor-21","status":"publish","type":"product","link":"https:\/\/alekeskus.eu\/et\/toode\/kodukontor-21\/","title":{"rendered":"Kodukontor(kilp) Office 21"},"content":{"rendered":"<div>\n<div id=\"pilt_2916\">\n<div>\n<div id=\"pilt_3629\">Seinaelementide raam tehtud h\u00f6\u00f6velprussist\u00a044&#215;44 mm.\u00a0P\u00f5randatalad\u00a044&#215;94\u00a0ning laetalad\u00a044&#215;135\/264 mm.<\/div>\n<\/div>\n<\/div>\n<\/div>\n<div><\/div>\n<div><\/div>\n","protected":false},"excerpt":{"rendered":"<p><strong>V\u00e4lism\u00f5\u00f5dud: 598\u00a0x 355 cm.\u00a0<\/strong><\/p>\n<p><strong>Valmiskilpidest p\u00f5randa, seinte ja katusega esinduslik<\/strong>\u00a0valgusk\u00fcllane suvemaja v\u00f5i kontor ettev\u00f5ttesse. Puidust avat\u00e4ited pakettklaasiga. Katusekate ei sisaldu hinnas.<\/p>\n<p>Tellitav: PVC 24mm pakettklaasiga avat\u00e4idetega(+1100\u20ac) ning EPS soojustusega(p\u00f5rand ja lagi 65mm, seinad 35mm) ja 12mm sisevoodriga (+4500\u20ac).<\/p>\n","protected":false},"featured_media":62737,"template":"","meta":{"_monsterinsights_skip_tracking":false,"_monsterinsights_sitenote_active":false,"_monsterinsights_sitenote_note":"","_monsterinsights_sitenote_category":0},"pwb-brand":[],"product_brand":[],"product_cat":[13592,13540,13602,13608],"product_tag":[13815,13816,13840,13841,13813,13814],"class_list":{"0":"post-62743","1":"product","2":"type-product","3":"status-publish","4":"has-post-thumbnail","6":"product_cat-aia-ja-grillmajad","7":"product_cat-hooned-alekeskus","8":"product_cat-elementmajad","9":"product_cat-kontorid","10":"product_tag-kuur","11":"product_tag-peomaja","12":"product_tag-kontor","13":"product_tag-soojak","14":"product_tag-aiamaja","15":"product_tag-ouemaja","16":"product_shipping_class-alates-1000kg","17":"pa_garantii-2-aastat","18":"pa_kaalkg-14126","19":"pa_kohaletoimetamine-alates-180e","20":"pa_laoasukoht-vorumaa","21":"pa_pindalam-14127","22":"pa_tellimisaeg-tilausaika-alekeskus","23":"pa_varv-viimistlemata","24":"pa_veame-eesti-ja-soome","26":"first","27":"onbackorder","28":"taxable","29":"shipping-taxable","30":"purchasable","31":"product-type-simple"},"yoast_head":"<!-- This site is optimized with the Yoast SEO plugin v27.3 - https:\/\/yoast.com\/product\/yoast-seo-wordpress\/ -->\n<title>Kodukontor(kilp) Office 21 - Alekeskus<\/title>\n<meta name=\"description\" content=\"Kodukontor valmiskilpidest seintega\" \/>\n<meta name=\"robots\" content=\"index, follow, max-snippet:-1, max-image-preview:large, max-video-preview:-1\" \/>\n<link rel=\"canonical\" href=\"https:\/\/alekeskus.eu\/toode\/kodukontor-21\/\" \/>\n<meta property=\"og:locale\" content=\"et_EE\" \/>\n<meta property=\"og:type\" content=\"article\" \/>\n<meta property=\"og:title\" content=\"Kodukontor(kilp) Office 21 - Alekeskus\" \/>\n<meta property=\"og:description\" content=\"Kodukontor valmiskilpidest seintega\" \/>\n<meta property=\"og:url\" content=\"https:\/\/alekeskus.eu\/toode\/kodukontor-21\/\" \/>\n<meta property=\"og:site_name\" content=\"Alekeskus\" \/>\n<meta property=\"article:modified_time\" content=\"2022-02-06T16:12:58+00:00\" \/>\n<meta property=\"og:image\" content=\"https:\/\/alekeskus.eu\/wp-content\/uploads\/2021\/11\/991kodukontor-21-0.jpg\" \/>\n\t<meta property=\"og:image:width\" content=\"600\" \/>\n\t<meta property=\"og:image:height\" content=\"400\" \/>\n\t<meta property=\"og:image:type\" content=\"image\/jpeg\" \/>\n<meta name=\"twitter:card\" content=\"summary_large_image\" \/>\n<script type=\"application\/ld+json\" class=\"yoast-schema-graph\">{\"@context\":\"https:\\\/\\\/schema.org\",\"@graph\":[{\"@type\":\"WebPage\",\"@id\":\"https:\\\/\\\/alekeskus.eu\\\/toode\\\/kodukontor-21\\\/\",\"url\":\"https:\\\/\\\/alekeskus.eu\\\/toode\\\/kodukontor-21\\\/\",\"name\":\"Kodukontor(kilp) Office 21 - Alekeskus\",\"isPartOf\":{\"@id\":\"https:\\\/\\\/alekeskus.eu\\\/#website\"},\"primaryImageOfPage\":{\"@id\":\"https:\\\/\\\/alekeskus.eu\\\/toode\\\/kodukontor-21\\\/#primaryimage\"},\"image\":{\"@id\":\"https:\\\/\\\/alekeskus.eu\\\/toode\\\/kodukontor-21\\\/#primaryimage\"},\"thumbnailUrl\":\"https:\\\/\\\/alekeskus.eu\\\/wp-content\\\/uploads\\\/2021\\\/11\\\/991kodukontor-21-0.jpg\",\"datePublished\":\"2021-11-11T21:40:05+00:00\",\"dateModified\":\"2022-02-06T16:12:58+00:00\",\"description\":\"Kodukontor valmiskilpidest seintega\",\"breadcrumb\":{\"@id\":\"https:\\\/\\\/alekeskus.eu\\\/toode\\\/kodukontor-21\\\/#breadcrumb\"},\"inLanguage\":\"et\",\"potentialAction\":[{\"@type\":\"ReadAction\",\"target\":[\"https:\\\/\\\/alekeskus.eu\\\/toode\\\/kodukontor-21\\\/\"]}]},{\"@type\":\"ImageObject\",\"inLanguage\":\"et\",\"@id\":\"https:\\\/\\\/alekeskus.eu\\\/toode\\\/kodukontor-21\\\/#primaryimage\",\"url\":\"https:\\\/\\\/alekeskus.eu\\\/wp-content\\\/uploads\\\/2021\\\/11\\\/991kodukontor-21-0.jpg\",\"contentUrl\":\"https:\\\/\\\/alekeskus.eu\\\/wp-content\\\/uploads\\\/2021\\\/11\\\/991kodukontor-21-0.jpg\",\"width\":600,\"height\":400},{\"@type\":\"BreadcrumbList\",\"@id\":\"https:\\\/\\\/alekeskus.eu\\\/toode\\\/kodukontor-21\\\/#breadcrumb\",\"itemListElement\":[{\"@type\":\"ListItem\",\"position\":1,\"name\":\"Avaleht\",\"item\":\"https:\\\/\\\/alekeskus.eu\\\/et\\\/\"},{\"@type\":\"ListItem\",\"position\":2,\"name\":\"Pood\",\"item\":\"https:\\\/\\\/alekeskus.eu\\\/pood\\\/\"},{\"@type\":\"ListItem\",\"position\":3,\"name\":\"Kodukontor(kilp) Office 21\"}]},{\"@type\":\"WebSite\",\"@id\":\"https:\\\/\\\/alekeskus.eu\\\/#website\",\"url\":\"https:\\\/\\\/alekeskus.eu\\\/\",\"name\":\"Alekeskus\",\"description\":\"Alekeskus.eu\",\"potentialAction\":[{\"@type\":\"SearchAction\",\"target\":{\"@type\":\"EntryPoint\",\"urlTemplate\":\"https:\\\/\\\/alekeskus.eu\\\/?s={search_term_string}\"},\"query-input\":{\"@type\":\"PropertyValueSpecification\",\"valueRequired\":true,\"valueName\":\"search_term_string\"}}],\"inLanguage\":\"et\"}]}<\/script>\n<!-- \/ Yoast SEO plugin. -->","yoast_head_json":{"title":"Kodukontor(kilp) Office 21 - Alekeskus","description":"Kodukontor valmiskilpidest seintega","robots":{"index":"index","follow":"follow","max-snippet":"max-snippet:-1","max-image-preview":"max-image-preview:large","max-video-preview":"max-video-preview:-1"},"canonical":"https:\/\/alekeskus.eu\/toode\/kodukontor-21\/","og_locale":"et_EE","og_type":"article","og_title":"Kodukontor(kilp) Office 21 - Alekeskus","og_description":"Kodukontor valmiskilpidest seintega","og_url":"https:\/\/alekeskus.eu\/toode\/kodukontor-21\/","og_site_name":"Alekeskus","article_modified_time":"2022-02-06T16:12:58+00:00","og_image":[{"width":600,"height":400,"url":"https:\/\/alekeskus.eu\/wp-content\/uploads\/2021\/11\/991kodukontor-21-0.jpg","type":"image\/jpeg"}],"twitter_card":"summary_large_image","schema":{"@context":"https:\/\/schema.org","@graph":[{"@type":"WebPage","@id":"https:\/\/alekeskus.eu\/toode\/kodukontor-21\/","url":"https:\/\/alekeskus.eu\/toode\/kodukontor-21\/","name":"Kodukontor(kilp) Office 21 - Alekeskus","isPartOf":{"@id":"https:\/\/alekeskus.eu\/#website"},"primaryImageOfPage":{"@id":"https:\/\/alekeskus.eu\/toode\/kodukontor-21\/#primaryimage"},"image":{"@id":"https:\/\/alekeskus.eu\/toode\/kodukontor-21\/#primaryimage"},"thumbnailUrl":"https:\/\/alekeskus.eu\/wp-content\/uploads\/2021\/11\/991kodukontor-21-0.jpg","datePublished":"2021-11-11T21:40:05+00:00","dateModified":"2022-02-06T16:12:58+00:00","description":"Kodukontor valmiskilpidest seintega","breadcrumb":{"@id":"https:\/\/alekeskus.eu\/toode\/kodukontor-21\/#breadcrumb"},"inLanguage":"et","potentialAction":[{"@type":"ReadAction","target":["https:\/\/alekeskus.eu\/toode\/kodukontor-21\/"]}]},{"@type":"ImageObject","inLanguage":"et","@id":"https:\/\/alekeskus.eu\/toode\/kodukontor-21\/#primaryimage","url":"https:\/\/alekeskus.eu\/wp-content\/uploads\/2021\/11\/991kodukontor-21-0.jpg","contentUrl":"https:\/\/alekeskus.eu\/wp-content\/uploads\/2021\/11\/991kodukontor-21-0.jpg","width":600,"height":400},{"@type":"BreadcrumbList","@id":"https:\/\/alekeskus.eu\/toode\/kodukontor-21\/#breadcrumb","itemListElement":[{"@type":"ListItem","position":1,"name":"Avaleht","item":"https:\/\/alekeskus.eu\/et\/"},{"@type":"ListItem","position":2,"name":"Pood","item":"https:\/\/alekeskus.eu\/pood\/"},{"@type":"ListItem","position":3,"name":"Kodukontor(kilp) Office 21"}]},{"@type":"WebSite","@id":"https:\/\/alekeskus.eu\/#website","url":"https:\/\/alekeskus.eu\/","name":"Alekeskus","description":"Alekeskus.eu","potentialAction":[{"@type":"SearchAction","target":{"@type":"EntryPoint","urlTemplate":"https:\/\/alekeskus.eu\/?s={search_term_string}"},"query-input":{"@type":"PropertyValueSpecification","valueRequired":true,"valueName":"search_term_string"}}],"inLanguage":"et"}]}},"brands":[],"_links":{"self":[{"href":"https:\/\/alekeskus.eu\/et\/wp-json\/wp\/v2\/product\/62743","targetHints":{"allow":["GET"]}}],"collection":[{"href":"https:\/\/alekeskus.eu\/et\/wp-json\/wp\/v2\/product"}],"about":[{"href":"https:\/\/alekeskus.eu\/et\/wp-json\/wp\/v2\/types\/product"}],"wp:featuredmedia":[{"embeddable":true,"href":"https:\/\/alekeskus.eu\/et\/wp-json\/wp\/v2\/media\/62737"}],"wp:attachment":[{"href":"https:\/\/alekeskus.eu\/et\/wp-json\/wp\/v2\/media?parent=62743"}],"wp:term":[{"taxonomy":"pwb-brand","embeddable":true,"href":"https:\/\/alekeskus.eu\/et\/wp-json\/wp\/v2\/pwb-brand?post=62743"},{"taxonomy":"product_brand","embeddable":true,"href":"https:\/\/alekeskus.eu\/et\/wp-json\/wp\/v2\/product_brand?post=62743"},{"taxonomy":"product_cat","embeddable":true,"href":"https:\/\/alekeskus.eu\/et\/wp-json\/wp\/v2\/product_cat?post=62743"},{"taxonomy":"product_tag","embeddable":true,"href":"https:\/\/alekeskus.eu\/et\/wp-json\/wp\/v2\/product_tag?post=62743"}],"curies":[{"name":"wp","href":"https:\/\/api.w.org\/{rel}","templated":true}]}}