{"id":62753,"date":"2021-11-11T21:40:09","date_gmt":"2021-11-11T21:40:09","guid":{"rendered":"http:\/\/alekeskus.eu\/product\/kodukontor-25\/"},"modified":"2022-02-06T16:23:25","modified_gmt":"2022-02-06T16:23:25","slug":"kodukontor-25","status":"publish","type":"product","link":"https:\/\/alekeskus.eu\/et\/toode\/kodukontor-25\/","title":{"rendered":"Kodukontor(kilp) Office 25"},"content":{"rendered":"<div>\n<div id=\"pilt_2916\">\n<div>\n<div id=\"pilt_3629\">\n<div dir=\"ltr\">Seinaelementide raam tehtud h\u00f6\u00f6velprussist\u00a0<span style=\"color: #0000ff;\">44&#215;44 mm.<\/span>\u00a0P\u00f5randatalad\u00a0<span style=\"color: #0000ff;\">44&#215;94<\/span>\u00a0ning laetalad\u00a0<span style=\"color: #0000ff;\">44&#215;135\/264 mm.<\/span><\/div>\n<\/div>\n<\/div>\n<div><\/div>\n<\/div>\n<\/div>\n<div><\/div>\n<div><\/div>\n","protected":false},"excerpt":{"rendered":"<p><strong>V\u00e4lism\u00f5\u00f5dud: 715&#215;355 cm.\u00a0<\/strong><\/p>\n<p><strong>Valmiskilpidest <\/strong>p\u00f5randa, seinte ja katusega kontor koju v\u00f5i ettev\u00f5ttesse. V\u00e4lisvoodrilaud 19mm. Puidust avat\u00e4ited pakettklaasiga. Katusekate ei sisaldu hinnas.<\/p>\n<p>Tellimisel: PVC 24mm pakettklaasiga avat\u00e4idetega(+1300\u20ac) ning EPS soojustusega(p\u00f5rand ja lagi 65mm, seinad 35mm) ja 12mm sisevoodriga (+4900\u20ac). Vahesein uksega 360\u20ac, pimedasse tuppa 70x80cm avanev PVC aken 150\u20ac.<\/p>\n","protected":false},"featured_media":62745,"template":"","meta":{"_monsterinsights_skip_tracking":false,"_monsterinsights_sitenote_active":false,"_monsterinsights_sitenote_note":"","_monsterinsights_sitenote_category":0},"pwb-brand":[],"product_brand":[],"product_cat":[13592,13540,13602,13608],"product_tag":[13840,13841,13813,13814,13815,13816],"class_list":{"0":"post-62753","1":"product","2":"type-product","3":"status-publish","4":"has-post-thumbnail","6":"product_cat-aia-ja-grillmajad","7":"product_cat-hooned-alekeskus","8":"product_cat-elementmajad","9":"product_cat-kontorid","10":"product_tag-kontor","11":"product_tag-soojak","12":"product_tag-aiamaja","13":"product_tag-ouemaja","14":"product_tag-kuur","15":"product_tag-peomaja","16":"product_shipping_class-alates-1000kg","17":"pa_garantii-2-aastat","18":"pa_kaalkg-14128","19":"pa_kohaletoimetamine-alates-180e","20":"pa_laoasukoht-vorumaa","21":"pa_pakendimoodud-480x118x80cm","22":"pa_pindalam-14129","23":"pa_tellimisaeg-tilausaika-alekeskus","24":"pa_varv-viimistlemata","25":"pa_veame-eesti-ja-soome","27":"first","28":"onbackorder","29":"taxable","30":"shipping-taxable","31":"purchasable","32":"product-type-simple"},"yoast_head":"<!-- This site is optimized with the Yoast SEO plugin v27.3 - https:\/\/yoast.com\/product\/yoast-seo-wordpress\/ -->\n<title>Kodukontor(kilp) Office 25 - Alekeskus<\/title>\n<meta name=\"description\" content=\"Kodukontorite kuningas 25 m2\" \/>\n<meta name=\"robots\" content=\"index, follow, max-snippet:-1, max-image-preview:large, max-video-preview:-1\" \/>\n<link rel=\"canonical\" href=\"https:\/\/alekeskus.eu\/toode\/kodukontor-25\/\" \/>\n<meta property=\"og:locale\" content=\"et_EE\" \/>\n<meta property=\"og:type\" content=\"article\" \/>\n<meta property=\"og:title\" content=\"Kodukontor(kilp) Office 25 - Alekeskus\" \/>\n<meta property=\"og:description\" content=\"Kodukontorite kuningas 25 m2\" \/>\n<meta property=\"og:url\" content=\"https:\/\/alekeskus.eu\/toode\/kodukontor-25\/\" \/>\n<meta property=\"og:site_name\" content=\"Alekeskus\" \/>\n<meta property=\"article:modified_time\" content=\"2022-02-06T16:23:25+00:00\" \/>\n<meta property=\"og:image\" content=\"https:\/\/alekeskus.eu\/wp-content\/uploads\/2021\/11\/992kodukontor-25-0.jpg\" \/>\n\t<meta property=\"og:image:width\" content=\"600\" \/>\n\t<meta property=\"og:image:height\" content=\"400\" \/>\n\t<meta property=\"og:image:type\" content=\"image\/jpeg\" \/>\n<meta name=\"twitter:card\" content=\"summary_large_image\" \/>\n<script type=\"application\/ld+json\" class=\"yoast-schema-graph\">{\"@context\":\"https:\\\/\\\/schema.org\",\"@graph\":[{\"@type\":\"WebPage\",\"@id\":\"https:\\\/\\\/alekeskus.eu\\\/toode\\\/kodukontor-25\\\/\",\"url\":\"https:\\\/\\\/alekeskus.eu\\\/toode\\\/kodukontor-25\\\/\",\"name\":\"Kodukontor(kilp) Office 25 - Alekeskus\",\"isPartOf\":{\"@id\":\"https:\\\/\\\/alekeskus.eu\\\/#website\"},\"primaryImageOfPage\":{\"@id\":\"https:\\\/\\\/alekeskus.eu\\\/toode\\\/kodukontor-25\\\/#primaryimage\"},\"image\":{\"@id\":\"https:\\\/\\\/alekeskus.eu\\\/toode\\\/kodukontor-25\\\/#primaryimage\"},\"thumbnailUrl\":\"https:\\\/\\\/alekeskus.eu\\\/wp-content\\\/uploads\\\/2021\\\/11\\\/992kodukontor-25-0.jpg\",\"datePublished\":\"2021-11-11T21:40:09+00:00\",\"dateModified\":\"2022-02-06T16:23:25+00:00\",\"description\":\"Kodukontorite kuningas 25 m2\",\"breadcrumb\":{\"@id\":\"https:\\\/\\\/alekeskus.eu\\\/toode\\\/kodukontor-25\\\/#breadcrumb\"},\"inLanguage\":\"et\",\"potentialAction\":[{\"@type\":\"ReadAction\",\"target\":[\"https:\\\/\\\/alekeskus.eu\\\/toode\\\/kodukontor-25\\\/\"]}]},{\"@type\":\"ImageObject\",\"inLanguage\":\"et\",\"@id\":\"https:\\\/\\\/alekeskus.eu\\\/toode\\\/kodukontor-25\\\/#primaryimage\",\"url\":\"https:\\\/\\\/alekeskus.eu\\\/wp-content\\\/uploads\\\/2021\\\/11\\\/992kodukontor-25-0.jpg\",\"contentUrl\":\"https:\\\/\\\/alekeskus.eu\\\/wp-content\\\/uploads\\\/2021\\\/11\\\/992kodukontor-25-0.jpg\",\"width\":600,\"height\":400},{\"@type\":\"BreadcrumbList\",\"@id\":\"https:\\\/\\\/alekeskus.eu\\\/toode\\\/kodukontor-25\\\/#breadcrumb\",\"itemListElement\":[{\"@type\":\"ListItem\",\"position\":1,\"name\":\"Avaleht\",\"item\":\"https:\\\/\\\/alekeskus.eu\\\/et\\\/\"},{\"@type\":\"ListItem\",\"position\":2,\"name\":\"Pood\",\"item\":\"https:\\\/\\\/alekeskus.eu\\\/pood\\\/\"},{\"@type\":\"ListItem\",\"position\":3,\"name\":\"Kodukontor(kilp) Office 25\"}]},{\"@type\":\"WebSite\",\"@id\":\"https:\\\/\\\/alekeskus.eu\\\/#website\",\"url\":\"https:\\\/\\\/alekeskus.eu\\\/\",\"name\":\"Alekeskus\",\"description\":\"Alekeskus.eu\",\"potentialAction\":[{\"@type\":\"SearchAction\",\"target\":{\"@type\":\"EntryPoint\",\"urlTemplate\":\"https:\\\/\\\/alekeskus.eu\\\/?s={search_term_string}\"},\"query-input\":{\"@type\":\"PropertyValueSpecification\",\"valueRequired\":true,\"valueName\":\"search_term_string\"}}],\"inLanguage\":\"et\"}]}<\/script>\n<!-- \/ Yoast SEO plugin. -->","yoast_head_json":{"title":"Kodukontor(kilp) Office 25 - Alekeskus","description":"Kodukontorite kuningas 25 m2","robots":{"index":"index","follow":"follow","max-snippet":"max-snippet:-1","max-image-preview":"max-image-preview:large","max-video-preview":"max-video-preview:-1"},"canonical":"https:\/\/alekeskus.eu\/toode\/kodukontor-25\/","og_locale":"et_EE","og_type":"article","og_title":"Kodukontor(kilp) Office 25 - Alekeskus","og_description":"Kodukontorite kuningas 25 m2","og_url":"https:\/\/alekeskus.eu\/toode\/kodukontor-25\/","og_site_name":"Alekeskus","article_modified_time":"2022-02-06T16:23:25+00:00","og_image":[{"width":600,"height":400,"url":"https:\/\/alekeskus.eu\/wp-content\/uploads\/2021\/11\/992kodukontor-25-0.jpg","type":"image\/jpeg"}],"twitter_card":"summary_large_image","schema":{"@context":"https:\/\/schema.org","@graph":[{"@type":"WebPage","@id":"https:\/\/alekeskus.eu\/toode\/kodukontor-25\/","url":"https:\/\/alekeskus.eu\/toode\/kodukontor-25\/","name":"Kodukontor(kilp) Office 25 - Alekeskus","isPartOf":{"@id":"https:\/\/alekeskus.eu\/#website"},"primaryImageOfPage":{"@id":"https:\/\/alekeskus.eu\/toode\/kodukontor-25\/#primaryimage"},"image":{"@id":"https:\/\/alekeskus.eu\/toode\/kodukontor-25\/#primaryimage"},"thumbnailUrl":"https:\/\/alekeskus.eu\/wp-content\/uploads\/2021\/11\/992kodukontor-25-0.jpg","datePublished":"2021-11-11T21:40:09+00:00","dateModified":"2022-02-06T16:23:25+00:00","description":"Kodukontorite kuningas 25 m2","breadcrumb":{"@id":"https:\/\/alekeskus.eu\/toode\/kodukontor-25\/#breadcrumb"},"inLanguage":"et","potentialAction":[{"@type":"ReadAction","target":["https:\/\/alekeskus.eu\/toode\/kodukontor-25\/"]}]},{"@type":"ImageObject","inLanguage":"et","@id":"https:\/\/alekeskus.eu\/toode\/kodukontor-25\/#primaryimage","url":"https:\/\/alekeskus.eu\/wp-content\/uploads\/2021\/11\/992kodukontor-25-0.jpg","contentUrl":"https:\/\/alekeskus.eu\/wp-content\/uploads\/2021\/11\/992kodukontor-25-0.jpg","width":600,"height":400},{"@type":"BreadcrumbList","@id":"https:\/\/alekeskus.eu\/toode\/kodukontor-25\/#breadcrumb","itemListElement":[{"@type":"ListItem","position":1,"name":"Avaleht","item":"https:\/\/alekeskus.eu\/et\/"},{"@type":"ListItem","position":2,"name":"Pood","item":"https:\/\/alekeskus.eu\/pood\/"},{"@type":"ListItem","position":3,"name":"Kodukontor(kilp) Office 25"}]},{"@type":"WebSite","@id":"https:\/\/alekeskus.eu\/#website","url":"https:\/\/alekeskus.eu\/","name":"Alekeskus","description":"Alekeskus.eu","potentialAction":[{"@type":"SearchAction","target":{"@type":"EntryPoint","urlTemplate":"https:\/\/alekeskus.eu\/?s={search_term_string}"},"query-input":{"@type":"PropertyValueSpecification","valueRequired":true,"valueName":"search_term_string"}}],"inLanguage":"et"}]}},"brands":[],"_links":{"self":[{"href":"https:\/\/alekeskus.eu\/et\/wp-json\/wp\/v2\/product\/62753","targetHints":{"allow":["GET"]}}],"collection":[{"href":"https:\/\/alekeskus.eu\/et\/wp-json\/wp\/v2\/product"}],"about":[{"href":"https:\/\/alekeskus.eu\/et\/wp-json\/wp\/v2\/types\/product"}],"wp:featuredmedia":[{"embeddable":true,"href":"https:\/\/alekeskus.eu\/et\/wp-json\/wp\/v2\/media\/62745"}],"wp:attachment":[{"href":"https:\/\/alekeskus.eu\/et\/wp-json\/wp\/v2\/media?parent=62753"}],"wp:term":[{"taxonomy":"pwb-brand","embeddable":true,"href":"https:\/\/alekeskus.eu\/et\/wp-json\/wp\/v2\/pwb-brand?post=62753"},{"taxonomy":"product_brand","embeddable":true,"href":"https:\/\/alekeskus.eu\/et\/wp-json\/wp\/v2\/product_brand?post=62753"},{"taxonomy":"product_cat","embeddable":true,"href":"https:\/\/alekeskus.eu\/et\/wp-json\/wp\/v2\/product_cat?post=62753"},{"taxonomy":"product_tag","embeddable":true,"href":"https:\/\/alekeskus.eu\/et\/wp-json\/wp\/v2\/product_tag?post=62753"}],"curies":[{"name":"wp","href":"https:\/\/api.w.org\/{rel}","templated":true}]}}