{"id":62759,"date":"2022-07-11T21:40:11","date_gmt":"2022-07-11T21:40:11","guid":{"rendered":"http:\/\/alekeskus.eu\/product\/kiosk-2x2m\/"},"modified":"2022-11-21T18:03:54","modified_gmt":"2022-11-21T18:03:54","slug":"kiosk-2x2m","status":"publish","type":"product","link":"https:\/\/alekeskus.eu\/et\/toode\/kiosk-2x2m\/","title":{"rendered":"Kiosk 2x2m"},"content":{"rendered":"","protected":false},"excerpt":{"rendered":"<p>V\u00e4lism\u00f5\u00f5dud:\u00a0<strong>200 x 203 cm<\/strong>.<\/p>\n<p><strong>Elementidest katus 16 mm, sein eraldi 16 mm punnlaudadest. P\u00f5rand ja katusekate ei sisaldu hinnas. OSB plaadiga p\u00f5rand tellitav +70\u20ac.\u00a0<\/strong><\/p>\n<p>R\u00e4\u00e4stas ees 88 cm. Harja k\u00f5rgus 235 cm, seina k\u00f5rgus 189 cm.<\/p>\n<p>Tehtud Eestis.<\/p>\n","protected":false},"featured_media":78893,"template":"","meta":{"_monsterinsights_skip_tracking":false,"_monsterinsights_sitenote_active":false,"_monsterinsights_sitenote_note":"","_monsterinsights_sitenote_category":0},"pwb-brand":[],"product_brand":[],"product_cat":[13540,13600],"product_tag":[13925,13926,13914,13924],"class_list":{"0":"post-62759","1":"product","2":"type-product","3":"status-publish","4":"has-post-thumbnail","6":"product_cat-hooned-alekeskus","7":"product_cat-kuurid-aidad-kioskid","8":"product_tag-turg","9":"product_tag-putka","10":"product_tag-kiosk","11":"product_tag-muugikoht","12":"product_shipping_class-kuni-1000kg","13":"pa_garantii-2-aastat","14":"pa_kohaletoimetamine-100e-mandri-eestis","15":"pa_laoasukoht-vorumaa","16":"pa_pindalam-14133","17":"pa_tellimisaeg-tilausaika-alekeskus","18":"pa_valilisad-osb-porand","19":"pa_valilisad-ilma-porandata","20":"pa_varv-viimistlemata","21":"pa_veame-eesti-ja-soome","23":"first","24":"instock","25":"taxable","26":"shipping-taxable","27":"purchasable","28":"product-type-variable","29":"has-default-attributes"},"yoast_head":"<!-- This site is optimized with the Yoast SEO plugin v27.3 - https:\/\/yoast.com\/product\/yoast-seo-wordpress\/ -->\n<title>Kiosk 2x2m - Alekeskus<\/title>\n<meta name=\"description\" content=\"puitelementidest kiosk j\u00f5uluturule\" \/>\n<meta name=\"robots\" content=\"index, follow, max-snippet:-1, max-image-preview:large, max-video-preview:-1\" \/>\n<link rel=\"canonical\" href=\"https:\/\/alekeskus.eu\/toode\/kiosk-2x2m\/\" \/>\n<meta property=\"og:locale\" content=\"et_EE\" \/>\n<meta property=\"og:type\" content=\"article\" \/>\n<meta property=\"og:title\" content=\"Kiosk 2x2m - Alekeskus\" \/>\n<meta property=\"og:description\" content=\"puitelementidest kiosk j\u00f5uluturule\" \/>\n<meta property=\"og:url\" content=\"https:\/\/alekeskus.eu\/toode\/kiosk-2x2m\/\" \/>\n<meta property=\"og:site_name\" content=\"Alekeskus\" \/>\n<meta property=\"article:modified_time\" content=\"2022-11-21T18:03:54+00:00\" \/>\n<meta property=\"og:image\" content=\"https:\/\/alekeskus.eu\/wp-content\/uploads\/2022\/07\/kiosk_2x2-uus-1024x1024.jpg\" \/>\n\t<meta property=\"og:image:width\" content=\"1024\" \/>\n\t<meta property=\"og:image:height\" content=\"1024\" \/>\n\t<meta property=\"og:image:type\" content=\"image\/jpeg\" \/>\n<meta name=\"twitter:card\" content=\"summary_large_image\" \/>\n<script type=\"application\/ld+json\" class=\"yoast-schema-graph\">{\"@context\":\"https:\\\/\\\/schema.org\",\"@graph\":[{\"@type\":\"WebPage\",\"@id\":\"https:\\\/\\\/alekeskus.eu\\\/toode\\\/kiosk-2x2m\\\/\",\"url\":\"https:\\\/\\\/alekeskus.eu\\\/toode\\\/kiosk-2x2m\\\/\",\"name\":\"Kiosk 2x2m - Alekeskus\",\"isPartOf\":{\"@id\":\"https:\\\/\\\/alekeskus.eu\\\/#website\"},\"primaryImageOfPage\":{\"@id\":\"https:\\\/\\\/alekeskus.eu\\\/toode\\\/kiosk-2x2m\\\/#primaryimage\"},\"image\":{\"@id\":\"https:\\\/\\\/alekeskus.eu\\\/toode\\\/kiosk-2x2m\\\/#primaryimage\"},\"thumbnailUrl\":\"https:\\\/\\\/alekeskus.eu\\\/wp-content\\\/uploads\\\/2022\\\/07\\\/kiosk_2x2-uus.jpg\",\"datePublished\":\"2022-07-11T21:40:11+00:00\",\"dateModified\":\"2022-11-21T18:03:54+00:00\",\"description\":\"puitelementidest kiosk j\u00f5uluturule\",\"breadcrumb\":{\"@id\":\"https:\\\/\\\/alekeskus.eu\\\/toode\\\/kiosk-2x2m\\\/#breadcrumb\"},\"inLanguage\":\"et\",\"potentialAction\":[{\"@type\":\"ReadAction\",\"target\":[\"https:\\\/\\\/alekeskus.eu\\\/toode\\\/kiosk-2x2m\\\/\"]}]},{\"@type\":\"ImageObject\",\"inLanguage\":\"et\",\"@id\":\"https:\\\/\\\/alekeskus.eu\\\/toode\\\/kiosk-2x2m\\\/#primaryimage\",\"url\":\"https:\\\/\\\/alekeskus.eu\\\/wp-content\\\/uploads\\\/2022\\\/07\\\/kiosk_2x2-uus.jpg\",\"contentUrl\":\"https:\\\/\\\/alekeskus.eu\\\/wp-content\\\/uploads\\\/2022\\\/07\\\/kiosk_2x2-uus.jpg\",\"width\":1600,\"height\":1067},{\"@type\":\"BreadcrumbList\",\"@id\":\"https:\\\/\\\/alekeskus.eu\\\/toode\\\/kiosk-2x2m\\\/#breadcrumb\",\"itemListElement\":[{\"@type\":\"ListItem\",\"position\":1,\"name\":\"Avaleht\",\"item\":\"https:\\\/\\\/alekeskus.eu\\\/et\\\/\"},{\"@type\":\"ListItem\",\"position\":2,\"name\":\"Pood\",\"item\":\"https:\\\/\\\/alekeskus.eu\\\/pood\\\/\"},{\"@type\":\"ListItem\",\"position\":3,\"name\":\"Kiosk 2x2m\"}]},{\"@type\":\"WebSite\",\"@id\":\"https:\\\/\\\/alekeskus.eu\\\/#website\",\"url\":\"https:\\\/\\\/alekeskus.eu\\\/\",\"name\":\"Alekeskus\",\"description\":\"Alekeskus.eu\",\"potentialAction\":[{\"@type\":\"SearchAction\",\"target\":{\"@type\":\"EntryPoint\",\"urlTemplate\":\"https:\\\/\\\/alekeskus.eu\\\/?s={search_term_string}\"},\"query-input\":{\"@type\":\"PropertyValueSpecification\",\"valueRequired\":true,\"valueName\":\"search_term_string\"}}],\"inLanguage\":\"et\"}]}<\/script>\n<!-- \/ Yoast SEO plugin. -->","yoast_head_json":{"title":"Kiosk 2x2m - Alekeskus","description":"puitelementidest kiosk j\u00f5uluturule","robots":{"index":"index","follow":"follow","max-snippet":"max-snippet:-1","max-image-preview":"max-image-preview:large","max-video-preview":"max-video-preview:-1"},"canonical":"https:\/\/alekeskus.eu\/toode\/kiosk-2x2m\/","og_locale":"et_EE","og_type":"article","og_title":"Kiosk 2x2m - Alekeskus","og_description":"puitelementidest kiosk j\u00f5uluturule","og_url":"https:\/\/alekeskus.eu\/toode\/kiosk-2x2m\/","og_site_name":"Alekeskus","article_modified_time":"2022-11-21T18:03:54+00:00","og_image":[{"width":1024,"height":1024,"url":"https:\/\/alekeskus.eu\/wp-content\/uploads\/2022\/07\/kiosk_2x2-uus-1024x1024.jpg","type":"image\/jpeg"}],"twitter_card":"summary_large_image","schema":{"@context":"https:\/\/schema.org","@graph":[{"@type":"WebPage","@id":"https:\/\/alekeskus.eu\/toode\/kiosk-2x2m\/","url":"https:\/\/alekeskus.eu\/toode\/kiosk-2x2m\/","name":"Kiosk 2x2m - Alekeskus","isPartOf":{"@id":"https:\/\/alekeskus.eu\/#website"},"primaryImageOfPage":{"@id":"https:\/\/alekeskus.eu\/toode\/kiosk-2x2m\/#primaryimage"},"image":{"@id":"https:\/\/alekeskus.eu\/toode\/kiosk-2x2m\/#primaryimage"},"thumbnailUrl":"https:\/\/alekeskus.eu\/wp-content\/uploads\/2022\/07\/kiosk_2x2-uus.jpg","datePublished":"2022-07-11T21:40:11+00:00","dateModified":"2022-11-21T18:03:54+00:00","description":"puitelementidest kiosk j\u00f5uluturule","breadcrumb":{"@id":"https:\/\/alekeskus.eu\/toode\/kiosk-2x2m\/#breadcrumb"},"inLanguage":"et","potentialAction":[{"@type":"ReadAction","target":["https:\/\/alekeskus.eu\/toode\/kiosk-2x2m\/"]}]},{"@type":"ImageObject","inLanguage":"et","@id":"https:\/\/alekeskus.eu\/toode\/kiosk-2x2m\/#primaryimage","url":"https:\/\/alekeskus.eu\/wp-content\/uploads\/2022\/07\/kiosk_2x2-uus.jpg","contentUrl":"https:\/\/alekeskus.eu\/wp-content\/uploads\/2022\/07\/kiosk_2x2-uus.jpg","width":1600,"height":1067},{"@type":"BreadcrumbList","@id":"https:\/\/alekeskus.eu\/toode\/kiosk-2x2m\/#breadcrumb","itemListElement":[{"@type":"ListItem","position":1,"name":"Avaleht","item":"https:\/\/alekeskus.eu\/et\/"},{"@type":"ListItem","position":2,"name":"Pood","item":"https:\/\/alekeskus.eu\/pood\/"},{"@type":"ListItem","position":3,"name":"Kiosk 2x2m"}]},{"@type":"WebSite","@id":"https:\/\/alekeskus.eu\/#website","url":"https:\/\/alekeskus.eu\/","name":"Alekeskus","description":"Alekeskus.eu","potentialAction":[{"@type":"SearchAction","target":{"@type":"EntryPoint","urlTemplate":"https:\/\/alekeskus.eu\/?s={search_term_string}"},"query-input":{"@type":"PropertyValueSpecification","valueRequired":true,"valueName":"search_term_string"}}],"inLanguage":"et"}]}},"brands":[],"_links":{"self":[{"href":"https:\/\/alekeskus.eu\/et\/wp-json\/wp\/v2\/product\/62759","targetHints":{"allow":["GET"]}}],"collection":[{"href":"https:\/\/alekeskus.eu\/et\/wp-json\/wp\/v2\/product"}],"about":[{"href":"https:\/\/alekeskus.eu\/et\/wp-json\/wp\/v2\/types\/product"}],"wp:featuredmedia":[{"embeddable":true,"href":"https:\/\/alekeskus.eu\/et\/wp-json\/wp\/v2\/media\/78893"}],"wp:attachment":[{"href":"https:\/\/alekeskus.eu\/et\/wp-json\/wp\/v2\/media?parent=62759"}],"wp:term":[{"taxonomy":"pwb-brand","embeddable":true,"href":"https:\/\/alekeskus.eu\/et\/wp-json\/wp\/v2\/pwb-brand?post=62759"},{"taxonomy":"product_brand","embeddable":true,"href":"https:\/\/alekeskus.eu\/et\/wp-json\/wp\/v2\/product_brand?post=62759"},{"taxonomy":"product_cat","embeddable":true,"href":"https:\/\/alekeskus.eu\/et\/wp-json\/wp\/v2\/product_cat?post=62759"},{"taxonomy":"product_tag","embeddable":true,"href":"https:\/\/alekeskus.eu\/et\/wp-json\/wp\/v2\/product_tag?post=62759"}],"curies":[{"name":"wp","href":"https:\/\/api.w.org\/{rel}","templated":true}]}}