{"id":62992,"date":"2021-11-11T21:41:43","date_gmt":"2021-11-11T21:41:43","guid":{"rendered":"http:\/\/alekeskus.eu\/product\/tooriistakuur-2x2m-peipsi-aares\/"},"modified":"2022-03-28T18:52:35","modified_gmt":"2022-03-28T18:52:35","slug":"tooriistakuur-2x2m-peipsi-aares","status":"publish","type":"product","link":"https:\/\/alekeskus.eu\/et\/toode\/tooriistakuur-2x2m-peipsi-aares\/","title":{"rendered":"T\u00f6\u00f6riistakuur 2x2m Peipsi \u00e4\u00e4res"},"content":{"rendered":"","protected":false},"excerpt":{"rendered":"","protected":false},"featured_media":62986,"template":"","meta":{"_monsterinsights_skip_tracking":false,"_monsterinsights_sitenote_active":false,"_monsterinsights_sitenote_note":"","_monsterinsights_sitenote_category":0},"pwb-brand":[],"product_brand":[],"product_cat":[13620,13544],"product_tag":[],"class_list":{"0":"post-62992","1":"product","2":"type-product","3":"status-publish","4":"has-post-thumbnail","6":"product_cat-aiamajad","7":"product_cat-tehtud-tood","8":"product_shipping_class-kuni-1000kg","10":"first","11":"onbackorder","12":"virtual","13":"taxable","14":"purchasable","15":"product-type-simple"},"yoast_head":"<!-- This site is optimized with the Yoast SEO plugin v27.3 - https:\/\/yoast.com\/product\/yoast-seo-wordpress\/ -->\n<title>T\u00f6\u00f6riistakuur 2x2m Peipsi \u00e4\u00e4res - Alekeskus<\/title>\n<meta name=\"robots\" content=\"index, follow, max-snippet:-1, max-image-preview:large, max-video-preview:-1\" \/>\n<link rel=\"canonical\" href=\"https:\/\/alekeskus.eu\/toode\/tooriistakuur-2x2m-peipsi-aares\/\" \/>\n<meta property=\"og:locale\" content=\"et_EE\" \/>\n<meta property=\"og:type\" content=\"article\" \/>\n<meta property=\"og:title\" content=\"T\u00f6\u00f6riistakuur 2x2m Peipsi \u00e4\u00e4res - Alekeskus\" \/>\n<meta property=\"og:url\" content=\"https:\/\/alekeskus.eu\/toode\/tooriistakuur-2x2m-peipsi-aares\/\" \/>\n<meta property=\"og:site_name\" content=\"Alekeskus\" \/>\n<meta property=\"article:modified_time\" content=\"2022-03-28T18:52:35+00:00\" \/>\n<meta property=\"og:image\" content=\"https:\/\/alekeskus.eu\/wp-content\/uploads\/2021\/11\/1228t-riistakuur-2x2m-peipsi-res-0-scaled.jpg\" \/>\n\t<meta property=\"og:image:width\" content=\"1920\" \/>\n\t<meta property=\"og:image:height\" content=\"2560\" \/>\n\t<meta property=\"og:image:type\" content=\"image\/jpeg\" \/>\n<meta name=\"twitter:card\" content=\"summary_large_image\" \/>\n<script type=\"application\/ld+json\" class=\"yoast-schema-graph\">{\"@context\":\"https:\\\/\\\/schema.org\",\"@graph\":[{\"@type\":\"WebPage\",\"@id\":\"https:\\\/\\\/alekeskus.eu\\\/toode\\\/tooriistakuur-2x2m-peipsi-aares\\\/\",\"url\":\"https:\\\/\\\/alekeskus.eu\\\/toode\\\/tooriistakuur-2x2m-peipsi-aares\\\/\",\"name\":\"T\u00f6\u00f6riistakuur 2x2m Peipsi \u00e4\u00e4res - Alekeskus\",\"isPartOf\":{\"@id\":\"https:\\\/\\\/alekeskus.eu\\\/#website\"},\"primaryImageOfPage\":{\"@id\":\"https:\\\/\\\/alekeskus.eu\\\/toode\\\/tooriistakuur-2x2m-peipsi-aares\\\/#primaryimage\"},\"image\":{\"@id\":\"https:\\\/\\\/alekeskus.eu\\\/toode\\\/tooriistakuur-2x2m-peipsi-aares\\\/#primaryimage\"},\"thumbnailUrl\":\"https:\\\/\\\/alekeskus.eu\\\/wp-content\\\/uploads\\\/2021\\\/11\\\/1228t-riistakuur-2x2m-peipsi-res-0-scaled.jpg\",\"datePublished\":\"2021-11-11T21:41:43+00:00\",\"dateModified\":\"2022-03-28T18:52:35+00:00\",\"breadcrumb\":{\"@id\":\"https:\\\/\\\/alekeskus.eu\\\/toode\\\/tooriistakuur-2x2m-peipsi-aares\\\/#breadcrumb\"},\"inLanguage\":\"et\",\"potentialAction\":[{\"@type\":\"ReadAction\",\"target\":[\"https:\\\/\\\/alekeskus.eu\\\/toode\\\/tooriistakuur-2x2m-peipsi-aares\\\/\"]}]},{\"@type\":\"ImageObject\",\"inLanguage\":\"et\",\"@id\":\"https:\\\/\\\/alekeskus.eu\\\/toode\\\/tooriistakuur-2x2m-peipsi-aares\\\/#primaryimage\",\"url\":\"https:\\\/\\\/alekeskus.eu\\\/wp-content\\\/uploads\\\/2021\\\/11\\\/1228t-riistakuur-2x2m-peipsi-res-0-scaled.jpg\",\"contentUrl\":\"https:\\\/\\\/alekeskus.eu\\\/wp-content\\\/uploads\\\/2021\\\/11\\\/1228t-riistakuur-2x2m-peipsi-res-0-scaled.jpg\",\"width\":1200,\"height\":1600},{\"@type\":\"BreadcrumbList\",\"@id\":\"https:\\\/\\\/alekeskus.eu\\\/toode\\\/tooriistakuur-2x2m-peipsi-aares\\\/#breadcrumb\",\"itemListElement\":[{\"@type\":\"ListItem\",\"position\":1,\"name\":\"Avaleht\",\"item\":\"https:\\\/\\\/alekeskus.eu\\\/et\\\/\"},{\"@type\":\"ListItem\",\"position\":2,\"name\":\"Pood\",\"item\":\"https:\\\/\\\/alekeskus.eu\\\/pood\\\/\"},{\"@type\":\"ListItem\",\"position\":3,\"name\":\"T\u00f6\u00f6riistakuur 2x2m Peipsi \u00e4\u00e4res\"}]},{\"@type\":\"WebSite\",\"@id\":\"https:\\\/\\\/alekeskus.eu\\\/#website\",\"url\":\"https:\\\/\\\/alekeskus.eu\\\/\",\"name\":\"Alekeskus\",\"description\":\"Alekeskus.eu\",\"potentialAction\":[{\"@type\":\"SearchAction\",\"target\":{\"@type\":\"EntryPoint\",\"urlTemplate\":\"https:\\\/\\\/alekeskus.eu\\\/?s={search_term_string}\"},\"query-input\":{\"@type\":\"PropertyValueSpecification\",\"valueRequired\":true,\"valueName\":\"search_term_string\"}}],\"inLanguage\":\"et\"}]}<\/script>\n<!-- \/ Yoast SEO plugin. -->","yoast_head_json":{"title":"T\u00f6\u00f6riistakuur 2x2m Peipsi \u00e4\u00e4res - Alekeskus","robots":{"index":"index","follow":"follow","max-snippet":"max-snippet:-1","max-image-preview":"max-image-preview:large","max-video-preview":"max-video-preview:-1"},"canonical":"https:\/\/alekeskus.eu\/toode\/tooriistakuur-2x2m-peipsi-aares\/","og_locale":"et_EE","og_type":"article","og_title":"T\u00f6\u00f6riistakuur 2x2m Peipsi \u00e4\u00e4res - Alekeskus","og_url":"https:\/\/alekeskus.eu\/toode\/tooriistakuur-2x2m-peipsi-aares\/","og_site_name":"Alekeskus","article_modified_time":"2022-03-28T18:52:35+00:00","og_image":[{"width":1920,"height":2560,"url":"https:\/\/alekeskus.eu\/wp-content\/uploads\/2021\/11\/1228t-riistakuur-2x2m-peipsi-res-0-scaled.jpg","type":"image\/jpeg"}],"twitter_card":"summary_large_image","schema":{"@context":"https:\/\/schema.org","@graph":[{"@type":"WebPage","@id":"https:\/\/alekeskus.eu\/toode\/tooriistakuur-2x2m-peipsi-aares\/","url":"https:\/\/alekeskus.eu\/toode\/tooriistakuur-2x2m-peipsi-aares\/","name":"T\u00f6\u00f6riistakuur 2x2m Peipsi \u00e4\u00e4res - Alekeskus","isPartOf":{"@id":"https:\/\/alekeskus.eu\/#website"},"primaryImageOfPage":{"@id":"https:\/\/alekeskus.eu\/toode\/tooriistakuur-2x2m-peipsi-aares\/#primaryimage"},"image":{"@id":"https:\/\/alekeskus.eu\/toode\/tooriistakuur-2x2m-peipsi-aares\/#primaryimage"},"thumbnailUrl":"https:\/\/alekeskus.eu\/wp-content\/uploads\/2021\/11\/1228t-riistakuur-2x2m-peipsi-res-0-scaled.jpg","datePublished":"2021-11-11T21:41:43+00:00","dateModified":"2022-03-28T18:52:35+00:00","breadcrumb":{"@id":"https:\/\/alekeskus.eu\/toode\/tooriistakuur-2x2m-peipsi-aares\/#breadcrumb"},"inLanguage":"et","potentialAction":[{"@type":"ReadAction","target":["https:\/\/alekeskus.eu\/toode\/tooriistakuur-2x2m-peipsi-aares\/"]}]},{"@type":"ImageObject","inLanguage":"et","@id":"https:\/\/alekeskus.eu\/toode\/tooriistakuur-2x2m-peipsi-aares\/#primaryimage","url":"https:\/\/alekeskus.eu\/wp-content\/uploads\/2021\/11\/1228t-riistakuur-2x2m-peipsi-res-0-scaled.jpg","contentUrl":"https:\/\/alekeskus.eu\/wp-content\/uploads\/2021\/11\/1228t-riistakuur-2x2m-peipsi-res-0-scaled.jpg","width":1200,"height":1600},{"@type":"BreadcrumbList","@id":"https:\/\/alekeskus.eu\/toode\/tooriistakuur-2x2m-peipsi-aares\/#breadcrumb","itemListElement":[{"@type":"ListItem","position":1,"name":"Avaleht","item":"https:\/\/alekeskus.eu\/et\/"},{"@type":"ListItem","position":2,"name":"Pood","item":"https:\/\/alekeskus.eu\/pood\/"},{"@type":"ListItem","position":3,"name":"T\u00f6\u00f6riistakuur 2x2m Peipsi \u00e4\u00e4res"}]},{"@type":"WebSite","@id":"https:\/\/alekeskus.eu\/#website","url":"https:\/\/alekeskus.eu\/","name":"Alekeskus","description":"Alekeskus.eu","potentialAction":[{"@type":"SearchAction","target":{"@type":"EntryPoint","urlTemplate":"https:\/\/alekeskus.eu\/?s={search_term_string}"},"query-input":{"@type":"PropertyValueSpecification","valueRequired":true,"valueName":"search_term_string"}}],"inLanguage":"et"}]}},"brands":[],"_links":{"self":[{"href":"https:\/\/alekeskus.eu\/et\/wp-json\/wp\/v2\/product\/62992","targetHints":{"allow":["GET"]}}],"collection":[{"href":"https:\/\/alekeskus.eu\/et\/wp-json\/wp\/v2\/product"}],"about":[{"href":"https:\/\/alekeskus.eu\/et\/wp-json\/wp\/v2\/types\/product"}],"wp:featuredmedia":[{"embeddable":true,"href":"https:\/\/alekeskus.eu\/et\/wp-json\/wp\/v2\/media\/62986"}],"wp:attachment":[{"href":"https:\/\/alekeskus.eu\/et\/wp-json\/wp\/v2\/media?parent=62992"}],"wp:term":[{"taxonomy":"pwb-brand","embeddable":true,"href":"https:\/\/alekeskus.eu\/et\/wp-json\/wp\/v2\/pwb-brand?post=62992"},{"taxonomy":"product_brand","embeddable":true,"href":"https:\/\/alekeskus.eu\/et\/wp-json\/wp\/v2\/product_brand?post=62992"},{"taxonomy":"product_cat","embeddable":true,"href":"https:\/\/alekeskus.eu\/et\/wp-json\/wp\/v2\/product_cat?post=62992"},{"taxonomy":"product_tag","embeddable":true,"href":"https:\/\/alekeskus.eu\/et\/wp-json\/wp\/v2\/product_tag?post=62992"}],"curies":[{"name":"wp","href":"https:\/\/api.w.org\/{rel}","templated":true}]}}