{"id":62998,"date":"2023-04-11T21:41:45","date_gmt":"2023-04-11T21:41:45","guid":{"rendered":"http:\/\/alekeskus.eu\/product\/kuur-combi-87m%c2%b2-kuttepuude-hoidlaga\/"},"modified":"2023-05-17T18:56:09","modified_gmt":"2023-05-17T18:56:09","slug":"kuur-combi-87m%c2%b2-kuttepuude-hoidlaga","status":"publish","type":"product","link":"https:\/\/alekeskus.eu\/et\/toode\/kuur-combi-87m%c2%b2-kuttepuude-hoidlaga\/","title":{"rendered":"Kuur Combi 8,7m\u00b2 k\u00fcttepuude hoidlaga"},"content":{"rendered":"<div>\n<div id=\"pilt_2956\">\n<div>\n<div id=\"pilt_2185\"><\/div>\n<\/div>\n<div>\n<div id=\"pilt_2194\"><\/div>\n<div class=\"gal-text\"><\/div>\n<\/div>\n<div>\n<div id=\"pilt_2195\"><\/div>\n<div class=\"gal-text\"><\/div>\n<\/div>\n<\/div>\n<div class=\"gal-text\">\n<div id=\"pilt_2957\"><\/div>\n<\/div>\n<\/div>\n<div>\n<div id=\"pilt_2960\"><\/div>\n<\/div>\n","protected":false},"excerpt":{"rendered":"<p>V\u00e4lism\u00f5\u00f5dud: <strong>2,4 x 3,6 m<\/strong>. K\u00fcttepuude hoidla 1.9 m\u00b2. Sisem\u00f5\u00f5dud 228 x 261 ja 228 x 84 cm.<\/p>\n<p>K\u00fcttepuude ladustamine kuuri tagaosas.<\/p>\n<p>Seinad(valmiselemendid), p\u00f5rand ja lagi 19mm punnlauast. P\u00f5randaprussid 44 x 94 mm, katusekandurid 44 x 63 mm. R\u00e4\u00e4stas ees 27 cm, taga 18 cm ja k\u00fclgedel 15 cm.<\/p>\n<p>Garantii 2 aastat.<\/p>\n<p>Katusekattematerjal ei sisaldu hinnas.<\/p>\n<p>Tellimisaeg 3 n\u00e4dalat.<\/p>\n<p>K\u00fcsi ka paigaldust!<\/p>\n","protected":false},"featured_media":62994,"template":"","meta":{"_monsterinsights_skip_tracking":false,"_monsterinsights_sitenote_active":false,"_monsterinsights_sitenote_note":"","_monsterinsights_sitenote_category":0},"pwb-brand":[],"product_brand":[],"product_cat":[13540,13600,13602],"product_tag":[13839,13849,13983,13987,13988,13989,13815],"class_list":{"0":"post-62998","1":"product","2":"type-product","3":"status-publish","4":"has-post-thumbnail","6":"product_cat-hooned-alekeskus","7":"product_cat-kuurid-aidad-kioskid","8":"product_cat-elementmajad","9":"product_tag-hut","10":"product_tag-shed","11":"product_tag-piharakennus","12":"product_tag-puukuur","13":"product_tag-varasto","14":"product_tag-kombi","15":"product_tag-kuur","16":"product_shipping_class-kuni-1000kg","17":"pa_garantii-2-aastat","18":"pa_kohaletoimetamine-alates-100e","19":"pa_pakendimoodud-23x12x08m","20":"pa_pindalam-14262","21":"pa_tellimisaeg-tilausaika-alekeskus","22":"pa_varv-viimistlemata","24":"first","25":"instock","26":"taxable","27":"shipping-taxable","28":"purchasable","29":"product-type-simple"},"yoast_head":"<!-- This site is optimized with the Yoast SEO plugin v27.3 - https:\/\/yoast.com\/product\/yoast-seo-wordpress\/ -->\n<title>Kuur Combi 8,7m\u00b2 k\u00fcttepuude hoidlaga - Alekeskus<\/title>\n<meta name=\"description\" content=\"Kuur k\u00fcttepuude hoidlaga\" \/>\n<meta name=\"robots\" content=\"index, follow, max-snippet:-1, max-image-preview:large, max-video-preview:-1\" \/>\n<link rel=\"canonical\" href=\"https:\/\/alekeskus.eu\/toode\/kuur-combi-87m\u00b2-kuttepuude-hoidlaga\/\" \/>\n<meta property=\"og:locale\" content=\"et_EE\" \/>\n<meta property=\"og:type\" content=\"article\" \/>\n<meta property=\"og:title\" content=\"Kuur Combi 8,7m\u00b2 k\u00fcttepuude hoidlaga - Alekeskus\" \/>\n<meta property=\"og:description\" content=\"Kuur k\u00fcttepuude hoidlaga\" \/>\n<meta property=\"og:url\" content=\"https:\/\/alekeskus.eu\/toode\/kuur-combi-87m\u00b2-kuttepuude-hoidlaga\/\" \/>\n<meta property=\"og:site_name\" content=\"Alekeskus\" \/>\n<meta property=\"article:modified_time\" content=\"2023-05-17T18:56:09+00:00\" \/>\n<meta property=\"og:image\" content=\"https:\/\/alekeskus.eu\/wp-content\/uploads\/2021\/11\/1229kuur-combi-8-7m-k-ttepuude-hoidlaga-0.jpg\" \/>\n\t<meta property=\"og:image:width\" content=\"600\" \/>\n\t<meta property=\"og:image:height\" content=\"400\" \/>\n\t<meta property=\"og:image:type\" content=\"image\/jpeg\" \/>\n<meta name=\"twitter:card\" content=\"summary_large_image\" \/>\n<script type=\"application\/ld+json\" class=\"yoast-schema-graph\">{\"@context\":\"https:\\\/\\\/schema.org\",\"@graph\":[{\"@type\":\"WebPage\",\"@id\":\"https:\\\/\\\/alekeskus.eu\\\/toode\\\/kuur-combi-87m%c2%b2-kuttepuude-hoidlaga\\\/\",\"url\":\"https:\\\/\\\/alekeskus.eu\\\/toode\\\/kuur-combi-87m%c2%b2-kuttepuude-hoidlaga\\\/\",\"name\":\"Kuur Combi 8,7m\u00b2 k\u00fcttepuude hoidlaga - Alekeskus\",\"isPartOf\":{\"@id\":\"https:\\\/\\\/alekeskus.eu\\\/#website\"},\"primaryImageOfPage\":{\"@id\":\"https:\\\/\\\/alekeskus.eu\\\/toode\\\/kuur-combi-87m%c2%b2-kuttepuude-hoidlaga\\\/#primaryimage\"},\"image\":{\"@id\":\"https:\\\/\\\/alekeskus.eu\\\/toode\\\/kuur-combi-87m%c2%b2-kuttepuude-hoidlaga\\\/#primaryimage\"},\"thumbnailUrl\":\"https:\\\/\\\/alekeskus.eu\\\/wp-content\\\/uploads\\\/2021\\\/11\\\/1229kuur-combi-8-7m-k-ttepuude-hoidlaga-0.jpg\",\"datePublished\":\"2023-04-11T21:41:45+00:00\",\"dateModified\":\"2023-05-17T18:56:09+00:00\",\"description\":\"Kuur k\u00fcttepuude hoidlaga\",\"breadcrumb\":{\"@id\":\"https:\\\/\\\/alekeskus.eu\\\/toode\\\/kuur-combi-87m%c2%b2-kuttepuude-hoidlaga\\\/#breadcrumb\"},\"inLanguage\":\"et\",\"potentialAction\":[{\"@type\":\"ReadAction\",\"target\":[\"https:\\\/\\\/alekeskus.eu\\\/toode\\\/kuur-combi-87m%c2%b2-kuttepuude-hoidlaga\\\/\"]}]},{\"@type\":\"ImageObject\",\"inLanguage\":\"et\",\"@id\":\"https:\\\/\\\/alekeskus.eu\\\/toode\\\/kuur-combi-87m%c2%b2-kuttepuude-hoidlaga\\\/#primaryimage\",\"url\":\"https:\\\/\\\/alekeskus.eu\\\/wp-content\\\/uploads\\\/2021\\\/11\\\/1229kuur-combi-8-7m-k-ttepuude-hoidlaga-0.jpg\",\"contentUrl\":\"https:\\\/\\\/alekeskus.eu\\\/wp-content\\\/uploads\\\/2021\\\/11\\\/1229kuur-combi-8-7m-k-ttepuude-hoidlaga-0.jpg\",\"width\":600,\"height\":400},{\"@type\":\"BreadcrumbList\",\"@id\":\"https:\\\/\\\/alekeskus.eu\\\/toode\\\/kuur-combi-87m%c2%b2-kuttepuude-hoidlaga\\\/#breadcrumb\",\"itemListElement\":[{\"@type\":\"ListItem\",\"position\":1,\"name\":\"Avaleht\",\"item\":\"https:\\\/\\\/alekeskus.eu\\\/et\\\/\"},{\"@type\":\"ListItem\",\"position\":2,\"name\":\"Pood\",\"item\":\"https:\\\/\\\/alekeskus.eu\\\/pood\\\/\"},{\"@type\":\"ListItem\",\"position\":3,\"name\":\"Kuur Combi 8,7m\u00b2 k\u00fcttepuude hoidlaga\"}]},{\"@type\":\"WebSite\",\"@id\":\"https:\\\/\\\/alekeskus.eu\\\/#website\",\"url\":\"https:\\\/\\\/alekeskus.eu\\\/\",\"name\":\"Alekeskus\",\"description\":\"Alekeskus.eu\",\"potentialAction\":[{\"@type\":\"SearchAction\",\"target\":{\"@type\":\"EntryPoint\",\"urlTemplate\":\"https:\\\/\\\/alekeskus.eu\\\/?s={search_term_string}\"},\"query-input\":{\"@type\":\"PropertyValueSpecification\",\"valueRequired\":true,\"valueName\":\"search_term_string\"}}],\"inLanguage\":\"et\"}]}<\/script>\n<!-- \/ Yoast SEO plugin. -->","yoast_head_json":{"title":"Kuur Combi 8,7m\u00b2 k\u00fcttepuude hoidlaga - Alekeskus","description":"Kuur k\u00fcttepuude hoidlaga","robots":{"index":"index","follow":"follow","max-snippet":"max-snippet:-1","max-image-preview":"max-image-preview:large","max-video-preview":"max-video-preview:-1"},"canonical":"https:\/\/alekeskus.eu\/toode\/kuur-combi-87m\u00b2-kuttepuude-hoidlaga\/","og_locale":"et_EE","og_type":"article","og_title":"Kuur Combi 8,7m\u00b2 k\u00fcttepuude hoidlaga - Alekeskus","og_description":"Kuur k\u00fcttepuude hoidlaga","og_url":"https:\/\/alekeskus.eu\/toode\/kuur-combi-87m\u00b2-kuttepuude-hoidlaga\/","og_site_name":"Alekeskus","article_modified_time":"2023-05-17T18:56:09+00:00","og_image":[{"width":600,"height":400,"url":"https:\/\/alekeskus.eu\/wp-content\/uploads\/2021\/11\/1229kuur-combi-8-7m-k-ttepuude-hoidlaga-0.jpg","type":"image\/jpeg"}],"twitter_card":"summary_large_image","schema":{"@context":"https:\/\/schema.org","@graph":[{"@type":"WebPage","@id":"https:\/\/alekeskus.eu\/toode\/kuur-combi-87m%c2%b2-kuttepuude-hoidlaga\/","url":"https:\/\/alekeskus.eu\/toode\/kuur-combi-87m%c2%b2-kuttepuude-hoidlaga\/","name":"Kuur Combi 8,7m\u00b2 k\u00fcttepuude hoidlaga - Alekeskus","isPartOf":{"@id":"https:\/\/alekeskus.eu\/#website"},"primaryImageOfPage":{"@id":"https:\/\/alekeskus.eu\/toode\/kuur-combi-87m%c2%b2-kuttepuude-hoidlaga\/#primaryimage"},"image":{"@id":"https:\/\/alekeskus.eu\/toode\/kuur-combi-87m%c2%b2-kuttepuude-hoidlaga\/#primaryimage"},"thumbnailUrl":"https:\/\/alekeskus.eu\/wp-content\/uploads\/2021\/11\/1229kuur-combi-8-7m-k-ttepuude-hoidlaga-0.jpg","datePublished":"2023-04-11T21:41:45+00:00","dateModified":"2023-05-17T18:56:09+00:00","description":"Kuur k\u00fcttepuude hoidlaga","breadcrumb":{"@id":"https:\/\/alekeskus.eu\/toode\/kuur-combi-87m%c2%b2-kuttepuude-hoidlaga\/#breadcrumb"},"inLanguage":"et","potentialAction":[{"@type":"ReadAction","target":["https:\/\/alekeskus.eu\/toode\/kuur-combi-87m%c2%b2-kuttepuude-hoidlaga\/"]}]},{"@type":"ImageObject","inLanguage":"et","@id":"https:\/\/alekeskus.eu\/toode\/kuur-combi-87m%c2%b2-kuttepuude-hoidlaga\/#primaryimage","url":"https:\/\/alekeskus.eu\/wp-content\/uploads\/2021\/11\/1229kuur-combi-8-7m-k-ttepuude-hoidlaga-0.jpg","contentUrl":"https:\/\/alekeskus.eu\/wp-content\/uploads\/2021\/11\/1229kuur-combi-8-7m-k-ttepuude-hoidlaga-0.jpg","width":600,"height":400},{"@type":"BreadcrumbList","@id":"https:\/\/alekeskus.eu\/toode\/kuur-combi-87m%c2%b2-kuttepuude-hoidlaga\/#breadcrumb","itemListElement":[{"@type":"ListItem","position":1,"name":"Avaleht","item":"https:\/\/alekeskus.eu\/et\/"},{"@type":"ListItem","position":2,"name":"Pood","item":"https:\/\/alekeskus.eu\/pood\/"},{"@type":"ListItem","position":3,"name":"Kuur Combi 8,7m\u00b2 k\u00fcttepuude hoidlaga"}]},{"@type":"WebSite","@id":"https:\/\/alekeskus.eu\/#website","url":"https:\/\/alekeskus.eu\/","name":"Alekeskus","description":"Alekeskus.eu","potentialAction":[{"@type":"SearchAction","target":{"@type":"EntryPoint","urlTemplate":"https:\/\/alekeskus.eu\/?s={search_term_string}"},"query-input":{"@type":"PropertyValueSpecification","valueRequired":true,"valueName":"search_term_string"}}],"inLanguage":"et"}]}},"brands":[],"_links":{"self":[{"href":"https:\/\/alekeskus.eu\/et\/wp-json\/wp\/v2\/product\/62998","targetHints":{"allow":["GET"]}}],"collection":[{"href":"https:\/\/alekeskus.eu\/et\/wp-json\/wp\/v2\/product"}],"about":[{"href":"https:\/\/alekeskus.eu\/et\/wp-json\/wp\/v2\/types\/product"}],"wp:featuredmedia":[{"embeddable":true,"href":"https:\/\/alekeskus.eu\/et\/wp-json\/wp\/v2\/media\/62994"}],"wp:attachment":[{"href":"https:\/\/alekeskus.eu\/et\/wp-json\/wp\/v2\/media?parent=62998"}],"wp:term":[{"taxonomy":"pwb-brand","embeddable":true,"href":"https:\/\/alekeskus.eu\/et\/wp-json\/wp\/v2\/pwb-brand?post=62998"},{"taxonomy":"product_brand","embeddable":true,"href":"https:\/\/alekeskus.eu\/et\/wp-json\/wp\/v2\/product_brand?post=62998"},{"taxonomy":"product_cat","embeddable":true,"href":"https:\/\/alekeskus.eu\/et\/wp-json\/wp\/v2\/product_cat?post=62998"},{"taxonomy":"product_tag","embeddable":true,"href":"https:\/\/alekeskus.eu\/et\/wp-json\/wp\/v2\/product_tag?post=62998"}],"curies":[{"name":"wp","href":"https:\/\/api.w.org\/{rel}","templated":true}]}}