{"id":63070,"date":"2023-11-11T21:42:19","date_gmt":"2023-11-11T21:42:19","guid":{"rendered":"http:\/\/alekeskus.eu\/product\/suvemaja-oregund-612-m%c2%b2-3-tuba-wc-ja-pesuruum\/"},"modified":"2025-01-05T15:31:45","modified_gmt":"2025-01-05T15:31:45","slug":"suvemaja-oregund-442-alekeskus","status":"publish","type":"product","link":"https:\/\/alekeskus.eu\/et\/toode\/suvemaja-oregund-442-alekeskus\/","title":{"rendered":"Suvemaja \u00d6regund 44,2 m\u00b2 3 tuba, WC ja pesuruum"},"content":{"rendered":"","protected":false},"excerpt":{"rendered":"<p>V\u00e4lism\u00f5\u00f5dud: <strong>1200<\/strong><b>\u00a0x 530 cm. <\/b>Seinak\u00f5rgused<strong> 321 cm ja 272 cm.\u00a0<\/strong><\/p>\n<ul>\n<li>tuuletapiga freespalk <strong>70 v\u00f5i 90 mm<\/strong><\/li>\n<li>s\u00fcgavimmutatud alusprussid 70&#215;70 mm, punniga katuselauad 18&#215;90 mm, p\u00f5randalauad 28&#215;137 mm ja s\u00fcgavimmutatud terrassilauad 28&#215;120 mm<\/li>\n<li>3 tuba, WC, pesuruum, terrass<\/li>\n<li>puust v\u00e4lisuks 900&#215;2000 mm; liuguksed 2tk 1600&#215;2000 mm; liuguksed 2 tk 1600&#215;2650 mm; puust siseuksed 4 tk 827&#215;2000 mm<\/li>\n<li>kaldp\u00f6\u00f6ratavad pakettaknad U-arv 2,8 alumiiniumveeninadega 2tk 916&#215;916 mm; 650&#215;650 mm; 2tk 1374&#215;1050 mm; kinnine pakettaken 3600&#215;2650 mm<\/li>\n<li>katus 5\u00b0\/ 87 m2 , r\u00e4\u00e4stas ees 100 cm<\/li>\n<li>katusekate ei sisaldu hinnas<\/li>\n<li>kinnitusvahendid ja juhend<\/li>\n<li>Eesti toode<\/li>\n<li>v\u00f5imalik teha m\u00f5\u00f5tudes ja avat\u00e4idetes muudatusi<\/li>\n<li>ehitusteatise jaoks vajalikud joonised<\/li>\n<li>tootmisse andmiseks piisab ka ettemaksust pool hinnast(tellimisaeg 2-3 kuud)<\/li>\n<\/ul>\n<p>Vedu alates 350\u20ac.<\/p>\n<p>K\u00fcsi ka paigaldust!<\/p>\n","protected":false},"featured_media":63064,"template":"","meta":{"_monsterinsights_skip_tracking":false,"_monsterinsights_sitenote_active":false,"_monsterinsights_sitenote_note":"","_monsterinsights_sitenote_category":0},"pwb-brand":[18577],"product_brand":[],"product_cat":[17182,13592,13540,13604,13608,13610],"product_tag":[13913,13970,17390,14252,17866,14276,18033,14277,14278,15276,15285,13831,16285],"class_list":{"0":"post-63070","1":"product","2":"type-product","3":"status-publish","4":"has-post-thumbnail","6":"pwb-brand-eesti","7":"product_cat-suvekoogid-alekeskus","8":"product_cat-aia-ja-grillmajad","9":"product_cat-hooned-alekeskus","10":"product_cat-saunad","11":"product_cat-kontorid","12":"product_cat-suvilad","13":"product_tag-vierasmaja","14":"product_tag-suvila","15":"product_tag-freespalksuvila","16":"product_tag-suvemaja","17":"product_tag-hirsimokki","18":"product_tag-puhkemaja","19":"product_tag-rantamokki-2","20":"product_tag-freespalk","21":"product_tag-kulalistemaja","22":"product_tag-pihatoimisto","23":"product_tag-kesamokki","24":"product_tag-mokki","25":"product_tag-rantasauna","26":"product_shipping_class-alates-1000kg","27":"pa_garantii-5-aastat","28":"pa_kohaletoimetamine-alates-180e","29":"pa_laoasukoht-tartumaa","30":"pa_pindalam-18186","31":"pa_seinapaksus-90-mm","32":"pa_seinapaksus-70-mm","33":"pa_varv-viimistlemata","34":"pa_veame-eesti-ja-soome","36":"first","37":"onbackorder","38":"taxable","39":"shipping-taxable","40":"purchasable","41":"product-type-variable","42":"has-default-attributes"},"yoast_head":"<!-- This site is optimized with the Yoast SEO plugin v27.3 - https:\/\/yoast.com\/product\/yoast-seo-wordpress\/ -->\n<title>Suvemaja \u00d6regund 44,2 m\u00b2 3 tuba, WC ja pesuruum - Alekeskus<\/title>\n<meta name=\"description\" content=\"freespalksuvila liugustega\" \/>\n<meta name=\"robots\" content=\"index, follow, max-snippet:-1, max-image-preview:large, max-video-preview:-1\" \/>\n<link rel=\"canonical\" href=\"https:\/\/alekeskus.eu\/toode\/suvemaja-oregund-442-alekeskus\/\" \/>\n<meta property=\"og:locale\" content=\"et_EE\" \/>\n<meta property=\"og:type\" content=\"article\" \/>\n<meta property=\"og:title\" content=\"Suvemaja \u00d6regund 44,2 m\u00b2 3 tuba, WC ja pesuruum - Alekeskus\" \/>\n<meta property=\"og:description\" content=\"freespalksuvila liugustega\" \/>\n<meta property=\"og:url\" content=\"https:\/\/alekeskus.eu\/toode\/suvemaja-oregund-442-alekeskus\/\" \/>\n<meta property=\"og:site_name\" content=\"Alekeskus\" \/>\n<meta property=\"article:modified_time\" content=\"2025-01-05T15:31:45+00:00\" \/>\n<meta property=\"og:image\" content=\"https:\/\/alekeskus.eu\/wp-content\/uploads\/2021\/11\/1268suvemaja-regund-61-2-m-3-tuba-wc-ja-pesuruum-0-scaled.jpg\" \/>\n\t<meta property=\"og:image:width\" content=\"2560\" \/>\n\t<meta property=\"og:image:height\" content=\"1716\" \/>\n\t<meta property=\"og:image:type\" content=\"image\/jpeg\" \/>\n<meta name=\"twitter:card\" content=\"summary_large_image\" \/>\n<meta name=\"twitter:label1\" content=\"Est. reading time\" \/>\n\t<meta name=\"twitter:data1\" content=\"1 minut\" \/>\n<script type=\"application\/ld+json\" class=\"yoast-schema-graph\">{\"@context\":\"https:\\\/\\\/schema.org\",\"@graph\":[{\"@type\":\"WebPage\",\"@id\":\"https:\\\/\\\/alekeskus.eu\\\/toode\\\/suvemaja-oregund-442-alekeskus\\\/\",\"url\":\"https:\\\/\\\/alekeskus.eu\\\/toode\\\/suvemaja-oregund-442-alekeskus\\\/\",\"name\":\"Suvemaja \u00d6regund 44,2 m\u00b2 3 tuba, WC ja pesuruum - Alekeskus\",\"isPartOf\":{\"@id\":\"https:\\\/\\\/alekeskus.eu\\\/#website\"},\"primaryImageOfPage\":{\"@id\":\"https:\\\/\\\/alekeskus.eu\\\/toode\\\/suvemaja-oregund-442-alekeskus\\\/#primaryimage\"},\"image\":{\"@id\":\"https:\\\/\\\/alekeskus.eu\\\/toode\\\/suvemaja-oregund-442-alekeskus\\\/#primaryimage\"},\"thumbnailUrl\":\"https:\\\/\\\/alekeskus.eu\\\/wp-content\\\/uploads\\\/2021\\\/11\\\/1268suvemaja-regund-61-2-m-3-tuba-wc-ja-pesuruum-0-scaled.jpg\",\"datePublished\":\"2023-11-11T21:42:19+00:00\",\"dateModified\":\"2025-01-05T15:31:45+00:00\",\"description\":\"freespalksuvila liugustega\",\"breadcrumb\":{\"@id\":\"https:\\\/\\\/alekeskus.eu\\\/toode\\\/suvemaja-oregund-442-alekeskus\\\/#breadcrumb\"},\"inLanguage\":\"et\",\"potentialAction\":[{\"@type\":\"ReadAction\",\"target\":[\"https:\\\/\\\/alekeskus.eu\\\/toode\\\/suvemaja-oregund-442-alekeskus\\\/\"]}]},{\"@type\":\"ImageObject\",\"inLanguage\":\"et\",\"@id\":\"https:\\\/\\\/alekeskus.eu\\\/toode\\\/suvemaja-oregund-442-alekeskus\\\/#primaryimage\",\"url\":\"https:\\\/\\\/alekeskus.eu\\\/wp-content\\\/uploads\\\/2021\\\/11\\\/1268suvemaja-regund-61-2-m-3-tuba-wc-ja-pesuruum-0-scaled.jpg\",\"contentUrl\":\"https:\\\/\\\/alekeskus.eu\\\/wp-content\\\/uploads\\\/2021\\\/11\\\/1268suvemaja-regund-61-2-m-3-tuba-wc-ja-pesuruum-0-scaled.jpg\",\"width\":1600,\"height\":1073},{\"@type\":\"BreadcrumbList\",\"@id\":\"https:\\\/\\\/alekeskus.eu\\\/toode\\\/suvemaja-oregund-442-alekeskus\\\/#breadcrumb\",\"itemListElement\":[{\"@type\":\"ListItem\",\"position\":1,\"name\":\"Avaleht\",\"item\":\"https:\\\/\\\/alekeskus.eu\\\/et\\\/\"},{\"@type\":\"ListItem\",\"position\":2,\"name\":\"Pood\",\"item\":\"https:\\\/\\\/alekeskus.eu\\\/pood\\\/\"},{\"@type\":\"ListItem\",\"position\":3,\"name\":\"Suvemaja \u00d6regund 44,2 m\u00b2 3 tuba, WC ja pesuruum\"}]},{\"@type\":\"WebSite\",\"@id\":\"https:\\\/\\\/alekeskus.eu\\\/#website\",\"url\":\"https:\\\/\\\/alekeskus.eu\\\/\",\"name\":\"Alekeskus\",\"description\":\"Alekeskus.eu\",\"potentialAction\":[{\"@type\":\"SearchAction\",\"target\":{\"@type\":\"EntryPoint\",\"urlTemplate\":\"https:\\\/\\\/alekeskus.eu\\\/?s={search_term_string}\"},\"query-input\":{\"@type\":\"PropertyValueSpecification\",\"valueRequired\":true,\"valueName\":\"search_term_string\"}}],\"inLanguage\":\"et\"}]}<\/script>\n<!-- \/ Yoast SEO plugin. -->","yoast_head_json":{"title":"Suvemaja \u00d6regund 44,2 m\u00b2 3 tuba, WC ja pesuruum - Alekeskus","description":"freespalksuvila liugustega","robots":{"index":"index","follow":"follow","max-snippet":"max-snippet:-1","max-image-preview":"max-image-preview:large","max-video-preview":"max-video-preview:-1"},"canonical":"https:\/\/alekeskus.eu\/toode\/suvemaja-oregund-442-alekeskus\/","og_locale":"et_EE","og_type":"article","og_title":"Suvemaja \u00d6regund 44,2 m\u00b2 3 tuba, WC ja pesuruum - Alekeskus","og_description":"freespalksuvila liugustega","og_url":"https:\/\/alekeskus.eu\/toode\/suvemaja-oregund-442-alekeskus\/","og_site_name":"Alekeskus","article_modified_time":"2025-01-05T15:31:45+00:00","og_image":[{"width":2560,"height":1716,"url":"https:\/\/alekeskus.eu\/wp-content\/uploads\/2021\/11\/1268suvemaja-regund-61-2-m-3-tuba-wc-ja-pesuruum-0-scaled.jpg","type":"image\/jpeg"}],"twitter_card":"summary_large_image","twitter_misc":{"Est. reading time":"1 minut"},"schema":{"@context":"https:\/\/schema.org","@graph":[{"@type":"WebPage","@id":"https:\/\/alekeskus.eu\/toode\/suvemaja-oregund-442-alekeskus\/","url":"https:\/\/alekeskus.eu\/toode\/suvemaja-oregund-442-alekeskus\/","name":"Suvemaja \u00d6regund 44,2 m\u00b2 3 tuba, WC ja pesuruum - Alekeskus","isPartOf":{"@id":"https:\/\/alekeskus.eu\/#website"},"primaryImageOfPage":{"@id":"https:\/\/alekeskus.eu\/toode\/suvemaja-oregund-442-alekeskus\/#primaryimage"},"image":{"@id":"https:\/\/alekeskus.eu\/toode\/suvemaja-oregund-442-alekeskus\/#primaryimage"},"thumbnailUrl":"https:\/\/alekeskus.eu\/wp-content\/uploads\/2021\/11\/1268suvemaja-regund-61-2-m-3-tuba-wc-ja-pesuruum-0-scaled.jpg","datePublished":"2023-11-11T21:42:19+00:00","dateModified":"2025-01-05T15:31:45+00:00","description":"freespalksuvila liugustega","breadcrumb":{"@id":"https:\/\/alekeskus.eu\/toode\/suvemaja-oregund-442-alekeskus\/#breadcrumb"},"inLanguage":"et","potentialAction":[{"@type":"ReadAction","target":["https:\/\/alekeskus.eu\/toode\/suvemaja-oregund-442-alekeskus\/"]}]},{"@type":"ImageObject","inLanguage":"et","@id":"https:\/\/alekeskus.eu\/toode\/suvemaja-oregund-442-alekeskus\/#primaryimage","url":"https:\/\/alekeskus.eu\/wp-content\/uploads\/2021\/11\/1268suvemaja-regund-61-2-m-3-tuba-wc-ja-pesuruum-0-scaled.jpg","contentUrl":"https:\/\/alekeskus.eu\/wp-content\/uploads\/2021\/11\/1268suvemaja-regund-61-2-m-3-tuba-wc-ja-pesuruum-0-scaled.jpg","width":1600,"height":1073},{"@type":"BreadcrumbList","@id":"https:\/\/alekeskus.eu\/toode\/suvemaja-oregund-442-alekeskus\/#breadcrumb","itemListElement":[{"@type":"ListItem","position":1,"name":"Avaleht","item":"https:\/\/alekeskus.eu\/et\/"},{"@type":"ListItem","position":2,"name":"Pood","item":"https:\/\/alekeskus.eu\/pood\/"},{"@type":"ListItem","position":3,"name":"Suvemaja \u00d6regund 44,2 m\u00b2 3 tuba, WC ja pesuruum"}]},{"@type":"WebSite","@id":"https:\/\/alekeskus.eu\/#website","url":"https:\/\/alekeskus.eu\/","name":"Alekeskus","description":"Alekeskus.eu","potentialAction":[{"@type":"SearchAction","target":{"@type":"EntryPoint","urlTemplate":"https:\/\/alekeskus.eu\/?s={search_term_string}"},"query-input":{"@type":"PropertyValueSpecification","valueRequired":true,"valueName":"search_term_string"}}],"inLanguage":"et"}]}},"brands":[{"id":18577,"name":"Eesti","slug":"eesti"}],"_links":{"self":[{"href":"https:\/\/alekeskus.eu\/et\/wp-json\/wp\/v2\/product\/63070","targetHints":{"allow":["GET"]}}],"collection":[{"href":"https:\/\/alekeskus.eu\/et\/wp-json\/wp\/v2\/product"}],"about":[{"href":"https:\/\/alekeskus.eu\/et\/wp-json\/wp\/v2\/types\/product"}],"wp:featuredmedia":[{"embeddable":true,"href":"https:\/\/alekeskus.eu\/et\/wp-json\/wp\/v2\/media\/63064"}],"wp:attachment":[{"href":"https:\/\/alekeskus.eu\/et\/wp-json\/wp\/v2\/media?parent=63070"}],"wp:term":[{"taxonomy":"pwb-brand","embeddable":true,"href":"https:\/\/alekeskus.eu\/et\/wp-json\/wp\/v2\/pwb-brand?post=63070"},{"taxonomy":"product_brand","embeddable":true,"href":"https:\/\/alekeskus.eu\/et\/wp-json\/wp\/v2\/product_brand?post=63070"},{"taxonomy":"product_cat","embeddable":true,"href":"https:\/\/alekeskus.eu\/et\/wp-json\/wp\/v2\/product_cat?post=63070"},{"taxonomy":"product_tag","embeddable":true,"href":"https:\/\/alekeskus.eu\/et\/wp-json\/wp\/v2\/product_tag?post=63070"}],"curies":[{"name":"wp","href":"https:\/\/api.w.org\/{rel}","templated":true}]}}