{"id":63086,"date":"2023-10-11T21:42:46","date_gmt":"2023-10-11T21:42:46","guid":{"rendered":"http:\/\/alekeskus.eu\/product\/suvemaja-oistersund-519-m%c2%b2-kook-elutuba-2-tuba-wc-pesuruum\/"},"modified":"2024-01-10T14:38:41","modified_gmt":"2024-01-10T14:38:41","slug":"suvemaja-oistersund-519-alekeskus","status":"publish","type":"product","link":"https:\/\/alekeskus.eu\/et\/toode\/suvemaja-oistersund-519-alekeskus\/","title":{"rendered":"Suvemaja \u00d6istersund 50,7 m\u00b2 k\u00f6\u00f6k-elutuba, 2 tuba, WC-pesuruum"},"content":{"rendered":"","protected":false},"excerpt":{"rendered":"<p>V\u00e4lism\u00f5\u00f5dud: <strong>900<\/strong><b>\u00a0x 600 cm. <\/b>Seinak\u00f5rgused<strong> 276 cm ja 317 cm.\u00a0<\/strong><\/p>\n<ul>\n<li>tuuletapiga freespalk <strong>70 mm v\u00f5i 90 mm<\/strong> tormikinnitustega<\/li>\n<li>k\u00f6\u00f6k-elutuba, 2 magamistuba, WC-pesuruum<\/li>\n<li>silinderlukkudega uksed 2tk 160&#215;265 cm; 90&#215;200 cm; 2tk 83&#215;200 cm<\/li>\n<li>kaldp\u00f6\u00f6ratavad pakettaknad (U-arv 2,8) alumiiniumveeninadega\n<div class=\"spec-multi\">2tk 137&#215;92 cm; 110&#215;173 cm; 150&#215;65 cm; 2tk 100&#215;265 cm<\/div>\n<\/li>\n<li>katuse kalle 3\u00b0ja pindala 67 m2 , etteulatus 100 cm<\/li>\n<li>katusekate ei sisaldu hinnas<\/li>\n<li>kinnitusvahendid ja koostejuhend<\/li>\n<li>v\u00f5imalik teha m\u00f5\u00f5tudes ja avat\u00e4idetes muudatusi<\/li>\n<li>ehitusteatise jaoks vajalikud joonised<\/li>\n<li>tootmisse andmiseks piisab ka ettemaksust pool hinnast<\/li>\n<li>peegelpildis paigaldatav<\/li>\n<li>Eesti toode<\/li>\n<li>vihmakindel pakend<\/li>\n<li>tehase garantii 5 aastat<\/li>\n<\/ul>\n<p>K\u00fcsi paigaldust!<\/p>\n","protected":false},"featured_media":63078,"template":"","meta":{"_monsterinsights_skip_tracking":false,"_monsterinsights_sitenote_active":false,"_monsterinsights_sitenote_note":"","_monsterinsights_sitenote_category":0},"pwb-brand":[],"product_brand":[],"product_cat":[17182,13592,13540,13604,13608,13610],"product_tag":[14278,13813,13831,15285,13970,17390,14252,17866,14276,14277,18394],"class_list":{"0":"post-63086","1":"product","2":"type-product","3":"status-publish","4":"has-post-thumbnail","6":"product_cat-suvekoogid-alekeskus","7":"product_cat-aia-ja-grillmajad","8":"product_cat-hooned-alekeskus","9":"product_cat-saunad","10":"product_cat-kontorid","11":"product_cat-suvilad","12":"product_tag-kulalistemaja","13":"product_tag-aiamaja","14":"product_tag-mokki","15":"product_tag-kesamokki","16":"product_tag-suvila","17":"product_tag-freespalksuvila","18":"product_tag-suvemaja","19":"product_tag-hirsimokki","20":"product_tag-puhkemaja","21":"product_tag-freespalk","22":"product_tag-ostersund","23":"product_shipping_class-alates-1000kg","24":"pa_garantii-5-aastat","25":"pa_kaalkg-14284","26":"pa_laoasukoht-tartumaa","27":"pa_pakendimoodud-735x114x60-620x114x78-620x114x78-553x114x60","28":"pa_pindalam-18393","29":"pa_seinapaksus-90-mm","30":"pa_seinapaksus-70-mm","31":"pa_tellimisaeg-2-3-kuud","32":"pa_varv-viimistlemata","33":"pa_veame-eesti-ja-soome","35":"first","36":"onbackorder","37":"taxable","38":"shipping-taxable","39":"purchasable","40":"product-type-variable","41":"has-default-attributes"},"yoast_head":"<!-- This site is optimized with the Yoast SEO plugin v27.3 - https:\/\/yoast.com\/product\/yoast-seo-wordpress\/ -->\n<title>Suvemaja \u00d6istersund 50,7 m\u00b2 k\u00f6\u00f6k-elutuba, 2 tuba, WC-pesuruum - Alekeskus<\/title>\n<meta name=\"description\" content=\"freespalksuvila\" \/>\n<meta name=\"robots\" content=\"index, follow, max-snippet:-1, max-image-preview:large, max-video-preview:-1\" \/>\n<link rel=\"canonical\" href=\"https:\/\/alekeskus.eu\/toode\/suvemaja-oistersund-519-alekeskus\/\" \/>\n<meta property=\"og:locale\" content=\"et_EE\" \/>\n<meta property=\"og:type\" content=\"article\" \/>\n<meta property=\"og:title\" content=\"Suvemaja \u00d6istersund 50,7 m\u00b2 k\u00f6\u00f6k-elutuba, 2 tuba, WC-pesuruum - Alekeskus\" \/>\n<meta property=\"og:description\" content=\"freespalksuvila\" \/>\n<meta property=\"og:url\" content=\"https:\/\/alekeskus.eu\/toode\/suvemaja-oistersund-519-alekeskus\/\" \/>\n<meta property=\"og:site_name\" content=\"Alekeskus\" \/>\n<meta property=\"article:modified_time\" content=\"2024-01-10T14:38:41+00:00\" \/>\n<meta property=\"og:image\" content=\"https:\/\/alekeskus.eu\/wp-content\/uploads\/2021\/11\/1277suvemaja-istersund-51-9-m-k-k-elutuba-2-tuba-wc-pesuruum-0.jpg\" \/>\n\t<meta property=\"og:image:width\" content=\"1920\" \/>\n\t<meta property=\"og:image:height\" content=\"1080\" \/>\n\t<meta property=\"og:image:type\" content=\"image\/jpeg\" \/>\n<meta name=\"twitter:card\" content=\"summary_large_image\" \/>\n<meta name=\"twitter:label1\" content=\"Est. reading time\" \/>\n\t<meta name=\"twitter:data1\" content=\"1 minut\" \/>\n<script type=\"application\/ld+json\" class=\"yoast-schema-graph\">{\"@context\":\"https:\\\/\\\/schema.org\",\"@graph\":[{\"@type\":\"WebPage\",\"@id\":\"https:\\\/\\\/alekeskus.eu\\\/toode\\\/suvemaja-oistersund-519-alekeskus\\\/\",\"url\":\"https:\\\/\\\/alekeskus.eu\\\/toode\\\/suvemaja-oistersund-519-alekeskus\\\/\",\"name\":\"Suvemaja \u00d6istersund 50,7 m\u00b2 k\u00f6\u00f6k-elutuba, 2 tuba, WC-pesuruum - Alekeskus\",\"isPartOf\":{\"@id\":\"https:\\\/\\\/alekeskus.eu\\\/#website\"},\"primaryImageOfPage\":{\"@id\":\"https:\\\/\\\/alekeskus.eu\\\/toode\\\/suvemaja-oistersund-519-alekeskus\\\/#primaryimage\"},\"image\":{\"@id\":\"https:\\\/\\\/alekeskus.eu\\\/toode\\\/suvemaja-oistersund-519-alekeskus\\\/#primaryimage\"},\"thumbnailUrl\":\"https:\\\/\\\/alekeskus.eu\\\/wp-content\\\/uploads\\\/2021\\\/11\\\/1277suvemaja-istersund-51-9-m-k-k-elutuba-2-tuba-wc-pesuruum-0.jpg\",\"datePublished\":\"2023-10-11T21:42:46+00:00\",\"dateModified\":\"2024-01-10T14:38:41+00:00\",\"description\":\"freespalksuvila\",\"breadcrumb\":{\"@id\":\"https:\\\/\\\/alekeskus.eu\\\/toode\\\/suvemaja-oistersund-519-alekeskus\\\/#breadcrumb\"},\"inLanguage\":\"et\",\"potentialAction\":[{\"@type\":\"ReadAction\",\"target\":[\"https:\\\/\\\/alekeskus.eu\\\/toode\\\/suvemaja-oistersund-519-alekeskus\\\/\"]}]},{\"@type\":\"ImageObject\",\"inLanguage\":\"et\",\"@id\":\"https:\\\/\\\/alekeskus.eu\\\/toode\\\/suvemaja-oistersund-519-alekeskus\\\/#primaryimage\",\"url\":\"https:\\\/\\\/alekeskus.eu\\\/wp-content\\\/uploads\\\/2021\\\/11\\\/1277suvemaja-istersund-51-9-m-k-k-elutuba-2-tuba-wc-pesuruum-0.jpg\",\"contentUrl\":\"https:\\\/\\\/alekeskus.eu\\\/wp-content\\\/uploads\\\/2021\\\/11\\\/1277suvemaja-istersund-51-9-m-k-k-elutuba-2-tuba-wc-pesuruum-0.jpg\",\"width\":1600,\"height\":900},{\"@type\":\"BreadcrumbList\",\"@id\":\"https:\\\/\\\/alekeskus.eu\\\/toode\\\/suvemaja-oistersund-519-alekeskus\\\/#breadcrumb\",\"itemListElement\":[{\"@type\":\"ListItem\",\"position\":1,\"name\":\"Avaleht\",\"item\":\"https:\\\/\\\/alekeskus.eu\\\/et\\\/\"},{\"@type\":\"ListItem\",\"position\":2,\"name\":\"Pood\",\"item\":\"https:\\\/\\\/alekeskus.eu\\\/pood\\\/\"},{\"@type\":\"ListItem\",\"position\":3,\"name\":\"Suvemaja \u00d6istersund 50,7 m\u00b2 k\u00f6\u00f6k-elutuba, 2 tuba, WC-pesuruum\"}]},{\"@type\":\"WebSite\",\"@id\":\"https:\\\/\\\/alekeskus.eu\\\/#website\",\"url\":\"https:\\\/\\\/alekeskus.eu\\\/\",\"name\":\"Alekeskus\",\"description\":\"Alekeskus.eu\",\"potentialAction\":[{\"@type\":\"SearchAction\",\"target\":{\"@type\":\"EntryPoint\",\"urlTemplate\":\"https:\\\/\\\/alekeskus.eu\\\/?s={search_term_string}\"},\"query-input\":{\"@type\":\"PropertyValueSpecification\",\"valueRequired\":true,\"valueName\":\"search_term_string\"}}],\"inLanguage\":\"et\"}]}<\/script>\n<!-- \/ Yoast SEO plugin. -->","yoast_head_json":{"title":"Suvemaja \u00d6istersund 50,7 m\u00b2 k\u00f6\u00f6k-elutuba, 2 tuba, WC-pesuruum - Alekeskus","description":"freespalksuvila","robots":{"index":"index","follow":"follow","max-snippet":"max-snippet:-1","max-image-preview":"max-image-preview:large","max-video-preview":"max-video-preview:-1"},"canonical":"https:\/\/alekeskus.eu\/toode\/suvemaja-oistersund-519-alekeskus\/","og_locale":"et_EE","og_type":"article","og_title":"Suvemaja \u00d6istersund 50,7 m\u00b2 k\u00f6\u00f6k-elutuba, 2 tuba, WC-pesuruum - Alekeskus","og_description":"freespalksuvila","og_url":"https:\/\/alekeskus.eu\/toode\/suvemaja-oistersund-519-alekeskus\/","og_site_name":"Alekeskus","article_modified_time":"2024-01-10T14:38:41+00:00","og_image":[{"width":1920,"height":1080,"url":"https:\/\/alekeskus.eu\/wp-content\/uploads\/2021\/11\/1277suvemaja-istersund-51-9-m-k-k-elutuba-2-tuba-wc-pesuruum-0.jpg","type":"image\/jpeg"}],"twitter_card":"summary_large_image","twitter_misc":{"Est. reading time":"1 minut"},"schema":{"@context":"https:\/\/schema.org","@graph":[{"@type":"WebPage","@id":"https:\/\/alekeskus.eu\/toode\/suvemaja-oistersund-519-alekeskus\/","url":"https:\/\/alekeskus.eu\/toode\/suvemaja-oistersund-519-alekeskus\/","name":"Suvemaja \u00d6istersund 50,7 m\u00b2 k\u00f6\u00f6k-elutuba, 2 tuba, WC-pesuruum - Alekeskus","isPartOf":{"@id":"https:\/\/alekeskus.eu\/#website"},"primaryImageOfPage":{"@id":"https:\/\/alekeskus.eu\/toode\/suvemaja-oistersund-519-alekeskus\/#primaryimage"},"image":{"@id":"https:\/\/alekeskus.eu\/toode\/suvemaja-oistersund-519-alekeskus\/#primaryimage"},"thumbnailUrl":"https:\/\/alekeskus.eu\/wp-content\/uploads\/2021\/11\/1277suvemaja-istersund-51-9-m-k-k-elutuba-2-tuba-wc-pesuruum-0.jpg","datePublished":"2023-10-11T21:42:46+00:00","dateModified":"2024-01-10T14:38:41+00:00","description":"freespalksuvila","breadcrumb":{"@id":"https:\/\/alekeskus.eu\/toode\/suvemaja-oistersund-519-alekeskus\/#breadcrumb"},"inLanguage":"et","potentialAction":[{"@type":"ReadAction","target":["https:\/\/alekeskus.eu\/toode\/suvemaja-oistersund-519-alekeskus\/"]}]},{"@type":"ImageObject","inLanguage":"et","@id":"https:\/\/alekeskus.eu\/toode\/suvemaja-oistersund-519-alekeskus\/#primaryimage","url":"https:\/\/alekeskus.eu\/wp-content\/uploads\/2021\/11\/1277suvemaja-istersund-51-9-m-k-k-elutuba-2-tuba-wc-pesuruum-0.jpg","contentUrl":"https:\/\/alekeskus.eu\/wp-content\/uploads\/2021\/11\/1277suvemaja-istersund-51-9-m-k-k-elutuba-2-tuba-wc-pesuruum-0.jpg","width":1600,"height":900},{"@type":"BreadcrumbList","@id":"https:\/\/alekeskus.eu\/toode\/suvemaja-oistersund-519-alekeskus\/#breadcrumb","itemListElement":[{"@type":"ListItem","position":1,"name":"Avaleht","item":"https:\/\/alekeskus.eu\/et\/"},{"@type":"ListItem","position":2,"name":"Pood","item":"https:\/\/alekeskus.eu\/pood\/"},{"@type":"ListItem","position":3,"name":"Suvemaja \u00d6istersund 50,7 m\u00b2 k\u00f6\u00f6k-elutuba, 2 tuba, WC-pesuruum"}]},{"@type":"WebSite","@id":"https:\/\/alekeskus.eu\/#website","url":"https:\/\/alekeskus.eu\/","name":"Alekeskus","description":"Alekeskus.eu","potentialAction":[{"@type":"SearchAction","target":{"@type":"EntryPoint","urlTemplate":"https:\/\/alekeskus.eu\/?s={search_term_string}"},"query-input":{"@type":"PropertyValueSpecification","valueRequired":true,"valueName":"search_term_string"}}],"inLanguage":"et"}]}},"brands":[],"_links":{"self":[{"href":"https:\/\/alekeskus.eu\/et\/wp-json\/wp\/v2\/product\/63086","targetHints":{"allow":["GET"]}}],"collection":[{"href":"https:\/\/alekeskus.eu\/et\/wp-json\/wp\/v2\/product"}],"about":[{"href":"https:\/\/alekeskus.eu\/et\/wp-json\/wp\/v2\/types\/product"}],"wp:featuredmedia":[{"embeddable":true,"href":"https:\/\/alekeskus.eu\/et\/wp-json\/wp\/v2\/media\/63078"}],"wp:attachment":[{"href":"https:\/\/alekeskus.eu\/et\/wp-json\/wp\/v2\/media?parent=63086"}],"wp:term":[{"taxonomy":"pwb-brand","embeddable":true,"href":"https:\/\/alekeskus.eu\/et\/wp-json\/wp\/v2\/pwb-brand?post=63086"},{"taxonomy":"product_brand","embeddable":true,"href":"https:\/\/alekeskus.eu\/et\/wp-json\/wp\/v2\/product_brand?post=63086"},{"taxonomy":"product_cat","embeddable":true,"href":"https:\/\/alekeskus.eu\/et\/wp-json\/wp\/v2\/product_cat?post=63086"},{"taxonomy":"product_tag","embeddable":true,"href":"https:\/\/alekeskus.eu\/et\/wp-json\/wp\/v2\/product_tag?post=63086"}],"curies":[{"name":"wp","href":"https:\/\/api.w.org\/{rel}","templated":true}]}}