{"id":63104,"date":"2021-11-11T21:42:58","date_gmt":"2021-11-11T21:42:58","guid":{"rendered":"http:\/\/alekeskus.eu\/product\/grillkoda-ext-43x-59-m-taisvarustusega\/"},"modified":"2023-01-31T08:07:31","modified_gmt":"2023-01-31T08:07:31","slug":"grillkoda-ext-43x-59-m-taisvarustusega","status":"publish","type":"product","link":"https:\/\/alekeskus.eu\/et\/toode\/grillkoda-ext-43x-59-m-taisvarustusega\/","title":{"rendered":"Grillkoda EXT 4,3x 5,9 m t\u00e4isvarustusega"},"content":{"rendered":"<div>\n<div>\n<p><strong>Telli lisaks:<\/strong><\/p>\n<p><strong>&#8211; k\u00e4rgkate paigaldus katuselementidele\u00a0<\/strong><\/p>\n<p><strong>&#8211; lisa p\u00f5hjap\u00f5dra nahk\u00a0<\/strong><\/p>\n<\/div>\n<\/div>\n","protected":false},"excerpt":{"rendered":"<p>Grillkoda hubasteks roogade valmistamise hetkedeks ja talvisteks koosviibimisteks. Mahutab pidutsema v\u00e4h 12 inimest.<\/p>\n<p><strong>Hinnas K\u00d5IK: seinakilbid 44mm(10 palgi k\u00f5rgus), OSB plaadist r\u00e4\u00e4stad, aknad(1 avanev), raamuks, grill koos suitsukogujaga teras 2 mm, kinnitusvahendid, k\u00e4rgkatus, p\u00f5rand ja koostejuhend.<\/strong><\/p>\n<p>Pindala 16 m<sup>2<\/sup>. Sisem\u00f5\u00f5dud:\u00a0420&#215;364 +222&#215;179 cm.<\/p>\n<p>Eesti toode. K\u00fcsi ka paigaldust!<\/p>\n","protected":false},"featured_media":63090,"template":"","meta":{"_monsterinsights_skip_tracking":false,"_monsterinsights_sitenote_active":false,"_monsterinsights_sitenote_note":"","_monsterinsights_sitenote_category":0},"pwb-brand":[],"product_brand":[],"product_cat":[17182,13592,13540,13602],"product_tag":[13831,13856,13857,17290,13858,13866,13910,13993,14053,15356],"class_list":{"0":"post-63104","1":"product","2":"type-product","3":"status-publish","4":"has-post-thumbnail","6":"product_cat-suvekoogid-alekeskus","7":"product_cat-aia-ja-grillmajad","8":"product_cat-hooned-alekeskus","9":"product_cat-elementmajad","10":"product_tag-mokki","11":"product_tag-grill","12":"product_tag-koda","13":"product_tag-laajennus","14":"product_tag-bbq","15":"product_tag-grillikota","16":"product_tag-majutus","17":"product_tag-kota","18":"product_tag-onn","19":"product_tag-grillkoda","20":"product_shipping_class-alates-1000kg","21":"pa_garantii-2-aastat","22":"pa_kohaletoimetamine-alates-180e","23":"pa_laoasukoht-vorumaa","24":"pa_pindalam-14288","25":"pa_tellimisaeg-tilausaika-alekeskus","26":"pa_varv-viimistlemata","27":"pa_veame-eesti-ja-soome","29":"first","30":"onbackorder","31":"sale","32":"taxable","33":"shipping-taxable","34":"purchasable","35":"product-type-simple"},"yoast_head":"<!-- This site is optimized with the Yoast SEO plugin v27.3 - https:\/\/yoast.com\/product\/yoast-seo-wordpress\/ -->\n<title>Grillkoda EXT 4,3x 5,9 m t\u00e4isvarustusega - Alekeskus<\/title>\n<meta name=\"description\" content=\"Liigendatud siseruumiga grillkoda pakub ajaveetmiseks erinevaid v\u00f5imalusi.\" \/>\n<meta name=\"robots\" content=\"index, follow, max-snippet:-1, max-image-preview:large, max-video-preview:-1\" \/>\n<link rel=\"canonical\" href=\"https:\/\/alekeskus.eu\/toode\/grillkoda-ext-43x-59-m-taisvarustusega\/\" \/>\n<meta property=\"og:locale\" content=\"et_EE\" \/>\n<meta property=\"og:type\" content=\"article\" \/>\n<meta property=\"og:title\" content=\"Grillkoda EXT 4,3x 5,9 m t\u00e4isvarustusega - Alekeskus\" \/>\n<meta property=\"og:description\" content=\"Liigendatud siseruumiga grillkoda pakub ajaveetmiseks erinevaid v\u00f5imalusi.\" \/>\n<meta property=\"og:url\" content=\"https:\/\/alekeskus.eu\/toode\/grillkoda-ext-43x-59-m-taisvarustusega\/\" \/>\n<meta property=\"og:site_name\" content=\"Alekeskus\" \/>\n<meta property=\"article:modified_time\" content=\"2023-01-31T08:07:31+00:00\" \/>\n<meta property=\"og:image\" content=\"https:\/\/alekeskus.eu\/wp-content\/uploads\/2021\/11\/1280grillkoda-ext-4-3x-5-9-m-t-isvarustusega-0.jpg\" \/>\n\t<meta property=\"og:image:width\" content=\"600\" \/>\n\t<meta property=\"og:image:height\" content=\"400\" \/>\n\t<meta property=\"og:image:type\" content=\"image\/jpeg\" \/>\n<meta name=\"twitter:card\" content=\"summary_large_image\" \/>\n<meta name=\"twitter:label1\" content=\"Est. reading time\" \/>\n\t<meta name=\"twitter:data1\" content=\"1 minut\" \/>\n<script type=\"application\/ld+json\" class=\"yoast-schema-graph\">{\"@context\":\"https:\\\/\\\/schema.org\",\"@graph\":[{\"@type\":\"WebPage\",\"@id\":\"https:\\\/\\\/alekeskus.eu\\\/toode\\\/grillkoda-ext-43x-59-m-taisvarustusega\\\/\",\"url\":\"https:\\\/\\\/alekeskus.eu\\\/toode\\\/grillkoda-ext-43x-59-m-taisvarustusega\\\/\",\"name\":\"Grillkoda EXT 4,3x 5,9 m t\u00e4isvarustusega - Alekeskus\",\"isPartOf\":{\"@id\":\"https:\\\/\\\/alekeskus.eu\\\/#website\"},\"primaryImageOfPage\":{\"@id\":\"https:\\\/\\\/alekeskus.eu\\\/toode\\\/grillkoda-ext-43x-59-m-taisvarustusega\\\/#primaryimage\"},\"image\":{\"@id\":\"https:\\\/\\\/alekeskus.eu\\\/toode\\\/grillkoda-ext-43x-59-m-taisvarustusega\\\/#primaryimage\"},\"thumbnailUrl\":\"https:\\\/\\\/alekeskus.eu\\\/wp-content\\\/uploads\\\/2021\\\/11\\\/1280grillkoda-ext-4-3x-5-9-m-t-isvarustusega-0.jpg\",\"datePublished\":\"2021-11-11T21:42:58+00:00\",\"dateModified\":\"2023-01-31T08:07:31+00:00\",\"description\":\"Liigendatud siseruumiga grillkoda pakub ajaveetmiseks erinevaid v\u00f5imalusi.\",\"breadcrumb\":{\"@id\":\"https:\\\/\\\/alekeskus.eu\\\/toode\\\/grillkoda-ext-43x-59-m-taisvarustusega\\\/#breadcrumb\"},\"inLanguage\":\"et\",\"potentialAction\":[{\"@type\":\"ReadAction\",\"target\":[\"https:\\\/\\\/alekeskus.eu\\\/toode\\\/grillkoda-ext-43x-59-m-taisvarustusega\\\/\"]}]},{\"@type\":\"ImageObject\",\"inLanguage\":\"et\",\"@id\":\"https:\\\/\\\/alekeskus.eu\\\/toode\\\/grillkoda-ext-43x-59-m-taisvarustusega\\\/#primaryimage\",\"url\":\"https:\\\/\\\/alekeskus.eu\\\/wp-content\\\/uploads\\\/2021\\\/11\\\/1280grillkoda-ext-4-3x-5-9-m-t-isvarustusega-0.jpg\",\"contentUrl\":\"https:\\\/\\\/alekeskus.eu\\\/wp-content\\\/uploads\\\/2021\\\/11\\\/1280grillkoda-ext-4-3x-5-9-m-t-isvarustusega-0.jpg\",\"width\":600,\"height\":400},{\"@type\":\"BreadcrumbList\",\"@id\":\"https:\\\/\\\/alekeskus.eu\\\/toode\\\/grillkoda-ext-43x-59-m-taisvarustusega\\\/#breadcrumb\",\"itemListElement\":[{\"@type\":\"ListItem\",\"position\":1,\"name\":\"Avaleht\",\"item\":\"https:\\\/\\\/alekeskus.eu\\\/et\\\/\"},{\"@type\":\"ListItem\",\"position\":2,\"name\":\"Pood\",\"item\":\"https:\\\/\\\/alekeskus.eu\\\/pood\\\/\"},{\"@type\":\"ListItem\",\"position\":3,\"name\":\"Grillkoda EXT 4,3x 5,9 m t\u00e4isvarustusega\"}]},{\"@type\":\"WebSite\",\"@id\":\"https:\\\/\\\/alekeskus.eu\\\/#website\",\"url\":\"https:\\\/\\\/alekeskus.eu\\\/\",\"name\":\"Alekeskus\",\"description\":\"Alekeskus.eu\",\"potentialAction\":[{\"@type\":\"SearchAction\",\"target\":{\"@type\":\"EntryPoint\",\"urlTemplate\":\"https:\\\/\\\/alekeskus.eu\\\/?s={search_term_string}\"},\"query-input\":{\"@type\":\"PropertyValueSpecification\",\"valueRequired\":true,\"valueName\":\"search_term_string\"}}],\"inLanguage\":\"et\"}]}<\/script>\n<!-- \/ Yoast SEO plugin. -->","yoast_head_json":{"title":"Grillkoda EXT 4,3x 5,9 m t\u00e4isvarustusega - Alekeskus","description":"Liigendatud siseruumiga grillkoda pakub ajaveetmiseks erinevaid v\u00f5imalusi.","robots":{"index":"index","follow":"follow","max-snippet":"max-snippet:-1","max-image-preview":"max-image-preview:large","max-video-preview":"max-video-preview:-1"},"canonical":"https:\/\/alekeskus.eu\/toode\/grillkoda-ext-43x-59-m-taisvarustusega\/","og_locale":"et_EE","og_type":"article","og_title":"Grillkoda EXT 4,3x 5,9 m t\u00e4isvarustusega - Alekeskus","og_description":"Liigendatud siseruumiga grillkoda pakub ajaveetmiseks erinevaid v\u00f5imalusi.","og_url":"https:\/\/alekeskus.eu\/toode\/grillkoda-ext-43x-59-m-taisvarustusega\/","og_site_name":"Alekeskus","article_modified_time":"2023-01-31T08:07:31+00:00","og_image":[{"width":600,"height":400,"url":"https:\/\/alekeskus.eu\/wp-content\/uploads\/2021\/11\/1280grillkoda-ext-4-3x-5-9-m-t-isvarustusega-0.jpg","type":"image\/jpeg"}],"twitter_card":"summary_large_image","twitter_misc":{"Est. reading time":"1 minut"},"schema":{"@context":"https:\/\/schema.org","@graph":[{"@type":"WebPage","@id":"https:\/\/alekeskus.eu\/toode\/grillkoda-ext-43x-59-m-taisvarustusega\/","url":"https:\/\/alekeskus.eu\/toode\/grillkoda-ext-43x-59-m-taisvarustusega\/","name":"Grillkoda EXT 4,3x 5,9 m t\u00e4isvarustusega - Alekeskus","isPartOf":{"@id":"https:\/\/alekeskus.eu\/#website"},"primaryImageOfPage":{"@id":"https:\/\/alekeskus.eu\/toode\/grillkoda-ext-43x-59-m-taisvarustusega\/#primaryimage"},"image":{"@id":"https:\/\/alekeskus.eu\/toode\/grillkoda-ext-43x-59-m-taisvarustusega\/#primaryimage"},"thumbnailUrl":"https:\/\/alekeskus.eu\/wp-content\/uploads\/2021\/11\/1280grillkoda-ext-4-3x-5-9-m-t-isvarustusega-0.jpg","datePublished":"2021-11-11T21:42:58+00:00","dateModified":"2023-01-31T08:07:31+00:00","description":"Liigendatud siseruumiga grillkoda pakub ajaveetmiseks erinevaid v\u00f5imalusi.","breadcrumb":{"@id":"https:\/\/alekeskus.eu\/toode\/grillkoda-ext-43x-59-m-taisvarustusega\/#breadcrumb"},"inLanguage":"et","potentialAction":[{"@type":"ReadAction","target":["https:\/\/alekeskus.eu\/toode\/grillkoda-ext-43x-59-m-taisvarustusega\/"]}]},{"@type":"ImageObject","inLanguage":"et","@id":"https:\/\/alekeskus.eu\/toode\/grillkoda-ext-43x-59-m-taisvarustusega\/#primaryimage","url":"https:\/\/alekeskus.eu\/wp-content\/uploads\/2021\/11\/1280grillkoda-ext-4-3x-5-9-m-t-isvarustusega-0.jpg","contentUrl":"https:\/\/alekeskus.eu\/wp-content\/uploads\/2021\/11\/1280grillkoda-ext-4-3x-5-9-m-t-isvarustusega-0.jpg","width":600,"height":400},{"@type":"BreadcrumbList","@id":"https:\/\/alekeskus.eu\/toode\/grillkoda-ext-43x-59-m-taisvarustusega\/#breadcrumb","itemListElement":[{"@type":"ListItem","position":1,"name":"Avaleht","item":"https:\/\/alekeskus.eu\/et\/"},{"@type":"ListItem","position":2,"name":"Pood","item":"https:\/\/alekeskus.eu\/pood\/"},{"@type":"ListItem","position":3,"name":"Grillkoda EXT 4,3x 5,9 m t\u00e4isvarustusega"}]},{"@type":"WebSite","@id":"https:\/\/alekeskus.eu\/#website","url":"https:\/\/alekeskus.eu\/","name":"Alekeskus","description":"Alekeskus.eu","potentialAction":[{"@type":"SearchAction","target":{"@type":"EntryPoint","urlTemplate":"https:\/\/alekeskus.eu\/?s={search_term_string}"},"query-input":{"@type":"PropertyValueSpecification","valueRequired":true,"valueName":"search_term_string"}}],"inLanguage":"et"}]}},"brands":[],"_links":{"self":[{"href":"https:\/\/alekeskus.eu\/et\/wp-json\/wp\/v2\/product\/63104","targetHints":{"allow":["GET"]}}],"collection":[{"href":"https:\/\/alekeskus.eu\/et\/wp-json\/wp\/v2\/product"}],"about":[{"href":"https:\/\/alekeskus.eu\/et\/wp-json\/wp\/v2\/types\/product"}],"wp:featuredmedia":[{"embeddable":true,"href":"https:\/\/alekeskus.eu\/et\/wp-json\/wp\/v2\/media\/63090"}],"wp:attachment":[{"href":"https:\/\/alekeskus.eu\/et\/wp-json\/wp\/v2\/media?parent=63104"}],"wp:term":[{"taxonomy":"pwb-brand","embeddable":true,"href":"https:\/\/alekeskus.eu\/et\/wp-json\/wp\/v2\/pwb-brand?post=63104"},{"taxonomy":"product_brand","embeddable":true,"href":"https:\/\/alekeskus.eu\/et\/wp-json\/wp\/v2\/product_brand?post=63104"},{"taxonomy":"product_cat","embeddable":true,"href":"https:\/\/alekeskus.eu\/et\/wp-json\/wp\/v2\/product_cat?post=63104"},{"taxonomy":"product_tag","embeddable":true,"href":"https:\/\/alekeskus.eu\/et\/wp-json\/wp\/v2\/product_tag?post=63104"}],"curies":[{"name":"wp","href":"https:\/\/api.w.org\/{rel}","templated":true}]}}