{"id":63209,"date":"2023-11-11T21:43:56","date_gmt":"2023-11-11T21:43:56","guid":{"rendered":"http:\/\/alekeskus.eu\/product\/aiakiik-magnus-2-kiige-ja-noorredeliga\/"},"modified":"2026-01-30T12:44:25","modified_gmt":"2026-01-30T12:44:25","slug":"aiakiik-magnus-2-kiige-ja-noorredeliga","status":"publish","type":"product","link":"https:\/\/alekeskus.eu\/et\/toode\/aiakiik-magnus-2-kiige-ja-noorredeliga\/","title":{"rendered":"Aiakiik Magnus 2 kiige ja n\u00f6\u00f6rredeliga"},"content":{"rendered":"<p>Hinnas sisalduvad: kogu puitosa(s\u00fcgavimmutatud), kinnitusvahendid, 2 kiike, n\u00f6\u00f6rredel ja paigaldusjuhend.<\/p>\n<p>Ankrud telli vajadusel lisaks.<\/p>\n<table>\n<tbody>\n<tr>\n<td><img decoding=\"async\" src=\"http:\/\/alekeskus.eu\/img\/cms\/02.jpg\" alt=\"\" width=\"44\" height=\"44\" \/><\/td>\n<td><img decoding=\"async\" src=\"http:\/\/alekeskus.eu\/img\/cms\/01.gif\" alt=\"\" width=\"44\" height=\"44\" \/><\/td>\n<td>\u00a0<img decoding=\"async\" src=\"http:\/\/alekeskus.eu\/img\/cms\/03_1.gif\" alt=\"\" width=\"44\" height=\"44\" \/><\/td>\n<td><\/td>\n<td>\u00a0<img loading=\"lazy\" decoding=\"async\" src=\"http:\/\/alekeskus.eu\/img\/cms\/11.gif\" alt=\"\" width=\"44\" height=\"44\" \/><\/td>\n<td><img loading=\"lazy\" decoding=\"async\" src=\"http:\/\/alekeskus.eu\/img\/cms\/kuusk.gif\" alt=\"\" width=\"44\" height=\"44\" \/><\/td>\n<td>\u00a0<img loading=\"lazy\" decoding=\"async\" src=\"http:\/\/alekeskus.eu\/img\/cms\/immutus-2.gif\" alt=\"\" width=\"44\" height=\"44\" \/><\/td>\n<td><\/td>\n<\/tr>\n<tr>\n<td>A= 3,8 m<br \/>\nB= 1,9mC= 2,3 m<\/td>\n<td>A= 100 mm<br \/>\nB= 80 mm<\/td>\n<td>A= 8,0m<br \/>\nB= 7,5 m<\/td>\n<td><\/td>\n<td>3-14 a<br \/>\nkuni 50 kg<\/td>\n<td>Kuusk<\/td>\n<td>roheline<\/td>\n<\/tr>\n<\/tbody>\n<\/table>\n<p>Puit on looduslik materjal ja talle on omane niiskusest, temperatuurist ja muudest ilmastikuoludest tingitud paisumine ning kokku t\u00f5mbumine. Puidu kuivamisel tekkivad praod, oksakohad ja v\u00e4rvitoonide erinevused ei ole defektid, vaid puidule iseloomulikud omadused. Kallimate toodete miniliiper ja nelikant kujuga jalad on v\u00e4hem altid l\u00f5hede tekkele.<\/p>\n","protected":false},"excerpt":{"rendered":"<p>M\u00f5\u00f5dud paigaldatuna: <strong>3,8 x 1,94 x 2,3 m.<\/strong><\/p>\n<p>Tavalisele kiigele on lisaks n\u00f6\u00f6rredel.<\/p>\n<p>Vastab Euroopa ohutusnormile EN71. Eesti toode.<\/p>\n<p>Vajadusel paigaldus maasse kinnitusega 200 \u20ac + s\u00f5it 0,7 \u20ac \/ km.<\/p>\n","protected":false},"featured_media":63201,"template":"","meta":{"_monsterinsights_skip_tracking":false,"_monsterinsights_sitenote_active":false,"_monsterinsights_sitenote_note":"","_monsterinsights_sitenote_category":0},"pwb-brand":[18577],"product_brand":[],"product_cat":[13556,13558,13528],"product_tag":[14250,14323,14324,14329,14331,14332,13782,13787,13878,13879],"class_list":{"0":"post-63209","1":"product","2":"type-product","3":"status-publish","4":"has-post-thumbnail","6":"pwb-brand-eesti","7":"product_cat-kiiged","8":"product_cat-manguvaljakud","9":"product_cat-manguvaljakud-kiiged","10":"product_tag-painekyllastetty","11":"product_tag-suvaimmutatud","12":"product_tag-sugavimmutus","13":"product_tag-mathias","14":"product_tag-swing","15":"product_tag-play-set","16":"product_tag-manguvaljak","17":"product_tag-keinu","18":"product_tag-kiik","19":"product_tag-aiakiik","20":"product_shipping_class-30-300kg","21":"pa_garantii-2-aastat","22":"pa_kaalkg-14333","23":"pa_kohaletoimetamine-veohind-mandri-eestis-alekeskus","24":"pa_laoasukoht-laane-virumaa-eesti","25":"pa_pakendimoodud-37x03x03m","26":"pa_tellimisaeg-2-10-toopaeva","27":"pa_varv-roheline","28":"pa_veame-eesti-ja-soome","30":"first","31":"instock","32":"taxable","33":"shipping-taxable","34":"purchasable","35":"product-type-simple"},"yoast_head":"<!-- This site is optimized with the Yoast SEO plugin v27.5 - https:\/\/yoast.com\/product\/yoast-seo-wordpress\/ -->\n<title>Aiakiik Magnus 2 kiige ja n\u00f6\u00f6rredeliga - Alekeskus<\/title>\n<meta name=\"description\" content=\"Eestis toodetud laste aiakiik\" \/>\n<meta name=\"robots\" content=\"index, follow, max-snippet:-1, max-image-preview:large, max-video-preview:-1\" \/>\n<link rel=\"canonical\" href=\"https:\/\/alekeskus.eu\/et\/toode\/aiakiik-magnus-2-kiige-ja-noorredeliga\/\" \/>\n<meta property=\"og:locale\" content=\"et_EE\" \/>\n<meta property=\"og:type\" content=\"article\" \/>\n<meta property=\"og:title\" content=\"Aiakiik Magnus 2 kiige ja n\u00f6\u00f6rredeliga - Alekeskus\" \/>\n<meta property=\"og:description\" content=\"Eestis toodetud laste aiakiik\" \/>\n<meta property=\"og:url\" content=\"https:\/\/alekeskus.eu\/et\/toode\/aiakiik-magnus-2-kiige-ja-noorredeliga\/\" \/>\n<meta property=\"og:site_name\" content=\"Alekeskus\" \/>\n<meta property=\"article:modified_time\" content=\"2026-01-30T12:44:25+00:00\" \/>\n<meta property=\"og:image\" content=\"https:\/\/alekeskus.eu\/wp-content\/uploads\/2021\/11\/414aiakiik-magnus-2-kiige-ja-n-rredeliga-0-scaled.jpg\" \/>\n\t<meta property=\"og:image:width\" content=\"1600\" \/>\n\t<meta property=\"og:image:height\" content=\"1199\" \/>\n\t<meta property=\"og:image:type\" content=\"image\/jpeg\" \/>\n<meta name=\"twitter:card\" content=\"summary_large_image\" \/>\n<meta name=\"twitter:label1\" content=\"Est. reading time\" \/>\n\t<meta name=\"twitter:data1\" content=\"2 minutit\" \/>\n<script type=\"application\/ld+json\" class=\"yoast-schema-graph\">{\"@context\":\"https:\\\/\\\/schema.org\",\"@graph\":[{\"@type\":\"WebPage\",\"@id\":\"https:\\\/\\\/alekeskus.eu\\\/et\\\/toode\\\/aiakiik-magnus-2-kiige-ja-noorredeliga\\\/\",\"url\":\"https:\\\/\\\/alekeskus.eu\\\/et\\\/toode\\\/aiakiik-magnus-2-kiige-ja-noorredeliga\\\/\",\"name\":\"Aiakiik Magnus 2 kiige ja n\u00f6\u00f6rredeliga - Alekeskus\",\"isPartOf\":{\"@id\":\"https:\\\/\\\/alekeskus.eu\\\/#website\"},\"primaryImageOfPage\":{\"@id\":\"https:\\\/\\\/alekeskus.eu\\\/et\\\/toode\\\/aiakiik-magnus-2-kiige-ja-noorredeliga\\\/#primaryimage\"},\"image\":{\"@id\":\"https:\\\/\\\/alekeskus.eu\\\/et\\\/toode\\\/aiakiik-magnus-2-kiige-ja-noorredeliga\\\/#primaryimage\"},\"thumbnailUrl\":\"https:\\\/\\\/alekeskus.eu\\\/wp-content\\\/uploads\\\/2021\\\/11\\\/414aiakiik-magnus-2-kiige-ja-n-rredeliga-0-scaled.jpg\",\"datePublished\":\"2023-11-11T21:43:56+00:00\",\"dateModified\":\"2026-01-30T12:44:25+00:00\",\"description\":\"Eestis toodetud laste aiakiik\",\"breadcrumb\":{\"@id\":\"https:\\\/\\\/alekeskus.eu\\\/et\\\/toode\\\/aiakiik-magnus-2-kiige-ja-noorredeliga\\\/#breadcrumb\"},\"inLanguage\":\"et\",\"potentialAction\":[{\"@type\":\"ReadAction\",\"target\":[\"https:\\\/\\\/alekeskus.eu\\\/et\\\/toode\\\/aiakiik-magnus-2-kiige-ja-noorredeliga\\\/\"]}]},{\"@type\":\"ImageObject\",\"inLanguage\":\"et\",\"@id\":\"https:\\\/\\\/alekeskus.eu\\\/et\\\/toode\\\/aiakiik-magnus-2-kiige-ja-noorredeliga\\\/#primaryimage\",\"url\":\"https:\\\/\\\/alekeskus.eu\\\/wp-content\\\/uploads\\\/2021\\\/11\\\/414aiakiik-magnus-2-kiige-ja-n-rredeliga-0-scaled.jpg\",\"contentUrl\":\"https:\\\/\\\/alekeskus.eu\\\/wp-content\\\/uploads\\\/2021\\\/11\\\/414aiakiik-magnus-2-kiige-ja-n-rredeliga-0-scaled.jpg\",\"width\":1600,\"height\":1199},{\"@type\":\"BreadcrumbList\",\"@id\":\"https:\\\/\\\/alekeskus.eu\\\/et\\\/toode\\\/aiakiik-magnus-2-kiige-ja-noorredeliga\\\/#breadcrumb\",\"itemListElement\":[{\"@type\":\"ListItem\",\"position\":1,\"name\":\"Avaleht\",\"item\":\"https:\\\/\\\/alekeskus.eu\\\/et\\\/\"},{\"@type\":\"ListItem\",\"position\":2,\"name\":\"Pood\",\"item\":\"https:\\\/\\\/alekeskus.eu\\\/pood\\\/\"},{\"@type\":\"ListItem\",\"position\":3,\"name\":\"Aiakiik Magnus 2 kiige ja n\u00f6\u00f6rredeliga\"}]},{\"@type\":\"WebSite\",\"@id\":\"https:\\\/\\\/alekeskus.eu\\\/#website\",\"url\":\"https:\\\/\\\/alekeskus.eu\\\/\",\"name\":\"Alekeskus\",\"description\":\"Alekeskus.eu\",\"potentialAction\":[{\"@type\":\"SearchAction\",\"target\":{\"@type\":\"EntryPoint\",\"urlTemplate\":\"https:\\\/\\\/alekeskus.eu\\\/?s={search_term_string}\"},\"query-input\":{\"@type\":\"PropertyValueSpecification\",\"valueRequired\":true,\"valueName\":\"search_term_string\"}}],\"inLanguage\":\"et\"}]}<\/script>\n<!-- \/ Yoast SEO plugin. -->","yoast_head_json":{"title":"Aiakiik Magnus 2 kiige ja n\u00f6\u00f6rredeliga - Alekeskus","description":"Eestis toodetud laste aiakiik","robots":{"index":"index","follow":"follow","max-snippet":"max-snippet:-1","max-image-preview":"max-image-preview:large","max-video-preview":"max-video-preview:-1"},"canonical":"https:\/\/alekeskus.eu\/et\/toode\/aiakiik-magnus-2-kiige-ja-noorredeliga\/","og_locale":"et_EE","og_type":"article","og_title":"Aiakiik Magnus 2 kiige ja n\u00f6\u00f6rredeliga - Alekeskus","og_description":"Eestis toodetud laste aiakiik","og_url":"https:\/\/alekeskus.eu\/et\/toode\/aiakiik-magnus-2-kiige-ja-noorredeliga\/","og_site_name":"Alekeskus","article_modified_time":"2026-01-30T12:44:25+00:00","og_image":[{"width":1600,"height":1199,"url":"https:\/\/alekeskus.eu\/wp-content\/uploads\/2021\/11\/414aiakiik-magnus-2-kiige-ja-n-rredeliga-0-scaled.jpg","type":"image\/jpeg"}],"twitter_card":"summary_large_image","twitter_misc":{"Est. reading time":"2 minutit"},"schema":{"@context":"https:\/\/schema.org","@graph":[{"@type":"WebPage","@id":"https:\/\/alekeskus.eu\/et\/toode\/aiakiik-magnus-2-kiige-ja-noorredeliga\/","url":"https:\/\/alekeskus.eu\/et\/toode\/aiakiik-magnus-2-kiige-ja-noorredeliga\/","name":"Aiakiik Magnus 2 kiige ja n\u00f6\u00f6rredeliga - Alekeskus","isPartOf":{"@id":"https:\/\/alekeskus.eu\/#website"},"primaryImageOfPage":{"@id":"https:\/\/alekeskus.eu\/et\/toode\/aiakiik-magnus-2-kiige-ja-noorredeliga\/#primaryimage"},"image":{"@id":"https:\/\/alekeskus.eu\/et\/toode\/aiakiik-magnus-2-kiige-ja-noorredeliga\/#primaryimage"},"thumbnailUrl":"https:\/\/alekeskus.eu\/wp-content\/uploads\/2021\/11\/414aiakiik-magnus-2-kiige-ja-n-rredeliga-0-scaled.jpg","datePublished":"2023-11-11T21:43:56+00:00","dateModified":"2026-01-30T12:44:25+00:00","description":"Eestis toodetud laste aiakiik","breadcrumb":{"@id":"https:\/\/alekeskus.eu\/et\/toode\/aiakiik-magnus-2-kiige-ja-noorredeliga\/#breadcrumb"},"inLanguage":"et","potentialAction":[{"@type":"ReadAction","target":["https:\/\/alekeskus.eu\/et\/toode\/aiakiik-magnus-2-kiige-ja-noorredeliga\/"]}]},{"@type":"ImageObject","inLanguage":"et","@id":"https:\/\/alekeskus.eu\/et\/toode\/aiakiik-magnus-2-kiige-ja-noorredeliga\/#primaryimage","url":"https:\/\/alekeskus.eu\/wp-content\/uploads\/2021\/11\/414aiakiik-magnus-2-kiige-ja-n-rredeliga-0-scaled.jpg","contentUrl":"https:\/\/alekeskus.eu\/wp-content\/uploads\/2021\/11\/414aiakiik-magnus-2-kiige-ja-n-rredeliga-0-scaled.jpg","width":1600,"height":1199},{"@type":"BreadcrumbList","@id":"https:\/\/alekeskus.eu\/et\/toode\/aiakiik-magnus-2-kiige-ja-noorredeliga\/#breadcrumb","itemListElement":[{"@type":"ListItem","position":1,"name":"Avaleht","item":"https:\/\/alekeskus.eu\/et\/"},{"@type":"ListItem","position":2,"name":"Pood","item":"https:\/\/alekeskus.eu\/pood\/"},{"@type":"ListItem","position":3,"name":"Aiakiik Magnus 2 kiige ja n\u00f6\u00f6rredeliga"}]},{"@type":"WebSite","@id":"https:\/\/alekeskus.eu\/#website","url":"https:\/\/alekeskus.eu\/","name":"Alekeskus","description":"Alekeskus.eu","potentialAction":[{"@type":"SearchAction","target":{"@type":"EntryPoint","urlTemplate":"https:\/\/alekeskus.eu\/?s={search_term_string}"},"query-input":{"@type":"PropertyValueSpecification","valueRequired":true,"valueName":"search_term_string"}}],"inLanguage":"et"}]}},"brands":[{"id":18577,"name":"Eesti","slug":"eesti"}],"_links":{"self":[{"href":"https:\/\/alekeskus.eu\/et\/wp-json\/wp\/v2\/product\/63209","targetHints":{"allow":["GET"]}}],"collection":[{"href":"https:\/\/alekeskus.eu\/et\/wp-json\/wp\/v2\/product"}],"about":[{"href":"https:\/\/alekeskus.eu\/et\/wp-json\/wp\/v2\/types\/product"}],"wp:featuredmedia":[{"embeddable":true,"href":"https:\/\/alekeskus.eu\/et\/wp-json\/wp\/v2\/media\/63201"}],"wp:attachment":[{"href":"https:\/\/alekeskus.eu\/et\/wp-json\/wp\/v2\/media?parent=63209"}],"wp:term":[{"taxonomy":"pwb-brand","embeddable":true,"href":"https:\/\/alekeskus.eu\/et\/wp-json\/wp\/v2\/pwb-brand?post=63209"},{"taxonomy":"product_brand","embeddable":true,"href":"https:\/\/alekeskus.eu\/et\/wp-json\/wp\/v2\/product_brand?post=63209"},{"taxonomy":"product_cat","embeddable":true,"href":"https:\/\/alekeskus.eu\/et\/wp-json\/wp\/v2\/product_cat?post=63209"},{"taxonomy":"product_tag","embeddable":true,"href":"https:\/\/alekeskus.eu\/et\/wp-json\/wp\/v2\/product_tag?post=63209"}],"curies":[{"name":"wp","href":"https:\/\/api.w.org\/{rel}","templated":true}]}}