{"id":63326,"date":"2021-11-11T21:45:02","date_gmt":"2021-11-11T21:45:03","guid":{"rendered":"http:\/\/alekeskus.eu\/product\/keinu-clara\/"},"modified":"2021-11-12T07:47:39","modified_gmt":"2021-11-12T07:47:39","slug":"keinu-clara","status":"publish","type":"product","link":"https:\/\/alekeskus.eu\/et\/toode\/keinu-clara\/","title":{"rendered":"Keinu CLARA"},"content":{"rendered":"","protected":false},"excerpt":{"rendered":"<p>Mitat: 2,35 x 2,35 x2,09 m<\/p>\n<p>Painekyll\u00e4stetty kuusi 90x43mm <img decoding=\"async\" src=\"http:\/\/www.imprest.ee\/pics\/548_FSC+CE.jpg\" alt=\"\" width=\"59\" height=\"44\" \/><\/p>\n<p>Toimitukseen sis\u00e4ltyy keinut, painekyll\u00e4stetty puurunko , kinnitystarvikkeet ja asennusohje. 4 ankkuria tilaa lis\u00e4hintaan.<\/p>\n<p>T\u00e4ytt\u00e4\u00e4 EN71 turvallisuusstandardin vaatimukset.<\/p>\n<p>Valmistettu Eestiss\u00e4.<\/p><\/p>\n","protected":false},"featured_media":63324,"template":"","meta":{"_monsterinsights_skip_tracking":false,"_monsterinsights_sitenote_active":false,"_monsterinsights_sitenote_note":"","_monsterinsights_sitenote_category":0},"pwb-brand":[],"product_brand":[],"product_cat":[13557,13539,13529],"product_tag":[],"class_list":{"0":"post-63326","1":"product","2":"type-product","3":"status-publish","4":"has-post-thumbnail","6":"product_cat-keinut-manguvaljakud-kiiged","7":"product_cat-ale","8":"product_cat-leikkitelineet-keinut","9":"pa_garantii-2-vuotta-fi","10":"pa_kaalkg-48-kg-fi","11":"pa_laoasukoht-laane-virumaa-eesti-fi","12":"pa_tellimisaeg-2-10-arkipaivaa","13":"pa_varv-vihrea","14":"pa_veame-eesti-ja-suomi","16":"first","17":"outofstock","18":"sale","19":"taxable","20":"shipping-taxable","21":"purchasable","22":"product-type-simple"},"yoast_head":"<!-- This site is optimized with the Yoast SEO plugin v27.3 - https:\/\/yoast.com\/product\/yoast-seo-wordpress\/ -->\n<title>Keinu CLARA - Alekeskus<\/title>\n<meta name=\"robots\" content=\"index, follow, max-snippet:-1, max-image-preview:large, max-video-preview:-1\" \/>\n<link rel=\"canonical\" href=\"https:\/\/alekeskus.eu\/fi\/tuote\/keinu-clara\/\" \/>\n<meta property=\"og:locale\" content=\"et_EE\" \/>\n<meta property=\"og:type\" content=\"article\" \/>\n<meta property=\"og:title\" content=\"Keinu CLARA - Alekeskus\" \/>\n<meta property=\"og:description\" content=\"Mitat: 2,35 x 2,35 x2,09 m Painekyll\u00e4stetty kuusi 90x43mm  Toimitukseen sis\u00e4ltyy keinut, painekyll\u00e4stetty puurunko , kinnitystarvikkeet ja asennusohje. 4 ankkuria tilaa lis\u00e4hintaan. T\u00e4ytt\u00e4\u00e4 EN71 turvallisuusstandardin vaatimukset. Valmistettu Eestiss\u00e4.\" \/>\n<meta property=\"og:url\" content=\"https:\/\/alekeskus.eu\/fi\/tuote\/keinu-clara\/\" \/>\n<meta property=\"og:site_name\" content=\"Alekeskus\" \/>\n<meta property=\"article:modified_time\" content=\"2021-11-12T07:47:39+00:00\" \/>\n<meta property=\"og:image\" content=\"https:\/\/alekeskus.eu\/wp-content\/uploads\/2021\/11\/396aiakiik-clara-2-le-nelikantpuidust-0.jpg\" \/>\n\t<meta property=\"og:image:width\" content=\"800\" \/>\n\t<meta property=\"og:image:height\" content=\"533\" \/>\n\t<meta property=\"og:image:type\" content=\"image\/jpeg\" \/>\n<meta name=\"twitter:card\" content=\"summary_large_image\" \/>\n<script type=\"application\/ld+json\" class=\"yoast-schema-graph\">{\"@context\":\"https:\\\/\\\/schema.org\",\"@graph\":[{\"@type\":\"WebPage\",\"@id\":\"https:\\\/\\\/alekeskus.eu\\\/fi\\\/tuote\\\/keinu-clara\\\/\",\"url\":\"https:\\\/\\\/alekeskus.eu\\\/fi\\\/tuote\\\/keinu-clara\\\/\",\"name\":\"Keinu CLARA - Alekeskus\",\"isPartOf\":{\"@id\":\"https:\\\/\\\/alekeskus.eu\\\/#website\"},\"primaryImageOfPage\":{\"@id\":\"https:\\\/\\\/alekeskus.eu\\\/fi\\\/tuote\\\/keinu-clara\\\/#primaryimage\"},\"image\":{\"@id\":\"https:\\\/\\\/alekeskus.eu\\\/fi\\\/tuote\\\/keinu-clara\\\/#primaryimage\"},\"thumbnailUrl\":\"https:\\\/\\\/alekeskus.eu\\\/wp-content\\\/uploads\\\/2021\\\/11\\\/396aiakiik-clara-2-le-nelikantpuidust-0.jpg\",\"datePublished\":\"2021-11-11T21:45:03+00:00\",\"dateModified\":\"2021-11-12T07:47:39+00:00\",\"breadcrumb\":{\"@id\":\"https:\\\/\\\/alekeskus.eu\\\/fi\\\/tuote\\\/keinu-clara\\\/#breadcrumb\"},\"inLanguage\":\"et\",\"potentialAction\":[{\"@type\":\"ReadAction\",\"target\":[\"https:\\\/\\\/alekeskus.eu\\\/fi\\\/tuote\\\/keinu-clara\\\/\"]}]},{\"@type\":\"ImageObject\",\"inLanguage\":\"et\",\"@id\":\"https:\\\/\\\/alekeskus.eu\\\/fi\\\/tuote\\\/keinu-clara\\\/#primaryimage\",\"url\":\"https:\\\/\\\/alekeskus.eu\\\/wp-content\\\/uploads\\\/2021\\\/11\\\/396aiakiik-clara-2-le-nelikantpuidust-0.jpg\",\"contentUrl\":\"https:\\\/\\\/alekeskus.eu\\\/wp-content\\\/uploads\\\/2021\\\/11\\\/396aiakiik-clara-2-le-nelikantpuidust-0.jpg\",\"width\":800,\"height\":533},{\"@type\":\"BreadcrumbList\",\"@id\":\"https:\\\/\\\/alekeskus.eu\\\/fi\\\/tuote\\\/keinu-clara\\\/#breadcrumb\",\"itemListElement\":[{\"@type\":\"ListItem\",\"position\":1,\"name\":\"Avaleht\",\"item\":\"https:\\\/\\\/alekeskus.eu\\\/et\\\/\"},{\"@type\":\"ListItem\",\"position\":2,\"name\":\"Pood\",\"item\":\"https:\\\/\\\/alekeskus.eu\\\/pood\\\/\"},{\"@type\":\"ListItem\",\"position\":3,\"name\":\"Keinu CLARA\"}]},{\"@type\":\"WebSite\",\"@id\":\"https:\\\/\\\/alekeskus.eu\\\/#website\",\"url\":\"https:\\\/\\\/alekeskus.eu\\\/\",\"name\":\"Alekeskus\",\"description\":\"Alekeskus.eu\",\"potentialAction\":[{\"@type\":\"SearchAction\",\"target\":{\"@type\":\"EntryPoint\",\"urlTemplate\":\"https:\\\/\\\/alekeskus.eu\\\/?s={search_term_string}\"},\"query-input\":{\"@type\":\"PropertyValueSpecification\",\"valueRequired\":true,\"valueName\":\"search_term_string\"}}],\"inLanguage\":\"et\"}]}<\/script>\n<!-- \/ Yoast SEO plugin. -->","yoast_head_json":{"title":"Keinu CLARA - Alekeskus","robots":{"index":"index","follow":"follow","max-snippet":"max-snippet:-1","max-image-preview":"max-image-preview:large","max-video-preview":"max-video-preview:-1"},"canonical":"https:\/\/alekeskus.eu\/fi\/tuote\/keinu-clara\/","og_locale":"et_EE","og_type":"article","og_title":"Keinu CLARA - Alekeskus","og_description":"Mitat: 2,35 x 2,35 x2,09 m Painekyll\u00e4stetty kuusi 90x43mm  Toimitukseen sis\u00e4ltyy keinut, painekyll\u00e4stetty puurunko , kinnitystarvikkeet ja asennusohje. 4 ankkuria tilaa lis\u00e4hintaan. T\u00e4ytt\u00e4\u00e4 EN71 turvallisuusstandardin vaatimukset. Valmistettu Eestiss\u00e4.","og_url":"https:\/\/alekeskus.eu\/fi\/tuote\/keinu-clara\/","og_site_name":"Alekeskus","article_modified_time":"2021-11-12T07:47:39+00:00","og_image":[{"width":800,"height":533,"url":"https:\/\/alekeskus.eu\/wp-content\/uploads\/2021\/11\/396aiakiik-clara-2-le-nelikantpuidust-0.jpg","type":"image\/jpeg"}],"twitter_card":"summary_large_image","schema":{"@context":"https:\/\/schema.org","@graph":[{"@type":"WebPage","@id":"https:\/\/alekeskus.eu\/fi\/tuote\/keinu-clara\/","url":"https:\/\/alekeskus.eu\/fi\/tuote\/keinu-clara\/","name":"Keinu CLARA - Alekeskus","isPartOf":{"@id":"https:\/\/alekeskus.eu\/#website"},"primaryImageOfPage":{"@id":"https:\/\/alekeskus.eu\/fi\/tuote\/keinu-clara\/#primaryimage"},"image":{"@id":"https:\/\/alekeskus.eu\/fi\/tuote\/keinu-clara\/#primaryimage"},"thumbnailUrl":"https:\/\/alekeskus.eu\/wp-content\/uploads\/2021\/11\/396aiakiik-clara-2-le-nelikantpuidust-0.jpg","datePublished":"2021-11-11T21:45:03+00:00","dateModified":"2021-11-12T07:47:39+00:00","breadcrumb":{"@id":"https:\/\/alekeskus.eu\/fi\/tuote\/keinu-clara\/#breadcrumb"},"inLanguage":"et","potentialAction":[{"@type":"ReadAction","target":["https:\/\/alekeskus.eu\/fi\/tuote\/keinu-clara\/"]}]},{"@type":"ImageObject","inLanguage":"et","@id":"https:\/\/alekeskus.eu\/fi\/tuote\/keinu-clara\/#primaryimage","url":"https:\/\/alekeskus.eu\/wp-content\/uploads\/2021\/11\/396aiakiik-clara-2-le-nelikantpuidust-0.jpg","contentUrl":"https:\/\/alekeskus.eu\/wp-content\/uploads\/2021\/11\/396aiakiik-clara-2-le-nelikantpuidust-0.jpg","width":800,"height":533},{"@type":"BreadcrumbList","@id":"https:\/\/alekeskus.eu\/fi\/tuote\/keinu-clara\/#breadcrumb","itemListElement":[{"@type":"ListItem","position":1,"name":"Avaleht","item":"https:\/\/alekeskus.eu\/et\/"},{"@type":"ListItem","position":2,"name":"Pood","item":"https:\/\/alekeskus.eu\/pood\/"},{"@type":"ListItem","position":3,"name":"Keinu CLARA"}]},{"@type":"WebSite","@id":"https:\/\/alekeskus.eu\/#website","url":"https:\/\/alekeskus.eu\/","name":"Alekeskus","description":"Alekeskus.eu","potentialAction":[{"@type":"SearchAction","target":{"@type":"EntryPoint","urlTemplate":"https:\/\/alekeskus.eu\/?s={search_term_string}"},"query-input":{"@type":"PropertyValueSpecification","valueRequired":true,"valueName":"search_term_string"}}],"inLanguage":"et"}]}},"brands":[],"_links":{"self":[{"href":"https:\/\/alekeskus.eu\/et\/wp-json\/wp\/v2\/product\/63326","targetHints":{"allow":["GET"]}}],"collection":[{"href":"https:\/\/alekeskus.eu\/et\/wp-json\/wp\/v2\/product"}],"about":[{"href":"https:\/\/alekeskus.eu\/et\/wp-json\/wp\/v2\/types\/product"}],"wp:featuredmedia":[{"embeddable":true,"href":"https:\/\/alekeskus.eu\/et\/wp-json\/wp\/v2\/media\/63324"}],"wp:attachment":[{"href":"https:\/\/alekeskus.eu\/et\/wp-json\/wp\/v2\/media?parent=63326"}],"wp:term":[{"taxonomy":"pwb-brand","embeddable":true,"href":"https:\/\/alekeskus.eu\/et\/wp-json\/wp\/v2\/pwb-brand?post=63326"},{"taxonomy":"product_brand","embeddable":true,"href":"https:\/\/alekeskus.eu\/et\/wp-json\/wp\/v2\/product_brand?post=63326"},{"taxonomy":"product_cat","embeddable":true,"href":"https:\/\/alekeskus.eu\/et\/wp-json\/wp\/v2\/product_cat?post=63326"},{"taxonomy":"product_tag","embeddable":true,"href":"https:\/\/alekeskus.eu\/et\/wp-json\/wp\/v2\/product_tag?post=63326"}],"curies":[{"name":"wp","href":"https:\/\/api.w.org\/{rel}","templated":true}]}}