{"id":63419,"date":"2023-11-11T21:45:35","date_gmt":"2023-11-11T21:45:35","guid":{"rendered":"http:\/\/alekeskus.eu\/product\/manguvaljak-kalev-ronimisvorgu-ja-pesakiigega\/"},"modified":"2026-01-08T12:18:02","modified_gmt":"2026-01-08T12:18:02","slug":"manguvaljak-kalev-ronimisvorgu-ja-pesakiigega-alekeskus","status":"publish","type":"product","link":"https:\/\/alekeskus.eu\/et\/toode\/manguvaljak-kalev-ronimisvorgu-ja-pesakiigega-alekeskus\/","title":{"rendered":"M\u00e4nguv\u00e4ljak KALEV ronimisv\u00f5rgu ja pesakiigega"},"content":{"rendered":"<p>&nbsp;<\/p>\n<p>&nbsp;<\/p>\n","protected":false},"excerpt":{"rendered":"<p>Kalev on uudse varustusega v\u00e4gev l\u00f5bustuskeskus kuni 6-le lapsele. Pesakiige kandev\u00f5ime on 200kg, kiigu v\u00f5i ise!<\/p>\n<p>M\u00f5\u00f5dud paigaldatuna: 4,7 x 2,0 x 2,3 m.<\/p>\n<p>S\u00fcgavimmutatud \u00fcmarpuidust jalad 80 mm(miniliiper kujuga, millesse tekib kuivades v\u00e4hem pikil\u00f5hesid) ja 100 mm emapuu.<\/p>\n<p>M\u00e4nguv\u00e4ljak kinnitatakse pinnasesse 6 ankruga.<\/p>\n<p>Hinnas sisalduvad: kogu puitosa(s\u00fcgavimmutatud), kinnitusvahendid, kiik, pesakiik, n\u00f6\u00f6rsein ja paigaldusjuhend. <a class=\"btn btn-default\" href=\"https:\/\/www.youtube.com\/watch?v=6HnEbqgEZ50\" target=\"_blank\" rel=\"noopener\">Paigalduse abivideo<\/a><\/p>\n<p>Lium\u00e4gi ja ankrud ei sisaldu hinnas. M\u00e4nguv\u00e4ljakule sobib 2,9 meetrine lium\u00e4gi.<\/p>\n<p>Vastab Euroopa ohutusstandardile EN71. Eesti toode.<\/p>\n<table>\n<tbody>\n<tr>\n<td><img decoding=\"async\" src=\"http:\/\/alekeskus.eu\/img\/cms\/02.jpg\" alt=\"\" width=\"44\" height=\"44\" \/><\/td>\n<td><img decoding=\"async\" src=\"http:\/\/alekeskus.eu\/img\/cms\/01.gif\" alt=\"\" width=\"44\" height=\"44\" \/><\/td>\n<td>\u00a0<img decoding=\"async\" src=\"http:\/\/alekeskus.eu\/img\/cms\/03_1.gif\" alt=\"\" width=\"44\" height=\"44\" \/><\/td>\n<td><\/td>\n<td>\u00a0<img loading=\"lazy\" decoding=\"async\" src=\"http:\/\/alekeskus.eu\/img\/cms\/11.gif\" alt=\"\" width=\"44\" height=\"44\" \/><\/td>\n<td><img loading=\"lazy\" decoding=\"async\" src=\"http:\/\/alekeskus.eu\/img\/cms\/kuusk.gif\" alt=\"\" width=\"44\" height=\"44\" \/><\/td>\n<td>\u00a0<img loading=\"lazy\" decoding=\"async\" src=\"http:\/\/alekeskus.eu\/img\/cms\/immutus-2.gif\" alt=\"\" width=\"44\" height=\"44\" \/><\/td>\n<td><\/td>\n<\/tr>\n<tr>\n<td>A= 4,7 m<br \/>\nB= 2,0 m<br \/>\nC= 2,3 m<\/td>\n<td>A= 100 mm<br \/>\nB= 100\/80 mm<\/td>\n<td>A= 8,8 m<br \/>\nB= 8,9 m<\/td>\n<td><\/td>\n<td>3-14 a<br \/>\nkuni 50 kg<\/td>\n<td>Kuusk<\/td>\n<td>Roheline<\/td>\n<\/tr>\n<\/tbody>\n<\/table>\n<p>Vajadusel paigaldus maasse kinnitusega 350EUR + s\u00f5it 0,7EUR\/km.<\/p>\n","protected":false},"featured_media":63411,"template":"","meta":{"_monsterinsights_skip_tracking":false,"_monsterinsights_sitenote_active":false,"_monsterinsights_sitenote_note":"","_monsterinsights_sitenote_category":0},"pwb-brand":[],"product_brand":[],"product_cat":[13558,13528],"product_tag":[13880,13886,14345,14351,13782,14429,13876,13877,13878,13879],"class_list":{"0":"post-63419","1":"product","2":"type-product","3":"status-publish","4":"has-post-thumbnail","6":"product_cat-manguvaljakud","7":"product_cat-manguvaljakud-kiiged","8":"product_tag-ouekiik","9":"product_tag-leikkiteline","10":"product_tag-leikkikentta","11":"product_tag-imprest","12":"product_tag-manguvaljak","13":"product_tag-play-ground","14":"product_tag-sugavimmutatud","15":"product_tag-suvaimmutus","16":"product_tag-kiik","17":"product_tag-aiakiik","18":"product_shipping_class-30-300kg","19":"pa_garantii-2-aastat","20":"pa_kaalkg-13964","21":"pa_kohaletoimetamine-veohind-mandri-eestis-alekeskus","22":"pa_laoasukoht-laane-virumaa-eesti","23":"pa_tellimisaeg-2-10-toopaeva","24":"pa_varv-roheline","25":"pa_veame-eesti-ja-soome","27":"first","28":"instock","29":"sale","30":"taxable","31":"shipping-taxable","32":"purchasable","33":"product-type-simple"},"yoast_head":"<!-- This site is optimized with the Yoast SEO plugin v27.3 - https:\/\/yoast.com\/product\/yoast-seo-wordpress\/ -->\n<title>M\u00e4nguv\u00e4ljak KALEV ronimisv\u00f5rgu ja pesakiigega - Alekeskus<\/title>\n<meta name=\"description\" content=\"m\u00e4nguv\u00e4ljak Kalev pesakiigega ja immutatud puidust\" \/>\n<meta name=\"robots\" content=\"index, follow, max-snippet:-1, max-image-preview:large, max-video-preview:-1\" \/>\n<link rel=\"canonical\" href=\"https:\/\/alekeskus.eu\/toode\/manguvaljak-kalev-ronimisvorgu-ja-pesakiigega-alekeskus\/\" \/>\n<meta property=\"og:locale\" content=\"et_EE\" \/>\n<meta property=\"og:type\" content=\"article\" \/>\n<meta property=\"og:title\" content=\"M\u00e4nguv\u00e4ljak KALEV ronimisv\u00f5rgu ja pesakiigega - Alekeskus\" \/>\n<meta property=\"og:description\" content=\"m\u00e4nguv\u00e4ljak Kalev pesakiigega ja immutatud puidust\" \/>\n<meta property=\"og:url\" content=\"https:\/\/alekeskus.eu\/toode\/manguvaljak-kalev-ronimisvorgu-ja-pesakiigega-alekeskus\/\" \/>\n<meta property=\"og:site_name\" content=\"Alekeskus\" \/>\n<meta property=\"article:modified_time\" content=\"2026-01-08T12:18:02+00:00\" \/>\n<meta property=\"og:image\" content=\"https:\/\/alekeskus.eu\/wp-content\/uploads\/2021\/11\/404m-nguv-ljak-kalev-ronimisv-rgu-ja-pesakiigega-0-scaled.jpg\" \/>\n\t<meta property=\"og:image:width\" content=\"1600\" \/>\n\t<meta property=\"og:image:height\" content=\"1067\" \/>\n\t<meta property=\"og:image:type\" content=\"image\/jpeg\" \/>\n<meta name=\"twitter:card\" content=\"summary_large_image\" \/>\n<meta name=\"twitter:label1\" content=\"Est. reading time\" \/>\n\t<meta name=\"twitter:data1\" content=\"1 minut\" \/>\n<script type=\"application\/ld+json\" class=\"yoast-schema-graph\">{\"@context\":\"https:\\\/\\\/schema.org\",\"@graph\":[{\"@type\":\"WebPage\",\"@id\":\"https:\\\/\\\/alekeskus.eu\\\/toode\\\/manguvaljak-kalev-ronimisvorgu-ja-pesakiigega-alekeskus\\\/\",\"url\":\"https:\\\/\\\/alekeskus.eu\\\/toode\\\/manguvaljak-kalev-ronimisvorgu-ja-pesakiigega-alekeskus\\\/\",\"name\":\"M\u00e4nguv\u00e4ljak KALEV ronimisv\u00f5rgu ja pesakiigega - Alekeskus\",\"isPartOf\":{\"@id\":\"https:\\\/\\\/alekeskus.eu\\\/#website\"},\"primaryImageOfPage\":{\"@id\":\"https:\\\/\\\/alekeskus.eu\\\/toode\\\/manguvaljak-kalev-ronimisvorgu-ja-pesakiigega-alekeskus\\\/#primaryimage\"},\"image\":{\"@id\":\"https:\\\/\\\/alekeskus.eu\\\/toode\\\/manguvaljak-kalev-ronimisvorgu-ja-pesakiigega-alekeskus\\\/#primaryimage\"},\"thumbnailUrl\":\"https:\\\/\\\/alekeskus.eu\\\/wp-content\\\/uploads\\\/2021\\\/11\\\/404m-nguv-ljak-kalev-ronimisv-rgu-ja-pesakiigega-0-scaled.jpg\",\"datePublished\":\"2023-11-11T21:45:35+00:00\",\"dateModified\":\"2026-01-08T12:18:02+00:00\",\"description\":\"m\u00e4nguv\u00e4ljak Kalev pesakiigega ja immutatud puidust\",\"breadcrumb\":{\"@id\":\"https:\\\/\\\/alekeskus.eu\\\/toode\\\/manguvaljak-kalev-ronimisvorgu-ja-pesakiigega-alekeskus\\\/#breadcrumb\"},\"inLanguage\":\"et\",\"potentialAction\":[{\"@type\":\"ReadAction\",\"target\":[\"https:\\\/\\\/alekeskus.eu\\\/toode\\\/manguvaljak-kalev-ronimisvorgu-ja-pesakiigega-alekeskus\\\/\"]}]},{\"@type\":\"ImageObject\",\"inLanguage\":\"et\",\"@id\":\"https:\\\/\\\/alekeskus.eu\\\/toode\\\/manguvaljak-kalev-ronimisvorgu-ja-pesakiigega-alekeskus\\\/#primaryimage\",\"url\":\"https:\\\/\\\/alekeskus.eu\\\/wp-content\\\/uploads\\\/2021\\\/11\\\/404m-nguv-ljak-kalev-ronimisv-rgu-ja-pesakiigega-0-scaled.jpg\",\"contentUrl\":\"https:\\\/\\\/alekeskus.eu\\\/wp-content\\\/uploads\\\/2021\\\/11\\\/404m-nguv-ljak-kalev-ronimisv-rgu-ja-pesakiigega-0-scaled.jpg\",\"width\":1600,\"height\":1067},{\"@type\":\"BreadcrumbList\",\"@id\":\"https:\\\/\\\/alekeskus.eu\\\/toode\\\/manguvaljak-kalev-ronimisvorgu-ja-pesakiigega-alekeskus\\\/#breadcrumb\",\"itemListElement\":[{\"@type\":\"ListItem\",\"position\":1,\"name\":\"Avaleht\",\"item\":\"https:\\\/\\\/alekeskus.eu\\\/et\\\/\"},{\"@type\":\"ListItem\",\"position\":2,\"name\":\"Pood\",\"item\":\"https:\\\/\\\/alekeskus.eu\\\/pood\\\/\"},{\"@type\":\"ListItem\",\"position\":3,\"name\":\"M\u00e4nguv\u00e4ljak KALEV ronimisv\u00f5rgu ja pesakiigega\"}]},{\"@type\":\"WebSite\",\"@id\":\"https:\\\/\\\/alekeskus.eu\\\/#website\",\"url\":\"https:\\\/\\\/alekeskus.eu\\\/\",\"name\":\"Alekeskus\",\"description\":\"Alekeskus.eu\",\"potentialAction\":[{\"@type\":\"SearchAction\",\"target\":{\"@type\":\"EntryPoint\",\"urlTemplate\":\"https:\\\/\\\/alekeskus.eu\\\/?s={search_term_string}\"},\"query-input\":{\"@type\":\"PropertyValueSpecification\",\"valueRequired\":true,\"valueName\":\"search_term_string\"}}],\"inLanguage\":\"et\"}]}<\/script>\n<!-- \/ Yoast SEO plugin. -->","yoast_head_json":{"title":"M\u00e4nguv\u00e4ljak KALEV ronimisv\u00f5rgu ja pesakiigega - Alekeskus","description":"m\u00e4nguv\u00e4ljak Kalev pesakiigega ja immutatud puidust","robots":{"index":"index","follow":"follow","max-snippet":"max-snippet:-1","max-image-preview":"max-image-preview:large","max-video-preview":"max-video-preview:-1"},"canonical":"https:\/\/alekeskus.eu\/toode\/manguvaljak-kalev-ronimisvorgu-ja-pesakiigega-alekeskus\/","og_locale":"et_EE","og_type":"article","og_title":"M\u00e4nguv\u00e4ljak KALEV ronimisv\u00f5rgu ja pesakiigega - Alekeskus","og_description":"m\u00e4nguv\u00e4ljak Kalev pesakiigega ja immutatud puidust","og_url":"https:\/\/alekeskus.eu\/toode\/manguvaljak-kalev-ronimisvorgu-ja-pesakiigega-alekeskus\/","og_site_name":"Alekeskus","article_modified_time":"2026-01-08T12:18:02+00:00","og_image":[{"width":1600,"height":1067,"url":"https:\/\/alekeskus.eu\/wp-content\/uploads\/2021\/11\/404m-nguv-ljak-kalev-ronimisv-rgu-ja-pesakiigega-0-scaled.jpg","type":"image\/jpeg"}],"twitter_card":"summary_large_image","twitter_misc":{"Est. reading time":"1 minut"},"schema":{"@context":"https:\/\/schema.org","@graph":[{"@type":"WebPage","@id":"https:\/\/alekeskus.eu\/toode\/manguvaljak-kalev-ronimisvorgu-ja-pesakiigega-alekeskus\/","url":"https:\/\/alekeskus.eu\/toode\/manguvaljak-kalev-ronimisvorgu-ja-pesakiigega-alekeskus\/","name":"M\u00e4nguv\u00e4ljak KALEV ronimisv\u00f5rgu ja pesakiigega - Alekeskus","isPartOf":{"@id":"https:\/\/alekeskus.eu\/#website"},"primaryImageOfPage":{"@id":"https:\/\/alekeskus.eu\/toode\/manguvaljak-kalev-ronimisvorgu-ja-pesakiigega-alekeskus\/#primaryimage"},"image":{"@id":"https:\/\/alekeskus.eu\/toode\/manguvaljak-kalev-ronimisvorgu-ja-pesakiigega-alekeskus\/#primaryimage"},"thumbnailUrl":"https:\/\/alekeskus.eu\/wp-content\/uploads\/2021\/11\/404m-nguv-ljak-kalev-ronimisv-rgu-ja-pesakiigega-0-scaled.jpg","datePublished":"2023-11-11T21:45:35+00:00","dateModified":"2026-01-08T12:18:02+00:00","description":"m\u00e4nguv\u00e4ljak Kalev pesakiigega ja immutatud puidust","breadcrumb":{"@id":"https:\/\/alekeskus.eu\/toode\/manguvaljak-kalev-ronimisvorgu-ja-pesakiigega-alekeskus\/#breadcrumb"},"inLanguage":"et","potentialAction":[{"@type":"ReadAction","target":["https:\/\/alekeskus.eu\/toode\/manguvaljak-kalev-ronimisvorgu-ja-pesakiigega-alekeskus\/"]}]},{"@type":"ImageObject","inLanguage":"et","@id":"https:\/\/alekeskus.eu\/toode\/manguvaljak-kalev-ronimisvorgu-ja-pesakiigega-alekeskus\/#primaryimage","url":"https:\/\/alekeskus.eu\/wp-content\/uploads\/2021\/11\/404m-nguv-ljak-kalev-ronimisv-rgu-ja-pesakiigega-0-scaled.jpg","contentUrl":"https:\/\/alekeskus.eu\/wp-content\/uploads\/2021\/11\/404m-nguv-ljak-kalev-ronimisv-rgu-ja-pesakiigega-0-scaled.jpg","width":1600,"height":1067},{"@type":"BreadcrumbList","@id":"https:\/\/alekeskus.eu\/toode\/manguvaljak-kalev-ronimisvorgu-ja-pesakiigega-alekeskus\/#breadcrumb","itemListElement":[{"@type":"ListItem","position":1,"name":"Avaleht","item":"https:\/\/alekeskus.eu\/et\/"},{"@type":"ListItem","position":2,"name":"Pood","item":"https:\/\/alekeskus.eu\/pood\/"},{"@type":"ListItem","position":3,"name":"M\u00e4nguv\u00e4ljak KALEV ronimisv\u00f5rgu ja pesakiigega"}]},{"@type":"WebSite","@id":"https:\/\/alekeskus.eu\/#website","url":"https:\/\/alekeskus.eu\/","name":"Alekeskus","description":"Alekeskus.eu","potentialAction":[{"@type":"SearchAction","target":{"@type":"EntryPoint","urlTemplate":"https:\/\/alekeskus.eu\/?s={search_term_string}"},"query-input":{"@type":"PropertyValueSpecification","valueRequired":true,"valueName":"search_term_string"}}],"inLanguage":"et"}]}},"brands":[],"_links":{"self":[{"href":"https:\/\/alekeskus.eu\/et\/wp-json\/wp\/v2\/product\/63419","targetHints":{"allow":["GET"]}}],"collection":[{"href":"https:\/\/alekeskus.eu\/et\/wp-json\/wp\/v2\/product"}],"about":[{"href":"https:\/\/alekeskus.eu\/et\/wp-json\/wp\/v2\/types\/product"}],"wp:featuredmedia":[{"embeddable":true,"href":"https:\/\/alekeskus.eu\/et\/wp-json\/wp\/v2\/media\/63411"}],"wp:attachment":[{"href":"https:\/\/alekeskus.eu\/et\/wp-json\/wp\/v2\/media?parent=63419"}],"wp:term":[{"taxonomy":"pwb-brand","embeddable":true,"href":"https:\/\/alekeskus.eu\/et\/wp-json\/wp\/v2\/pwb-brand?post=63419"},{"taxonomy":"product_brand","embeddable":true,"href":"https:\/\/alekeskus.eu\/et\/wp-json\/wp\/v2\/product_brand?post=63419"},{"taxonomy":"product_cat","embeddable":true,"href":"https:\/\/alekeskus.eu\/et\/wp-json\/wp\/v2\/product_cat?post=63419"},{"taxonomy":"product_tag","embeddable":true,"href":"https:\/\/alekeskus.eu\/et\/wp-json\/wp\/v2\/product_tag?post=63419"}],"curies":[{"name":"wp","href":"https:\/\/api.w.org\/{rel}","templated":true}]}}