{"id":63425,"date":"2022-11-11T21:45:38","date_gmt":"2022-11-11T21:45:38","guid":{"rendered":"http:\/\/alekeskus.eu\/product\/manguvaljak-holger-tava-ja-ahvikiigega\/"},"modified":"2026-01-30T13:05:17","modified_gmt":"2026-01-30T13:05:17","slug":"manguvaljak-holger-tava-ja-ahvikiigega","status":"publish","type":"product","link":"https:\/\/alekeskus.eu\/et\/toode\/manguvaljak-holger-tava-ja-ahvikiigega\/","title":{"rendered":"M\u00e4nguv\u00e4ljak HOLGER tava- ja ahvikiigega"},"content":{"rendered":"<p>&nbsp;<\/p>\n<table>\n<tbody>\n<tr>\n<td><img decoding=\"async\" src=\"http:\/\/alekeskus.eu\/img\/cms\/02.jpg\" alt=\"\" width=\"44\" height=\"44\" \/><\/td>\n<td><img decoding=\"async\" src=\"http:\/\/alekeskus.eu\/img\/cms\/01.gif\" alt=\"\" width=\"44\" height=\"44\" \/><\/td>\n<td>\u00a0<img decoding=\"async\" src=\"http:\/\/alekeskus.eu\/img\/cms\/03_1.gif\" alt=\"\" width=\"44\" height=\"44\" \/><\/td>\n<td><\/td>\n<td>\u00a0<img loading=\"lazy\" decoding=\"async\" src=\"http:\/\/alekeskus.eu\/img\/cms\/11.gif\" alt=\"\" width=\"44\" height=\"44\" \/><\/td>\n<td><img loading=\"lazy\" decoding=\"async\" src=\"http:\/\/alekeskus.eu\/img\/cms\/kuusk.gif\" alt=\"\" width=\"44\" height=\"44\" \/><\/td>\n<td>\u00a0<img loading=\"lazy\" decoding=\"async\" src=\"http:\/\/alekeskus.eu\/img\/cms\/immutus-2.gif\" alt=\"\" width=\"44\" height=\"44\" \/><\/td>\n<td><\/td>\n<\/tr>\n<tr>\n<td>A= 3,6 m<br \/>\nB= 1,95 m<br \/>\nC= 2,3 m<\/td>\n<td>A= 100 mm<br \/>\nB= 80\/60 mm<\/td>\n<td>A= 7,7 m<br \/>\nB= 8,0 m<\/td>\n<td><\/td>\n<td>3-14 a<br \/>\nkuni 50 kg<\/td>\n<td>Kuusk<\/td>\n<td>Roheline<\/td>\n<\/tr>\n<\/tbody>\n<\/table>\n","protected":false},"excerpt":{"rendered":"<p>Soodne 4 lapse r\u00f5\u00f5mu allikas!<\/p>\n<p>M\u00f5\u00f5dud paigaldatuna: 3,6 x 2,0 x 2,3 m<\/p>\n<p>S\u00fcgavimmutatud \u00fcmarpuit 80\/64 mm ja 100 mm.<\/p>\n<p>Jalad miniliiper kujuga, mis v\u00e4hendab kuivamispragusid.<\/p>\n<p>Vastab Euroopa ohutusstandardile EN71. Eesti toode.<\/p>\n<p>Hinnas sisalduvad: s\u00fcgavimmutatud puitosa, kinnitusvahendid, kiik, ahvikiik, paigaldusjuhend. <a class=\"btn btn-default\" href=\"https:\/\/www.youtube.com\/watch?v=6HnEbqgEZ50\" target=\"_blank\" rel=\"noopener\">Paigalduse abivideo<\/a><\/p>\n<p>Lium\u00e4gi ja kinnitusankrud ei sisaldu hinnas. Sobib 2,9 meetrine lium\u00e4gi(toetusk\u00f5rgus 1,5 m).<\/p>\n<p>Vajadusel paigaldus maasse kinnitusega 250 \u20ac + s\u00f5it 0,7 \u20ac \/ km.<\/p>\n","protected":false},"featured_media":63421,"template":"","meta":{"_monsterinsights_skip_tracking":false,"_monsterinsights_sitenote_active":false,"_monsterinsights_sitenote_note":"","_monsterinsights_sitenote_category":0},"pwb-brand":[],"product_brand":[],"product_cat":[13558,13528],"product_tag":[13782,13876,13878,13879,13880,14442],"class_list":{"0":"post-63425","1":"product","2":"type-product","3":"status-publish","4":"has-post-thumbnail","6":"product_cat-manguvaljakud","7":"product_cat-manguvaljakud-kiiged","8":"product_tag-manguvaljak","9":"product_tag-sugavimmutatud","10":"product_tag-kiik","11":"product_tag-aiakiik","12":"product_tag-ouekiik","13":"product_tag-pressure-treated","14":"product_shipping_class-30-300kg","15":"pa_garantii-2-aastat","16":"pa_kaalkg-14445","17":"pa_kohaletoimetamine-veohind-mandri-eestis-alekeskus","18":"pa_laoasukoht-laane-virumaa-eesti","19":"pa_tellimisaeg-2-10-toopaeva","20":"pa_varv-roheline","21":"pa_veame-eesti-ja-soome","23":"first","24":"instock","25":"taxable","26":"shipping-taxable","27":"purchasable","28":"product-type-simple"},"yoast_head":"<!-- This site is optimized with the Yoast SEO plugin v27.3 - https:\/\/yoast.com\/product\/yoast-seo-wordpress\/ -->\n<title>M\u00e4nguv\u00e4ljak HOLGER tava- ja ahvikiigega - Alekeskus<\/title>\n<meta name=\"description\" content=\"m\u00e4nguv\u00e4ljak Holger\" \/>\n<meta name=\"robots\" content=\"index, follow, max-snippet:-1, max-image-preview:large, max-video-preview:-1\" \/>\n<link rel=\"canonical\" href=\"https:\/\/alekeskus.eu\/et\/toode\/manguvaljak-holger-tava-ja-ahvikiigega\/\" \/>\n<meta property=\"og:locale\" content=\"et_EE\" \/>\n<meta property=\"og:type\" content=\"article\" \/>\n<meta property=\"og:title\" content=\"M\u00e4nguv\u00e4ljak HOLGER tava- ja ahvikiigega - Alekeskus\" \/>\n<meta property=\"og:description\" content=\"m\u00e4nguv\u00e4ljak Holger\" \/>\n<meta property=\"og:url\" content=\"https:\/\/alekeskus.eu\/et\/toode\/manguvaljak-holger-tava-ja-ahvikiigega\/\" \/>\n<meta property=\"og:site_name\" content=\"Alekeskus\" \/>\n<meta property=\"article:modified_time\" content=\"2026-01-30T13:05:17+00:00\" \/>\n<meta property=\"og:image\" content=\"https:\/\/alekeskus.eu\/wp-content\/uploads\/2021\/11\/405m-nguv-ljak-holger-tava-ja-ahvikiigega-0.jpg\" \/>\n\t<meta property=\"og:image:width\" content=\"766\" \/>\n\t<meta property=\"og:image:height\" content=\"509\" \/>\n\t<meta property=\"og:image:type\" content=\"image\/jpeg\" \/>\n<meta name=\"twitter:card\" content=\"summary_large_image\" \/>\n<meta name=\"twitter:label1\" content=\"Est. reading time\" \/>\n\t<meta name=\"twitter:data1\" content=\"2 minutit\" \/>\n<script type=\"application\/ld+json\" class=\"yoast-schema-graph\">{\"@context\":\"https:\\\/\\\/schema.org\",\"@graph\":[{\"@type\":\"WebPage\",\"@id\":\"https:\\\/\\\/alekeskus.eu\\\/et\\\/toode\\\/manguvaljak-holger-tava-ja-ahvikiigega\\\/\",\"url\":\"https:\\\/\\\/alekeskus.eu\\\/et\\\/toode\\\/manguvaljak-holger-tava-ja-ahvikiigega\\\/\",\"name\":\"M\u00e4nguv\u00e4ljak HOLGER tava- ja ahvikiigega - Alekeskus\",\"isPartOf\":{\"@id\":\"https:\\\/\\\/alekeskus.eu\\\/#website\"},\"primaryImageOfPage\":{\"@id\":\"https:\\\/\\\/alekeskus.eu\\\/et\\\/toode\\\/manguvaljak-holger-tava-ja-ahvikiigega\\\/#primaryimage\"},\"image\":{\"@id\":\"https:\\\/\\\/alekeskus.eu\\\/et\\\/toode\\\/manguvaljak-holger-tava-ja-ahvikiigega\\\/#primaryimage\"},\"thumbnailUrl\":\"https:\\\/\\\/alekeskus.eu\\\/wp-content\\\/uploads\\\/2021\\\/11\\\/405m-nguv-ljak-holger-tava-ja-ahvikiigega-0.jpg\",\"datePublished\":\"2022-11-11T21:45:38+00:00\",\"dateModified\":\"2026-01-30T13:05:17+00:00\",\"description\":\"m\u00e4nguv\u00e4ljak Holger\",\"breadcrumb\":{\"@id\":\"https:\\\/\\\/alekeskus.eu\\\/et\\\/toode\\\/manguvaljak-holger-tava-ja-ahvikiigega\\\/#breadcrumb\"},\"inLanguage\":\"et\",\"potentialAction\":[{\"@type\":\"ReadAction\",\"target\":[\"https:\\\/\\\/alekeskus.eu\\\/et\\\/toode\\\/manguvaljak-holger-tava-ja-ahvikiigega\\\/\"]}]},{\"@type\":\"ImageObject\",\"inLanguage\":\"et\",\"@id\":\"https:\\\/\\\/alekeskus.eu\\\/et\\\/toode\\\/manguvaljak-holger-tava-ja-ahvikiigega\\\/#primaryimage\",\"url\":\"https:\\\/\\\/alekeskus.eu\\\/wp-content\\\/uploads\\\/2021\\\/11\\\/405m-nguv-ljak-holger-tava-ja-ahvikiigega-0.jpg\",\"contentUrl\":\"https:\\\/\\\/alekeskus.eu\\\/wp-content\\\/uploads\\\/2021\\\/11\\\/405m-nguv-ljak-holger-tava-ja-ahvikiigega-0.jpg\",\"width\":766,\"height\":509},{\"@type\":\"BreadcrumbList\",\"@id\":\"https:\\\/\\\/alekeskus.eu\\\/et\\\/toode\\\/manguvaljak-holger-tava-ja-ahvikiigega\\\/#breadcrumb\",\"itemListElement\":[{\"@type\":\"ListItem\",\"position\":1,\"name\":\"Avaleht\",\"item\":\"https:\\\/\\\/alekeskus.eu\\\/et\\\/\"},{\"@type\":\"ListItem\",\"position\":2,\"name\":\"Pood\",\"item\":\"https:\\\/\\\/alekeskus.eu\\\/pood\\\/\"},{\"@type\":\"ListItem\",\"position\":3,\"name\":\"M\u00e4nguv\u00e4ljak HOLGER tava- ja ahvikiigega\"}]},{\"@type\":\"WebSite\",\"@id\":\"https:\\\/\\\/alekeskus.eu\\\/#website\",\"url\":\"https:\\\/\\\/alekeskus.eu\\\/\",\"name\":\"Alekeskus\",\"description\":\"Alekeskus.eu\",\"potentialAction\":[{\"@type\":\"SearchAction\",\"target\":{\"@type\":\"EntryPoint\",\"urlTemplate\":\"https:\\\/\\\/alekeskus.eu\\\/?s={search_term_string}\"},\"query-input\":{\"@type\":\"PropertyValueSpecification\",\"valueRequired\":true,\"valueName\":\"search_term_string\"}}],\"inLanguage\":\"et\"}]}<\/script>\n<!-- \/ Yoast SEO plugin. -->","yoast_head_json":{"title":"M\u00e4nguv\u00e4ljak HOLGER tava- ja ahvikiigega - Alekeskus","description":"m\u00e4nguv\u00e4ljak Holger","robots":{"index":"index","follow":"follow","max-snippet":"max-snippet:-1","max-image-preview":"max-image-preview:large","max-video-preview":"max-video-preview:-1"},"canonical":"https:\/\/alekeskus.eu\/et\/toode\/manguvaljak-holger-tava-ja-ahvikiigega\/","og_locale":"et_EE","og_type":"article","og_title":"M\u00e4nguv\u00e4ljak HOLGER tava- ja ahvikiigega - Alekeskus","og_description":"m\u00e4nguv\u00e4ljak Holger","og_url":"https:\/\/alekeskus.eu\/et\/toode\/manguvaljak-holger-tava-ja-ahvikiigega\/","og_site_name":"Alekeskus","article_modified_time":"2026-01-30T13:05:17+00:00","og_image":[{"width":766,"height":509,"url":"https:\/\/alekeskus.eu\/wp-content\/uploads\/2021\/11\/405m-nguv-ljak-holger-tava-ja-ahvikiigega-0.jpg","type":"image\/jpeg"}],"twitter_card":"summary_large_image","twitter_misc":{"Est. reading time":"2 minutit"},"schema":{"@context":"https:\/\/schema.org","@graph":[{"@type":"WebPage","@id":"https:\/\/alekeskus.eu\/et\/toode\/manguvaljak-holger-tava-ja-ahvikiigega\/","url":"https:\/\/alekeskus.eu\/et\/toode\/manguvaljak-holger-tava-ja-ahvikiigega\/","name":"M\u00e4nguv\u00e4ljak HOLGER tava- ja ahvikiigega - Alekeskus","isPartOf":{"@id":"https:\/\/alekeskus.eu\/#website"},"primaryImageOfPage":{"@id":"https:\/\/alekeskus.eu\/et\/toode\/manguvaljak-holger-tava-ja-ahvikiigega\/#primaryimage"},"image":{"@id":"https:\/\/alekeskus.eu\/et\/toode\/manguvaljak-holger-tava-ja-ahvikiigega\/#primaryimage"},"thumbnailUrl":"https:\/\/alekeskus.eu\/wp-content\/uploads\/2021\/11\/405m-nguv-ljak-holger-tava-ja-ahvikiigega-0.jpg","datePublished":"2022-11-11T21:45:38+00:00","dateModified":"2026-01-30T13:05:17+00:00","description":"m\u00e4nguv\u00e4ljak Holger","breadcrumb":{"@id":"https:\/\/alekeskus.eu\/et\/toode\/manguvaljak-holger-tava-ja-ahvikiigega\/#breadcrumb"},"inLanguage":"et","potentialAction":[{"@type":"ReadAction","target":["https:\/\/alekeskus.eu\/et\/toode\/manguvaljak-holger-tava-ja-ahvikiigega\/"]}]},{"@type":"ImageObject","inLanguage":"et","@id":"https:\/\/alekeskus.eu\/et\/toode\/manguvaljak-holger-tava-ja-ahvikiigega\/#primaryimage","url":"https:\/\/alekeskus.eu\/wp-content\/uploads\/2021\/11\/405m-nguv-ljak-holger-tava-ja-ahvikiigega-0.jpg","contentUrl":"https:\/\/alekeskus.eu\/wp-content\/uploads\/2021\/11\/405m-nguv-ljak-holger-tava-ja-ahvikiigega-0.jpg","width":766,"height":509},{"@type":"BreadcrumbList","@id":"https:\/\/alekeskus.eu\/et\/toode\/manguvaljak-holger-tava-ja-ahvikiigega\/#breadcrumb","itemListElement":[{"@type":"ListItem","position":1,"name":"Avaleht","item":"https:\/\/alekeskus.eu\/et\/"},{"@type":"ListItem","position":2,"name":"Pood","item":"https:\/\/alekeskus.eu\/pood\/"},{"@type":"ListItem","position":3,"name":"M\u00e4nguv\u00e4ljak HOLGER tava- ja ahvikiigega"}]},{"@type":"WebSite","@id":"https:\/\/alekeskus.eu\/#website","url":"https:\/\/alekeskus.eu\/","name":"Alekeskus","description":"Alekeskus.eu","potentialAction":[{"@type":"SearchAction","target":{"@type":"EntryPoint","urlTemplate":"https:\/\/alekeskus.eu\/?s={search_term_string}"},"query-input":{"@type":"PropertyValueSpecification","valueRequired":true,"valueName":"search_term_string"}}],"inLanguage":"et"}]}},"brands":[],"_links":{"self":[{"href":"https:\/\/alekeskus.eu\/et\/wp-json\/wp\/v2\/product\/63425","targetHints":{"allow":["GET"]}}],"collection":[{"href":"https:\/\/alekeskus.eu\/et\/wp-json\/wp\/v2\/product"}],"about":[{"href":"https:\/\/alekeskus.eu\/et\/wp-json\/wp\/v2\/types\/product"}],"wp:featuredmedia":[{"embeddable":true,"href":"https:\/\/alekeskus.eu\/et\/wp-json\/wp\/v2\/media\/63421"}],"wp:attachment":[{"href":"https:\/\/alekeskus.eu\/et\/wp-json\/wp\/v2\/media?parent=63425"}],"wp:term":[{"taxonomy":"pwb-brand","embeddable":true,"href":"https:\/\/alekeskus.eu\/et\/wp-json\/wp\/v2\/pwb-brand?post=63425"},{"taxonomy":"product_brand","embeddable":true,"href":"https:\/\/alekeskus.eu\/et\/wp-json\/wp\/v2\/product_brand?post=63425"},{"taxonomy":"product_cat","embeddable":true,"href":"https:\/\/alekeskus.eu\/et\/wp-json\/wp\/v2\/product_cat?post=63425"},{"taxonomy":"product_tag","embeddable":true,"href":"https:\/\/alekeskus.eu\/et\/wp-json\/wp\/v2\/product_tag?post=63425"}],"curies":[{"name":"wp","href":"https:\/\/api.w.org\/{rel}","templated":true}]}}