{"id":63461,"date":"2022-11-11T21:45:47","date_gmt":"2022-11-11T21:45:47","guid":{"rendered":"http:\/\/alekeskus.eu\/product\/manguvaljak-bosse-ronimisseinaga\/"},"modified":"2023-03-26T14:47:58","modified_gmt":"2023-03-26T14:47:58","slug":"manguvaljak-bosse-ronimisseinaga","status":"publish","type":"product","link":"https:\/\/alekeskus.eu\/et\/toode\/manguvaljak-bosse-ronimisseinaga\/","title":{"rendered":"M\u00e4nguv\u00e4ljak BOSSE ronimisseinaga"},"content":{"rendered":"<p>&nbsp;<\/p>\n<table>\n<tbody>\n<tr>\n<td><img decoding=\"async\" src=\"http:\/\/alekeskus.eu\/img\/cms\/02.jpg\" alt=\"\" width=\"44\" height=\"44\" \/><\/td>\n<td><img decoding=\"async\" src=\"http:\/\/alekeskus.eu\/img\/cms\/01.gif\" alt=\"\" width=\"44\" height=\"44\" \/><\/td>\n<td>\u00a0<img decoding=\"async\" src=\"http:\/\/alekeskus.eu\/img\/cms\/03_1.gif\" alt=\"\" width=\"44\" height=\"44\" \/><\/td>\n<td><\/td>\n<td>\u00a0<img loading=\"lazy\" decoding=\"async\" src=\"http:\/\/alekeskus.eu\/img\/cms\/11.gif\" alt=\"\" width=\"44\" height=\"44\" \/><\/td>\n<td><img loading=\"lazy\" decoding=\"async\" src=\"http:\/\/alekeskus.eu\/img\/cms\/kuusk.gif\" alt=\"\" width=\"44\" height=\"44\" \/><\/td>\n<td>\u00a0<img loading=\"lazy\" decoding=\"async\" src=\"http:\/\/alekeskus.eu\/img\/cms\/immutus-2.gif\" alt=\"\" width=\"44\" height=\"44\" \/><\/td>\n<td><\/td>\n<\/tr>\n<tr>\n<td>A= 4,52 m<br \/>\nB= 2,0m<br \/>\nC= 2,25 m<\/td>\n<td>A= 100 mm<br \/>\nB= 80\/100 mm<\/td>\n<td>A= 8,8 m<br \/>\nB= 8,9 m<\/td>\n<td><\/td>\n<td>3-14 a<br \/>\nkuni 50 kg<\/td>\n<td>Kuusk<\/td>\n<td><strong>Pruun<\/strong><\/td>\n<\/tr>\n<\/tbody>\n<\/table>\n","protected":false},"excerpt":{"rendered":"<p>V\u00e4rviline m\u00e4nguv\u00e4ljak kuni 5-le lapsele.<\/p>\n<p>M\u00f5\u00f5dud: <span style=\"text-decoration: underline;\">4,5 x 2,0 x 2,3 m.<\/span><\/p>\n<p>S\u00fcgavimmutatud puitjalad 100\/80mm ja emapuu 100mm.<\/p>\n<p>Jalad miniliiper kujuga<img decoding=\"async\" src=\"http:\/\/pood.palmako.ee\/sites\/default\/files\/styles\/pictogram_thumbnail\/public\/field_pictogram_image\/profiil_-_miniliiper.png?itok=HxgJiP5y\" alt=\"\" \/>, millel kuivades oludes on v\u00e4iksemad praod. Mutritel punased katted, kollased j\u00e4ikuspuud. Lium\u00e4gi 2,9 m ja F-ankrud ei sisaldu hinnas.<\/p>\n<p>Vastab ohutusstandardile EN71. Eesti toode.<\/p>\n<p><span style=\"text-decoration: underline;\">Vajadusel paigaldus maasse kinnitusega 300 \u20ac + s\u00f5it 0,7 \u20ac\/km.<\/span><\/p>\n","protected":false},"featured_media":82282,"template":"","meta":{"_monsterinsights_skip_tracking":false,"_monsterinsights_sitenote_active":false,"_monsterinsights_sitenote_note":"","_monsterinsights_sitenote_category":0},"pwb-brand":[],"product_brand":[],"product_cat":[13558,13528],"product_tag":[14331,14351,13787,14361,13876,14453,13877,13878,13879,13880,13881,13886],"class_list":{"0":"post-63461","1":"product","2":"type-product","3":"status-publish","4":"has-post-thumbnail","6":"product_cat-manguvaljakud","7":"product_cat-manguvaljakud-kiiged","8":"product_tag-swing","9":"product_tag-imprest","10":"product_tag-keinu","11":"product_tag-liukumaki","12":"product_tag-sugavimmutatud","13":"product_tag-boss","14":"product_tag-suvaimmutus","15":"product_tag-kiik","16":"product_tag-aiakiik","17":"product_tag-ouekiik","18":"product_tag-liumagi","19":"product_tag-leikkiteline","20":"product_shipping_class-30-300kg","21":"pa_garantii-2-aastat","22":"pa_kaalkg-14454","23":"pa_kohaletoimetamine-veohind-mandri-eestis-alekeskus","24":"pa_laoasukoht-laane-virumaa-eesti","25":"pa_tellimisaeg-2-10-toopaeva","26":"pa_veame-eesti-ja-soome","28":"first","29":"instock","30":"taxable","31":"shipping-taxable","32":"purchasable","33":"product-type-simple"},"yoast_head":"<!-- This site is optimized with the Yoast SEO plugin v27.3 - https:\/\/yoast.com\/product\/yoast-seo-wordpress\/ -->\n<title>M\u00e4nguv\u00e4ljak BOSSE ronimisseinaga - Alekeskus<\/title>\n<meta name=\"description\" content=\"m\u00e4nguv\u00e4ljak pruuni immutusega puidust\" \/>\n<meta name=\"robots\" content=\"index, follow, max-snippet:-1, max-image-preview:large, max-video-preview:-1\" \/>\n<link rel=\"canonical\" href=\"https:\/\/alekeskus.eu\/toode\/manguvaljak-bosse-ronimisseinaga\/\" \/>\n<meta property=\"og:locale\" content=\"et_EE\" \/>\n<meta property=\"og:type\" content=\"article\" \/>\n<meta property=\"og:title\" content=\"M\u00e4nguv\u00e4ljak BOSSE ronimisseinaga - Alekeskus\" \/>\n<meta property=\"og:description\" content=\"m\u00e4nguv\u00e4ljak pruuni immutusega puidust\" \/>\n<meta property=\"og:url\" content=\"https:\/\/alekeskus.eu\/toode\/manguvaljak-bosse-ronimisseinaga\/\" \/>\n<meta property=\"og:site_name\" content=\"Alekeskus\" \/>\n<meta property=\"article:modified_time\" content=\"2023-03-26T14:47:58+00:00\" \/>\n<meta property=\"og:image\" content=\"https:\/\/alekeskus.eu\/wp-content\/uploads\/2021\/11\/Bosse-2023-scaled.jpg\" \/>\n\t<meta property=\"og:image:width\" content=\"2560\" \/>\n\t<meta property=\"og:image:height\" content=\"1810\" \/>\n\t<meta property=\"og:image:type\" content=\"image\/jpeg\" \/>\n<meta name=\"twitter:card\" content=\"summary_large_image\" \/>\n<meta name=\"twitter:label1\" content=\"Est. reading time\" \/>\n\t<meta name=\"twitter:data1\" content=\"2 minutit\" \/>\n<script type=\"application\/ld+json\" class=\"yoast-schema-graph\">{\"@context\":\"https:\\\/\\\/schema.org\",\"@graph\":[{\"@type\":\"WebPage\",\"@id\":\"https:\\\/\\\/alekeskus.eu\\\/toode\\\/manguvaljak-bosse-ronimisseinaga\\\/\",\"url\":\"https:\\\/\\\/alekeskus.eu\\\/toode\\\/manguvaljak-bosse-ronimisseinaga\\\/\",\"name\":\"M\u00e4nguv\u00e4ljak BOSSE ronimisseinaga - Alekeskus\",\"isPartOf\":{\"@id\":\"https:\\\/\\\/alekeskus.eu\\\/#website\"},\"primaryImageOfPage\":{\"@id\":\"https:\\\/\\\/alekeskus.eu\\\/toode\\\/manguvaljak-bosse-ronimisseinaga\\\/#primaryimage\"},\"image\":{\"@id\":\"https:\\\/\\\/alekeskus.eu\\\/toode\\\/manguvaljak-bosse-ronimisseinaga\\\/#primaryimage\"},\"thumbnailUrl\":\"https:\\\/\\\/alekeskus.eu\\\/wp-content\\\/uploads\\\/2021\\\/11\\\/Bosse-2023-scaled.jpg\",\"datePublished\":\"2022-11-11T21:45:47+00:00\",\"dateModified\":\"2023-03-26T14:47:58+00:00\",\"description\":\"m\u00e4nguv\u00e4ljak pruuni immutusega puidust\",\"breadcrumb\":{\"@id\":\"https:\\\/\\\/alekeskus.eu\\\/toode\\\/manguvaljak-bosse-ronimisseinaga\\\/#breadcrumb\"},\"inLanguage\":\"et\",\"potentialAction\":[{\"@type\":\"ReadAction\",\"target\":[\"https:\\\/\\\/alekeskus.eu\\\/toode\\\/manguvaljak-bosse-ronimisseinaga\\\/\"]}]},{\"@type\":\"ImageObject\",\"inLanguage\":\"et\",\"@id\":\"https:\\\/\\\/alekeskus.eu\\\/toode\\\/manguvaljak-bosse-ronimisseinaga\\\/#primaryimage\",\"url\":\"https:\\\/\\\/alekeskus.eu\\\/wp-content\\\/uploads\\\/2021\\\/11\\\/Bosse-2023-scaled.jpg\",\"contentUrl\":\"https:\\\/\\\/alekeskus.eu\\\/wp-content\\\/uploads\\\/2021\\\/11\\\/Bosse-2023-scaled.jpg\",\"width\":1600,\"height\":1131},{\"@type\":\"BreadcrumbList\",\"@id\":\"https:\\\/\\\/alekeskus.eu\\\/toode\\\/manguvaljak-bosse-ronimisseinaga\\\/#breadcrumb\",\"itemListElement\":[{\"@type\":\"ListItem\",\"position\":1,\"name\":\"Avaleht\",\"item\":\"https:\\\/\\\/alekeskus.eu\\\/et\\\/\"},{\"@type\":\"ListItem\",\"position\":2,\"name\":\"Pood\",\"item\":\"https:\\\/\\\/alekeskus.eu\\\/pood\\\/\"},{\"@type\":\"ListItem\",\"position\":3,\"name\":\"M\u00e4nguv\u00e4ljak BOSSE ronimisseinaga\"}]},{\"@type\":\"WebSite\",\"@id\":\"https:\\\/\\\/alekeskus.eu\\\/#website\",\"url\":\"https:\\\/\\\/alekeskus.eu\\\/\",\"name\":\"Alekeskus\",\"description\":\"Alekeskus.eu\",\"potentialAction\":[{\"@type\":\"SearchAction\",\"target\":{\"@type\":\"EntryPoint\",\"urlTemplate\":\"https:\\\/\\\/alekeskus.eu\\\/?s={search_term_string}\"},\"query-input\":{\"@type\":\"PropertyValueSpecification\",\"valueRequired\":true,\"valueName\":\"search_term_string\"}}],\"inLanguage\":\"et\"}]}<\/script>\n<!-- \/ Yoast SEO plugin. -->","yoast_head_json":{"title":"M\u00e4nguv\u00e4ljak BOSSE ronimisseinaga - Alekeskus","description":"m\u00e4nguv\u00e4ljak pruuni immutusega puidust","robots":{"index":"index","follow":"follow","max-snippet":"max-snippet:-1","max-image-preview":"max-image-preview:large","max-video-preview":"max-video-preview:-1"},"canonical":"https:\/\/alekeskus.eu\/toode\/manguvaljak-bosse-ronimisseinaga\/","og_locale":"et_EE","og_type":"article","og_title":"M\u00e4nguv\u00e4ljak BOSSE ronimisseinaga - Alekeskus","og_description":"m\u00e4nguv\u00e4ljak pruuni immutusega puidust","og_url":"https:\/\/alekeskus.eu\/toode\/manguvaljak-bosse-ronimisseinaga\/","og_site_name":"Alekeskus","article_modified_time":"2023-03-26T14:47:58+00:00","og_image":[{"width":2560,"height":1810,"url":"https:\/\/alekeskus.eu\/wp-content\/uploads\/2021\/11\/Bosse-2023-scaled.jpg","type":"image\/jpeg"}],"twitter_card":"summary_large_image","twitter_misc":{"Est. reading time":"2 minutit"},"schema":{"@context":"https:\/\/schema.org","@graph":[{"@type":"WebPage","@id":"https:\/\/alekeskus.eu\/toode\/manguvaljak-bosse-ronimisseinaga\/","url":"https:\/\/alekeskus.eu\/toode\/manguvaljak-bosse-ronimisseinaga\/","name":"M\u00e4nguv\u00e4ljak BOSSE ronimisseinaga - Alekeskus","isPartOf":{"@id":"https:\/\/alekeskus.eu\/#website"},"primaryImageOfPage":{"@id":"https:\/\/alekeskus.eu\/toode\/manguvaljak-bosse-ronimisseinaga\/#primaryimage"},"image":{"@id":"https:\/\/alekeskus.eu\/toode\/manguvaljak-bosse-ronimisseinaga\/#primaryimage"},"thumbnailUrl":"https:\/\/alekeskus.eu\/wp-content\/uploads\/2021\/11\/Bosse-2023-scaled.jpg","datePublished":"2022-11-11T21:45:47+00:00","dateModified":"2023-03-26T14:47:58+00:00","description":"m\u00e4nguv\u00e4ljak pruuni immutusega puidust","breadcrumb":{"@id":"https:\/\/alekeskus.eu\/toode\/manguvaljak-bosse-ronimisseinaga\/#breadcrumb"},"inLanguage":"et","potentialAction":[{"@type":"ReadAction","target":["https:\/\/alekeskus.eu\/toode\/manguvaljak-bosse-ronimisseinaga\/"]}]},{"@type":"ImageObject","inLanguage":"et","@id":"https:\/\/alekeskus.eu\/toode\/manguvaljak-bosse-ronimisseinaga\/#primaryimage","url":"https:\/\/alekeskus.eu\/wp-content\/uploads\/2021\/11\/Bosse-2023-scaled.jpg","contentUrl":"https:\/\/alekeskus.eu\/wp-content\/uploads\/2021\/11\/Bosse-2023-scaled.jpg","width":1600,"height":1131},{"@type":"BreadcrumbList","@id":"https:\/\/alekeskus.eu\/toode\/manguvaljak-bosse-ronimisseinaga\/#breadcrumb","itemListElement":[{"@type":"ListItem","position":1,"name":"Avaleht","item":"https:\/\/alekeskus.eu\/et\/"},{"@type":"ListItem","position":2,"name":"Pood","item":"https:\/\/alekeskus.eu\/pood\/"},{"@type":"ListItem","position":3,"name":"M\u00e4nguv\u00e4ljak BOSSE ronimisseinaga"}]},{"@type":"WebSite","@id":"https:\/\/alekeskus.eu\/#website","url":"https:\/\/alekeskus.eu\/","name":"Alekeskus","description":"Alekeskus.eu","potentialAction":[{"@type":"SearchAction","target":{"@type":"EntryPoint","urlTemplate":"https:\/\/alekeskus.eu\/?s={search_term_string}"},"query-input":{"@type":"PropertyValueSpecification","valueRequired":true,"valueName":"search_term_string"}}],"inLanguage":"et"}]}},"brands":[],"_links":{"self":[{"href":"https:\/\/alekeskus.eu\/et\/wp-json\/wp\/v2\/product\/63461","targetHints":{"allow":["GET"]}}],"collection":[{"href":"https:\/\/alekeskus.eu\/et\/wp-json\/wp\/v2\/product"}],"about":[{"href":"https:\/\/alekeskus.eu\/et\/wp-json\/wp\/v2\/types\/product"}],"wp:featuredmedia":[{"embeddable":true,"href":"https:\/\/alekeskus.eu\/et\/wp-json\/wp\/v2\/media\/82282"}],"wp:attachment":[{"href":"https:\/\/alekeskus.eu\/et\/wp-json\/wp\/v2\/media?parent=63461"}],"wp:term":[{"taxonomy":"pwb-brand","embeddable":true,"href":"https:\/\/alekeskus.eu\/et\/wp-json\/wp\/v2\/pwb-brand?post=63461"},{"taxonomy":"product_brand","embeddable":true,"href":"https:\/\/alekeskus.eu\/et\/wp-json\/wp\/v2\/product_brand?post=63461"},{"taxonomy":"product_cat","embeddable":true,"href":"https:\/\/alekeskus.eu\/et\/wp-json\/wp\/v2\/product_cat?post=63461"},{"taxonomy":"product_tag","embeddable":true,"href":"https:\/\/alekeskus.eu\/et\/wp-json\/wp\/v2\/product_tag?post=63461"}],"curies":[{"name":"wp","href":"https:\/\/api.w.org\/{rel}","templated":true}]}}