{"id":63559,"date":"2022-11-11T21:46:23","date_gmt":"2022-11-11T21:46:23","guid":{"rendered":"http:\/\/alekeskus.eu\/product\/manguvaljak-kasper-pesakiigega\/"},"modified":"2024-01-23T17:39:42","modified_gmt":"2024-01-23T17:39:42","slug":"manguvaljak-kasper-pesakiigega-alekeskus","status":"publish","type":"product","link":"https:\/\/alekeskus.eu\/et\/toode\/manguvaljak-kasper-pesakiigega-alekeskus\/","title":{"rendered":"M\u00e4nguv\u00e4ljak KASPER pesakiigega"},"content":{"rendered":"<p>&nbsp;<\/p>\n<table>\n<tbody>\n<tr>\n<td><img decoding=\"async\" src=\"http:\/\/alekeskus.eu\/img\/cms\/02.jpg\" alt=\"\" width=\"44\" height=\"44\" \/><\/td>\n<td><img decoding=\"async\" src=\"http:\/\/alekeskus.eu\/img\/cms\/01.gif\" alt=\"\" width=\"44\" height=\"44\" \/><\/td>\n<td>\u00a0<img decoding=\"async\" src=\"http:\/\/alekeskus.eu\/img\/cms\/03_1.gif\" alt=\"\" width=\"44\" height=\"44\" \/><\/td>\n<td><\/td>\n<td>\u00a0<img loading=\"lazy\" decoding=\"async\" src=\"http:\/\/alekeskus.eu\/img\/cms\/11.gif\" alt=\"\" width=\"44\" height=\"44\" \/><\/td>\n<td><img loading=\"lazy\" decoding=\"async\" src=\"http:\/\/alekeskus.eu\/img\/cms\/kuusk.gif\" alt=\"\" width=\"44\" height=\"44\" \/><\/td>\n<td>\u00a0<img loading=\"lazy\" decoding=\"async\" src=\"http:\/\/alekeskus.eu\/img\/cms\/immutus-2.gif\" alt=\"\" width=\"44\" height=\"44\" \/><\/td>\n<td><\/td>\n<\/tr>\n<tr>\n<td>A= 3,7 m<br \/>\nB= 2,0 m<br \/>\nC= 2,3 m<\/td>\n<td>A= 100 mm<br \/>\nB= 100\/80 mm<\/td>\n<td>A= 8,8 m<br \/>\nB= 8,9 m<\/td>\n<td><\/td>\n<td>3-14 a<br \/>\nkuni 50 kg<\/td>\n<td>Kuusk<\/td>\n<td>Roheline<\/td>\n<\/tr>\n<\/tbody>\n<\/table>\n","protected":false},"excerpt":{"rendered":"<p>M\u00f5\u00f5dud paigaldatuna: 3,66 x 2,0 x 2,3 m.<\/p>\n<p>S\u00fcgavimmutatud \u00fcmarpuit 80 mm ja 100 mm.<\/p>\n<p>M\u00e4nguv\u00e4ljak kinnitatakse pinnasesse 6 ankruga.<\/p>\n<p>Komplekti kuuluvad: kogu puitosa(s\u00fcgavimmutatud), kinnitusvahendid, kiik, pesakiik, n\u00f6\u00f6rsein ja paigaldusjuhend.\u00a0<a class=\"btn btn-default\" href=\"https:\/\/www.youtube.com\/watch?v=6HnEbqgEZ50\" target=\"_blank\" rel=\"noopener\">Paigalduse abivideo<\/a><\/p>\n<p>Lium\u00e4gi ja ankrud ei sisaldu hinnas. M\u00e4nguv\u00e4ljakule sobib 2,9 m lium\u00e4gi.<\/p>\n<p>Vastab Euroopa ohutusstandardile EN71. Eesti toode.<\/p>\n<p>Vajadusel paigaldus maasse kinnitusega 300EUR + s\u00f5it 0,7EUR\/km.<\/p>\n","protected":false},"featured_media":63555,"template":"","meta":{"_monsterinsights_skip_tracking":false,"_monsterinsights_sitenote_active":false,"_monsterinsights_sitenote_note":"","_monsterinsights_sitenote_category":0},"pwb-brand":[17744],"product_brand":[],"product_cat":[13558,13528],"product_tag":[13877,13878,13879,18402,13880,13886,14000,14345,14351,13782,14429,13876],"class_list":{"0":"post-63559","1":"product","2":"type-product","3":"status-publish","4":"has-post-thumbnail","6":"pwb-brand-palmako","7":"product_cat-manguvaljakud","8":"product_cat-manguvaljakud-kiiged","9":"product_tag-suvaimmutus","10":"product_tag-kiik","11":"product_tag-aiakiik","12":"product_tag-palmako-leikkiteline","13":"product_tag-ouekiik","14":"product_tag-leikkiteline","15":"product_tag-palmako","16":"product_tag-leikkikentta","17":"product_tag-imprest","18":"product_tag-manguvaljak","19":"product_tag-play-ground","20":"product_tag-sugavimmutatud","21":"product_shipping_class-30-300kg","22":"pa_garantii-2-aastat","23":"pa_kaalkg-14488","24":"pa_kohaletoimetamine-veohind-mandri-eestis-alekeskus","25":"pa_laoasukoht-laane-virumaa-eesti","26":"pa_tellimisaeg-2-10-toopaeva","27":"pa_varv-roheline","28":"pa_veame-eesti-ja-soome","30":"first","31":"instock","32":"sale","33":"taxable","34":"shipping-taxable","35":"purchasable","36":"product-type-simple"},"yoast_head":"<!-- This site is optimized with the Yoast SEO plugin v27.3 - https:\/\/yoast.com\/product\/yoast-seo-wordpress\/ -->\n<title>M\u00e4nguv\u00e4ljak KASPER pesakiigega - Alekeskus<\/title>\n<meta name=\"description\" content=\"m\u00e4nguv\u00e4ljak Kasper\" \/>\n<meta name=\"robots\" content=\"index, follow, max-snippet:-1, max-image-preview:large, max-video-preview:-1\" \/>\n<link rel=\"canonical\" href=\"https:\/\/alekeskus.eu\/toode\/manguvaljak-kasper-pesakiigega-alekeskus\/\" \/>\n<meta property=\"og:locale\" content=\"et_EE\" \/>\n<meta property=\"og:type\" content=\"article\" \/>\n<meta property=\"og:title\" content=\"M\u00e4nguv\u00e4ljak KASPER pesakiigega - Alekeskus\" \/>\n<meta property=\"og:description\" content=\"m\u00e4nguv\u00e4ljak Kasper\" \/>\n<meta property=\"og:url\" content=\"https:\/\/alekeskus.eu\/toode\/manguvaljak-kasper-pesakiigega-alekeskus\/\" \/>\n<meta property=\"og:site_name\" content=\"Alekeskus\" \/>\n<meta property=\"article:modified_time\" content=\"2024-01-23T17:39:42+00:00\" \/>\n<meta property=\"og:image\" content=\"https:\/\/alekeskus.eu\/wp-content\/uploads\/2021\/11\/995m-nguv-ljak-kasper-pesakiigega-0.jpg\" \/>\n\t<meta property=\"og:image:width\" content=\"1488\" \/>\n\t<meta property=\"og:image:height\" content=\"745\" \/>\n\t<meta property=\"og:image:type\" content=\"image\/jpeg\" \/>\n<meta name=\"twitter:card\" content=\"summary_large_image\" \/>\n<meta name=\"twitter:label1\" content=\"Est. reading time\" \/>\n\t<meta name=\"twitter:data1\" content=\"2 minutit\" \/>\n<script type=\"application\/ld+json\" class=\"yoast-schema-graph\">{\"@context\":\"https:\\\/\\\/schema.org\",\"@graph\":[{\"@type\":\"WebPage\",\"@id\":\"https:\\\/\\\/alekeskus.eu\\\/toode\\\/manguvaljak-kasper-pesakiigega-alekeskus\\\/\",\"url\":\"https:\\\/\\\/alekeskus.eu\\\/toode\\\/manguvaljak-kasper-pesakiigega-alekeskus\\\/\",\"name\":\"M\u00e4nguv\u00e4ljak KASPER pesakiigega - Alekeskus\",\"isPartOf\":{\"@id\":\"https:\\\/\\\/alekeskus.eu\\\/#website\"},\"primaryImageOfPage\":{\"@id\":\"https:\\\/\\\/alekeskus.eu\\\/toode\\\/manguvaljak-kasper-pesakiigega-alekeskus\\\/#primaryimage\"},\"image\":{\"@id\":\"https:\\\/\\\/alekeskus.eu\\\/toode\\\/manguvaljak-kasper-pesakiigega-alekeskus\\\/#primaryimage\"},\"thumbnailUrl\":\"https:\\\/\\\/alekeskus.eu\\\/wp-content\\\/uploads\\\/2021\\\/11\\\/995m-nguv-ljak-kasper-pesakiigega-0.jpg\",\"datePublished\":\"2022-11-11T21:46:23+00:00\",\"dateModified\":\"2024-01-23T17:39:42+00:00\",\"description\":\"m\u00e4nguv\u00e4ljak Kasper\",\"breadcrumb\":{\"@id\":\"https:\\\/\\\/alekeskus.eu\\\/toode\\\/manguvaljak-kasper-pesakiigega-alekeskus\\\/#breadcrumb\"},\"inLanguage\":\"et\",\"potentialAction\":[{\"@type\":\"ReadAction\",\"target\":[\"https:\\\/\\\/alekeskus.eu\\\/toode\\\/manguvaljak-kasper-pesakiigega-alekeskus\\\/\"]}]},{\"@type\":\"ImageObject\",\"inLanguage\":\"et\",\"@id\":\"https:\\\/\\\/alekeskus.eu\\\/toode\\\/manguvaljak-kasper-pesakiigega-alekeskus\\\/#primaryimage\",\"url\":\"https:\\\/\\\/alekeskus.eu\\\/wp-content\\\/uploads\\\/2021\\\/11\\\/995m-nguv-ljak-kasper-pesakiigega-0.jpg\",\"contentUrl\":\"https:\\\/\\\/alekeskus.eu\\\/wp-content\\\/uploads\\\/2021\\\/11\\\/995m-nguv-ljak-kasper-pesakiigega-0.jpg\",\"width\":1488,\"height\":745},{\"@type\":\"BreadcrumbList\",\"@id\":\"https:\\\/\\\/alekeskus.eu\\\/toode\\\/manguvaljak-kasper-pesakiigega-alekeskus\\\/#breadcrumb\",\"itemListElement\":[{\"@type\":\"ListItem\",\"position\":1,\"name\":\"Avaleht\",\"item\":\"https:\\\/\\\/alekeskus.eu\\\/et\\\/\"},{\"@type\":\"ListItem\",\"position\":2,\"name\":\"Pood\",\"item\":\"https:\\\/\\\/alekeskus.eu\\\/pood\\\/\"},{\"@type\":\"ListItem\",\"position\":3,\"name\":\"M\u00e4nguv\u00e4ljak KASPER pesakiigega\"}]},{\"@type\":\"WebSite\",\"@id\":\"https:\\\/\\\/alekeskus.eu\\\/#website\",\"url\":\"https:\\\/\\\/alekeskus.eu\\\/\",\"name\":\"Alekeskus\",\"description\":\"Alekeskus.eu\",\"potentialAction\":[{\"@type\":\"SearchAction\",\"target\":{\"@type\":\"EntryPoint\",\"urlTemplate\":\"https:\\\/\\\/alekeskus.eu\\\/?s={search_term_string}\"},\"query-input\":{\"@type\":\"PropertyValueSpecification\",\"valueRequired\":true,\"valueName\":\"search_term_string\"}}],\"inLanguage\":\"et\"}]}<\/script>\n<!-- \/ Yoast SEO plugin. -->","yoast_head_json":{"title":"M\u00e4nguv\u00e4ljak KASPER pesakiigega - Alekeskus","description":"m\u00e4nguv\u00e4ljak Kasper","robots":{"index":"index","follow":"follow","max-snippet":"max-snippet:-1","max-image-preview":"max-image-preview:large","max-video-preview":"max-video-preview:-1"},"canonical":"https:\/\/alekeskus.eu\/toode\/manguvaljak-kasper-pesakiigega-alekeskus\/","og_locale":"et_EE","og_type":"article","og_title":"M\u00e4nguv\u00e4ljak KASPER pesakiigega - Alekeskus","og_description":"m\u00e4nguv\u00e4ljak Kasper","og_url":"https:\/\/alekeskus.eu\/toode\/manguvaljak-kasper-pesakiigega-alekeskus\/","og_site_name":"Alekeskus","article_modified_time":"2024-01-23T17:39:42+00:00","og_image":[{"width":1488,"height":745,"url":"https:\/\/alekeskus.eu\/wp-content\/uploads\/2021\/11\/995m-nguv-ljak-kasper-pesakiigega-0.jpg","type":"image\/jpeg"}],"twitter_card":"summary_large_image","twitter_misc":{"Est. reading time":"2 minutit"},"schema":{"@context":"https:\/\/schema.org","@graph":[{"@type":"WebPage","@id":"https:\/\/alekeskus.eu\/toode\/manguvaljak-kasper-pesakiigega-alekeskus\/","url":"https:\/\/alekeskus.eu\/toode\/manguvaljak-kasper-pesakiigega-alekeskus\/","name":"M\u00e4nguv\u00e4ljak KASPER pesakiigega - Alekeskus","isPartOf":{"@id":"https:\/\/alekeskus.eu\/#website"},"primaryImageOfPage":{"@id":"https:\/\/alekeskus.eu\/toode\/manguvaljak-kasper-pesakiigega-alekeskus\/#primaryimage"},"image":{"@id":"https:\/\/alekeskus.eu\/toode\/manguvaljak-kasper-pesakiigega-alekeskus\/#primaryimage"},"thumbnailUrl":"https:\/\/alekeskus.eu\/wp-content\/uploads\/2021\/11\/995m-nguv-ljak-kasper-pesakiigega-0.jpg","datePublished":"2022-11-11T21:46:23+00:00","dateModified":"2024-01-23T17:39:42+00:00","description":"m\u00e4nguv\u00e4ljak Kasper","breadcrumb":{"@id":"https:\/\/alekeskus.eu\/toode\/manguvaljak-kasper-pesakiigega-alekeskus\/#breadcrumb"},"inLanguage":"et","potentialAction":[{"@type":"ReadAction","target":["https:\/\/alekeskus.eu\/toode\/manguvaljak-kasper-pesakiigega-alekeskus\/"]}]},{"@type":"ImageObject","inLanguage":"et","@id":"https:\/\/alekeskus.eu\/toode\/manguvaljak-kasper-pesakiigega-alekeskus\/#primaryimage","url":"https:\/\/alekeskus.eu\/wp-content\/uploads\/2021\/11\/995m-nguv-ljak-kasper-pesakiigega-0.jpg","contentUrl":"https:\/\/alekeskus.eu\/wp-content\/uploads\/2021\/11\/995m-nguv-ljak-kasper-pesakiigega-0.jpg","width":1488,"height":745},{"@type":"BreadcrumbList","@id":"https:\/\/alekeskus.eu\/toode\/manguvaljak-kasper-pesakiigega-alekeskus\/#breadcrumb","itemListElement":[{"@type":"ListItem","position":1,"name":"Avaleht","item":"https:\/\/alekeskus.eu\/et\/"},{"@type":"ListItem","position":2,"name":"Pood","item":"https:\/\/alekeskus.eu\/pood\/"},{"@type":"ListItem","position":3,"name":"M\u00e4nguv\u00e4ljak KASPER pesakiigega"}]},{"@type":"WebSite","@id":"https:\/\/alekeskus.eu\/#website","url":"https:\/\/alekeskus.eu\/","name":"Alekeskus","description":"Alekeskus.eu","potentialAction":[{"@type":"SearchAction","target":{"@type":"EntryPoint","urlTemplate":"https:\/\/alekeskus.eu\/?s={search_term_string}"},"query-input":{"@type":"PropertyValueSpecification","valueRequired":true,"valueName":"search_term_string"}}],"inLanguage":"et"}]}},"brands":[{"id":17744,"name":"Palmako","slug":"palmako"}],"_links":{"self":[{"href":"https:\/\/alekeskus.eu\/et\/wp-json\/wp\/v2\/product\/63559","targetHints":{"allow":["GET"]}}],"collection":[{"href":"https:\/\/alekeskus.eu\/et\/wp-json\/wp\/v2\/product"}],"about":[{"href":"https:\/\/alekeskus.eu\/et\/wp-json\/wp\/v2\/types\/product"}],"wp:featuredmedia":[{"embeddable":true,"href":"https:\/\/alekeskus.eu\/et\/wp-json\/wp\/v2\/media\/63555"}],"wp:attachment":[{"href":"https:\/\/alekeskus.eu\/et\/wp-json\/wp\/v2\/media?parent=63559"}],"wp:term":[{"taxonomy":"pwb-brand","embeddable":true,"href":"https:\/\/alekeskus.eu\/et\/wp-json\/wp\/v2\/pwb-brand?post=63559"},{"taxonomy":"product_brand","embeddable":true,"href":"https:\/\/alekeskus.eu\/et\/wp-json\/wp\/v2\/product_brand?post=63559"},{"taxonomy":"product_cat","embeddable":true,"href":"https:\/\/alekeskus.eu\/et\/wp-json\/wp\/v2\/product_cat?post=63559"},{"taxonomy":"product_tag","embeddable":true,"href":"https:\/\/alekeskus.eu\/et\/wp-json\/wp\/v2\/product_tag?post=63559"}],"curies":[{"name":"wp","href":"https:\/\/api.w.org\/{rel}","templated":true}]}}