{"id":63563,"date":"2025-11-11T21:46:25","date_gmt":"2025-11-11T21:46:25","guid":{"rendered":"http:\/\/alekeskus.eu\/product\/manguvaljak-merit\/"},"modified":"2026-01-30T12:54:07","modified_gmt":"2026-01-30T12:54:07","slug":"manguvaljak-merit-alekeskus","status":"publish","type":"product","link":"https:\/\/alekeskus.eu\/et\/toode\/manguvaljak-merit-alekeskus\/","title":{"rendered":"M\u00e4ngu- ja ronimisv\u00e4ljak Merit"},"content":{"rendered":"","protected":false},"excerpt":{"rendered":"<p>V\u00f5imas laste m\u00e4nguv\u00e4ljak, mis annab silmad ette nii m\u00f5nelegi linna m\u00e4nguv\u00e4ljakule.<\/p>\n<p>M\u00f5\u00f5dud paigaldatuna: laius 361 x s\u00fcgavus 204 x k\u00f5rgus 215 cm.<\/p>\n<p>Ohutusala: laius 770 x s\u00fcgavus 590 cm.<\/p>\n<p>S\u00fcgavimmutatud \u00fcmarpuit 100mm. Maasiseste jalastega, st ankruid ei ole tarvis.<\/p>\n<p>Vastab Euroopa ohutusstandardile EN71.\u00a0 Eesti toode.<\/p>\n<p>Vajadusel paigaldus maasse kinnitusega 600EUR + s\u00f5it 0,7EUR\/km.<\/p>\n","protected":false},"featured_media":77908,"template":"","meta":{"_monsterinsights_skip_tracking":false,"_monsterinsights_sitenote_active":false,"_monsterinsights_sitenote_note":"","_monsterinsights_sitenote_category":0},"pwb-brand":[],"product_brand":[],"product_cat":[13558,13528],"product_tag":[14425,14489,14490,14491,13782],"class_list":{"0":"post-63563","1":"product","2":"type-product","3":"status-publish","4":"has-post-thumbnail","6":"product_cat-manguvaljakud","7":"product_cat-manguvaljakud-kiiged","8":"product_tag-playground","9":"product_tag-nora","10":"product_tag-merit","11":"product_tag-ronimisvaljak","12":"product_tag-manguvaljak","13":"product_shipping_class-30-300kg","14":"pa_garantii-2-aastat","15":"pa_kohaletoimetamine-veohind-mandri-eestis-alekeskus","16":"pa_laoasukoht-laane-virumaa-eesti","17":"pa_tellimisaeg-tilausaika-alekeskus","18":"pa_varv-roheline","19":"pa_veame-eesti-ja-soome","21":"first","22":"instock","23":"taxable","24":"shipping-taxable","25":"purchasable","26":"product-type-simple"},"yoast_head":"<!-- This site is optimized with the Yoast SEO plugin v27.3 - https:\/\/yoast.com\/product\/yoast-seo-wordpress\/ -->\n<title>M\u00e4ngu- ja ronimisv\u00e4ljak Merit - Alekeskus<\/title>\n<meta name=\"description\" content=\"ronimisv\u00e4ljak Merit\" \/>\n<meta name=\"robots\" content=\"index, follow, max-snippet:-1, max-image-preview:large, max-video-preview:-1\" \/>\n<link rel=\"canonical\" href=\"https:\/\/alekeskus.eu\/et\/toode\/manguvaljak-merit-alekeskus\/\" \/>\n<meta property=\"og:locale\" content=\"et_EE\" \/>\n<meta property=\"og:type\" content=\"article\" \/>\n<meta property=\"og:title\" content=\"M\u00e4ngu- ja ronimisv\u00e4ljak Merit - Alekeskus\" \/>\n<meta property=\"og:description\" content=\"ronimisv\u00e4ljak Merit\" \/>\n<meta property=\"og:url\" content=\"https:\/\/alekeskus.eu\/et\/toode\/manguvaljak-merit-alekeskus\/\" \/>\n<meta property=\"og:site_name\" content=\"Alekeskus\" \/>\n<meta property=\"article:modified_time\" content=\"2026-01-30T12:54:07+00:00\" \/>\n<meta property=\"og:image\" content=\"https:\/\/alekeskus.eu\/wp-content\/uploads\/2021\/11\/Merit-uus.jpg\" \/>\n\t<meta property=\"og:image:width\" content=\"1116\" \/>\n\t<meta property=\"og:image:height\" content=\"837\" \/>\n\t<meta property=\"og:image:type\" content=\"image\/jpeg\" \/>\n<meta name=\"twitter:card\" content=\"summary_large_image\" \/>\n<meta name=\"twitter:label1\" content=\"Est. reading time\" \/>\n\t<meta name=\"twitter:data1\" content=\"1 minut\" \/>\n<script type=\"application\/ld+json\" class=\"yoast-schema-graph\">{\"@context\":\"https:\\\/\\\/schema.org\",\"@graph\":[{\"@type\":\"WebPage\",\"@id\":\"https:\\\/\\\/alekeskus.eu\\\/et\\\/toode\\\/manguvaljak-merit-alekeskus\\\/\",\"url\":\"https:\\\/\\\/alekeskus.eu\\\/et\\\/toode\\\/manguvaljak-merit-alekeskus\\\/\",\"name\":\"M\u00e4ngu- ja ronimisv\u00e4ljak Merit - Alekeskus\",\"isPartOf\":{\"@id\":\"https:\\\/\\\/alekeskus.eu\\\/#website\"},\"primaryImageOfPage\":{\"@id\":\"https:\\\/\\\/alekeskus.eu\\\/et\\\/toode\\\/manguvaljak-merit-alekeskus\\\/#primaryimage\"},\"image\":{\"@id\":\"https:\\\/\\\/alekeskus.eu\\\/et\\\/toode\\\/manguvaljak-merit-alekeskus\\\/#primaryimage\"},\"thumbnailUrl\":\"https:\\\/\\\/alekeskus.eu\\\/wp-content\\\/uploads\\\/2021\\\/11\\\/Merit-uus.jpg\",\"datePublished\":\"2025-11-11T21:46:25+00:00\",\"dateModified\":\"2026-01-30T12:54:07+00:00\",\"description\":\"ronimisv\u00e4ljak Merit\",\"breadcrumb\":{\"@id\":\"https:\\\/\\\/alekeskus.eu\\\/et\\\/toode\\\/manguvaljak-merit-alekeskus\\\/#breadcrumb\"},\"inLanguage\":\"et\",\"potentialAction\":[{\"@type\":\"ReadAction\",\"target\":[\"https:\\\/\\\/alekeskus.eu\\\/et\\\/toode\\\/manguvaljak-merit-alekeskus\\\/\"]}]},{\"@type\":\"ImageObject\",\"inLanguage\":\"et\",\"@id\":\"https:\\\/\\\/alekeskus.eu\\\/et\\\/toode\\\/manguvaljak-merit-alekeskus\\\/#primaryimage\",\"url\":\"https:\\\/\\\/alekeskus.eu\\\/wp-content\\\/uploads\\\/2021\\\/11\\\/Merit-uus.jpg\",\"contentUrl\":\"https:\\\/\\\/alekeskus.eu\\\/wp-content\\\/uploads\\\/2021\\\/11\\\/Merit-uus.jpg\",\"width\":1116,\"height\":837},{\"@type\":\"BreadcrumbList\",\"@id\":\"https:\\\/\\\/alekeskus.eu\\\/et\\\/toode\\\/manguvaljak-merit-alekeskus\\\/#breadcrumb\",\"itemListElement\":[{\"@type\":\"ListItem\",\"position\":1,\"name\":\"Avaleht\",\"item\":\"https:\\\/\\\/alekeskus.eu\\\/et\\\/\"},{\"@type\":\"ListItem\",\"position\":2,\"name\":\"Pood\",\"item\":\"https:\\\/\\\/alekeskus.eu\\\/pood\\\/\"},{\"@type\":\"ListItem\",\"position\":3,\"name\":\"M\u00e4ngu- ja ronimisv\u00e4ljak Merit\"}]},{\"@type\":\"WebSite\",\"@id\":\"https:\\\/\\\/alekeskus.eu\\\/#website\",\"url\":\"https:\\\/\\\/alekeskus.eu\\\/\",\"name\":\"Alekeskus\",\"description\":\"Alekeskus.eu\",\"potentialAction\":[{\"@type\":\"SearchAction\",\"target\":{\"@type\":\"EntryPoint\",\"urlTemplate\":\"https:\\\/\\\/alekeskus.eu\\\/?s={search_term_string}\"},\"query-input\":{\"@type\":\"PropertyValueSpecification\",\"valueRequired\":true,\"valueName\":\"search_term_string\"}}],\"inLanguage\":\"et\"}]}<\/script>\n<!-- \/ Yoast SEO plugin. -->","yoast_head_json":{"title":"M\u00e4ngu- ja ronimisv\u00e4ljak Merit - Alekeskus","description":"ronimisv\u00e4ljak Merit","robots":{"index":"index","follow":"follow","max-snippet":"max-snippet:-1","max-image-preview":"max-image-preview:large","max-video-preview":"max-video-preview:-1"},"canonical":"https:\/\/alekeskus.eu\/et\/toode\/manguvaljak-merit-alekeskus\/","og_locale":"et_EE","og_type":"article","og_title":"M\u00e4ngu- ja ronimisv\u00e4ljak Merit - Alekeskus","og_description":"ronimisv\u00e4ljak Merit","og_url":"https:\/\/alekeskus.eu\/et\/toode\/manguvaljak-merit-alekeskus\/","og_site_name":"Alekeskus","article_modified_time":"2026-01-30T12:54:07+00:00","og_image":[{"width":1116,"height":837,"url":"https:\/\/alekeskus.eu\/wp-content\/uploads\/2021\/11\/Merit-uus.jpg","type":"image\/jpeg"}],"twitter_card":"summary_large_image","twitter_misc":{"Est. reading time":"1 minut"},"schema":{"@context":"https:\/\/schema.org","@graph":[{"@type":"WebPage","@id":"https:\/\/alekeskus.eu\/et\/toode\/manguvaljak-merit-alekeskus\/","url":"https:\/\/alekeskus.eu\/et\/toode\/manguvaljak-merit-alekeskus\/","name":"M\u00e4ngu- ja ronimisv\u00e4ljak Merit - Alekeskus","isPartOf":{"@id":"https:\/\/alekeskus.eu\/#website"},"primaryImageOfPage":{"@id":"https:\/\/alekeskus.eu\/et\/toode\/manguvaljak-merit-alekeskus\/#primaryimage"},"image":{"@id":"https:\/\/alekeskus.eu\/et\/toode\/manguvaljak-merit-alekeskus\/#primaryimage"},"thumbnailUrl":"https:\/\/alekeskus.eu\/wp-content\/uploads\/2021\/11\/Merit-uus.jpg","datePublished":"2025-11-11T21:46:25+00:00","dateModified":"2026-01-30T12:54:07+00:00","description":"ronimisv\u00e4ljak Merit","breadcrumb":{"@id":"https:\/\/alekeskus.eu\/et\/toode\/manguvaljak-merit-alekeskus\/#breadcrumb"},"inLanguage":"et","potentialAction":[{"@type":"ReadAction","target":["https:\/\/alekeskus.eu\/et\/toode\/manguvaljak-merit-alekeskus\/"]}]},{"@type":"ImageObject","inLanguage":"et","@id":"https:\/\/alekeskus.eu\/et\/toode\/manguvaljak-merit-alekeskus\/#primaryimage","url":"https:\/\/alekeskus.eu\/wp-content\/uploads\/2021\/11\/Merit-uus.jpg","contentUrl":"https:\/\/alekeskus.eu\/wp-content\/uploads\/2021\/11\/Merit-uus.jpg","width":1116,"height":837},{"@type":"BreadcrumbList","@id":"https:\/\/alekeskus.eu\/et\/toode\/manguvaljak-merit-alekeskus\/#breadcrumb","itemListElement":[{"@type":"ListItem","position":1,"name":"Avaleht","item":"https:\/\/alekeskus.eu\/et\/"},{"@type":"ListItem","position":2,"name":"Pood","item":"https:\/\/alekeskus.eu\/pood\/"},{"@type":"ListItem","position":3,"name":"M\u00e4ngu- ja ronimisv\u00e4ljak Merit"}]},{"@type":"WebSite","@id":"https:\/\/alekeskus.eu\/#website","url":"https:\/\/alekeskus.eu\/","name":"Alekeskus","description":"Alekeskus.eu","potentialAction":[{"@type":"SearchAction","target":{"@type":"EntryPoint","urlTemplate":"https:\/\/alekeskus.eu\/?s={search_term_string}"},"query-input":{"@type":"PropertyValueSpecification","valueRequired":true,"valueName":"search_term_string"}}],"inLanguage":"et"}]}},"brands":[],"_links":{"self":[{"href":"https:\/\/alekeskus.eu\/et\/wp-json\/wp\/v2\/product\/63563","targetHints":{"allow":["GET"]}}],"collection":[{"href":"https:\/\/alekeskus.eu\/et\/wp-json\/wp\/v2\/product"}],"about":[{"href":"https:\/\/alekeskus.eu\/et\/wp-json\/wp\/v2\/types\/product"}],"wp:featuredmedia":[{"embeddable":true,"href":"https:\/\/alekeskus.eu\/et\/wp-json\/wp\/v2\/media\/77908"}],"wp:attachment":[{"href":"https:\/\/alekeskus.eu\/et\/wp-json\/wp\/v2\/media?parent=63563"}],"wp:term":[{"taxonomy":"pwb-brand","embeddable":true,"href":"https:\/\/alekeskus.eu\/et\/wp-json\/wp\/v2\/pwb-brand?post=63563"},{"taxonomy":"product_brand","embeddable":true,"href":"https:\/\/alekeskus.eu\/et\/wp-json\/wp\/v2\/product_brand?post=63563"},{"taxonomy":"product_cat","embeddable":true,"href":"https:\/\/alekeskus.eu\/et\/wp-json\/wp\/v2\/product_cat?post=63563"},{"taxonomy":"product_tag","embeddable":true,"href":"https:\/\/alekeskus.eu\/et\/wp-json\/wp\/v2\/product_tag?post=63563"}],"curies":[{"name":"wp","href":"https:\/\/api.w.org\/{rel}","templated":true}]}}