{"id":63599,"date":"2025-11-11T21:46:37","date_gmt":"2025-11-11T21:46:37","guid":{"rendered":"http:\/\/alekeskus.eu\/product\/manguvaljak-jesper1\/"},"modified":"2026-05-04T19:08:53","modified_gmt":"2026-05-04T19:08:53","slug":"manguvaljak-jesper1-alekeskus","status":"publish","type":"product","link":"https:\/\/alekeskus.eu\/et\/toode\/manguvaljak-jesper1-alekeskus\/","title":{"rendered":"M\u00e4nguv\u00e4ljak JESPER1"},"content":{"rendered":"","protected":false},"excerpt":{"rendered":"<p>Jesper1 on 2 sillaga \u00fchendatud m\u00e4ngutorni, millel \u00fchel ronimissein ja 2 kiike ning teisel lium\u00e4gi.<\/p>\n<p><strong>S\u00fcvaimmutatud<\/strong> <strong>pruunikast nelikantpuidust<\/strong>\u00a0<img decoding=\"async\" src=\"http:\/\/pood.palmako.ee\/sites\/default\/files\/styles\/pictogram_thumbnail\/public\/field_pictogram_image\/profiil_-_kandiline.png?itok=j1wzCNL6\" alt=\"\" \/>. Kiige jalad 70x70mm, kiige emapuu 90 x 90 mm liimpuidust. M\u00f5\u00f5dud paigaldatuna 5,7 x 4,7 m.<\/p>\n<p>Vastab EU standardile EN71. Eesti toode. N\u00f5utav turvaala 10 x 8,65 m.<\/p>\n<p>Lium\u00e4gi 2,9m ja F-ankrud (tarve 10tk) ei sisaldu hinnas.<\/p>\n<p>Paigaldus 1300\u20ac+kohales\u00f5it 0,7\u20ac\/km.<\/p>\n<p><strong>TASUTA VEDU \u00fcle Eesti!<\/strong><\/p>\n","protected":false},"featured_media":63593,"template":"","meta":{"_monsterinsights_skip_tracking":false,"_monsterinsights_sitenote_active":false,"_monsterinsights_sitenote_note":"","_monsterinsights_sitenote_category":0},"pwb-brand":[18577],"product_brand":[],"product_cat":[13538,13558,13594,13528],"product_tag":[13782,13878,14500,14501,16126,19302],"class_list":{"0":"post-63599","1":"product","2":"type-product","3":"status-publish","4":"has-post-thumbnail","6":"pwb-brand-eesti","7":"product_cat-ale","8":"product_cat-manguvaljakud","9":"product_cat-mangumajad","10":"product_cat-manguvaljakud-kiiged","11":"product_tag-manguvaljak","12":"product_tag-kiik","13":"product_tag-jesper","14":"product_tag-mangutorn","15":"product_tag-manguvaljakud","16":"product_tag-manguvaljakud-muuk","17":"product_shipping_class-tasuta-transport-kuni-300kg","18":"pa_garantii-2-aastat","19":"pa_kohaletoimetamine-tasuta-ule-eesti-soome-alates-160e-alekeskus","20":"pa_laoasukoht-laane-virumaa-eesti","21":"pa_tellimisaeg-tilausaika-alekeskus","22":"pa_varv-pruun","23":"pa_veame-eesti-ja-soome","25":"first","26":"instock","27":"sale","28":"featured","29":"taxable","30":"shipping-taxable","31":"purchasable","32":"product-type-simple"},"yoast_head":"<!-- This site is optimized with the Yoast SEO plugin v27.5 - https:\/\/yoast.com\/product\/yoast-seo-wordpress\/ -->\n<title>M\u00e4nguv\u00e4ljak JESPER1 - Alekeskus<\/title>\n<meta name=\"description\" content=\"torniga m\u00e4nguv\u00e4ljak Jesper\" \/>\n<meta name=\"robots\" content=\"index, follow, max-snippet:-1, max-image-preview:large, max-video-preview:-1\" \/>\n<link rel=\"canonical\" href=\"https:\/\/alekeskus.eu\/et\/toode\/manguvaljak-jesper1-alekeskus\/\" \/>\n<meta property=\"og:locale\" content=\"et_EE\" \/>\n<meta property=\"og:type\" content=\"article\" \/>\n<meta property=\"og:title\" content=\"M\u00e4nguv\u00e4ljak JESPER1 - Alekeskus\" \/>\n<meta property=\"og:description\" content=\"torniga m\u00e4nguv\u00e4ljak Jesper\" \/>\n<meta property=\"og:url\" content=\"https:\/\/alekeskus.eu\/et\/toode\/manguvaljak-jesper1-alekeskus\/\" \/>\n<meta property=\"og:site_name\" content=\"Alekeskus\" \/>\n<meta property=\"article:modified_time\" content=\"2026-05-04T19:08:53+00:00\" \/>\n<meta property=\"og:image\" content=\"https:\/\/alekeskus.eu\/wp-content\/uploads\/2021\/11\/1165m-nguv-ljak-jesper1-0.jpg\" \/>\n\t<meta property=\"og:image:width\" content=\"1600\" \/>\n\t<meta property=\"og:image:height\" content=\"1200\" \/>\n\t<meta property=\"og:image:type\" content=\"image\/jpeg\" \/>\n<meta name=\"twitter:card\" content=\"summary_large_image\" \/>\n<meta name=\"twitter:label1\" content=\"Est. reading time\" \/>\n\t<meta name=\"twitter:data1\" content=\"1 minut\" \/>\n<script type=\"application\/ld+json\" class=\"yoast-schema-graph\">{\"@context\":\"https:\\\/\\\/schema.org\",\"@graph\":[{\"@type\":\"WebPage\",\"@id\":\"https:\\\/\\\/alekeskus.eu\\\/et\\\/toode\\\/manguvaljak-jesper1-alekeskus\\\/\",\"url\":\"https:\\\/\\\/alekeskus.eu\\\/et\\\/toode\\\/manguvaljak-jesper1-alekeskus\\\/\",\"name\":\"M\u00e4nguv\u00e4ljak JESPER1 - Alekeskus\",\"isPartOf\":{\"@id\":\"https:\\\/\\\/alekeskus.eu\\\/#website\"},\"primaryImageOfPage\":{\"@id\":\"https:\\\/\\\/alekeskus.eu\\\/et\\\/toode\\\/manguvaljak-jesper1-alekeskus\\\/#primaryimage\"},\"image\":{\"@id\":\"https:\\\/\\\/alekeskus.eu\\\/et\\\/toode\\\/manguvaljak-jesper1-alekeskus\\\/#primaryimage\"},\"thumbnailUrl\":\"https:\\\/\\\/alekeskus.eu\\\/wp-content\\\/uploads\\\/2021\\\/11\\\/1165m-nguv-ljak-jesper1-0.jpg\",\"datePublished\":\"2025-11-11T21:46:37+00:00\",\"dateModified\":\"2026-05-04T19:08:53+00:00\",\"description\":\"torniga m\u00e4nguv\u00e4ljak Jesper\",\"breadcrumb\":{\"@id\":\"https:\\\/\\\/alekeskus.eu\\\/et\\\/toode\\\/manguvaljak-jesper1-alekeskus\\\/#breadcrumb\"},\"inLanguage\":\"et\",\"potentialAction\":[{\"@type\":\"ReadAction\",\"target\":[\"https:\\\/\\\/alekeskus.eu\\\/et\\\/toode\\\/manguvaljak-jesper1-alekeskus\\\/\"]}]},{\"@type\":\"ImageObject\",\"inLanguage\":\"et\",\"@id\":\"https:\\\/\\\/alekeskus.eu\\\/et\\\/toode\\\/manguvaljak-jesper1-alekeskus\\\/#primaryimage\",\"url\":\"https:\\\/\\\/alekeskus.eu\\\/wp-content\\\/uploads\\\/2021\\\/11\\\/1165m-nguv-ljak-jesper1-0.jpg\",\"contentUrl\":\"https:\\\/\\\/alekeskus.eu\\\/wp-content\\\/uploads\\\/2021\\\/11\\\/1165m-nguv-ljak-jesper1-0.jpg\",\"width\":1600,\"height\":1200},{\"@type\":\"BreadcrumbList\",\"@id\":\"https:\\\/\\\/alekeskus.eu\\\/et\\\/toode\\\/manguvaljak-jesper1-alekeskus\\\/#breadcrumb\",\"itemListElement\":[{\"@type\":\"ListItem\",\"position\":1,\"name\":\"Avaleht\",\"item\":\"https:\\\/\\\/alekeskus.eu\\\/et\\\/\"},{\"@type\":\"ListItem\",\"position\":2,\"name\":\"Pood\",\"item\":\"https:\\\/\\\/alekeskus.eu\\\/pood\\\/\"},{\"@type\":\"ListItem\",\"position\":3,\"name\":\"M\u00e4nguv\u00e4ljak JESPER1\"}]},{\"@type\":\"WebSite\",\"@id\":\"https:\\\/\\\/alekeskus.eu\\\/#website\",\"url\":\"https:\\\/\\\/alekeskus.eu\\\/\",\"name\":\"Alekeskus\",\"description\":\"Alekeskus.eu\",\"potentialAction\":[{\"@type\":\"SearchAction\",\"target\":{\"@type\":\"EntryPoint\",\"urlTemplate\":\"https:\\\/\\\/alekeskus.eu\\\/?s={search_term_string}\"},\"query-input\":{\"@type\":\"PropertyValueSpecification\",\"valueRequired\":true,\"valueName\":\"search_term_string\"}}],\"inLanguage\":\"et\"}]}<\/script>\n<!-- \/ Yoast SEO plugin. -->","yoast_head_json":{"title":"M\u00e4nguv\u00e4ljak JESPER1 - Alekeskus","description":"torniga m\u00e4nguv\u00e4ljak Jesper","robots":{"index":"index","follow":"follow","max-snippet":"max-snippet:-1","max-image-preview":"max-image-preview:large","max-video-preview":"max-video-preview:-1"},"canonical":"https:\/\/alekeskus.eu\/et\/toode\/manguvaljak-jesper1-alekeskus\/","og_locale":"et_EE","og_type":"article","og_title":"M\u00e4nguv\u00e4ljak JESPER1 - Alekeskus","og_description":"torniga m\u00e4nguv\u00e4ljak Jesper","og_url":"https:\/\/alekeskus.eu\/et\/toode\/manguvaljak-jesper1-alekeskus\/","og_site_name":"Alekeskus","article_modified_time":"2026-05-04T19:08:53+00:00","og_image":[{"width":1600,"height":1200,"url":"https:\/\/alekeskus.eu\/wp-content\/uploads\/2021\/11\/1165m-nguv-ljak-jesper1-0.jpg","type":"image\/jpeg"}],"twitter_card":"summary_large_image","twitter_misc":{"Est. reading time":"1 minut"},"schema":{"@context":"https:\/\/schema.org","@graph":[{"@type":"WebPage","@id":"https:\/\/alekeskus.eu\/et\/toode\/manguvaljak-jesper1-alekeskus\/","url":"https:\/\/alekeskus.eu\/et\/toode\/manguvaljak-jesper1-alekeskus\/","name":"M\u00e4nguv\u00e4ljak JESPER1 - Alekeskus","isPartOf":{"@id":"https:\/\/alekeskus.eu\/#website"},"primaryImageOfPage":{"@id":"https:\/\/alekeskus.eu\/et\/toode\/manguvaljak-jesper1-alekeskus\/#primaryimage"},"image":{"@id":"https:\/\/alekeskus.eu\/et\/toode\/manguvaljak-jesper1-alekeskus\/#primaryimage"},"thumbnailUrl":"https:\/\/alekeskus.eu\/wp-content\/uploads\/2021\/11\/1165m-nguv-ljak-jesper1-0.jpg","datePublished":"2025-11-11T21:46:37+00:00","dateModified":"2026-05-04T19:08:53+00:00","description":"torniga m\u00e4nguv\u00e4ljak Jesper","breadcrumb":{"@id":"https:\/\/alekeskus.eu\/et\/toode\/manguvaljak-jesper1-alekeskus\/#breadcrumb"},"inLanguage":"et","potentialAction":[{"@type":"ReadAction","target":["https:\/\/alekeskus.eu\/et\/toode\/manguvaljak-jesper1-alekeskus\/"]}]},{"@type":"ImageObject","inLanguage":"et","@id":"https:\/\/alekeskus.eu\/et\/toode\/manguvaljak-jesper1-alekeskus\/#primaryimage","url":"https:\/\/alekeskus.eu\/wp-content\/uploads\/2021\/11\/1165m-nguv-ljak-jesper1-0.jpg","contentUrl":"https:\/\/alekeskus.eu\/wp-content\/uploads\/2021\/11\/1165m-nguv-ljak-jesper1-0.jpg","width":1600,"height":1200},{"@type":"BreadcrumbList","@id":"https:\/\/alekeskus.eu\/et\/toode\/manguvaljak-jesper1-alekeskus\/#breadcrumb","itemListElement":[{"@type":"ListItem","position":1,"name":"Avaleht","item":"https:\/\/alekeskus.eu\/et\/"},{"@type":"ListItem","position":2,"name":"Pood","item":"https:\/\/alekeskus.eu\/pood\/"},{"@type":"ListItem","position":3,"name":"M\u00e4nguv\u00e4ljak JESPER1"}]},{"@type":"WebSite","@id":"https:\/\/alekeskus.eu\/#website","url":"https:\/\/alekeskus.eu\/","name":"Alekeskus","description":"Alekeskus.eu","potentialAction":[{"@type":"SearchAction","target":{"@type":"EntryPoint","urlTemplate":"https:\/\/alekeskus.eu\/?s={search_term_string}"},"query-input":{"@type":"PropertyValueSpecification","valueRequired":true,"valueName":"search_term_string"}}],"inLanguage":"et"}]}},"brands":[{"id":18577,"name":"Eesti","slug":"eesti"}],"_links":{"self":[{"href":"https:\/\/alekeskus.eu\/et\/wp-json\/wp\/v2\/product\/63599","targetHints":{"allow":["GET"]}}],"collection":[{"href":"https:\/\/alekeskus.eu\/et\/wp-json\/wp\/v2\/product"}],"about":[{"href":"https:\/\/alekeskus.eu\/et\/wp-json\/wp\/v2\/types\/product"}],"wp:featuredmedia":[{"embeddable":true,"href":"https:\/\/alekeskus.eu\/et\/wp-json\/wp\/v2\/media\/63593"}],"wp:attachment":[{"href":"https:\/\/alekeskus.eu\/et\/wp-json\/wp\/v2\/media?parent=63599"}],"wp:term":[{"taxonomy":"pwb-brand","embeddable":true,"href":"https:\/\/alekeskus.eu\/et\/wp-json\/wp\/v2\/pwb-brand?post=63599"},{"taxonomy":"product_brand","embeddable":true,"href":"https:\/\/alekeskus.eu\/et\/wp-json\/wp\/v2\/product_brand?post=63599"},{"taxonomy":"product_cat","embeddable":true,"href":"https:\/\/alekeskus.eu\/et\/wp-json\/wp\/v2\/product_cat?post=63599"},{"taxonomy":"product_tag","embeddable":true,"href":"https:\/\/alekeskus.eu\/et\/wp-json\/wp\/v2\/product_tag?post=63599"}],"curies":[{"name":"wp","href":"https:\/\/api.w.org\/{rel}","templated":true}]}}