{"id":63607,"date":"2024-11-11T21:46:43","date_gmt":"2024-11-11T21:46:43","guid":{"rendered":"http:\/\/alekeskus.eu\/product\/manguvaljak-jesper2\/"},"modified":"2026-01-15T13:28:48","modified_gmt":"2026-01-15T13:28:48","slug":"manguvaljak-jesper2-alekeskus","status":"publish","type":"product","link":"https:\/\/alekeskus.eu\/et\/toode\/manguvaljak-jesper2-alekeskus\/","title":{"rendered":"M\u00e4nguv\u00e4ljak torniga JESPER2"},"content":{"rendered":"","protected":false},"excerpt":{"rendered":"<p>Jesper2 on 1 m\u00e4ngutorniga tugev ja ajatu v\u00e4limusega m\u00e4nguv\u00e4ljak.<\/p>\n<p><strong>TASUTA VEDU \u00fcle Eesti(ka suursaartel)!\u00a0<\/strong><\/p>\n<p>S\u00fcvaimmutatud pruunikast nelikantpuidust<img decoding=\"async\" src=\"http:\/\/pood.palmako.ee\/sites\/default\/files\/styles\/pictogram_thumbnail\/public\/field_pictogram_image\/profiil_-_kandiline.png?itok=j1wzCNL6\" alt=\"\" \/>.\u00a0Kiige jalad 70 x 70 mm, kiige emapuu 90 x 90 mm liimpuidust.<\/p>\n<p>M\u00f5\u00f5dud paigaldatuna 4,7 x 4,3m.\u00a0Vastab EU standardile EN71. Eesti toode. N\u00f5utav turvaala 8 x 7 m.<\/p>\n<p>Lium\u00e4gi 2,3 m ja F-ankrud (tarve 6 tk) ei sisaldu hinnas. Paigaldus 800\u20ac+kohales\u00f5it 0,7\u20ac\/km.<\/p>\n<p>&nbsp;<\/p>\n","protected":false},"featured_media":96462,"template":"","meta":{"_monsterinsights_skip_tracking":false,"_monsterinsights_sitenote_active":false,"_monsterinsights_sitenote_note":"","_monsterinsights_sitenote_category":0},"pwb-brand":[],"product_brand":[],"product_cat":[13538,13558,13528],"product_tag":[13886,14354,14491,14500,14505,13782],"class_list":{"0":"post-63607","1":"product","2":"type-product","3":"status-publish","4":"has-post-thumbnail","6":"product_cat-ale","7":"product_cat-manguvaljakud","8":"product_cat-manguvaljakud-kiiged","9":"product_tag-leikkiteline","10":"product_tag-leikkikeskus","11":"product_tag-ronimisvaljak","12":"product_tag-jesper","13":"product_tag-jesper-2","14":"product_tag-manguvaljak","15":"product_shipping_class-tasuta-transport-kuni-300kg","16":"pa_garantii-2-aastat","17":"pa_kohaletoimetamine-tasuta-ule-eesti-soome-alates-160e-alekeskus","18":"pa_laoasukoht-laane-virumaa-eesti","19":"pa_tellimisaeg-tilausaika-alekeskus","20":"pa_varv-pruun","21":"pa_veame-eesti-ja-soome","23":"first","24":"instock","25":"sale","26":"featured","27":"taxable","28":"shipping-taxable","29":"purchasable","30":"product-type-simple"},"yoast_head":"<!-- This site is optimized with the Yoast SEO plugin v27.3 - https:\/\/yoast.com\/product\/yoast-seo-wordpress\/ -->\n<title>M\u00e4nguv\u00e4ljak torniga JESPER2 - Alekeskus<\/title>\n<meta name=\"description\" content=\"m\u00e4nguv\u00e4ljak Jesper\" \/>\n<meta name=\"robots\" content=\"index, follow, max-snippet:-1, max-image-preview:large, max-video-preview:-1\" \/>\n<link rel=\"canonical\" href=\"https:\/\/alekeskus.eu\/toode\/manguvaljak-jesper2-alekeskus\/\" \/>\n<meta property=\"og:locale\" content=\"et_EE\" \/>\n<meta property=\"og:type\" content=\"article\" \/>\n<meta property=\"og:title\" content=\"M\u00e4nguv\u00e4ljak torniga JESPER2 - Alekeskus\" \/>\n<meta property=\"og:description\" content=\"m\u00e4nguv\u00e4ljak Jesper\" \/>\n<meta property=\"og:url\" content=\"https:\/\/alekeskus.eu\/toode\/manguvaljak-jesper2-alekeskus\/\" \/>\n<meta property=\"og:site_name\" content=\"Alekeskus\" \/>\n<meta property=\"article:modified_time\" content=\"2026-01-15T13:28:48+00:00\" \/>\n<meta property=\"og:image\" content=\"https:\/\/alekeskus.eu\/wp-content\/uploads\/2021\/11\/Jesper_Set2-Tower-w-RoofSwing_Beam.jpg\" \/>\n\t<meta property=\"og:image:width\" content=\"1600\" \/>\n\t<meta property=\"og:image:height\" content=\"1067\" \/>\n\t<meta property=\"og:image:type\" content=\"image\/jpeg\" \/>\n<meta name=\"twitter:card\" content=\"summary_large_image\" \/>\n<meta name=\"twitter:label1\" content=\"Est. reading time\" \/>\n\t<meta name=\"twitter:data1\" content=\"1 minut\" \/>\n<script type=\"application\/ld+json\" class=\"yoast-schema-graph\">{\"@context\":\"https:\\\/\\\/schema.org\",\"@graph\":[{\"@type\":\"WebPage\",\"@id\":\"https:\\\/\\\/alekeskus.eu\\\/toode\\\/manguvaljak-jesper2-alekeskus\\\/\",\"url\":\"https:\\\/\\\/alekeskus.eu\\\/toode\\\/manguvaljak-jesper2-alekeskus\\\/\",\"name\":\"M\u00e4nguv\u00e4ljak torniga JESPER2 - Alekeskus\",\"isPartOf\":{\"@id\":\"https:\\\/\\\/alekeskus.eu\\\/#website\"},\"primaryImageOfPage\":{\"@id\":\"https:\\\/\\\/alekeskus.eu\\\/toode\\\/manguvaljak-jesper2-alekeskus\\\/#primaryimage\"},\"image\":{\"@id\":\"https:\\\/\\\/alekeskus.eu\\\/toode\\\/manguvaljak-jesper2-alekeskus\\\/#primaryimage\"},\"thumbnailUrl\":\"https:\\\/\\\/alekeskus.eu\\\/wp-content\\\/uploads\\\/2021\\\/11\\\/Jesper_Set2-Tower-w-RoofSwing_Beam.jpg\",\"datePublished\":\"2024-11-11T21:46:43+00:00\",\"dateModified\":\"2026-01-15T13:28:48+00:00\",\"description\":\"m\u00e4nguv\u00e4ljak Jesper\",\"breadcrumb\":{\"@id\":\"https:\\\/\\\/alekeskus.eu\\\/toode\\\/manguvaljak-jesper2-alekeskus\\\/#breadcrumb\"},\"inLanguage\":\"et\",\"potentialAction\":[{\"@type\":\"ReadAction\",\"target\":[\"https:\\\/\\\/alekeskus.eu\\\/toode\\\/manguvaljak-jesper2-alekeskus\\\/\"]}]},{\"@type\":\"ImageObject\",\"inLanguage\":\"et\",\"@id\":\"https:\\\/\\\/alekeskus.eu\\\/toode\\\/manguvaljak-jesper2-alekeskus\\\/#primaryimage\",\"url\":\"https:\\\/\\\/alekeskus.eu\\\/wp-content\\\/uploads\\\/2021\\\/11\\\/Jesper_Set2-Tower-w-RoofSwing_Beam.jpg\",\"contentUrl\":\"https:\\\/\\\/alekeskus.eu\\\/wp-content\\\/uploads\\\/2021\\\/11\\\/Jesper_Set2-Tower-w-RoofSwing_Beam.jpg\",\"width\":1600,\"height\":1067},{\"@type\":\"BreadcrumbList\",\"@id\":\"https:\\\/\\\/alekeskus.eu\\\/toode\\\/manguvaljak-jesper2-alekeskus\\\/#breadcrumb\",\"itemListElement\":[{\"@type\":\"ListItem\",\"position\":1,\"name\":\"Avaleht\",\"item\":\"https:\\\/\\\/alekeskus.eu\\\/et\\\/\"},{\"@type\":\"ListItem\",\"position\":2,\"name\":\"Pood\",\"item\":\"https:\\\/\\\/alekeskus.eu\\\/pood\\\/\"},{\"@type\":\"ListItem\",\"position\":3,\"name\":\"M\u00e4nguv\u00e4ljak torniga JESPER2\"}]},{\"@type\":\"WebSite\",\"@id\":\"https:\\\/\\\/alekeskus.eu\\\/#website\",\"url\":\"https:\\\/\\\/alekeskus.eu\\\/\",\"name\":\"Alekeskus\",\"description\":\"Alekeskus.eu\",\"potentialAction\":[{\"@type\":\"SearchAction\",\"target\":{\"@type\":\"EntryPoint\",\"urlTemplate\":\"https:\\\/\\\/alekeskus.eu\\\/?s={search_term_string}\"},\"query-input\":{\"@type\":\"PropertyValueSpecification\",\"valueRequired\":true,\"valueName\":\"search_term_string\"}}],\"inLanguage\":\"et\"}]}<\/script>\n<!-- \/ Yoast SEO plugin. -->","yoast_head_json":{"title":"M\u00e4nguv\u00e4ljak torniga JESPER2 - Alekeskus","description":"m\u00e4nguv\u00e4ljak Jesper","robots":{"index":"index","follow":"follow","max-snippet":"max-snippet:-1","max-image-preview":"max-image-preview:large","max-video-preview":"max-video-preview:-1"},"canonical":"https:\/\/alekeskus.eu\/toode\/manguvaljak-jesper2-alekeskus\/","og_locale":"et_EE","og_type":"article","og_title":"M\u00e4nguv\u00e4ljak torniga JESPER2 - Alekeskus","og_description":"m\u00e4nguv\u00e4ljak Jesper","og_url":"https:\/\/alekeskus.eu\/toode\/manguvaljak-jesper2-alekeskus\/","og_site_name":"Alekeskus","article_modified_time":"2026-01-15T13:28:48+00:00","og_image":[{"width":1600,"height":1067,"url":"https:\/\/alekeskus.eu\/wp-content\/uploads\/2021\/11\/Jesper_Set2-Tower-w-RoofSwing_Beam.jpg","type":"image\/jpeg"}],"twitter_card":"summary_large_image","twitter_misc":{"Est. reading time":"1 minut"},"schema":{"@context":"https:\/\/schema.org","@graph":[{"@type":"WebPage","@id":"https:\/\/alekeskus.eu\/toode\/manguvaljak-jesper2-alekeskus\/","url":"https:\/\/alekeskus.eu\/toode\/manguvaljak-jesper2-alekeskus\/","name":"M\u00e4nguv\u00e4ljak torniga JESPER2 - Alekeskus","isPartOf":{"@id":"https:\/\/alekeskus.eu\/#website"},"primaryImageOfPage":{"@id":"https:\/\/alekeskus.eu\/toode\/manguvaljak-jesper2-alekeskus\/#primaryimage"},"image":{"@id":"https:\/\/alekeskus.eu\/toode\/manguvaljak-jesper2-alekeskus\/#primaryimage"},"thumbnailUrl":"https:\/\/alekeskus.eu\/wp-content\/uploads\/2021\/11\/Jesper_Set2-Tower-w-RoofSwing_Beam.jpg","datePublished":"2024-11-11T21:46:43+00:00","dateModified":"2026-01-15T13:28:48+00:00","description":"m\u00e4nguv\u00e4ljak Jesper","breadcrumb":{"@id":"https:\/\/alekeskus.eu\/toode\/manguvaljak-jesper2-alekeskus\/#breadcrumb"},"inLanguage":"et","potentialAction":[{"@type":"ReadAction","target":["https:\/\/alekeskus.eu\/toode\/manguvaljak-jesper2-alekeskus\/"]}]},{"@type":"ImageObject","inLanguage":"et","@id":"https:\/\/alekeskus.eu\/toode\/manguvaljak-jesper2-alekeskus\/#primaryimage","url":"https:\/\/alekeskus.eu\/wp-content\/uploads\/2021\/11\/Jesper_Set2-Tower-w-RoofSwing_Beam.jpg","contentUrl":"https:\/\/alekeskus.eu\/wp-content\/uploads\/2021\/11\/Jesper_Set2-Tower-w-RoofSwing_Beam.jpg","width":1600,"height":1067},{"@type":"BreadcrumbList","@id":"https:\/\/alekeskus.eu\/toode\/manguvaljak-jesper2-alekeskus\/#breadcrumb","itemListElement":[{"@type":"ListItem","position":1,"name":"Avaleht","item":"https:\/\/alekeskus.eu\/et\/"},{"@type":"ListItem","position":2,"name":"Pood","item":"https:\/\/alekeskus.eu\/pood\/"},{"@type":"ListItem","position":3,"name":"M\u00e4nguv\u00e4ljak torniga JESPER2"}]},{"@type":"WebSite","@id":"https:\/\/alekeskus.eu\/#website","url":"https:\/\/alekeskus.eu\/","name":"Alekeskus","description":"Alekeskus.eu","potentialAction":[{"@type":"SearchAction","target":{"@type":"EntryPoint","urlTemplate":"https:\/\/alekeskus.eu\/?s={search_term_string}"},"query-input":{"@type":"PropertyValueSpecification","valueRequired":true,"valueName":"search_term_string"}}],"inLanguage":"et"}]}},"brands":[],"_links":{"self":[{"href":"https:\/\/alekeskus.eu\/et\/wp-json\/wp\/v2\/product\/63607","targetHints":{"allow":["GET"]}}],"collection":[{"href":"https:\/\/alekeskus.eu\/et\/wp-json\/wp\/v2\/product"}],"about":[{"href":"https:\/\/alekeskus.eu\/et\/wp-json\/wp\/v2\/types\/product"}],"wp:featuredmedia":[{"embeddable":true,"href":"https:\/\/alekeskus.eu\/et\/wp-json\/wp\/v2\/media\/96462"}],"wp:attachment":[{"href":"https:\/\/alekeskus.eu\/et\/wp-json\/wp\/v2\/media?parent=63607"}],"wp:term":[{"taxonomy":"pwb-brand","embeddable":true,"href":"https:\/\/alekeskus.eu\/et\/wp-json\/wp\/v2\/pwb-brand?post=63607"},{"taxonomy":"product_brand","embeddable":true,"href":"https:\/\/alekeskus.eu\/et\/wp-json\/wp\/v2\/product_brand?post=63607"},{"taxonomy":"product_cat","embeddable":true,"href":"https:\/\/alekeskus.eu\/et\/wp-json\/wp\/v2\/product_cat?post=63607"},{"taxonomy":"product_tag","embeddable":true,"href":"https:\/\/alekeskus.eu\/et\/wp-json\/wp\/v2\/product_tag?post=63607"}],"curies":[{"name":"wp","href":"https:\/\/api.w.org\/{rel}","templated":true}]}}