{"id":63617,"date":"2024-11-11T21:46:49","date_gmt":"2024-11-11T21:46:49","guid":{"rendered":"http:\/\/alekeskus.eu\/product\/manguvaljak-jesper3\/"},"modified":"2026-05-04T19:10:37","modified_gmt":"2026-05-04T19:10:37","slug":"manguvaljak-jesper3-alekeskus","status":"publish","type":"product","link":"https:\/\/alekeskus.eu\/et\/toode\/manguvaljak-jesper3-alekeskus\/","title":{"rendered":"M\u00e4nguv\u00e4ljak JESPER3"},"content":{"rendered":"","protected":false},"excerpt":{"rendered":"<p>Jesper3 on m\u00e4ngutorniga tugev ja huvitav m\u00e4nguv\u00e4ljak. V\u00f5rreldes Jesper2-ga on lisaks ronimissein. S\u00fcvaimmutatud pruunikast nelikantpuidust\u00a0<img decoding=\"async\" src=\"http:\/\/pood.palmako.ee\/sites\/default\/files\/styles\/pictogram_thumbnail\/public\/field_pictogram_image\/profiil_-_kandiline.png?itok=j1wzCNL6\" alt=\"\" \/>. Kiige jalad 70 x 70 mm, liimpuidust emapuu 90 x 90 mm. M\u00f5\u00f5dud paigaldatuna 3,6 x 3m.<\/p>\n<p>Vastab EU standardile EN71. Eesti toode. N\u00f5utav turvaala 7,6&#215;7 m.<\/p>\n<p>Lium\u00e4gi 2,9m ja F-ankrud (tarve 6tk) ei sisaldu hinnas.<\/p>\n<p>Paigaldus 900\u20ac+kohales\u00f5it 0,7\u20ac\/km.<\/p>\n<p><strong>TASUTA VEDU \u00fcle Eesti!<\/strong><\/p>\n","protected":false},"featured_media":63609,"template":"","meta":{"_monsterinsights_skip_tracking":false,"_monsterinsights_sitenote_active":false,"_monsterinsights_sitenote_note":"","_monsterinsights_sitenote_category":0},"pwb-brand":[],"product_brand":[],"product_cat":[13558,13528],"product_tag":[14491,14500,14506,17584,13782],"class_list":{"0":"post-63617","1":"product","2":"type-product","3":"status-publish","4":"has-post-thumbnail","6":"product_cat-manguvaljakud","7":"product_cat-manguvaljakud-kiiged","8":"product_tag-ronimisvaljak","9":"product_tag-jesper","10":"product_tag-mangukeskus","11":"product_tag-torniga-manguvaljak","12":"product_tag-manguvaljak","13":"product_shipping_class-tasuta-transport-kuni-1000kg","14":"pa_garantii-2-aastat","15":"pa_kohaletoimetamine-tasuta-ule-eesti-soome-alates-160e-alekeskus","16":"pa_laoasukoht-laane-virumaa-eesti","17":"pa_tellimisaeg-tilausaika-alekeskus","18":"pa_varv-pruun","19":"pa_veame-eesti-ja-soome","21":"first","22":"instock","23":"taxable","24":"shipping-taxable","25":"purchasable","26":"product-type-simple"},"yoast_head":"<!-- This site is optimized with the Yoast SEO plugin v27.5 - https:\/\/yoast.com\/product\/yoast-seo-wordpress\/ -->\n<title>M\u00e4nguv\u00e4ljak JESPER3 - Alekeskus<\/title>\n<meta name=\"description\" content=\"m\u00e4nguv\u00e4ljak Jesper\" \/>\n<meta name=\"robots\" content=\"index, follow, max-snippet:-1, max-image-preview:large, max-video-preview:-1\" \/>\n<link rel=\"canonical\" href=\"https:\/\/alekeskus.eu\/et\/toode\/manguvaljak-jesper3-alekeskus\/\" \/>\n<meta property=\"og:locale\" content=\"et_EE\" \/>\n<meta property=\"og:type\" content=\"article\" \/>\n<meta property=\"og:title\" content=\"M\u00e4nguv\u00e4ljak JESPER3 - Alekeskus\" \/>\n<meta property=\"og:description\" content=\"m\u00e4nguv\u00e4ljak Jesper\" \/>\n<meta property=\"og:url\" content=\"https:\/\/alekeskus.eu\/et\/toode\/manguvaljak-jesper3-alekeskus\/\" \/>\n<meta property=\"og:site_name\" content=\"Alekeskus\" \/>\n<meta property=\"article:modified_time\" content=\"2026-05-04T19:10:37+00:00\" \/>\n<meta property=\"og:image\" content=\"https:\/\/alekeskus.eu\/wp-content\/uploads\/2021\/11\/1167m-nguv-ljak-jesper3-0-scaled.jpg\" \/>\n\t<meta property=\"og:image:width\" content=\"1600\" \/>\n\t<meta property=\"og:image:height\" content=\"1163\" \/>\n\t<meta property=\"og:image:type\" content=\"image\/jpeg\" \/>\n<meta name=\"twitter:card\" content=\"summary_large_image\" \/>\n<meta name=\"twitter:label1\" content=\"Est. reading time\" \/>\n\t<meta name=\"twitter:data1\" content=\"1 minut\" \/>\n<script type=\"application\/ld+json\" class=\"yoast-schema-graph\">{\"@context\":\"https:\\\/\\\/schema.org\",\"@graph\":[{\"@type\":\"WebPage\",\"@id\":\"https:\\\/\\\/alekeskus.eu\\\/et\\\/toode\\\/manguvaljak-jesper3-alekeskus\\\/\",\"url\":\"https:\\\/\\\/alekeskus.eu\\\/et\\\/toode\\\/manguvaljak-jesper3-alekeskus\\\/\",\"name\":\"M\u00e4nguv\u00e4ljak JESPER3 - Alekeskus\",\"isPartOf\":{\"@id\":\"https:\\\/\\\/alekeskus.eu\\\/#website\"},\"primaryImageOfPage\":{\"@id\":\"https:\\\/\\\/alekeskus.eu\\\/et\\\/toode\\\/manguvaljak-jesper3-alekeskus\\\/#primaryimage\"},\"image\":{\"@id\":\"https:\\\/\\\/alekeskus.eu\\\/et\\\/toode\\\/manguvaljak-jesper3-alekeskus\\\/#primaryimage\"},\"thumbnailUrl\":\"https:\\\/\\\/alekeskus.eu\\\/wp-content\\\/uploads\\\/2021\\\/11\\\/1167m-nguv-ljak-jesper3-0-scaled.jpg\",\"datePublished\":\"2024-11-11T21:46:49+00:00\",\"dateModified\":\"2026-05-04T19:10:37+00:00\",\"description\":\"m\u00e4nguv\u00e4ljak Jesper\",\"breadcrumb\":{\"@id\":\"https:\\\/\\\/alekeskus.eu\\\/et\\\/toode\\\/manguvaljak-jesper3-alekeskus\\\/#breadcrumb\"},\"inLanguage\":\"et\",\"potentialAction\":[{\"@type\":\"ReadAction\",\"target\":[\"https:\\\/\\\/alekeskus.eu\\\/et\\\/toode\\\/manguvaljak-jesper3-alekeskus\\\/\"]}]},{\"@type\":\"ImageObject\",\"inLanguage\":\"et\",\"@id\":\"https:\\\/\\\/alekeskus.eu\\\/et\\\/toode\\\/manguvaljak-jesper3-alekeskus\\\/#primaryimage\",\"url\":\"https:\\\/\\\/alekeskus.eu\\\/wp-content\\\/uploads\\\/2021\\\/11\\\/1167m-nguv-ljak-jesper3-0-scaled.jpg\",\"contentUrl\":\"https:\\\/\\\/alekeskus.eu\\\/wp-content\\\/uploads\\\/2021\\\/11\\\/1167m-nguv-ljak-jesper3-0-scaled.jpg\",\"width\":1600,\"height\":1163},{\"@type\":\"BreadcrumbList\",\"@id\":\"https:\\\/\\\/alekeskus.eu\\\/et\\\/toode\\\/manguvaljak-jesper3-alekeskus\\\/#breadcrumb\",\"itemListElement\":[{\"@type\":\"ListItem\",\"position\":1,\"name\":\"Avaleht\",\"item\":\"https:\\\/\\\/alekeskus.eu\\\/et\\\/\"},{\"@type\":\"ListItem\",\"position\":2,\"name\":\"Pood\",\"item\":\"https:\\\/\\\/alekeskus.eu\\\/pood\\\/\"},{\"@type\":\"ListItem\",\"position\":3,\"name\":\"M\u00e4nguv\u00e4ljak JESPER3\"}]},{\"@type\":\"WebSite\",\"@id\":\"https:\\\/\\\/alekeskus.eu\\\/#website\",\"url\":\"https:\\\/\\\/alekeskus.eu\\\/\",\"name\":\"Alekeskus\",\"description\":\"Alekeskus.eu\",\"potentialAction\":[{\"@type\":\"SearchAction\",\"target\":{\"@type\":\"EntryPoint\",\"urlTemplate\":\"https:\\\/\\\/alekeskus.eu\\\/?s={search_term_string}\"},\"query-input\":{\"@type\":\"PropertyValueSpecification\",\"valueRequired\":true,\"valueName\":\"search_term_string\"}}],\"inLanguage\":\"et\"}]}<\/script>\n<!-- \/ Yoast SEO plugin. -->","yoast_head_json":{"title":"M\u00e4nguv\u00e4ljak JESPER3 - Alekeskus","description":"m\u00e4nguv\u00e4ljak Jesper","robots":{"index":"index","follow":"follow","max-snippet":"max-snippet:-1","max-image-preview":"max-image-preview:large","max-video-preview":"max-video-preview:-1"},"canonical":"https:\/\/alekeskus.eu\/et\/toode\/manguvaljak-jesper3-alekeskus\/","og_locale":"et_EE","og_type":"article","og_title":"M\u00e4nguv\u00e4ljak JESPER3 - Alekeskus","og_description":"m\u00e4nguv\u00e4ljak Jesper","og_url":"https:\/\/alekeskus.eu\/et\/toode\/manguvaljak-jesper3-alekeskus\/","og_site_name":"Alekeskus","article_modified_time":"2026-05-04T19:10:37+00:00","og_image":[{"width":1600,"height":1163,"url":"https:\/\/alekeskus.eu\/wp-content\/uploads\/2021\/11\/1167m-nguv-ljak-jesper3-0-scaled.jpg","type":"image\/jpeg"}],"twitter_card":"summary_large_image","twitter_misc":{"Est. reading time":"1 minut"},"schema":{"@context":"https:\/\/schema.org","@graph":[{"@type":"WebPage","@id":"https:\/\/alekeskus.eu\/et\/toode\/manguvaljak-jesper3-alekeskus\/","url":"https:\/\/alekeskus.eu\/et\/toode\/manguvaljak-jesper3-alekeskus\/","name":"M\u00e4nguv\u00e4ljak JESPER3 - Alekeskus","isPartOf":{"@id":"https:\/\/alekeskus.eu\/#website"},"primaryImageOfPage":{"@id":"https:\/\/alekeskus.eu\/et\/toode\/manguvaljak-jesper3-alekeskus\/#primaryimage"},"image":{"@id":"https:\/\/alekeskus.eu\/et\/toode\/manguvaljak-jesper3-alekeskus\/#primaryimage"},"thumbnailUrl":"https:\/\/alekeskus.eu\/wp-content\/uploads\/2021\/11\/1167m-nguv-ljak-jesper3-0-scaled.jpg","datePublished":"2024-11-11T21:46:49+00:00","dateModified":"2026-05-04T19:10:37+00:00","description":"m\u00e4nguv\u00e4ljak Jesper","breadcrumb":{"@id":"https:\/\/alekeskus.eu\/et\/toode\/manguvaljak-jesper3-alekeskus\/#breadcrumb"},"inLanguage":"et","potentialAction":[{"@type":"ReadAction","target":["https:\/\/alekeskus.eu\/et\/toode\/manguvaljak-jesper3-alekeskus\/"]}]},{"@type":"ImageObject","inLanguage":"et","@id":"https:\/\/alekeskus.eu\/et\/toode\/manguvaljak-jesper3-alekeskus\/#primaryimage","url":"https:\/\/alekeskus.eu\/wp-content\/uploads\/2021\/11\/1167m-nguv-ljak-jesper3-0-scaled.jpg","contentUrl":"https:\/\/alekeskus.eu\/wp-content\/uploads\/2021\/11\/1167m-nguv-ljak-jesper3-0-scaled.jpg","width":1600,"height":1163},{"@type":"BreadcrumbList","@id":"https:\/\/alekeskus.eu\/et\/toode\/manguvaljak-jesper3-alekeskus\/#breadcrumb","itemListElement":[{"@type":"ListItem","position":1,"name":"Avaleht","item":"https:\/\/alekeskus.eu\/et\/"},{"@type":"ListItem","position":2,"name":"Pood","item":"https:\/\/alekeskus.eu\/pood\/"},{"@type":"ListItem","position":3,"name":"M\u00e4nguv\u00e4ljak JESPER3"}]},{"@type":"WebSite","@id":"https:\/\/alekeskus.eu\/#website","url":"https:\/\/alekeskus.eu\/","name":"Alekeskus","description":"Alekeskus.eu","potentialAction":[{"@type":"SearchAction","target":{"@type":"EntryPoint","urlTemplate":"https:\/\/alekeskus.eu\/?s={search_term_string}"},"query-input":{"@type":"PropertyValueSpecification","valueRequired":true,"valueName":"search_term_string"}}],"inLanguage":"et"}]}},"brands":[],"_links":{"self":[{"href":"https:\/\/alekeskus.eu\/et\/wp-json\/wp\/v2\/product\/63617","targetHints":{"allow":["GET"]}}],"collection":[{"href":"https:\/\/alekeskus.eu\/et\/wp-json\/wp\/v2\/product"}],"about":[{"href":"https:\/\/alekeskus.eu\/et\/wp-json\/wp\/v2\/types\/product"}],"wp:featuredmedia":[{"embeddable":true,"href":"https:\/\/alekeskus.eu\/et\/wp-json\/wp\/v2\/media\/63609"}],"wp:attachment":[{"href":"https:\/\/alekeskus.eu\/et\/wp-json\/wp\/v2\/media?parent=63617"}],"wp:term":[{"taxonomy":"pwb-brand","embeddable":true,"href":"https:\/\/alekeskus.eu\/et\/wp-json\/wp\/v2\/pwb-brand?post=63617"},{"taxonomy":"product_brand","embeddable":true,"href":"https:\/\/alekeskus.eu\/et\/wp-json\/wp\/v2\/product_brand?post=63617"},{"taxonomy":"product_cat","embeddable":true,"href":"https:\/\/alekeskus.eu\/et\/wp-json\/wp\/v2\/product_cat?post=63617"},{"taxonomy":"product_tag","embeddable":true,"href":"https:\/\/alekeskus.eu\/et\/wp-json\/wp\/v2\/product_tag?post=63617"}],"curies":[{"name":"wp","href":"https:\/\/api.w.org\/{rel}","templated":true}]}}