{"id":63681,"date":"2022-11-11T21:47:09","date_gmt":"2022-11-11T21:47:09","guid":{"rendered":"http:\/\/alekeskus.eu\/product\/liivakast-kaane-ja-pinkidega-suvaimmutatud-14x14m\/"},"modified":"2026-01-06T18:43:50","modified_gmt":"2026-01-06T18:43:50","slug":"liivakast-kaane-ja-pinkidega-suvaimmutatud-14x14m-alekeskus","status":"publish","type":"product","link":"https:\/\/alekeskus.eu\/et\/toode\/liivakast-kaane-ja-pinkidega-suvaimmutatud-14x14m-alekeskus\/","title":{"rendered":"Liivakast kaane ja pinkidega s\u00fcvaimmutatud 1,4 x 1,4 m"},"content":{"rendered":"","protected":false},"excerpt":{"rendered":"<p>M\u00f5\u00f5dud 137 x 137 x 21 cm.<\/p>\n<p>Nutika ehitusega kaane saab voltida lastele istmeteks. Eesti toode.<\/p>\n<p>Valmistatud s\u00fcvaimmutusega kuuselaudadest paksusega 19 mm. Kaasas puitosa, kinnitusvahendid ja paigaldusjuhend.<\/p>\n<p>Vajadusel paigaldus 100 \u20ac + s\u00f5it 0,7 \u20ac\/km.<\/p>\n","protected":false},"featured_media":96060,"template":"","meta":{"_monsterinsights_skip_tracking":false,"_monsterinsights_sitenote_active":false,"_monsterinsights_sitenote_note":"","_monsterinsights_sitenote_category":0},"pwb-brand":[],"product_brand":[],"product_cat":[13560,13528],"product_tag":[13888,14323,14351,14470,14511,14512,13782,13882],"class_list":{"0":"post-63681","1":"product","2":"type-product","3":"status-publish","4":"has-post-thumbnail","6":"product_cat-liivakastid","7":"product_cat-manguvaljakud-kiiged","8":"product_tag-hiekkalaatikko","9":"product_tag-suvaimmutatud","10":"product_tag-imprest","11":"product_tag-liivakast","12":"product_tag-sandy","13":"product_tag-sandpit","14":"product_tag-manguvaljak","15":"product_tag-laste","16":"product_shipping_class-pakiautomaat","17":"pa_garantii-2-aastat","18":"pa_kaalkg-14513","19":"pa_kohaletoimetamine-kulleriga-12e","20":"pa_laoasukoht-laane-virumaa-eesti","21":"pa_pakendimoodud-15x03x04m","22":"pa_tellimisaeg-2-10-toopaeva","23":"pa_varv-roheline","24":"pa_veame-eesti-ja-soome","26":"first","27":"instock","28":"taxable","29":"shipping-taxable","30":"purchasable","31":"product-type-simple"},"yoast_head":"<!-- This site is optimized with the Yoast SEO plugin v27.3 - https:\/\/yoast.com\/product\/yoast-seo-wordpress\/ -->\n<title>Liivakast kaane ja pinkidega s\u00fcvaimmutatud 1,4 x 1,4 m - Alekeskus<\/title>\n<meta name=\"description\" content=\"liivakast kaanega ja pinkidega\" \/>\n<meta name=\"robots\" content=\"index, follow, max-snippet:-1, max-image-preview:large, max-video-preview:-1\" \/>\n<link rel=\"canonical\" href=\"https:\/\/alekeskus.eu\/toode\/liivakast-kaane-ja-pinkidega-suvaimmutatud-14x14m-alekeskus\/\" \/>\n<meta property=\"og:locale\" content=\"et_EE\" \/>\n<meta property=\"og:type\" content=\"article\" \/>\n<meta property=\"og:title\" content=\"Liivakast kaane ja pinkidega s\u00fcvaimmutatud 1,4 x 1,4 m - Alekeskus\" \/>\n<meta property=\"og:description\" content=\"liivakast kaanega ja pinkidega\" \/>\n<meta property=\"og:url\" content=\"https:\/\/alekeskus.eu\/toode\/liivakast-kaane-ja-pinkidega-suvaimmutatud-14x14m-alekeskus\/\" \/>\n<meta property=\"og:site_name\" content=\"Alekeskus\" \/>\n<meta property=\"article:modified_time\" content=\"2026-01-06T18:43:50+00:00\" \/>\n<meta property=\"og:image\" content=\"https:\/\/alekeskus.eu\/wp-content\/uploads\/2022\/11\/liivakast-sandy14-poolkinni.jpg\" \/>\n\t<meta property=\"og:image:width\" content=\"900\" \/>\n\t<meta property=\"og:image:height\" content=\"675\" \/>\n\t<meta property=\"og:image:type\" content=\"image\/jpeg\" \/>\n<meta name=\"twitter:card\" content=\"summary_large_image\" \/>\n<meta name=\"twitter:label1\" content=\"Est. reading time\" \/>\n\t<meta name=\"twitter:data1\" content=\"1 minut\" \/>\n<script type=\"application\/ld+json\" class=\"yoast-schema-graph\">{\"@context\":\"https:\\\/\\\/schema.org\",\"@graph\":[{\"@type\":\"WebPage\",\"@id\":\"https:\\\/\\\/alekeskus.eu\\\/toode\\\/liivakast-kaane-ja-pinkidega-suvaimmutatud-14x14m-alekeskus\\\/\",\"url\":\"https:\\\/\\\/alekeskus.eu\\\/toode\\\/liivakast-kaane-ja-pinkidega-suvaimmutatud-14x14m-alekeskus\\\/\",\"name\":\"Liivakast kaane ja pinkidega s\u00fcvaimmutatud 1,4 x 1,4 m - Alekeskus\",\"isPartOf\":{\"@id\":\"https:\\\/\\\/alekeskus.eu\\\/#website\"},\"primaryImageOfPage\":{\"@id\":\"https:\\\/\\\/alekeskus.eu\\\/toode\\\/liivakast-kaane-ja-pinkidega-suvaimmutatud-14x14m-alekeskus\\\/#primaryimage\"},\"image\":{\"@id\":\"https:\\\/\\\/alekeskus.eu\\\/toode\\\/liivakast-kaane-ja-pinkidega-suvaimmutatud-14x14m-alekeskus\\\/#primaryimage\"},\"thumbnailUrl\":\"https:\\\/\\\/alekeskus.eu\\\/wp-content\\\/uploads\\\/2022\\\/11\\\/liivakast-sandy14-poolkinni.jpg\",\"datePublished\":\"2022-11-11T21:47:09+00:00\",\"dateModified\":\"2026-01-06T18:43:50+00:00\",\"description\":\"liivakast kaanega ja pinkidega\",\"breadcrumb\":{\"@id\":\"https:\\\/\\\/alekeskus.eu\\\/toode\\\/liivakast-kaane-ja-pinkidega-suvaimmutatud-14x14m-alekeskus\\\/#breadcrumb\"},\"inLanguage\":\"et\",\"potentialAction\":[{\"@type\":\"ReadAction\",\"target\":[\"https:\\\/\\\/alekeskus.eu\\\/toode\\\/liivakast-kaane-ja-pinkidega-suvaimmutatud-14x14m-alekeskus\\\/\"]}]},{\"@type\":\"ImageObject\",\"inLanguage\":\"et\",\"@id\":\"https:\\\/\\\/alekeskus.eu\\\/toode\\\/liivakast-kaane-ja-pinkidega-suvaimmutatud-14x14m-alekeskus\\\/#primaryimage\",\"url\":\"https:\\\/\\\/alekeskus.eu\\\/wp-content\\\/uploads\\\/2022\\\/11\\\/liivakast-sandy14-poolkinni.jpg\",\"contentUrl\":\"https:\\\/\\\/alekeskus.eu\\\/wp-content\\\/uploads\\\/2022\\\/11\\\/liivakast-sandy14-poolkinni.jpg\",\"width\":900,\"height\":675},{\"@type\":\"BreadcrumbList\",\"@id\":\"https:\\\/\\\/alekeskus.eu\\\/toode\\\/liivakast-kaane-ja-pinkidega-suvaimmutatud-14x14m-alekeskus\\\/#breadcrumb\",\"itemListElement\":[{\"@type\":\"ListItem\",\"position\":1,\"name\":\"Avaleht\",\"item\":\"https:\\\/\\\/alekeskus.eu\\\/et\\\/\"},{\"@type\":\"ListItem\",\"position\":2,\"name\":\"Pood\",\"item\":\"https:\\\/\\\/alekeskus.eu\\\/pood\\\/\"},{\"@type\":\"ListItem\",\"position\":3,\"name\":\"Liivakast kaane ja pinkidega s\u00fcvaimmutatud 1,4 x 1,4 m\"}]},{\"@type\":\"WebSite\",\"@id\":\"https:\\\/\\\/alekeskus.eu\\\/#website\",\"url\":\"https:\\\/\\\/alekeskus.eu\\\/\",\"name\":\"Alekeskus\",\"description\":\"Alekeskus.eu\",\"potentialAction\":[{\"@type\":\"SearchAction\",\"target\":{\"@type\":\"EntryPoint\",\"urlTemplate\":\"https:\\\/\\\/alekeskus.eu\\\/?s={search_term_string}\"},\"query-input\":{\"@type\":\"PropertyValueSpecification\",\"valueRequired\":true,\"valueName\":\"search_term_string\"}}],\"inLanguage\":\"et\"}]}<\/script>\n<!-- \/ Yoast SEO plugin. -->","yoast_head_json":{"title":"Liivakast kaane ja pinkidega s\u00fcvaimmutatud 1,4 x 1,4 m - Alekeskus","description":"liivakast kaanega ja pinkidega","robots":{"index":"index","follow":"follow","max-snippet":"max-snippet:-1","max-image-preview":"max-image-preview:large","max-video-preview":"max-video-preview:-1"},"canonical":"https:\/\/alekeskus.eu\/toode\/liivakast-kaane-ja-pinkidega-suvaimmutatud-14x14m-alekeskus\/","og_locale":"et_EE","og_type":"article","og_title":"Liivakast kaane ja pinkidega s\u00fcvaimmutatud 1,4 x 1,4 m - Alekeskus","og_description":"liivakast kaanega ja pinkidega","og_url":"https:\/\/alekeskus.eu\/toode\/liivakast-kaane-ja-pinkidega-suvaimmutatud-14x14m-alekeskus\/","og_site_name":"Alekeskus","article_modified_time":"2026-01-06T18:43:50+00:00","og_image":[{"width":900,"height":675,"url":"https:\/\/alekeskus.eu\/wp-content\/uploads\/2022\/11\/liivakast-sandy14-poolkinni.jpg","type":"image\/jpeg"}],"twitter_card":"summary_large_image","twitter_misc":{"Est. reading time":"1 minut"},"schema":{"@context":"https:\/\/schema.org","@graph":[{"@type":"WebPage","@id":"https:\/\/alekeskus.eu\/toode\/liivakast-kaane-ja-pinkidega-suvaimmutatud-14x14m-alekeskus\/","url":"https:\/\/alekeskus.eu\/toode\/liivakast-kaane-ja-pinkidega-suvaimmutatud-14x14m-alekeskus\/","name":"Liivakast kaane ja pinkidega s\u00fcvaimmutatud 1,4 x 1,4 m - Alekeskus","isPartOf":{"@id":"https:\/\/alekeskus.eu\/#website"},"primaryImageOfPage":{"@id":"https:\/\/alekeskus.eu\/toode\/liivakast-kaane-ja-pinkidega-suvaimmutatud-14x14m-alekeskus\/#primaryimage"},"image":{"@id":"https:\/\/alekeskus.eu\/toode\/liivakast-kaane-ja-pinkidega-suvaimmutatud-14x14m-alekeskus\/#primaryimage"},"thumbnailUrl":"https:\/\/alekeskus.eu\/wp-content\/uploads\/2022\/11\/liivakast-sandy14-poolkinni.jpg","datePublished":"2022-11-11T21:47:09+00:00","dateModified":"2026-01-06T18:43:50+00:00","description":"liivakast kaanega ja pinkidega","breadcrumb":{"@id":"https:\/\/alekeskus.eu\/toode\/liivakast-kaane-ja-pinkidega-suvaimmutatud-14x14m-alekeskus\/#breadcrumb"},"inLanguage":"et","potentialAction":[{"@type":"ReadAction","target":["https:\/\/alekeskus.eu\/toode\/liivakast-kaane-ja-pinkidega-suvaimmutatud-14x14m-alekeskus\/"]}]},{"@type":"ImageObject","inLanguage":"et","@id":"https:\/\/alekeskus.eu\/toode\/liivakast-kaane-ja-pinkidega-suvaimmutatud-14x14m-alekeskus\/#primaryimage","url":"https:\/\/alekeskus.eu\/wp-content\/uploads\/2022\/11\/liivakast-sandy14-poolkinni.jpg","contentUrl":"https:\/\/alekeskus.eu\/wp-content\/uploads\/2022\/11\/liivakast-sandy14-poolkinni.jpg","width":900,"height":675},{"@type":"BreadcrumbList","@id":"https:\/\/alekeskus.eu\/toode\/liivakast-kaane-ja-pinkidega-suvaimmutatud-14x14m-alekeskus\/#breadcrumb","itemListElement":[{"@type":"ListItem","position":1,"name":"Avaleht","item":"https:\/\/alekeskus.eu\/et\/"},{"@type":"ListItem","position":2,"name":"Pood","item":"https:\/\/alekeskus.eu\/pood\/"},{"@type":"ListItem","position":3,"name":"Liivakast kaane ja pinkidega s\u00fcvaimmutatud 1,4 x 1,4 m"}]},{"@type":"WebSite","@id":"https:\/\/alekeskus.eu\/#website","url":"https:\/\/alekeskus.eu\/","name":"Alekeskus","description":"Alekeskus.eu","potentialAction":[{"@type":"SearchAction","target":{"@type":"EntryPoint","urlTemplate":"https:\/\/alekeskus.eu\/?s={search_term_string}"},"query-input":{"@type":"PropertyValueSpecification","valueRequired":true,"valueName":"search_term_string"}}],"inLanguage":"et"}]}},"brands":[],"_links":{"self":[{"href":"https:\/\/alekeskus.eu\/et\/wp-json\/wp\/v2\/product\/63681","targetHints":{"allow":["GET"]}}],"collection":[{"href":"https:\/\/alekeskus.eu\/et\/wp-json\/wp\/v2\/product"}],"about":[{"href":"https:\/\/alekeskus.eu\/et\/wp-json\/wp\/v2\/types\/product"}],"wp:featuredmedia":[{"embeddable":true,"href":"https:\/\/alekeskus.eu\/et\/wp-json\/wp\/v2\/media\/96060"}],"wp:attachment":[{"href":"https:\/\/alekeskus.eu\/et\/wp-json\/wp\/v2\/media?parent=63681"}],"wp:term":[{"taxonomy":"pwb-brand","embeddable":true,"href":"https:\/\/alekeskus.eu\/et\/wp-json\/wp\/v2\/pwb-brand?post=63681"},{"taxonomy":"product_brand","embeddable":true,"href":"https:\/\/alekeskus.eu\/et\/wp-json\/wp\/v2\/product_brand?post=63681"},{"taxonomy":"product_cat","embeddable":true,"href":"https:\/\/alekeskus.eu\/et\/wp-json\/wp\/v2\/product_cat?post=63681"},{"taxonomy":"product_tag","embeddable":true,"href":"https:\/\/alekeskus.eu\/et\/wp-json\/wp\/v2\/product_tag?post=63681"}],"curies":[{"name":"wp","href":"https:\/\/api.w.org\/{rel}","templated":true}]}}