{"id":63772,"date":"2022-11-11T21:54:51","date_gmt":"2022-11-11T21:54:51","guid":{"rendered":"http:\/\/alekeskus.eu\/product\/liivakast-kaane-ja-pinkidega-suvaimmutatud-16x16m\/"},"modified":"2026-01-06T18:35:52","modified_gmt":"2026-01-06T18:35:52","slug":"liivakast-kaane-ja-pinkidega-suvaimmutatud-16x16m","status":"publish","type":"product","link":"https:\/\/alekeskus.eu\/et\/toode\/liivakast-kaane-ja-pinkidega-suvaimmutatud-16x16m\/","title":{"rendered":"Liivakast kaane ja pinkidega s\u00fcvaimmutatud 1,6 x 1,6 m"},"content":{"rendered":"","protected":false},"excerpt":{"rendered":"<p>M\u00f5\u00f5dud: 157 x 157 x 21 cm.<\/p>\n<p>Nutika ehitusega kaane saab voltida lastele istmeteks. Eesti toode.<\/p>\n<p>Valmistatud s\u00fcvaimmutatud kuuselaudadest paksusega 19 mm. Kaasas puitosa, kinnitusvahendid ja koostejuhend.<\/p>\n<p>Vajadusel paigaldus 100 \u20ac + s\u00f5it 0,7 \u20ac\/ km.<\/p>\n","protected":false},"featured_media":96046,"template":"","meta":{"_monsterinsights_skip_tracking":false,"_monsterinsights_sitenote_active":false,"_monsterinsights_sitenote_note":"","_monsterinsights_sitenote_category":0},"pwb-brand":[],"product_brand":[],"product_cat":[13560,13528],"product_tag":[14323,14351,14470,14511,14512,13782,13882,13888,14000],"class_list":{"0":"post-63772","1":"product","2":"type-product","3":"status-publish","4":"has-post-thumbnail","6":"product_cat-liivakastid","7":"product_cat-manguvaljakud-kiiged","8":"product_tag-suvaimmutatud","9":"product_tag-imprest","10":"product_tag-liivakast","11":"product_tag-sandy","12":"product_tag-sandpit","13":"product_tag-manguvaljak","14":"product_tag-laste","15":"product_tag-hiekkalaatikko","16":"product_tag-palmako","17":"product_shipping_class-pakiautomaat","18":"pa_garantii-2-aastat","19":"pa_kaalkg-14021","20":"pa_kohaletoimetamine-kulleriga-12e","21":"pa_laoasukoht-laane-virumaa-eesti","22":"pa_pakendimoodud-16x03x04m","23":"pa_tellimisaeg-tilausaika-alekeskus","24":"pa_varv-roheline","25":"pa_veame-eesti-ja-soome","27":"first","28":"instock","29":"taxable","30":"shipping-taxable","31":"purchasable","32":"product-type-simple"},"yoast_head":"<!-- This site is optimized with the Yoast SEO plugin v27.3 - https:\/\/yoast.com\/product\/yoast-seo-wordpress\/ -->\n<title>Liivakast kaane ja pinkidega s\u00fcvaimmutatud 1,6 x 1,6 m - Alekeskus<\/title>\n<meta name=\"description\" content=\"kaanega ja pinkidega liivakast\" \/>\n<meta name=\"robots\" content=\"index, follow, max-snippet:-1, max-image-preview:large, max-video-preview:-1\" \/>\n<link rel=\"canonical\" href=\"https:\/\/alekeskus.eu\/toode\/liivakast-kaane-ja-pinkidega-suvaimmutatud-16x16m\/\" \/>\n<meta property=\"og:locale\" content=\"et_EE\" \/>\n<meta property=\"og:type\" content=\"article\" \/>\n<meta property=\"og:title\" content=\"Liivakast kaane ja pinkidega s\u00fcvaimmutatud 1,6 x 1,6 m - Alekeskus\" \/>\n<meta property=\"og:description\" content=\"kaanega ja pinkidega liivakast\" \/>\n<meta property=\"og:url\" content=\"https:\/\/alekeskus.eu\/toode\/liivakast-kaane-ja-pinkidega-suvaimmutatud-16x16m\/\" \/>\n<meta property=\"og:site_name\" content=\"Alekeskus\" \/>\n<meta property=\"article:modified_time\" content=\"2026-01-06T18:35:52+00:00\" \/>\n<meta property=\"og:image\" content=\"https:\/\/alekeskus.eu\/wp-content\/uploads\/2022\/11\/Liivakast-kaanega-Sandy.jpg\" \/>\n\t<meta property=\"og:image:width\" content=\"1024\" \/>\n\t<meta property=\"og:image:height\" content=\"459\" \/>\n\t<meta property=\"og:image:type\" content=\"image\/jpeg\" \/>\n<meta name=\"twitter:card\" content=\"summary_large_image\" \/>\n<meta name=\"twitter:label1\" content=\"Est. reading time\" \/>\n\t<meta name=\"twitter:data1\" content=\"1 minut\" \/>\n<script type=\"application\/ld+json\" class=\"yoast-schema-graph\">{\"@context\":\"https:\\\/\\\/schema.org\",\"@graph\":[{\"@type\":\"WebPage\",\"@id\":\"https:\\\/\\\/alekeskus.eu\\\/toode\\\/liivakast-kaane-ja-pinkidega-suvaimmutatud-16x16m\\\/\",\"url\":\"https:\\\/\\\/alekeskus.eu\\\/toode\\\/liivakast-kaane-ja-pinkidega-suvaimmutatud-16x16m\\\/\",\"name\":\"Liivakast kaane ja pinkidega s\u00fcvaimmutatud 1,6 x 1,6 m - Alekeskus\",\"isPartOf\":{\"@id\":\"https:\\\/\\\/alekeskus.eu\\\/#website\"},\"primaryImageOfPage\":{\"@id\":\"https:\\\/\\\/alekeskus.eu\\\/toode\\\/liivakast-kaane-ja-pinkidega-suvaimmutatud-16x16m\\\/#primaryimage\"},\"image\":{\"@id\":\"https:\\\/\\\/alekeskus.eu\\\/toode\\\/liivakast-kaane-ja-pinkidega-suvaimmutatud-16x16m\\\/#primaryimage\"},\"thumbnailUrl\":\"https:\\\/\\\/alekeskus.eu\\\/wp-content\\\/uploads\\\/2022\\\/11\\\/Liivakast-kaanega-Sandy.jpg\",\"datePublished\":\"2022-11-11T21:54:51+00:00\",\"dateModified\":\"2026-01-06T18:35:52+00:00\",\"description\":\"kaanega ja pinkidega liivakast\",\"breadcrumb\":{\"@id\":\"https:\\\/\\\/alekeskus.eu\\\/toode\\\/liivakast-kaane-ja-pinkidega-suvaimmutatud-16x16m\\\/#breadcrumb\"},\"inLanguage\":\"et\",\"potentialAction\":[{\"@type\":\"ReadAction\",\"target\":[\"https:\\\/\\\/alekeskus.eu\\\/toode\\\/liivakast-kaane-ja-pinkidega-suvaimmutatud-16x16m\\\/\"]}]},{\"@type\":\"ImageObject\",\"inLanguage\":\"et\",\"@id\":\"https:\\\/\\\/alekeskus.eu\\\/toode\\\/liivakast-kaane-ja-pinkidega-suvaimmutatud-16x16m\\\/#primaryimage\",\"url\":\"https:\\\/\\\/alekeskus.eu\\\/wp-content\\\/uploads\\\/2022\\\/11\\\/Liivakast-kaanega-Sandy.jpg\",\"contentUrl\":\"https:\\\/\\\/alekeskus.eu\\\/wp-content\\\/uploads\\\/2022\\\/11\\\/Liivakast-kaanega-Sandy.jpg\",\"width\":1024,\"height\":459},{\"@type\":\"BreadcrumbList\",\"@id\":\"https:\\\/\\\/alekeskus.eu\\\/toode\\\/liivakast-kaane-ja-pinkidega-suvaimmutatud-16x16m\\\/#breadcrumb\",\"itemListElement\":[{\"@type\":\"ListItem\",\"position\":1,\"name\":\"Avaleht\",\"item\":\"https:\\\/\\\/alekeskus.eu\\\/et\\\/\"},{\"@type\":\"ListItem\",\"position\":2,\"name\":\"Pood\",\"item\":\"https:\\\/\\\/alekeskus.eu\\\/pood\\\/\"},{\"@type\":\"ListItem\",\"position\":3,\"name\":\"Liivakast kaane ja pinkidega s\u00fcvaimmutatud 1,6 x 1,6 m\"}]},{\"@type\":\"WebSite\",\"@id\":\"https:\\\/\\\/alekeskus.eu\\\/#website\",\"url\":\"https:\\\/\\\/alekeskus.eu\\\/\",\"name\":\"Alekeskus\",\"description\":\"Alekeskus.eu\",\"potentialAction\":[{\"@type\":\"SearchAction\",\"target\":{\"@type\":\"EntryPoint\",\"urlTemplate\":\"https:\\\/\\\/alekeskus.eu\\\/?s={search_term_string}\"},\"query-input\":{\"@type\":\"PropertyValueSpecification\",\"valueRequired\":true,\"valueName\":\"search_term_string\"}}],\"inLanguage\":\"et\"}]}<\/script>\n<!-- \/ Yoast SEO plugin. -->","yoast_head_json":{"title":"Liivakast kaane ja pinkidega s\u00fcvaimmutatud 1,6 x 1,6 m - Alekeskus","description":"kaanega ja pinkidega liivakast","robots":{"index":"index","follow":"follow","max-snippet":"max-snippet:-1","max-image-preview":"max-image-preview:large","max-video-preview":"max-video-preview:-1"},"canonical":"https:\/\/alekeskus.eu\/toode\/liivakast-kaane-ja-pinkidega-suvaimmutatud-16x16m\/","og_locale":"et_EE","og_type":"article","og_title":"Liivakast kaane ja pinkidega s\u00fcvaimmutatud 1,6 x 1,6 m - Alekeskus","og_description":"kaanega ja pinkidega liivakast","og_url":"https:\/\/alekeskus.eu\/toode\/liivakast-kaane-ja-pinkidega-suvaimmutatud-16x16m\/","og_site_name":"Alekeskus","article_modified_time":"2026-01-06T18:35:52+00:00","og_image":[{"width":1024,"height":459,"url":"https:\/\/alekeskus.eu\/wp-content\/uploads\/2022\/11\/Liivakast-kaanega-Sandy.jpg","type":"image\/jpeg"}],"twitter_card":"summary_large_image","twitter_misc":{"Est. reading time":"1 minut"},"schema":{"@context":"https:\/\/schema.org","@graph":[{"@type":"WebPage","@id":"https:\/\/alekeskus.eu\/toode\/liivakast-kaane-ja-pinkidega-suvaimmutatud-16x16m\/","url":"https:\/\/alekeskus.eu\/toode\/liivakast-kaane-ja-pinkidega-suvaimmutatud-16x16m\/","name":"Liivakast kaane ja pinkidega s\u00fcvaimmutatud 1,6 x 1,6 m - Alekeskus","isPartOf":{"@id":"https:\/\/alekeskus.eu\/#website"},"primaryImageOfPage":{"@id":"https:\/\/alekeskus.eu\/toode\/liivakast-kaane-ja-pinkidega-suvaimmutatud-16x16m\/#primaryimage"},"image":{"@id":"https:\/\/alekeskus.eu\/toode\/liivakast-kaane-ja-pinkidega-suvaimmutatud-16x16m\/#primaryimage"},"thumbnailUrl":"https:\/\/alekeskus.eu\/wp-content\/uploads\/2022\/11\/Liivakast-kaanega-Sandy.jpg","datePublished":"2022-11-11T21:54:51+00:00","dateModified":"2026-01-06T18:35:52+00:00","description":"kaanega ja pinkidega liivakast","breadcrumb":{"@id":"https:\/\/alekeskus.eu\/toode\/liivakast-kaane-ja-pinkidega-suvaimmutatud-16x16m\/#breadcrumb"},"inLanguage":"et","potentialAction":[{"@type":"ReadAction","target":["https:\/\/alekeskus.eu\/toode\/liivakast-kaane-ja-pinkidega-suvaimmutatud-16x16m\/"]}]},{"@type":"ImageObject","inLanguage":"et","@id":"https:\/\/alekeskus.eu\/toode\/liivakast-kaane-ja-pinkidega-suvaimmutatud-16x16m\/#primaryimage","url":"https:\/\/alekeskus.eu\/wp-content\/uploads\/2022\/11\/Liivakast-kaanega-Sandy.jpg","contentUrl":"https:\/\/alekeskus.eu\/wp-content\/uploads\/2022\/11\/Liivakast-kaanega-Sandy.jpg","width":1024,"height":459},{"@type":"BreadcrumbList","@id":"https:\/\/alekeskus.eu\/toode\/liivakast-kaane-ja-pinkidega-suvaimmutatud-16x16m\/#breadcrumb","itemListElement":[{"@type":"ListItem","position":1,"name":"Avaleht","item":"https:\/\/alekeskus.eu\/et\/"},{"@type":"ListItem","position":2,"name":"Pood","item":"https:\/\/alekeskus.eu\/pood\/"},{"@type":"ListItem","position":3,"name":"Liivakast kaane ja pinkidega s\u00fcvaimmutatud 1,6 x 1,6 m"}]},{"@type":"WebSite","@id":"https:\/\/alekeskus.eu\/#website","url":"https:\/\/alekeskus.eu\/","name":"Alekeskus","description":"Alekeskus.eu","potentialAction":[{"@type":"SearchAction","target":{"@type":"EntryPoint","urlTemplate":"https:\/\/alekeskus.eu\/?s={search_term_string}"},"query-input":{"@type":"PropertyValueSpecification","valueRequired":true,"valueName":"search_term_string"}}],"inLanguage":"et"}]}},"brands":[],"_links":{"self":[{"href":"https:\/\/alekeskus.eu\/et\/wp-json\/wp\/v2\/product\/63772","targetHints":{"allow":["GET"]}}],"collection":[{"href":"https:\/\/alekeskus.eu\/et\/wp-json\/wp\/v2\/product"}],"about":[{"href":"https:\/\/alekeskus.eu\/et\/wp-json\/wp\/v2\/types\/product"}],"wp:featuredmedia":[{"embeddable":true,"href":"https:\/\/alekeskus.eu\/et\/wp-json\/wp\/v2\/media\/96046"}],"wp:attachment":[{"href":"https:\/\/alekeskus.eu\/et\/wp-json\/wp\/v2\/media?parent=63772"}],"wp:term":[{"taxonomy":"pwb-brand","embeddable":true,"href":"https:\/\/alekeskus.eu\/et\/wp-json\/wp\/v2\/pwb-brand?post=63772"},{"taxonomy":"product_brand","embeddable":true,"href":"https:\/\/alekeskus.eu\/et\/wp-json\/wp\/v2\/product_brand?post=63772"},{"taxonomy":"product_cat","embeddable":true,"href":"https:\/\/alekeskus.eu\/et\/wp-json\/wp\/v2\/product_cat?post=63772"},{"taxonomy":"product_tag","embeddable":true,"href":"https:\/\/alekeskus.eu\/et\/wp-json\/wp\/v2\/product_tag?post=63772"}],"curies":[{"name":"wp","href":"https:\/\/api.w.org\/{rel}","templated":true}]}}