{"id":63808,"date":"2024-12-11T21:55:21","date_gmt":"2024-12-11T21:55:21","guid":{"rendered":"http:\/\/alekeskus.eu\/product\/kruviankur-tsingitud\/"},"modified":"2026-04-22T04:38:52","modified_gmt":"2026-04-22T04:38:52","slug":"kruviankur-alekeskus","status":"publish","type":"product","link":"https:\/\/alekeskus.eu\/et\/toode\/kruviankur-alekeskus\/","title":{"rendered":"Kruviankur tsingitud"},"content":{"rendered":"","protected":false},"excerpt":{"rendered":"<p>Kruviankur on m\u00f5eldud maapealsete jalastega kiikede ja m\u00e4nguv\u00e4ljakute kinnitamiseks pehmesse ja kivideta murukamarasse.<\/p>\n<p>Ankru pikkus 500 mm, kruvi laba l\u00e4bim\u00f5\u00f5t 100 mm. Kruvi kaasas.<\/p>\n<p>Lihtne viis n\u00e4iteks Kalevi, Henry, Sofia, Kasperi, Magnuse v\u00f5i Mathiase kinnitamiseks, kui ei ole v\u00f5imalik betooni valada v\u00f5i aega selle kivistumist oodata.<\/p>\n<p>Saadaval Noarootsi laos ettehelistamisega 5015483.<\/p>\n","protected":false},"featured_media":63806,"template":"","meta":{"_monsterinsights_skip_tracking":false,"_monsterinsights_sitenote_active":false,"_monsterinsights_sitenote_note":"","_monsterinsights_sitenote_category":0},"pwb-brand":[],"product_brand":[],"product_cat":[13538,13562,13528],"product_tag":[17332,19292,14548,14549],"class_list":{"0":"post-63808","1":"product","2":"type-product","3":"status-publish","4":"has-post-thumbnail","6":"product_cat-ale","7":"product_cat-tarvikud","8":"product_cat-manguvaljakud-kiiged","9":"product_tag-maa-ankur","10":"product_tag-manguvaljaku-ankur","11":"product_tag-ankur","12":"product_tag-kinnitus","13":"product_shipping_class-pakiautomaat","14":"pa_laoasukoht-saadaval-paslepa-laos-5015483-alekeskus","15":"pa_veame-eesti-ja-soome","17":"first","18":"instock","19":"sale","20":"featured","21":"taxable","22":"shipping-taxable","23":"purchasable","24":"product-type-simple"},"yoast_head":"<!-- This site is optimized with the Yoast SEO plugin v27.3 - https:\/\/yoast.com\/product\/yoast-seo-wordpress\/ -->\n<title>Kruviankur tsingitud - Alekeskus<\/title>\n<meta name=\"description\" content=\"kruviankur kiige jalgade kinnitamiseks pehmesse pinnasesse\" \/>\n<meta name=\"robots\" content=\"index, follow, max-snippet:-1, max-image-preview:large, max-video-preview:-1\" \/>\n<link rel=\"canonical\" href=\"https:\/\/alekeskus.eu\/et\/toode\/kruviankur-alekeskus\/\" \/>\n<meta property=\"og:locale\" content=\"et_EE\" \/>\n<meta property=\"og:type\" content=\"article\" \/>\n<meta property=\"og:title\" content=\"Kruviankur tsingitud - Alekeskus\" \/>\n<meta property=\"og:description\" content=\"kruviankur kiige jalgade kinnitamiseks pehmesse pinnasesse\" \/>\n<meta property=\"og:url\" content=\"https:\/\/alekeskus.eu\/et\/toode\/kruviankur-alekeskus\/\" \/>\n<meta property=\"og:site_name\" content=\"Alekeskus\" \/>\n<meta property=\"article:modified_time\" content=\"2026-04-22T04:38:52+00:00\" \/>\n<meta property=\"og:image\" content=\"https:\/\/alekeskus.eu\/wp-content\/uploads\/2021\/11\/422kruviankur-tsingitud-0.jpg\" \/>\n\t<meta property=\"og:image:width\" content=\"200\" \/>\n\t<meta property=\"og:image:height\" content=\"91\" \/>\n\t<meta property=\"og:image:type\" content=\"image\/jpeg\" \/>\n<meta name=\"twitter:card\" content=\"summary_large_image\" \/>\n<meta name=\"twitter:label1\" content=\"Est. reading time\" \/>\n\t<meta name=\"twitter:data1\" content=\"1 minut\" \/>\n<script type=\"application\/ld+json\" class=\"yoast-schema-graph\">{\"@context\":\"https:\\\/\\\/schema.org\",\"@graph\":[{\"@type\":\"WebPage\",\"@id\":\"https:\\\/\\\/alekeskus.eu\\\/et\\\/toode\\\/kruviankur-alekeskus\\\/\",\"url\":\"https:\\\/\\\/alekeskus.eu\\\/et\\\/toode\\\/kruviankur-alekeskus\\\/\",\"name\":\"Kruviankur tsingitud - Alekeskus\",\"isPartOf\":{\"@id\":\"https:\\\/\\\/alekeskus.eu\\\/#website\"},\"primaryImageOfPage\":{\"@id\":\"https:\\\/\\\/alekeskus.eu\\\/et\\\/toode\\\/kruviankur-alekeskus\\\/#primaryimage\"},\"image\":{\"@id\":\"https:\\\/\\\/alekeskus.eu\\\/et\\\/toode\\\/kruviankur-alekeskus\\\/#primaryimage\"},\"thumbnailUrl\":\"https:\\\/\\\/alekeskus.eu\\\/wp-content\\\/uploads\\\/2021\\\/11\\\/422kruviankur-tsingitud-0.jpg\",\"datePublished\":\"2024-12-11T21:55:21+00:00\",\"dateModified\":\"2026-04-22T04:38:52+00:00\",\"description\":\"kruviankur kiige jalgade kinnitamiseks pehmesse pinnasesse\",\"breadcrumb\":{\"@id\":\"https:\\\/\\\/alekeskus.eu\\\/et\\\/toode\\\/kruviankur-alekeskus\\\/#breadcrumb\"},\"inLanguage\":\"et\",\"potentialAction\":[{\"@type\":\"ReadAction\",\"target\":[\"https:\\\/\\\/alekeskus.eu\\\/et\\\/toode\\\/kruviankur-alekeskus\\\/\"]}]},{\"@type\":\"ImageObject\",\"inLanguage\":\"et\",\"@id\":\"https:\\\/\\\/alekeskus.eu\\\/et\\\/toode\\\/kruviankur-alekeskus\\\/#primaryimage\",\"url\":\"https:\\\/\\\/alekeskus.eu\\\/wp-content\\\/uploads\\\/2021\\\/11\\\/422kruviankur-tsingitud-0.jpg\",\"contentUrl\":\"https:\\\/\\\/alekeskus.eu\\\/wp-content\\\/uploads\\\/2021\\\/11\\\/422kruviankur-tsingitud-0.jpg\",\"width\":200,\"height\":91},{\"@type\":\"BreadcrumbList\",\"@id\":\"https:\\\/\\\/alekeskus.eu\\\/et\\\/toode\\\/kruviankur-alekeskus\\\/#breadcrumb\",\"itemListElement\":[{\"@type\":\"ListItem\",\"position\":1,\"name\":\"Avaleht\",\"item\":\"https:\\\/\\\/alekeskus.eu\\\/et\\\/\"},{\"@type\":\"ListItem\",\"position\":2,\"name\":\"Pood\",\"item\":\"https:\\\/\\\/alekeskus.eu\\\/pood\\\/\"},{\"@type\":\"ListItem\",\"position\":3,\"name\":\"Kruviankur tsingitud\"}]},{\"@type\":\"WebSite\",\"@id\":\"https:\\\/\\\/alekeskus.eu\\\/#website\",\"url\":\"https:\\\/\\\/alekeskus.eu\\\/\",\"name\":\"Alekeskus\",\"description\":\"Alekeskus.eu\",\"potentialAction\":[{\"@type\":\"SearchAction\",\"target\":{\"@type\":\"EntryPoint\",\"urlTemplate\":\"https:\\\/\\\/alekeskus.eu\\\/?s={search_term_string}\"},\"query-input\":{\"@type\":\"PropertyValueSpecification\",\"valueRequired\":true,\"valueName\":\"search_term_string\"}}],\"inLanguage\":\"et\"}]}<\/script>\n<!-- \/ Yoast SEO plugin. -->","yoast_head_json":{"title":"Kruviankur tsingitud - Alekeskus","description":"kruviankur kiige jalgade kinnitamiseks pehmesse pinnasesse","robots":{"index":"index","follow":"follow","max-snippet":"max-snippet:-1","max-image-preview":"max-image-preview:large","max-video-preview":"max-video-preview:-1"},"canonical":"https:\/\/alekeskus.eu\/et\/toode\/kruviankur-alekeskus\/","og_locale":"et_EE","og_type":"article","og_title":"Kruviankur tsingitud - Alekeskus","og_description":"kruviankur kiige jalgade kinnitamiseks pehmesse pinnasesse","og_url":"https:\/\/alekeskus.eu\/et\/toode\/kruviankur-alekeskus\/","og_site_name":"Alekeskus","article_modified_time":"2026-04-22T04:38:52+00:00","og_image":[{"width":200,"height":91,"url":"https:\/\/alekeskus.eu\/wp-content\/uploads\/2021\/11\/422kruviankur-tsingitud-0.jpg","type":"image\/jpeg"}],"twitter_card":"summary_large_image","twitter_misc":{"Est. reading time":"1 minut"},"schema":{"@context":"https:\/\/schema.org","@graph":[{"@type":"WebPage","@id":"https:\/\/alekeskus.eu\/et\/toode\/kruviankur-alekeskus\/","url":"https:\/\/alekeskus.eu\/et\/toode\/kruviankur-alekeskus\/","name":"Kruviankur tsingitud - Alekeskus","isPartOf":{"@id":"https:\/\/alekeskus.eu\/#website"},"primaryImageOfPage":{"@id":"https:\/\/alekeskus.eu\/et\/toode\/kruviankur-alekeskus\/#primaryimage"},"image":{"@id":"https:\/\/alekeskus.eu\/et\/toode\/kruviankur-alekeskus\/#primaryimage"},"thumbnailUrl":"https:\/\/alekeskus.eu\/wp-content\/uploads\/2021\/11\/422kruviankur-tsingitud-0.jpg","datePublished":"2024-12-11T21:55:21+00:00","dateModified":"2026-04-22T04:38:52+00:00","description":"kruviankur kiige jalgade kinnitamiseks pehmesse pinnasesse","breadcrumb":{"@id":"https:\/\/alekeskus.eu\/et\/toode\/kruviankur-alekeskus\/#breadcrumb"},"inLanguage":"et","potentialAction":[{"@type":"ReadAction","target":["https:\/\/alekeskus.eu\/et\/toode\/kruviankur-alekeskus\/"]}]},{"@type":"ImageObject","inLanguage":"et","@id":"https:\/\/alekeskus.eu\/et\/toode\/kruviankur-alekeskus\/#primaryimage","url":"https:\/\/alekeskus.eu\/wp-content\/uploads\/2021\/11\/422kruviankur-tsingitud-0.jpg","contentUrl":"https:\/\/alekeskus.eu\/wp-content\/uploads\/2021\/11\/422kruviankur-tsingitud-0.jpg","width":200,"height":91},{"@type":"BreadcrumbList","@id":"https:\/\/alekeskus.eu\/et\/toode\/kruviankur-alekeskus\/#breadcrumb","itemListElement":[{"@type":"ListItem","position":1,"name":"Avaleht","item":"https:\/\/alekeskus.eu\/et\/"},{"@type":"ListItem","position":2,"name":"Pood","item":"https:\/\/alekeskus.eu\/pood\/"},{"@type":"ListItem","position":3,"name":"Kruviankur tsingitud"}]},{"@type":"WebSite","@id":"https:\/\/alekeskus.eu\/#website","url":"https:\/\/alekeskus.eu\/","name":"Alekeskus","description":"Alekeskus.eu","potentialAction":[{"@type":"SearchAction","target":{"@type":"EntryPoint","urlTemplate":"https:\/\/alekeskus.eu\/?s={search_term_string}"},"query-input":{"@type":"PropertyValueSpecification","valueRequired":true,"valueName":"search_term_string"}}],"inLanguage":"et"}]}},"brands":[],"_links":{"self":[{"href":"https:\/\/alekeskus.eu\/et\/wp-json\/wp\/v2\/product\/63808","targetHints":{"allow":["GET"]}}],"collection":[{"href":"https:\/\/alekeskus.eu\/et\/wp-json\/wp\/v2\/product"}],"about":[{"href":"https:\/\/alekeskus.eu\/et\/wp-json\/wp\/v2\/types\/product"}],"wp:featuredmedia":[{"embeddable":true,"href":"https:\/\/alekeskus.eu\/et\/wp-json\/wp\/v2\/media\/63806"}],"wp:attachment":[{"href":"https:\/\/alekeskus.eu\/et\/wp-json\/wp\/v2\/media?parent=63808"}],"wp:term":[{"taxonomy":"pwb-brand","embeddable":true,"href":"https:\/\/alekeskus.eu\/et\/wp-json\/wp\/v2\/pwb-brand?post=63808"},{"taxonomy":"product_brand","embeddable":true,"href":"https:\/\/alekeskus.eu\/et\/wp-json\/wp\/v2\/product_brand?post=63808"},{"taxonomy":"product_cat","embeddable":true,"href":"https:\/\/alekeskus.eu\/et\/wp-json\/wp\/v2\/product_cat?post=63808"},{"taxonomy":"product_tag","embeddable":true,"href":"https:\/\/alekeskus.eu\/et\/wp-json\/wp\/v2\/product_tag?post=63808"}],"curies":[{"name":"wp","href":"https:\/\/api.w.org\/{rel}","templated":true}]}}