{"id":63816,"date":"2022-11-11T21:55:23","date_gmt":"2022-11-11T21:55:23","guid":{"rendered":"http:\/\/alekeskus.eu\/product\/f-ankur\/"},"modified":"2025-04-01T04:58:32","modified_gmt":"2025-04-01T04:58:32","slug":"f-ankur","status":"publish","type":"product","link":"https:\/\/alekeskus.eu\/et\/toode\/f-ankur\/","title":{"rendered":"F-ankur m\u00e4nguv\u00e4ljaku v\u00f5i kiige maasse kinnitamiseks"},"content":{"rendered":"","protected":false},"excerpt":{"rendered":"<p>F &#8211; ankur on m\u00f5eldud maapealsete jalastega kiikede ja m\u00e4nguv\u00e4ljakute ankurdamiseks betooni. M\u00f5\u00f5t 5 x 50 cm. Tsingitud terasest.<\/p>\n<p>Sobib n\u00e4iteks Kalevile, Kasperile, Bossile, Jesperile, Brendale, Magnusele, Mathiasele ja Henryle.<\/p>\n<p>Saadaval ka Noarootsi laos(helista ette 5015483). Pakiautomaati saamine 5\u20ac.<\/p>\n","protected":false},"featured_media":63810,"template":"","meta":{"_monsterinsights_skip_tracking":false,"_monsterinsights_sitenote_active":false,"_monsterinsights_sitenote_note":"","_monsterinsights_sitenote_category":0},"pwb-brand":[],"product_brand":[],"product_cat":[13562,13528],"product_tag":[14548,14549,17332,17333],"class_list":{"0":"post-63816","1":"product","2":"type-product","3":"status-publish","4":"has-post-thumbnail","6":"product_cat-tarvikud","7":"product_cat-manguvaljakud-kiiged","8":"product_tag-ankur","9":"product_tag-kinnitus","10":"product_tag-maa-ankur","11":"product_tag-f-ankur","12":"product_shipping_class-tasuta-transport-kuni-300kg","13":"pa_garantii-2-aastat","14":"pa_laoasukoht-laane-virumaa-eesti","15":"pa_laoasukoht-saadaval-paslepa-laos-5015483-alekeskus","16":"pa_veame-eesti-ja-soome","18":"first","19":"instock","20":"taxable","21":"shipping-taxable","22":"purchasable","23":"product-type-simple"},"yoast_head":"<!-- This site is optimized with the Yoast SEO plugin v27.3 - https:\/\/yoast.com\/product\/yoast-seo-wordpress\/ -->\n<title>F-ankur m\u00e4nguv\u00e4ljaku v\u00f5i kiige maasse kinnitamiseks - Alekeskus<\/title>\n<meta name=\"description\" content=\"m\u00e4nguv\u00e4ljaku ja kiige ankur\" \/>\n<meta name=\"robots\" content=\"index, follow, max-snippet:-1, max-image-preview:large, max-video-preview:-1\" \/>\n<link rel=\"canonical\" href=\"https:\/\/alekeskus.eu\/toode\/f-ankur\/\" \/>\n<meta property=\"og:locale\" content=\"et_EE\" \/>\n<meta property=\"og:type\" content=\"article\" \/>\n<meta property=\"og:title\" content=\"F-ankur m\u00e4nguv\u00e4ljaku v\u00f5i kiige maasse kinnitamiseks - Alekeskus\" \/>\n<meta property=\"og:description\" content=\"m\u00e4nguv\u00e4ljaku ja kiige ankur\" \/>\n<meta property=\"og:url\" content=\"https:\/\/alekeskus.eu\/toode\/f-ankur\/\" \/>\n<meta property=\"og:site_name\" content=\"Alekeskus\" \/>\n<meta property=\"article:modified_time\" content=\"2025-04-01T04:58:32+00:00\" \/>\n<meta property=\"og:image\" content=\"https:\/\/alekeskus.eu\/wp-content\/uploads\/2021\/11\/425f-ankur-0.jpg\" \/>\n\t<meta property=\"og:image:width\" content=\"901\" \/>\n\t<meta property=\"og:image:height\" content=\"500\" \/>\n\t<meta property=\"og:image:type\" content=\"image\/jpeg\" \/>\n<meta name=\"twitter:card\" content=\"summary_large_image\" \/>\n<meta name=\"twitter:label1\" content=\"Est. reading time\" \/>\n\t<meta name=\"twitter:data1\" content=\"1 minut\" \/>\n<script type=\"application\/ld+json\" class=\"yoast-schema-graph\">{\"@context\":\"https:\\\/\\\/schema.org\",\"@graph\":[{\"@type\":\"WebPage\",\"@id\":\"https:\\\/\\\/alekeskus.eu\\\/toode\\\/f-ankur\\\/\",\"url\":\"https:\\\/\\\/alekeskus.eu\\\/toode\\\/f-ankur\\\/\",\"name\":\"F-ankur m\u00e4nguv\u00e4ljaku v\u00f5i kiige maasse kinnitamiseks - Alekeskus\",\"isPartOf\":{\"@id\":\"https:\\\/\\\/alekeskus.eu\\\/#website\"},\"primaryImageOfPage\":{\"@id\":\"https:\\\/\\\/alekeskus.eu\\\/toode\\\/f-ankur\\\/#primaryimage\"},\"image\":{\"@id\":\"https:\\\/\\\/alekeskus.eu\\\/toode\\\/f-ankur\\\/#primaryimage\"},\"thumbnailUrl\":\"https:\\\/\\\/alekeskus.eu\\\/wp-content\\\/uploads\\\/2021\\\/11\\\/425f-ankur-0.jpg\",\"datePublished\":\"2022-11-11T21:55:23+00:00\",\"dateModified\":\"2025-04-01T04:58:32+00:00\",\"description\":\"m\u00e4nguv\u00e4ljaku ja kiige ankur\",\"breadcrumb\":{\"@id\":\"https:\\\/\\\/alekeskus.eu\\\/toode\\\/f-ankur\\\/#breadcrumb\"},\"inLanguage\":\"et\",\"potentialAction\":[{\"@type\":\"ReadAction\",\"target\":[\"https:\\\/\\\/alekeskus.eu\\\/toode\\\/f-ankur\\\/\"]}]},{\"@type\":\"ImageObject\",\"inLanguage\":\"et\",\"@id\":\"https:\\\/\\\/alekeskus.eu\\\/toode\\\/f-ankur\\\/#primaryimage\",\"url\":\"https:\\\/\\\/alekeskus.eu\\\/wp-content\\\/uploads\\\/2021\\\/11\\\/425f-ankur-0.jpg\",\"contentUrl\":\"https:\\\/\\\/alekeskus.eu\\\/wp-content\\\/uploads\\\/2021\\\/11\\\/425f-ankur-0.jpg\",\"width\":901,\"height\":500},{\"@type\":\"BreadcrumbList\",\"@id\":\"https:\\\/\\\/alekeskus.eu\\\/toode\\\/f-ankur\\\/#breadcrumb\",\"itemListElement\":[{\"@type\":\"ListItem\",\"position\":1,\"name\":\"Avaleht\",\"item\":\"https:\\\/\\\/alekeskus.eu\\\/et\\\/\"},{\"@type\":\"ListItem\",\"position\":2,\"name\":\"Pood\",\"item\":\"https:\\\/\\\/alekeskus.eu\\\/pood\\\/\"},{\"@type\":\"ListItem\",\"position\":3,\"name\":\"F-ankur m\u00e4nguv\u00e4ljaku v\u00f5i kiige maasse kinnitamiseks\"}]},{\"@type\":\"WebSite\",\"@id\":\"https:\\\/\\\/alekeskus.eu\\\/#website\",\"url\":\"https:\\\/\\\/alekeskus.eu\\\/\",\"name\":\"Alekeskus\",\"description\":\"Alekeskus.eu\",\"potentialAction\":[{\"@type\":\"SearchAction\",\"target\":{\"@type\":\"EntryPoint\",\"urlTemplate\":\"https:\\\/\\\/alekeskus.eu\\\/?s={search_term_string}\"},\"query-input\":{\"@type\":\"PropertyValueSpecification\",\"valueRequired\":true,\"valueName\":\"search_term_string\"}}],\"inLanguage\":\"et\"}]}<\/script>\n<!-- \/ Yoast SEO plugin. -->","yoast_head_json":{"title":"F-ankur m\u00e4nguv\u00e4ljaku v\u00f5i kiige maasse kinnitamiseks - Alekeskus","description":"m\u00e4nguv\u00e4ljaku ja kiige ankur","robots":{"index":"index","follow":"follow","max-snippet":"max-snippet:-1","max-image-preview":"max-image-preview:large","max-video-preview":"max-video-preview:-1"},"canonical":"https:\/\/alekeskus.eu\/toode\/f-ankur\/","og_locale":"et_EE","og_type":"article","og_title":"F-ankur m\u00e4nguv\u00e4ljaku v\u00f5i kiige maasse kinnitamiseks - Alekeskus","og_description":"m\u00e4nguv\u00e4ljaku ja kiige ankur","og_url":"https:\/\/alekeskus.eu\/toode\/f-ankur\/","og_site_name":"Alekeskus","article_modified_time":"2025-04-01T04:58:32+00:00","og_image":[{"width":901,"height":500,"url":"https:\/\/alekeskus.eu\/wp-content\/uploads\/2021\/11\/425f-ankur-0.jpg","type":"image\/jpeg"}],"twitter_card":"summary_large_image","twitter_misc":{"Est. reading time":"1 minut"},"schema":{"@context":"https:\/\/schema.org","@graph":[{"@type":"WebPage","@id":"https:\/\/alekeskus.eu\/toode\/f-ankur\/","url":"https:\/\/alekeskus.eu\/toode\/f-ankur\/","name":"F-ankur m\u00e4nguv\u00e4ljaku v\u00f5i kiige maasse kinnitamiseks - Alekeskus","isPartOf":{"@id":"https:\/\/alekeskus.eu\/#website"},"primaryImageOfPage":{"@id":"https:\/\/alekeskus.eu\/toode\/f-ankur\/#primaryimage"},"image":{"@id":"https:\/\/alekeskus.eu\/toode\/f-ankur\/#primaryimage"},"thumbnailUrl":"https:\/\/alekeskus.eu\/wp-content\/uploads\/2021\/11\/425f-ankur-0.jpg","datePublished":"2022-11-11T21:55:23+00:00","dateModified":"2025-04-01T04:58:32+00:00","description":"m\u00e4nguv\u00e4ljaku ja kiige ankur","breadcrumb":{"@id":"https:\/\/alekeskus.eu\/toode\/f-ankur\/#breadcrumb"},"inLanguage":"et","potentialAction":[{"@type":"ReadAction","target":["https:\/\/alekeskus.eu\/toode\/f-ankur\/"]}]},{"@type":"ImageObject","inLanguage":"et","@id":"https:\/\/alekeskus.eu\/toode\/f-ankur\/#primaryimage","url":"https:\/\/alekeskus.eu\/wp-content\/uploads\/2021\/11\/425f-ankur-0.jpg","contentUrl":"https:\/\/alekeskus.eu\/wp-content\/uploads\/2021\/11\/425f-ankur-0.jpg","width":901,"height":500},{"@type":"BreadcrumbList","@id":"https:\/\/alekeskus.eu\/toode\/f-ankur\/#breadcrumb","itemListElement":[{"@type":"ListItem","position":1,"name":"Avaleht","item":"https:\/\/alekeskus.eu\/et\/"},{"@type":"ListItem","position":2,"name":"Pood","item":"https:\/\/alekeskus.eu\/pood\/"},{"@type":"ListItem","position":3,"name":"F-ankur m\u00e4nguv\u00e4ljaku v\u00f5i kiige maasse kinnitamiseks"}]},{"@type":"WebSite","@id":"https:\/\/alekeskus.eu\/#website","url":"https:\/\/alekeskus.eu\/","name":"Alekeskus","description":"Alekeskus.eu","potentialAction":[{"@type":"SearchAction","target":{"@type":"EntryPoint","urlTemplate":"https:\/\/alekeskus.eu\/?s={search_term_string}"},"query-input":{"@type":"PropertyValueSpecification","valueRequired":true,"valueName":"search_term_string"}}],"inLanguage":"et"}]}},"brands":[],"_links":{"self":[{"href":"https:\/\/alekeskus.eu\/et\/wp-json\/wp\/v2\/product\/63816","targetHints":{"allow":["GET"]}}],"collection":[{"href":"https:\/\/alekeskus.eu\/et\/wp-json\/wp\/v2\/product"}],"about":[{"href":"https:\/\/alekeskus.eu\/et\/wp-json\/wp\/v2\/types\/product"}],"wp:featuredmedia":[{"embeddable":true,"href":"https:\/\/alekeskus.eu\/et\/wp-json\/wp\/v2\/media\/63810"}],"wp:attachment":[{"href":"https:\/\/alekeskus.eu\/et\/wp-json\/wp\/v2\/media?parent=63816"}],"wp:term":[{"taxonomy":"pwb-brand","embeddable":true,"href":"https:\/\/alekeskus.eu\/et\/wp-json\/wp\/v2\/pwb-brand?post=63816"},{"taxonomy":"product_brand","embeddable":true,"href":"https:\/\/alekeskus.eu\/et\/wp-json\/wp\/v2\/product_brand?post=63816"},{"taxonomy":"product_cat","embeddable":true,"href":"https:\/\/alekeskus.eu\/et\/wp-json\/wp\/v2\/product_cat?post=63816"},{"taxonomy":"product_tag","embeddable":true,"href":"https:\/\/alekeskus.eu\/et\/wp-json\/wp\/v2\/product_tag?post=63816"}],"curies":[{"name":"wp","href":"https:\/\/api.w.org\/{rel}","templated":true}]}}