{"id":63820,"date":"2021-11-11T21:55:25","date_gmt":"2021-11-11T21:55:25","guid":{"rendered":"http:\/\/alekeskus.eu\/product\/h-ankur-90x90mm-tsingitud\/"},"modified":"2021-12-22T21:06:25","modified_gmt":"2021-12-22T21:06:25","slug":"h-ankur-90x90mm-tsingitud","status":"publish","type":"product","link":"https:\/\/alekeskus.eu\/et\/toode\/h-ankur-90x90mm-tsingitud\/","title":{"rendered":"H &#8211; ankur 90x90mm tsingitud"},"content":{"rendered":"","protected":false},"excerpt":{"rendered":"<p>H &#8211; ankur on m\u00f5eldud maapealsete jalastega kiikede ja m\u00e4nguv\u00e4ljakute kinnitamiseks pinnasesse.<\/p>\n","protected":false},"featured_media":63818,"template":"","meta":{"_monsterinsights_skip_tracking":false,"_monsterinsights_sitenote_active":false,"_monsterinsights_sitenote_note":"","_monsterinsights_sitenote_category":0},"pwb-brand":[],"product_brand":[],"product_cat":[13562,13528],"product_tag":[14351,14548,14554],"class_list":{"0":"post-63820","1":"product","2":"type-product","3":"status-publish","4":"has-post-thumbnail","6":"product_cat-tarvikud","7":"product_cat-manguvaljakud-kiiged","8":"product_tag-imprest","9":"product_tag-ankur","10":"product_tag-marta","11":"product_shipping_class-pakiautomaat","12":"pa_laoasukoht-laane-virumaa-eesti","13":"pa_tellimisaeg-2-10-toopaeva","14":"pa_veame-eesti-ja-soome","16":"first","17":"instock","18":"taxable","19":"shipping-taxable","20":"purchasable","21":"product-type-simple"},"yoast_head":"<!-- This site is optimized with the Yoast SEO plugin v27.3 - https:\/\/yoast.com\/product\/yoast-seo-wordpress\/ -->\n<title>H - ankur 90x90mm tsingitud - Alekeskus<\/title>\n<meta name=\"robots\" content=\"index, follow, max-snippet:-1, max-image-preview:large, max-video-preview:-1\" \/>\n<link rel=\"canonical\" href=\"https:\/\/alekeskus.eu\/toode\/h-ankur-90x90mm-tsingitud\/\" \/>\n<meta property=\"og:locale\" content=\"et_EE\" \/>\n<meta property=\"og:type\" content=\"article\" \/>\n<meta property=\"og:title\" content=\"H - ankur 90x90mm tsingitud - Alekeskus\" \/>\n<meta property=\"og:description\" content=\"H - ankur on m\u00f5eldud maapealsete jalastega kiikede ja m\u00e4nguv\u00e4ljakute kinnitamiseks pinnasesse.\" \/>\n<meta property=\"og:url\" content=\"https:\/\/alekeskus.eu\/toode\/h-ankur-90x90mm-tsingitud\/\" \/>\n<meta property=\"og:site_name\" content=\"Alekeskus\" \/>\n<meta property=\"article:modified_time\" content=\"2021-12-22T21:06:25+00:00\" \/>\n<meta property=\"og:image\" content=\"https:\/\/alekeskus.eu\/wp-content\/uploads\/2021\/11\/426h-ankur-90x90mm-tsingitud-0.jpg\" \/>\n\t<meta property=\"og:image:width\" content=\"200\" \/>\n\t<meta property=\"og:image:height\" content=\"107\" \/>\n\t<meta property=\"og:image:type\" content=\"image\/jpeg\" \/>\n<meta name=\"twitter:card\" content=\"summary_large_image\" \/>\n<script type=\"application\/ld+json\" class=\"yoast-schema-graph\">{\"@context\":\"https:\\\/\\\/schema.org\",\"@graph\":[{\"@type\":\"WebPage\",\"@id\":\"https:\\\/\\\/alekeskus.eu\\\/toode\\\/h-ankur-90x90mm-tsingitud\\\/\",\"url\":\"https:\\\/\\\/alekeskus.eu\\\/toode\\\/h-ankur-90x90mm-tsingitud\\\/\",\"name\":\"H - ankur 90x90mm tsingitud - Alekeskus\",\"isPartOf\":{\"@id\":\"https:\\\/\\\/alekeskus.eu\\\/#website\"},\"primaryImageOfPage\":{\"@id\":\"https:\\\/\\\/alekeskus.eu\\\/toode\\\/h-ankur-90x90mm-tsingitud\\\/#primaryimage\"},\"image\":{\"@id\":\"https:\\\/\\\/alekeskus.eu\\\/toode\\\/h-ankur-90x90mm-tsingitud\\\/#primaryimage\"},\"thumbnailUrl\":\"https:\\\/\\\/alekeskus.eu\\\/wp-content\\\/uploads\\\/2021\\\/11\\\/426h-ankur-90x90mm-tsingitud-0.jpg\",\"datePublished\":\"2021-11-11T21:55:25+00:00\",\"dateModified\":\"2021-12-22T21:06:25+00:00\",\"breadcrumb\":{\"@id\":\"https:\\\/\\\/alekeskus.eu\\\/toode\\\/h-ankur-90x90mm-tsingitud\\\/#breadcrumb\"},\"inLanguage\":\"et\",\"potentialAction\":[{\"@type\":\"ReadAction\",\"target\":[\"https:\\\/\\\/alekeskus.eu\\\/toode\\\/h-ankur-90x90mm-tsingitud\\\/\"]}]},{\"@type\":\"ImageObject\",\"inLanguage\":\"et\",\"@id\":\"https:\\\/\\\/alekeskus.eu\\\/toode\\\/h-ankur-90x90mm-tsingitud\\\/#primaryimage\",\"url\":\"https:\\\/\\\/alekeskus.eu\\\/wp-content\\\/uploads\\\/2021\\\/11\\\/426h-ankur-90x90mm-tsingitud-0.jpg\",\"contentUrl\":\"https:\\\/\\\/alekeskus.eu\\\/wp-content\\\/uploads\\\/2021\\\/11\\\/426h-ankur-90x90mm-tsingitud-0.jpg\",\"width\":200,\"height\":107},{\"@type\":\"BreadcrumbList\",\"@id\":\"https:\\\/\\\/alekeskus.eu\\\/toode\\\/h-ankur-90x90mm-tsingitud\\\/#breadcrumb\",\"itemListElement\":[{\"@type\":\"ListItem\",\"position\":1,\"name\":\"Avaleht\",\"item\":\"https:\\\/\\\/alekeskus.eu\\\/et\\\/\"},{\"@type\":\"ListItem\",\"position\":2,\"name\":\"Pood\",\"item\":\"https:\\\/\\\/alekeskus.eu\\\/pood\\\/\"},{\"@type\":\"ListItem\",\"position\":3,\"name\":\"H &#8211; ankur 90x90mm tsingitud\"}]},{\"@type\":\"WebSite\",\"@id\":\"https:\\\/\\\/alekeskus.eu\\\/#website\",\"url\":\"https:\\\/\\\/alekeskus.eu\\\/\",\"name\":\"Alekeskus\",\"description\":\"Alekeskus.eu\",\"potentialAction\":[{\"@type\":\"SearchAction\",\"target\":{\"@type\":\"EntryPoint\",\"urlTemplate\":\"https:\\\/\\\/alekeskus.eu\\\/?s={search_term_string}\"},\"query-input\":{\"@type\":\"PropertyValueSpecification\",\"valueRequired\":true,\"valueName\":\"search_term_string\"}}],\"inLanguage\":\"et\"}]}<\/script>\n<!-- \/ Yoast SEO plugin. -->","yoast_head_json":{"title":"H - ankur 90x90mm tsingitud - Alekeskus","robots":{"index":"index","follow":"follow","max-snippet":"max-snippet:-1","max-image-preview":"max-image-preview:large","max-video-preview":"max-video-preview:-1"},"canonical":"https:\/\/alekeskus.eu\/toode\/h-ankur-90x90mm-tsingitud\/","og_locale":"et_EE","og_type":"article","og_title":"H - ankur 90x90mm tsingitud - Alekeskus","og_description":"H - ankur on m\u00f5eldud maapealsete jalastega kiikede ja m\u00e4nguv\u00e4ljakute kinnitamiseks pinnasesse.","og_url":"https:\/\/alekeskus.eu\/toode\/h-ankur-90x90mm-tsingitud\/","og_site_name":"Alekeskus","article_modified_time":"2021-12-22T21:06:25+00:00","og_image":[{"width":200,"height":107,"url":"https:\/\/alekeskus.eu\/wp-content\/uploads\/2021\/11\/426h-ankur-90x90mm-tsingitud-0.jpg","type":"image\/jpeg"}],"twitter_card":"summary_large_image","schema":{"@context":"https:\/\/schema.org","@graph":[{"@type":"WebPage","@id":"https:\/\/alekeskus.eu\/toode\/h-ankur-90x90mm-tsingitud\/","url":"https:\/\/alekeskus.eu\/toode\/h-ankur-90x90mm-tsingitud\/","name":"H - ankur 90x90mm tsingitud - Alekeskus","isPartOf":{"@id":"https:\/\/alekeskus.eu\/#website"},"primaryImageOfPage":{"@id":"https:\/\/alekeskus.eu\/toode\/h-ankur-90x90mm-tsingitud\/#primaryimage"},"image":{"@id":"https:\/\/alekeskus.eu\/toode\/h-ankur-90x90mm-tsingitud\/#primaryimage"},"thumbnailUrl":"https:\/\/alekeskus.eu\/wp-content\/uploads\/2021\/11\/426h-ankur-90x90mm-tsingitud-0.jpg","datePublished":"2021-11-11T21:55:25+00:00","dateModified":"2021-12-22T21:06:25+00:00","breadcrumb":{"@id":"https:\/\/alekeskus.eu\/toode\/h-ankur-90x90mm-tsingitud\/#breadcrumb"},"inLanguage":"et","potentialAction":[{"@type":"ReadAction","target":["https:\/\/alekeskus.eu\/toode\/h-ankur-90x90mm-tsingitud\/"]}]},{"@type":"ImageObject","inLanguage":"et","@id":"https:\/\/alekeskus.eu\/toode\/h-ankur-90x90mm-tsingitud\/#primaryimage","url":"https:\/\/alekeskus.eu\/wp-content\/uploads\/2021\/11\/426h-ankur-90x90mm-tsingitud-0.jpg","contentUrl":"https:\/\/alekeskus.eu\/wp-content\/uploads\/2021\/11\/426h-ankur-90x90mm-tsingitud-0.jpg","width":200,"height":107},{"@type":"BreadcrumbList","@id":"https:\/\/alekeskus.eu\/toode\/h-ankur-90x90mm-tsingitud\/#breadcrumb","itemListElement":[{"@type":"ListItem","position":1,"name":"Avaleht","item":"https:\/\/alekeskus.eu\/et\/"},{"@type":"ListItem","position":2,"name":"Pood","item":"https:\/\/alekeskus.eu\/pood\/"},{"@type":"ListItem","position":3,"name":"H &#8211; ankur 90x90mm tsingitud"}]},{"@type":"WebSite","@id":"https:\/\/alekeskus.eu\/#website","url":"https:\/\/alekeskus.eu\/","name":"Alekeskus","description":"Alekeskus.eu","potentialAction":[{"@type":"SearchAction","target":{"@type":"EntryPoint","urlTemplate":"https:\/\/alekeskus.eu\/?s={search_term_string}"},"query-input":{"@type":"PropertyValueSpecification","valueRequired":true,"valueName":"search_term_string"}}],"inLanguage":"et"}]}},"brands":[],"_links":{"self":[{"href":"https:\/\/alekeskus.eu\/et\/wp-json\/wp\/v2\/product\/63820","targetHints":{"allow":["GET"]}}],"collection":[{"href":"https:\/\/alekeskus.eu\/et\/wp-json\/wp\/v2\/product"}],"about":[{"href":"https:\/\/alekeskus.eu\/et\/wp-json\/wp\/v2\/types\/product"}],"wp:featuredmedia":[{"embeddable":true,"href":"https:\/\/alekeskus.eu\/et\/wp-json\/wp\/v2\/media\/63818"}],"wp:attachment":[{"href":"https:\/\/alekeskus.eu\/et\/wp-json\/wp\/v2\/media?parent=63820"}],"wp:term":[{"taxonomy":"pwb-brand","embeddable":true,"href":"https:\/\/alekeskus.eu\/et\/wp-json\/wp\/v2\/pwb-brand?post=63820"},{"taxonomy":"product_brand","embeddable":true,"href":"https:\/\/alekeskus.eu\/et\/wp-json\/wp\/v2\/product_brand?post=63820"},{"taxonomy":"product_cat","embeddable":true,"href":"https:\/\/alekeskus.eu\/et\/wp-json\/wp\/v2\/product_cat?post=63820"},{"taxonomy":"product_tag","embeddable":true,"href":"https:\/\/alekeskus.eu\/et\/wp-json\/wp\/v2\/product_tag?post=63820"}],"curies":[{"name":"wp","href":"https:\/\/api.w.org\/{rel}","templated":true}]}}