{"id":63903,"date":"2023-11-11T21:55:58","date_gmt":"2023-11-11T21:55:58","guid":{"rendered":"http:\/\/alekeskus.eu\/product\/liumagi-punane-175m-lopumuuk\/"},"modified":"2024-03-06T16:29:43","modified_gmt":"2024-03-06T16:29:43","slug":"liumagi-punane-175m-lopumuuk","status":"publish","type":"product","link":"https:\/\/alekeskus.eu\/et\/toode\/liumagi-punane-175m-lopumuuk\/","title":{"rendered":"Lium\u00e4gi 1,75m L\u00d5PUM\u00dc\u00dcK"},"content":{"rendered":"","protected":false},"excerpt":{"rendered":"<p>Toetuspinna k\u00f5rgus 0,9 m.<\/p>\n<p>J\u00e4rgi punane ja sinine. Laitse laos ettehelistamisega 5015483.<\/p>\n","protected":false},"featured_media":63901,"template":"","meta":{"_monsterinsights_skip_tracking":false,"_monsterinsights_sitenote_active":false,"_monsterinsights_sitenote_note":"","_monsterinsights_sitenote_category":0},"pwb-brand":[],"product_brand":[],"product_cat":[13538,13558,13562,13528],"product_tag":[13881,14480,14576],"class_list":{"0":"post-63903","1":"product","2":"type-product","3":"status-publish","4":"has-post-thumbnail","6":"product_cat-ale","7":"product_cat-manguvaljakud","8":"product_cat-tarvikud","9":"product_cat-manguvaljakud-kiiged","10":"product_tag-liumagi","11":"product_tag-junior","12":"product_tag-tweeb","13":"product_shipping_class-pakiautomaat","14":"pa_kohaletoimetamine-kulleriga-12e","15":"pa_tellimisaeg-2-10-toopaeva","16":"pa_veame-eesti-ja-soome","18":"first","19":"instock","20":"sale","21":"featured","22":"taxable","23":"shipping-taxable","24":"purchasable","25":"product-type-simple"},"yoast_head":"<!-- This site is optimized with the Yoast SEO plugin v27.3 - https:\/\/yoast.com\/product\/yoast-seo-wordpress\/ -->\n<title>Lium\u00e4gi 1,75m L\u00d5PUM\u00dc\u00dcK - Alekeskus<\/title>\n<meta name=\"robots\" content=\"index, follow, max-snippet:-1, max-image-preview:large, max-video-preview:-1\" \/>\n<link rel=\"canonical\" href=\"https:\/\/alekeskus.eu\/toode\/liumagi-punane-175m-lopumuuk\/\" \/>\n<meta property=\"og:locale\" content=\"et_EE\" \/>\n<meta property=\"og:type\" content=\"article\" \/>\n<meta property=\"og:title\" content=\"Lium\u00e4gi 1,75m L\u00d5PUM\u00dc\u00dcK - Alekeskus\" \/>\n<meta property=\"og:description\" content=\"Toetuspinna k\u00f5rgus 0,9 m.  J\u00e4rgi punane ja sinine. Laitse laos ettehelistamisega 5015483.\" \/>\n<meta property=\"og:url\" content=\"https:\/\/alekeskus.eu\/toode\/liumagi-punane-175m-lopumuuk\/\" \/>\n<meta property=\"og:site_name\" content=\"Alekeskus\" \/>\n<meta property=\"article:modified_time\" content=\"2024-03-06T16:29:43+00:00\" \/>\n<meta property=\"og:image\" content=\"https:\/\/alekeskus.eu\/wp-content\/uploads\/2021\/11\/830lium-gi-punane-1-75m-l-pum-k-0.jpg\" \/>\n\t<meta property=\"og:image:width\" content=\"640\" \/>\n\t<meta property=\"og:image:height\" content=\"640\" \/>\n\t<meta property=\"og:image:type\" content=\"image\/jpeg\" \/>\n<meta name=\"twitter:card\" content=\"summary_large_image\" \/>\n<meta name=\"twitter:label1\" content=\"Est. reading time\" \/>\n\t<meta name=\"twitter:data1\" content=\"1 minut\" \/>\n<script type=\"application\/ld+json\" class=\"yoast-schema-graph\">{\"@context\":\"https:\\\/\\\/schema.org\",\"@graph\":[{\"@type\":\"WebPage\",\"@id\":\"https:\\\/\\\/alekeskus.eu\\\/toode\\\/liumagi-punane-175m-lopumuuk\\\/\",\"url\":\"https:\\\/\\\/alekeskus.eu\\\/toode\\\/liumagi-punane-175m-lopumuuk\\\/\",\"name\":\"Lium\u00e4gi 1,75m L\u00d5PUM\u00dc\u00dcK - Alekeskus\",\"isPartOf\":{\"@id\":\"https:\\\/\\\/alekeskus.eu\\\/#website\"},\"primaryImageOfPage\":{\"@id\":\"https:\\\/\\\/alekeskus.eu\\\/toode\\\/liumagi-punane-175m-lopumuuk\\\/#primaryimage\"},\"image\":{\"@id\":\"https:\\\/\\\/alekeskus.eu\\\/toode\\\/liumagi-punane-175m-lopumuuk\\\/#primaryimage\"},\"thumbnailUrl\":\"https:\\\/\\\/alekeskus.eu\\\/wp-content\\\/uploads\\\/2021\\\/11\\\/830lium-gi-punane-1-75m-l-pum-k-0.jpg\",\"datePublished\":\"2023-11-11T21:55:58+00:00\",\"dateModified\":\"2024-03-06T16:29:43+00:00\",\"breadcrumb\":{\"@id\":\"https:\\\/\\\/alekeskus.eu\\\/toode\\\/liumagi-punane-175m-lopumuuk\\\/#breadcrumb\"},\"inLanguage\":\"et\",\"potentialAction\":[{\"@type\":\"ReadAction\",\"target\":[\"https:\\\/\\\/alekeskus.eu\\\/toode\\\/liumagi-punane-175m-lopumuuk\\\/\"]}]},{\"@type\":\"ImageObject\",\"inLanguage\":\"et\",\"@id\":\"https:\\\/\\\/alekeskus.eu\\\/toode\\\/liumagi-punane-175m-lopumuuk\\\/#primaryimage\",\"url\":\"https:\\\/\\\/alekeskus.eu\\\/wp-content\\\/uploads\\\/2021\\\/11\\\/830lium-gi-punane-1-75m-l-pum-k-0.jpg\",\"contentUrl\":\"https:\\\/\\\/alekeskus.eu\\\/wp-content\\\/uploads\\\/2021\\\/11\\\/830lium-gi-punane-1-75m-l-pum-k-0.jpg\",\"width\":640,\"height\":640},{\"@type\":\"BreadcrumbList\",\"@id\":\"https:\\\/\\\/alekeskus.eu\\\/toode\\\/liumagi-punane-175m-lopumuuk\\\/#breadcrumb\",\"itemListElement\":[{\"@type\":\"ListItem\",\"position\":1,\"name\":\"Avaleht\",\"item\":\"https:\\\/\\\/alekeskus.eu\\\/et\\\/\"},{\"@type\":\"ListItem\",\"position\":2,\"name\":\"Pood\",\"item\":\"https:\\\/\\\/alekeskus.eu\\\/pood\\\/\"},{\"@type\":\"ListItem\",\"position\":3,\"name\":\"Lium\u00e4gi 1,75m L\u00d5PUM\u00dc\u00dcK\"}]},{\"@type\":\"WebSite\",\"@id\":\"https:\\\/\\\/alekeskus.eu\\\/#website\",\"url\":\"https:\\\/\\\/alekeskus.eu\\\/\",\"name\":\"Alekeskus\",\"description\":\"Alekeskus.eu\",\"potentialAction\":[{\"@type\":\"SearchAction\",\"target\":{\"@type\":\"EntryPoint\",\"urlTemplate\":\"https:\\\/\\\/alekeskus.eu\\\/?s={search_term_string}\"},\"query-input\":{\"@type\":\"PropertyValueSpecification\",\"valueRequired\":true,\"valueName\":\"search_term_string\"}}],\"inLanguage\":\"et\"}]}<\/script>\n<!-- \/ Yoast SEO plugin. -->","yoast_head_json":{"title":"Lium\u00e4gi 1,75m L\u00d5PUM\u00dc\u00dcK - Alekeskus","robots":{"index":"index","follow":"follow","max-snippet":"max-snippet:-1","max-image-preview":"max-image-preview:large","max-video-preview":"max-video-preview:-1"},"canonical":"https:\/\/alekeskus.eu\/toode\/liumagi-punane-175m-lopumuuk\/","og_locale":"et_EE","og_type":"article","og_title":"Lium\u00e4gi 1,75m L\u00d5PUM\u00dc\u00dcK - Alekeskus","og_description":"Toetuspinna k\u00f5rgus 0,9 m.  J\u00e4rgi punane ja sinine. Laitse laos ettehelistamisega 5015483.","og_url":"https:\/\/alekeskus.eu\/toode\/liumagi-punane-175m-lopumuuk\/","og_site_name":"Alekeskus","article_modified_time":"2024-03-06T16:29:43+00:00","og_image":[{"width":640,"height":640,"url":"https:\/\/alekeskus.eu\/wp-content\/uploads\/2021\/11\/830lium-gi-punane-1-75m-l-pum-k-0.jpg","type":"image\/jpeg"}],"twitter_card":"summary_large_image","twitter_misc":{"Est. reading time":"1 minut"},"schema":{"@context":"https:\/\/schema.org","@graph":[{"@type":"WebPage","@id":"https:\/\/alekeskus.eu\/toode\/liumagi-punane-175m-lopumuuk\/","url":"https:\/\/alekeskus.eu\/toode\/liumagi-punane-175m-lopumuuk\/","name":"Lium\u00e4gi 1,75m L\u00d5PUM\u00dc\u00dcK - Alekeskus","isPartOf":{"@id":"https:\/\/alekeskus.eu\/#website"},"primaryImageOfPage":{"@id":"https:\/\/alekeskus.eu\/toode\/liumagi-punane-175m-lopumuuk\/#primaryimage"},"image":{"@id":"https:\/\/alekeskus.eu\/toode\/liumagi-punane-175m-lopumuuk\/#primaryimage"},"thumbnailUrl":"https:\/\/alekeskus.eu\/wp-content\/uploads\/2021\/11\/830lium-gi-punane-1-75m-l-pum-k-0.jpg","datePublished":"2023-11-11T21:55:58+00:00","dateModified":"2024-03-06T16:29:43+00:00","breadcrumb":{"@id":"https:\/\/alekeskus.eu\/toode\/liumagi-punane-175m-lopumuuk\/#breadcrumb"},"inLanguage":"et","potentialAction":[{"@type":"ReadAction","target":["https:\/\/alekeskus.eu\/toode\/liumagi-punane-175m-lopumuuk\/"]}]},{"@type":"ImageObject","inLanguage":"et","@id":"https:\/\/alekeskus.eu\/toode\/liumagi-punane-175m-lopumuuk\/#primaryimage","url":"https:\/\/alekeskus.eu\/wp-content\/uploads\/2021\/11\/830lium-gi-punane-1-75m-l-pum-k-0.jpg","contentUrl":"https:\/\/alekeskus.eu\/wp-content\/uploads\/2021\/11\/830lium-gi-punane-1-75m-l-pum-k-0.jpg","width":640,"height":640},{"@type":"BreadcrumbList","@id":"https:\/\/alekeskus.eu\/toode\/liumagi-punane-175m-lopumuuk\/#breadcrumb","itemListElement":[{"@type":"ListItem","position":1,"name":"Avaleht","item":"https:\/\/alekeskus.eu\/et\/"},{"@type":"ListItem","position":2,"name":"Pood","item":"https:\/\/alekeskus.eu\/pood\/"},{"@type":"ListItem","position":3,"name":"Lium\u00e4gi 1,75m L\u00d5PUM\u00dc\u00dcK"}]},{"@type":"WebSite","@id":"https:\/\/alekeskus.eu\/#website","url":"https:\/\/alekeskus.eu\/","name":"Alekeskus","description":"Alekeskus.eu","potentialAction":[{"@type":"SearchAction","target":{"@type":"EntryPoint","urlTemplate":"https:\/\/alekeskus.eu\/?s={search_term_string}"},"query-input":{"@type":"PropertyValueSpecification","valueRequired":true,"valueName":"search_term_string"}}],"inLanguage":"et"}]}},"brands":[],"_links":{"self":[{"href":"https:\/\/alekeskus.eu\/et\/wp-json\/wp\/v2\/product\/63903","targetHints":{"allow":["GET"]}}],"collection":[{"href":"https:\/\/alekeskus.eu\/et\/wp-json\/wp\/v2\/product"}],"about":[{"href":"https:\/\/alekeskus.eu\/et\/wp-json\/wp\/v2\/types\/product"}],"wp:featuredmedia":[{"embeddable":true,"href":"https:\/\/alekeskus.eu\/et\/wp-json\/wp\/v2\/media\/63901"}],"wp:attachment":[{"href":"https:\/\/alekeskus.eu\/et\/wp-json\/wp\/v2\/media?parent=63903"}],"wp:term":[{"taxonomy":"pwb-brand","embeddable":true,"href":"https:\/\/alekeskus.eu\/et\/wp-json\/wp\/v2\/pwb-brand?post=63903"},{"taxonomy":"product_brand","embeddable":true,"href":"https:\/\/alekeskus.eu\/et\/wp-json\/wp\/v2\/product_brand?post=63903"},{"taxonomy":"product_cat","embeddable":true,"href":"https:\/\/alekeskus.eu\/et\/wp-json\/wp\/v2\/product_cat?post=63903"},{"taxonomy":"product_tag","embeddable":true,"href":"https:\/\/alekeskus.eu\/et\/wp-json\/wp\/v2\/product_tag?post=63903"}],"curies":[{"name":"wp","href":"https:\/\/api.w.org\/{rel}","templated":true}]}}