{"id":63961,"date":"2024-11-11T21:56:26","date_gmt":"2024-11-11T21:56:26","guid":{"rendered":"http:\/\/alekeskus.eu\/product\/ristaed-suvaimmutatud-pikkus-25m\/"},"modified":"2025-04-24T12:21:16","modified_gmt":"2025-04-24T12:21:16","slug":"ristaed-suvaimmutatud-pikkus-25m","status":"publish","type":"product","link":"https:\/\/alekeskus.eu\/et\/toode\/ristaed-suvaimmutatud-pikkus-25m\/","title":{"rendered":"Ristaed s\u00fcvaimmutatud (pikkus 2,5m)"},"content":{"rendered":"","protected":false},"excerpt":{"rendered":"<p>Valmis aiaelemendid (tsingitud naeltega) 2 erineva k\u00f5rgusega. Elemendi otsad ei ole p\u00fcstiselt l\u00f5igatud ja latid l\u00e4hevad j\u00e4rgmise elemendiga kokku.<\/p>\n<p>22 lippi \u00d8 60mm poolitatud ja faasitud otstega.\u00a0 Kestev s\u00fcvaimmutatud rohelist tooni okaspuu. R\u00f5htlatid ja postid lisahinnaga.\u00a0 <em>K\u00fcsi saadavust, sest toodetakse tellimise peale!<\/em><\/p>\n<p><strong>TASUTA VEDU alates 16tk-ist!<\/strong><\/p>\n","protected":false},"featured_media":63951,"template":"","meta":{"_monsterinsights_skip_tracking":false,"_monsterinsights_sitenote_active":false,"_monsterinsights_sitenote_note":"","_monsterinsights_sitenote_category":0},"pwb-brand":[18577],"product_brand":[],"product_cat":[13570,13530],"product_tag":[14250,14257,14323,14324,14596,14832,14901,18583],"class_list":{"0":"post-63961","1":"product","2":"type-product","3":"status-publish","4":"has-post-thumbnail","6":"pwb-brand-eesti","7":"product_cat-aiapaneelid-valmispiirded-ja-varavad","8":"product_cat-aed-ja-kodu","9":"product_tag-painekyllastetty","10":"product_tag-piire","11":"product_tag-suvaimmutatud","12":"product_tag-sugavimmutus","13":"product_tag-ristaed","14":"product_tag-aitaus","15":"product_tag-puitaed","16":"product_tag-ristikkoaita","17":"product_shipping_class-30-300kg","18":"pa_garantii-2-aastat","19":"pa_kohaletoimetamine-veohind-mandri-eestis-alekeskus","20":"pa_korgus-12-m","21":"pa_korgus-10-m","22":"pa_laoasukoht-laane-virumaa-eesti","23":"pa_varv-roheline","24":"pa_veame-eesti-ja-soome","26":"first","27":"onbackorder","28":"taxable","29":"shipping-taxable","30":"purchasable","31":"product-type-variable","32":"has-default-attributes"},"yoast_head":"<!-- This site is optimized with the Yoast SEO plugin v27.3 - https:\/\/yoast.com\/product\/yoast-seo-wordpress\/ -->\n<title>Ristaed s\u00fcvaimmutatud (pikkus 2,5m) - Alekeskus<\/title>\n<meta name=\"description\" content=\"S\u00fcgavimmutatud puidust kokkunaelutatud ristaed\" \/>\n<meta name=\"robots\" content=\"index, follow, max-snippet:-1, max-image-preview:large, max-video-preview:-1\" \/>\n<link rel=\"canonical\" href=\"https:\/\/alekeskus.eu\/toode\/ristaed-suvaimmutatud-pikkus-25m\/\" \/>\n<meta property=\"og:locale\" content=\"et_EE\" \/>\n<meta property=\"og:type\" content=\"article\" \/>\n<meta property=\"og:title\" content=\"Ristaed s\u00fcvaimmutatud (pikkus 2,5m) - Alekeskus\" \/>\n<meta property=\"og:description\" content=\"S\u00fcgavimmutatud puidust kokkunaelutatud ristaed\" \/>\n<meta property=\"og:url\" content=\"https:\/\/alekeskus.eu\/toode\/ristaed-suvaimmutatud-pikkus-25m\/\" \/>\n<meta property=\"og:site_name\" content=\"Alekeskus\" \/>\n<meta property=\"article:modified_time\" content=\"2025-04-24T12:21:16+00:00\" \/>\n<meta property=\"og:image\" content=\"https:\/\/alekeskus.eu\/wp-content\/uploads\/2021\/11\/184ristaed-s-vaimmutatud-pikkus-2-5m-0.jpg\" \/>\n\t<meta property=\"og:image:width\" content=\"898\" \/>\n\t<meta property=\"og:image:height\" content=\"592\" \/>\n\t<meta property=\"og:image:type\" content=\"image\/jpeg\" \/>\n<meta name=\"twitter:card\" content=\"summary_large_image\" \/>\n<meta name=\"twitter:label1\" content=\"Est. reading time\" \/>\n\t<meta name=\"twitter:data1\" content=\"1 minut\" \/>\n<script type=\"application\/ld+json\" class=\"yoast-schema-graph\">{\"@context\":\"https:\\\/\\\/schema.org\",\"@graph\":[{\"@type\":\"WebPage\",\"@id\":\"https:\\\/\\\/alekeskus.eu\\\/toode\\\/ristaed-suvaimmutatud-pikkus-25m\\\/\",\"url\":\"https:\\\/\\\/alekeskus.eu\\\/toode\\\/ristaed-suvaimmutatud-pikkus-25m\\\/\",\"name\":\"Ristaed s\u00fcvaimmutatud (pikkus 2,5m) - Alekeskus\",\"isPartOf\":{\"@id\":\"https:\\\/\\\/alekeskus.eu\\\/#website\"},\"primaryImageOfPage\":{\"@id\":\"https:\\\/\\\/alekeskus.eu\\\/toode\\\/ristaed-suvaimmutatud-pikkus-25m\\\/#primaryimage\"},\"image\":{\"@id\":\"https:\\\/\\\/alekeskus.eu\\\/toode\\\/ristaed-suvaimmutatud-pikkus-25m\\\/#primaryimage\"},\"thumbnailUrl\":\"https:\\\/\\\/alekeskus.eu\\\/wp-content\\\/uploads\\\/2021\\\/11\\\/184ristaed-s-vaimmutatud-pikkus-2-5m-0.jpg\",\"datePublished\":\"2024-11-11T21:56:26+00:00\",\"dateModified\":\"2025-04-24T12:21:16+00:00\",\"description\":\"S\u00fcgavimmutatud puidust kokkunaelutatud ristaed\",\"breadcrumb\":{\"@id\":\"https:\\\/\\\/alekeskus.eu\\\/toode\\\/ristaed-suvaimmutatud-pikkus-25m\\\/#breadcrumb\"},\"inLanguage\":\"et\",\"potentialAction\":[{\"@type\":\"ReadAction\",\"target\":[\"https:\\\/\\\/alekeskus.eu\\\/toode\\\/ristaed-suvaimmutatud-pikkus-25m\\\/\"]}]},{\"@type\":\"ImageObject\",\"inLanguage\":\"et\",\"@id\":\"https:\\\/\\\/alekeskus.eu\\\/toode\\\/ristaed-suvaimmutatud-pikkus-25m\\\/#primaryimage\",\"url\":\"https:\\\/\\\/alekeskus.eu\\\/wp-content\\\/uploads\\\/2021\\\/11\\\/184ristaed-s-vaimmutatud-pikkus-2-5m-0.jpg\",\"contentUrl\":\"https:\\\/\\\/alekeskus.eu\\\/wp-content\\\/uploads\\\/2021\\\/11\\\/184ristaed-s-vaimmutatud-pikkus-2-5m-0.jpg\",\"width\":898,\"height\":592},{\"@type\":\"BreadcrumbList\",\"@id\":\"https:\\\/\\\/alekeskus.eu\\\/toode\\\/ristaed-suvaimmutatud-pikkus-25m\\\/#breadcrumb\",\"itemListElement\":[{\"@type\":\"ListItem\",\"position\":1,\"name\":\"Avaleht\",\"item\":\"https:\\\/\\\/alekeskus.eu\\\/et\\\/\"},{\"@type\":\"ListItem\",\"position\":2,\"name\":\"Pood\",\"item\":\"https:\\\/\\\/alekeskus.eu\\\/pood\\\/\"},{\"@type\":\"ListItem\",\"position\":3,\"name\":\"Ristaed s\u00fcvaimmutatud (pikkus 2,5m)\"}]},{\"@type\":\"WebSite\",\"@id\":\"https:\\\/\\\/alekeskus.eu\\\/#website\",\"url\":\"https:\\\/\\\/alekeskus.eu\\\/\",\"name\":\"Alekeskus\",\"description\":\"Alekeskus.eu\",\"potentialAction\":[{\"@type\":\"SearchAction\",\"target\":{\"@type\":\"EntryPoint\",\"urlTemplate\":\"https:\\\/\\\/alekeskus.eu\\\/?s={search_term_string}\"},\"query-input\":{\"@type\":\"PropertyValueSpecification\",\"valueRequired\":true,\"valueName\":\"search_term_string\"}}],\"inLanguage\":\"et\"}]}<\/script>\n<!-- \/ Yoast SEO plugin. -->","yoast_head_json":{"title":"Ristaed s\u00fcvaimmutatud (pikkus 2,5m) - Alekeskus","description":"S\u00fcgavimmutatud puidust kokkunaelutatud ristaed","robots":{"index":"index","follow":"follow","max-snippet":"max-snippet:-1","max-image-preview":"max-image-preview:large","max-video-preview":"max-video-preview:-1"},"canonical":"https:\/\/alekeskus.eu\/toode\/ristaed-suvaimmutatud-pikkus-25m\/","og_locale":"et_EE","og_type":"article","og_title":"Ristaed s\u00fcvaimmutatud (pikkus 2,5m) - Alekeskus","og_description":"S\u00fcgavimmutatud puidust kokkunaelutatud ristaed","og_url":"https:\/\/alekeskus.eu\/toode\/ristaed-suvaimmutatud-pikkus-25m\/","og_site_name":"Alekeskus","article_modified_time":"2025-04-24T12:21:16+00:00","og_image":[{"width":898,"height":592,"url":"https:\/\/alekeskus.eu\/wp-content\/uploads\/2021\/11\/184ristaed-s-vaimmutatud-pikkus-2-5m-0.jpg","type":"image\/jpeg"}],"twitter_card":"summary_large_image","twitter_misc":{"Est. reading time":"1 minut"},"schema":{"@context":"https:\/\/schema.org","@graph":[{"@type":"WebPage","@id":"https:\/\/alekeskus.eu\/toode\/ristaed-suvaimmutatud-pikkus-25m\/","url":"https:\/\/alekeskus.eu\/toode\/ristaed-suvaimmutatud-pikkus-25m\/","name":"Ristaed s\u00fcvaimmutatud (pikkus 2,5m) - Alekeskus","isPartOf":{"@id":"https:\/\/alekeskus.eu\/#website"},"primaryImageOfPage":{"@id":"https:\/\/alekeskus.eu\/toode\/ristaed-suvaimmutatud-pikkus-25m\/#primaryimage"},"image":{"@id":"https:\/\/alekeskus.eu\/toode\/ristaed-suvaimmutatud-pikkus-25m\/#primaryimage"},"thumbnailUrl":"https:\/\/alekeskus.eu\/wp-content\/uploads\/2021\/11\/184ristaed-s-vaimmutatud-pikkus-2-5m-0.jpg","datePublished":"2024-11-11T21:56:26+00:00","dateModified":"2025-04-24T12:21:16+00:00","description":"S\u00fcgavimmutatud puidust kokkunaelutatud ristaed","breadcrumb":{"@id":"https:\/\/alekeskus.eu\/toode\/ristaed-suvaimmutatud-pikkus-25m\/#breadcrumb"},"inLanguage":"et","potentialAction":[{"@type":"ReadAction","target":["https:\/\/alekeskus.eu\/toode\/ristaed-suvaimmutatud-pikkus-25m\/"]}]},{"@type":"ImageObject","inLanguage":"et","@id":"https:\/\/alekeskus.eu\/toode\/ristaed-suvaimmutatud-pikkus-25m\/#primaryimage","url":"https:\/\/alekeskus.eu\/wp-content\/uploads\/2021\/11\/184ristaed-s-vaimmutatud-pikkus-2-5m-0.jpg","contentUrl":"https:\/\/alekeskus.eu\/wp-content\/uploads\/2021\/11\/184ristaed-s-vaimmutatud-pikkus-2-5m-0.jpg","width":898,"height":592},{"@type":"BreadcrumbList","@id":"https:\/\/alekeskus.eu\/toode\/ristaed-suvaimmutatud-pikkus-25m\/#breadcrumb","itemListElement":[{"@type":"ListItem","position":1,"name":"Avaleht","item":"https:\/\/alekeskus.eu\/et\/"},{"@type":"ListItem","position":2,"name":"Pood","item":"https:\/\/alekeskus.eu\/pood\/"},{"@type":"ListItem","position":3,"name":"Ristaed s\u00fcvaimmutatud (pikkus 2,5m)"}]},{"@type":"WebSite","@id":"https:\/\/alekeskus.eu\/#website","url":"https:\/\/alekeskus.eu\/","name":"Alekeskus","description":"Alekeskus.eu","potentialAction":[{"@type":"SearchAction","target":{"@type":"EntryPoint","urlTemplate":"https:\/\/alekeskus.eu\/?s={search_term_string}"},"query-input":{"@type":"PropertyValueSpecification","valueRequired":true,"valueName":"search_term_string"}}],"inLanguage":"et"}]}},"brands":[{"id":18577,"name":"Eesti","slug":"eesti"}],"_links":{"self":[{"href":"https:\/\/alekeskus.eu\/et\/wp-json\/wp\/v2\/product\/63961","targetHints":{"allow":["GET"]}}],"collection":[{"href":"https:\/\/alekeskus.eu\/et\/wp-json\/wp\/v2\/product"}],"about":[{"href":"https:\/\/alekeskus.eu\/et\/wp-json\/wp\/v2\/types\/product"}],"wp:featuredmedia":[{"embeddable":true,"href":"https:\/\/alekeskus.eu\/et\/wp-json\/wp\/v2\/media\/63951"}],"wp:attachment":[{"href":"https:\/\/alekeskus.eu\/et\/wp-json\/wp\/v2\/media?parent=63961"}],"wp:term":[{"taxonomy":"pwb-brand","embeddable":true,"href":"https:\/\/alekeskus.eu\/et\/wp-json\/wp\/v2\/pwb-brand?post=63961"},{"taxonomy":"product_brand","embeddable":true,"href":"https:\/\/alekeskus.eu\/et\/wp-json\/wp\/v2\/product_brand?post=63961"},{"taxonomy":"product_cat","embeddable":true,"href":"https:\/\/alekeskus.eu\/et\/wp-json\/wp\/v2\/product_cat?post=63961"},{"taxonomy":"product_tag","embeddable":true,"href":"https:\/\/alekeskus.eu\/et\/wp-json\/wp\/v2\/product_tag?post=63961"}],"curies":[{"name":"wp","href":"https:\/\/api.w.org\/{rel}","templated":true}]}}