{"id":63999,"date":"2025-11-11T21:56:47","date_gmt":"2025-11-11T21:56:47","guid":{"rendered":"http:\/\/alekeskus.eu\/product\/terrassi-tugipost-niiskustokkega\/"},"modified":"2026-04-20T15:08:54","modified_gmt":"2026-04-20T15:08:54","slug":"terrassi-tugipost-alekeskus","status":"publish","type":"product","link":"https:\/\/alekeskus.eu\/et\/toode\/terrassi-tugipost-alekeskus\/","title":{"rendered":"Terrassi tugipost betoonist"},"content":{"rendered":"","protected":false},"excerpt":{"rendered":"<p>M\u00f5\u00f5dud 15 x 15 x 80 cm.<\/p>\n<p>&#8211; kasutamisvalmis toode, mis h\u00f5lbustab ja kiirendab kergehitiste (terrass, kasvuhoone, auto varjualune, saun, aiamaja jne) p\u00fcstitamist<\/p>\n<p>&#8211; puudub tarvidus segu valmistada ning kivistumist oodata<br \/>\n&#8211; pealispinna 55mm laiune ist tagab kandva ehituspuidu liikumatuse k\u00fclgsuunas ning j\u00e4tab \u00e4ra lisakulutused kinnitustarvikutele<\/p>\n<p>Alusel 32 tk. Kaal 41 kg \/ tk.<\/p>\n<p>Survetugevus 43 MPa, k\u00fclmakindlusklass KK1. Valmistatud Eestis.<\/p>\n","protected":false},"featured_media":63995,"template":"","meta":{"_monsterinsights_skip_tracking":false,"_monsterinsights_sitenote_active":false,"_monsterinsights_sitenote_note":"","_monsterinsights_sitenote_category":0},"pwb-brand":[18577],"product_brand":[],"product_cat":[13532,13530],"product_tag":[17439,18530,19288,14621,14643],"class_list":{"0":"post-63999","1":"product","2":"type-product","3":"status-publish","4":"has-post-thumbnail","6":"pwb-brand-eesti","7":"product_cat-postid-ja-aiad","8":"product_cat-aed-ja-kodu","9":"product_tag-aluspost","10":"product_tag-tukipylvas","11":"product_tag-betoonpost","12":"product_tag-tugipost","13":"product_tag-terrass","14":"product_shipping_class-30-300kg","15":"pa_garantii-2-aastat","16":"pa_kohaletoimetamine-veohind-mandri-eestis-alekeskus","17":"pa_laoasukoht-tartumaa","18":"pa_tellimisaeg-2-10-toopaeva","19":"pa_veame-eesti-ja-soome","21":"first","22":"instock","23":"featured","24":"taxable","25":"shipping-taxable","26":"purchasable","27":"product-type-simple"},"yoast_head":"<!-- This site is optimized with the Yoast SEO plugin v27.3 - https:\/\/yoast.com\/product\/yoast-seo-wordpress\/ -->\n<title>Terrassi tugipost betoonist - Alekeskus<\/title>\n<meta name=\"description\" content=\"terrassi tugipost betoonist\" \/>\n<meta name=\"robots\" content=\"index, follow, max-snippet:-1, max-image-preview:large, max-video-preview:-1\" \/>\n<link rel=\"canonical\" href=\"https:\/\/alekeskus.eu\/et\/toode\/terrassi-tugipost-alekeskus\/\" \/>\n<meta property=\"og:locale\" content=\"et_EE\" \/>\n<meta property=\"og:type\" content=\"article\" \/>\n<meta property=\"og:title\" content=\"Terrassi tugipost betoonist - Alekeskus\" \/>\n<meta property=\"og:description\" content=\"terrassi tugipost betoonist\" \/>\n<meta property=\"og:url\" content=\"https:\/\/alekeskus.eu\/et\/toode\/terrassi-tugipost-alekeskus\/\" \/>\n<meta property=\"og:site_name\" content=\"Alekeskus\" \/>\n<meta property=\"article:modified_time\" content=\"2026-04-20T15:08:54+00:00\" \/>\n<meta property=\"og:image\" content=\"https:\/\/alekeskus.eu\/wp-content\/uploads\/2021\/11\/298terrassi-tugipost-niiskust-kkega-0-scaled.jpg\" \/>\n\t<meta property=\"og:image:width\" content=\"1067\" \/>\n\t<meta property=\"og:image:height\" content=\"1600\" \/>\n\t<meta property=\"og:image:type\" content=\"image\/jpeg\" \/>\n<meta name=\"twitter:card\" content=\"summary_large_image\" \/>\n<meta name=\"twitter:label1\" content=\"Est. reading time\" \/>\n\t<meta name=\"twitter:data1\" content=\"1 minut\" \/>\n<script type=\"application\/ld+json\" class=\"yoast-schema-graph\">{\"@context\":\"https:\\\/\\\/schema.org\",\"@graph\":[{\"@type\":\"WebPage\",\"@id\":\"https:\\\/\\\/alekeskus.eu\\\/et\\\/toode\\\/terrassi-tugipost-alekeskus\\\/\",\"url\":\"https:\\\/\\\/alekeskus.eu\\\/et\\\/toode\\\/terrassi-tugipost-alekeskus\\\/\",\"name\":\"Terrassi tugipost betoonist - Alekeskus\",\"isPartOf\":{\"@id\":\"https:\\\/\\\/alekeskus.eu\\\/#website\"},\"primaryImageOfPage\":{\"@id\":\"https:\\\/\\\/alekeskus.eu\\\/et\\\/toode\\\/terrassi-tugipost-alekeskus\\\/#primaryimage\"},\"image\":{\"@id\":\"https:\\\/\\\/alekeskus.eu\\\/et\\\/toode\\\/terrassi-tugipost-alekeskus\\\/#primaryimage\"},\"thumbnailUrl\":\"https:\\\/\\\/alekeskus.eu\\\/wp-content\\\/uploads\\\/2021\\\/11\\\/298terrassi-tugipost-niiskust-kkega-0-scaled.jpg\",\"datePublished\":\"2025-11-11T21:56:47+00:00\",\"dateModified\":\"2026-04-20T15:08:54+00:00\",\"description\":\"terrassi tugipost betoonist\",\"breadcrumb\":{\"@id\":\"https:\\\/\\\/alekeskus.eu\\\/et\\\/toode\\\/terrassi-tugipost-alekeskus\\\/#breadcrumb\"},\"inLanguage\":\"et\",\"potentialAction\":[{\"@type\":\"ReadAction\",\"target\":[\"https:\\\/\\\/alekeskus.eu\\\/et\\\/toode\\\/terrassi-tugipost-alekeskus\\\/\"]}]},{\"@type\":\"ImageObject\",\"inLanguage\":\"et\",\"@id\":\"https:\\\/\\\/alekeskus.eu\\\/et\\\/toode\\\/terrassi-tugipost-alekeskus\\\/#primaryimage\",\"url\":\"https:\\\/\\\/alekeskus.eu\\\/wp-content\\\/uploads\\\/2021\\\/11\\\/298terrassi-tugipost-niiskust-kkega-0-scaled.jpg\",\"contentUrl\":\"https:\\\/\\\/alekeskus.eu\\\/wp-content\\\/uploads\\\/2021\\\/11\\\/298terrassi-tugipost-niiskust-kkega-0-scaled.jpg\",\"width\":1067,\"height\":1600},{\"@type\":\"BreadcrumbList\",\"@id\":\"https:\\\/\\\/alekeskus.eu\\\/et\\\/toode\\\/terrassi-tugipost-alekeskus\\\/#breadcrumb\",\"itemListElement\":[{\"@type\":\"ListItem\",\"position\":1,\"name\":\"Avaleht\",\"item\":\"https:\\\/\\\/alekeskus.eu\\\/et\\\/\"},{\"@type\":\"ListItem\",\"position\":2,\"name\":\"Pood\",\"item\":\"https:\\\/\\\/alekeskus.eu\\\/pood\\\/\"},{\"@type\":\"ListItem\",\"position\":3,\"name\":\"Terrassi tugipost betoonist\"}]},{\"@type\":\"WebSite\",\"@id\":\"https:\\\/\\\/alekeskus.eu\\\/#website\",\"url\":\"https:\\\/\\\/alekeskus.eu\\\/\",\"name\":\"Alekeskus\",\"description\":\"Alekeskus.eu\",\"potentialAction\":[{\"@type\":\"SearchAction\",\"target\":{\"@type\":\"EntryPoint\",\"urlTemplate\":\"https:\\\/\\\/alekeskus.eu\\\/?s={search_term_string}\"},\"query-input\":{\"@type\":\"PropertyValueSpecification\",\"valueRequired\":true,\"valueName\":\"search_term_string\"}}],\"inLanguage\":\"et\"}]}<\/script>\n<!-- \/ Yoast SEO plugin. -->","yoast_head_json":{"title":"Terrassi tugipost betoonist - Alekeskus","description":"terrassi tugipost betoonist","robots":{"index":"index","follow":"follow","max-snippet":"max-snippet:-1","max-image-preview":"max-image-preview:large","max-video-preview":"max-video-preview:-1"},"canonical":"https:\/\/alekeskus.eu\/et\/toode\/terrassi-tugipost-alekeskus\/","og_locale":"et_EE","og_type":"article","og_title":"Terrassi tugipost betoonist - Alekeskus","og_description":"terrassi tugipost betoonist","og_url":"https:\/\/alekeskus.eu\/et\/toode\/terrassi-tugipost-alekeskus\/","og_site_name":"Alekeskus","article_modified_time":"2026-04-20T15:08:54+00:00","og_image":[{"width":1067,"height":1600,"url":"https:\/\/alekeskus.eu\/wp-content\/uploads\/2021\/11\/298terrassi-tugipost-niiskust-kkega-0-scaled.jpg","type":"image\/jpeg"}],"twitter_card":"summary_large_image","twitter_misc":{"Est. reading time":"1 minut"},"schema":{"@context":"https:\/\/schema.org","@graph":[{"@type":"WebPage","@id":"https:\/\/alekeskus.eu\/et\/toode\/terrassi-tugipost-alekeskus\/","url":"https:\/\/alekeskus.eu\/et\/toode\/terrassi-tugipost-alekeskus\/","name":"Terrassi tugipost betoonist - Alekeskus","isPartOf":{"@id":"https:\/\/alekeskus.eu\/#website"},"primaryImageOfPage":{"@id":"https:\/\/alekeskus.eu\/et\/toode\/terrassi-tugipost-alekeskus\/#primaryimage"},"image":{"@id":"https:\/\/alekeskus.eu\/et\/toode\/terrassi-tugipost-alekeskus\/#primaryimage"},"thumbnailUrl":"https:\/\/alekeskus.eu\/wp-content\/uploads\/2021\/11\/298terrassi-tugipost-niiskust-kkega-0-scaled.jpg","datePublished":"2025-11-11T21:56:47+00:00","dateModified":"2026-04-20T15:08:54+00:00","description":"terrassi tugipost betoonist","breadcrumb":{"@id":"https:\/\/alekeskus.eu\/et\/toode\/terrassi-tugipost-alekeskus\/#breadcrumb"},"inLanguage":"et","potentialAction":[{"@type":"ReadAction","target":["https:\/\/alekeskus.eu\/et\/toode\/terrassi-tugipost-alekeskus\/"]}]},{"@type":"ImageObject","inLanguage":"et","@id":"https:\/\/alekeskus.eu\/et\/toode\/terrassi-tugipost-alekeskus\/#primaryimage","url":"https:\/\/alekeskus.eu\/wp-content\/uploads\/2021\/11\/298terrassi-tugipost-niiskust-kkega-0-scaled.jpg","contentUrl":"https:\/\/alekeskus.eu\/wp-content\/uploads\/2021\/11\/298terrassi-tugipost-niiskust-kkega-0-scaled.jpg","width":1067,"height":1600},{"@type":"BreadcrumbList","@id":"https:\/\/alekeskus.eu\/et\/toode\/terrassi-tugipost-alekeskus\/#breadcrumb","itemListElement":[{"@type":"ListItem","position":1,"name":"Avaleht","item":"https:\/\/alekeskus.eu\/et\/"},{"@type":"ListItem","position":2,"name":"Pood","item":"https:\/\/alekeskus.eu\/pood\/"},{"@type":"ListItem","position":3,"name":"Terrassi tugipost betoonist"}]},{"@type":"WebSite","@id":"https:\/\/alekeskus.eu\/#website","url":"https:\/\/alekeskus.eu\/","name":"Alekeskus","description":"Alekeskus.eu","potentialAction":[{"@type":"SearchAction","target":{"@type":"EntryPoint","urlTemplate":"https:\/\/alekeskus.eu\/?s={search_term_string}"},"query-input":{"@type":"PropertyValueSpecification","valueRequired":true,"valueName":"search_term_string"}}],"inLanguage":"et"}]}},"brands":[{"id":18577,"name":"Eesti","slug":"eesti"}],"_links":{"self":[{"href":"https:\/\/alekeskus.eu\/et\/wp-json\/wp\/v2\/product\/63999","targetHints":{"allow":["GET"]}}],"collection":[{"href":"https:\/\/alekeskus.eu\/et\/wp-json\/wp\/v2\/product"}],"about":[{"href":"https:\/\/alekeskus.eu\/et\/wp-json\/wp\/v2\/types\/product"}],"wp:featuredmedia":[{"embeddable":true,"href":"https:\/\/alekeskus.eu\/et\/wp-json\/wp\/v2\/media\/63995"}],"wp:attachment":[{"href":"https:\/\/alekeskus.eu\/et\/wp-json\/wp\/v2\/media?parent=63999"}],"wp:term":[{"taxonomy":"pwb-brand","embeddable":true,"href":"https:\/\/alekeskus.eu\/et\/wp-json\/wp\/v2\/pwb-brand?post=63999"},{"taxonomy":"product_brand","embeddable":true,"href":"https:\/\/alekeskus.eu\/et\/wp-json\/wp\/v2\/product_brand?post=63999"},{"taxonomy":"product_cat","embeddable":true,"href":"https:\/\/alekeskus.eu\/et\/wp-json\/wp\/v2\/product_cat?post=63999"},{"taxonomy":"product_tag","embeddable":true,"href":"https:\/\/alekeskus.eu\/et\/wp-json\/wp\/v2\/product_tag?post=63999"}],"curies":[{"name":"wp","href":"https:\/\/api.w.org\/{rel}","templated":true}]}}