{"id":64174,"date":"2026-03-11T21:58:24","date_gmt":"2026-03-11T21:58:24","guid":{"rendered":"http:\/\/alekeskus.eu\/product\/vaike-lille-ja-esitlusriiul-kirjutustahvliga\/"},"modified":"2026-03-22T06:56:53","modified_gmt":"2026-03-22T06:56:53","slug":"vaike-lille-ja-esitlusriiul-kirjutustahvliga","status":"publish","type":"product","link":"https:\/\/alekeskus.eu\/et\/toode\/vaike-lille-ja-esitlusriiul-kirjutustahvliga\/","title":{"rendered":"Lille- ja esitlusriiul kirjutustahvliga VALGE peitsiga L\u00d5PUM\u00dc\u00dcK!"},"content":{"rendered":"","protected":false},"excerpt":{"rendered":"<p>Lillede ja kaupade esitlemise riiul tuppa, r\u00f5dule, lehtlasse v\u00f5i kohvikutesse ning poodidesse.<\/p>\n<p>K\u00f5rgus 790 x laius 390 mm. Pakendis valmis toode. Viimistletud veep\u00f5hise <strong>valkja peitsiga<\/strong>(esipildil hall toode on l\u00e4bim\u00fc\u00fcdud).<\/p>\n<p>Eesti toode.<\/p>\n<p>Kohe saadaval Palsepa (Noarootsi) laos ettehelistamisega 5015483.<\/p>\n","protected":false},"featured_media":64166,"template":"","meta":{"_monsterinsights_skip_tracking":false,"_monsterinsights_sitenote_active":false,"_monsterinsights_sitenote_note":"","_monsterinsights_sitenote_category":0},"pwb-brand":[18577],"product_brand":[],"product_cat":[13564,18677,13538,13530],"product_tag":[14006,14007,14008],"class_list":{"0":"post-64174","1":"product","2":"type-product","3":"status-publish","4":"has-post-thumbnail","6":"pwb-brand-eesti","7":"product_cat-aiamoobel","8":"product_cat-lopumuuk","9":"product_cat-ale","10":"product_cat-aed-ja-kodu","11":"product_tag-furniture","12":"product_tag-riiul","13":"product_tag-sailytys","14":"product_shipping_class-pakiautomaat","15":"pa_garantii-2-aastat","16":"pa_tellimisaeg-2-10-toopaeva","17":"pa_veame-eesti-ja-soome","19":"first","20":"instock","21":"sale","22":"featured","23":"taxable","24":"shipping-taxable","25":"purchasable","26":"product-type-simple"},"yoast_head":"<!-- This site is optimized with the Yoast SEO plugin v27.3 - https:\/\/yoast.com\/product\/yoast-seo-wordpress\/ -->\n<title>Lille- ja esitlusriiul kirjutustahvliga VALGE peitsiga L\u00d5PUM\u00dc\u00dcK! - Alekeskus<\/title>\n<meta name=\"description\" content=\"puidust lilleriiul\" \/>\n<meta name=\"robots\" content=\"index, follow, max-snippet:-1, max-image-preview:large, max-video-preview:-1\" \/>\n<link rel=\"canonical\" href=\"https:\/\/alekeskus.eu\/et\/toode\/vaike-lille-ja-esitlusriiul-kirjutustahvliga\/\" \/>\n<meta property=\"og:locale\" content=\"et_EE\" \/>\n<meta property=\"og:type\" content=\"article\" \/>\n<meta property=\"og:title\" content=\"Lille- ja esitlusriiul kirjutustahvliga VALGE peitsiga L\u00d5PUM\u00dc\u00dcK! - Alekeskus\" \/>\n<meta property=\"og:description\" content=\"puidust lilleriiul\" \/>\n<meta property=\"og:url\" content=\"https:\/\/alekeskus.eu\/et\/toode\/vaike-lille-ja-esitlusriiul-kirjutustahvliga\/\" \/>\n<meta property=\"og:site_name\" content=\"Alekeskus\" \/>\n<meta property=\"article:modified_time\" content=\"2026-03-22T06:56:53+00:00\" \/>\n<meta property=\"og:image\" content=\"https:\/\/alekeskus.eu\/wp-content\/uploads\/2021\/11\/740v-ike-lille-ja-esitlusriiul-kirjutustahvliga-0.jpg\" \/>\n\t<meta property=\"og:image:width\" content=\"1275\" \/>\n\t<meta property=\"og:image:height\" content=\"1070\" \/>\n\t<meta property=\"og:image:type\" content=\"image\/jpeg\" \/>\n<meta name=\"twitter:card\" content=\"summary_large_image\" \/>\n<meta name=\"twitter:label1\" content=\"Est. reading time\" \/>\n\t<meta name=\"twitter:data1\" content=\"1 minut\" \/>\n<script type=\"application\/ld+json\" class=\"yoast-schema-graph\">{\"@context\":\"https:\\\/\\\/schema.org\",\"@graph\":[{\"@type\":\"WebPage\",\"@id\":\"https:\\\/\\\/alekeskus.eu\\\/et\\\/toode\\\/vaike-lille-ja-esitlusriiul-kirjutustahvliga\\\/\",\"url\":\"https:\\\/\\\/alekeskus.eu\\\/et\\\/toode\\\/vaike-lille-ja-esitlusriiul-kirjutustahvliga\\\/\",\"name\":\"Lille- ja esitlusriiul kirjutustahvliga VALGE peitsiga L\u00d5PUM\u00dc\u00dcK! - Alekeskus\",\"isPartOf\":{\"@id\":\"https:\\\/\\\/alekeskus.eu\\\/#website\"},\"primaryImageOfPage\":{\"@id\":\"https:\\\/\\\/alekeskus.eu\\\/et\\\/toode\\\/vaike-lille-ja-esitlusriiul-kirjutustahvliga\\\/#primaryimage\"},\"image\":{\"@id\":\"https:\\\/\\\/alekeskus.eu\\\/et\\\/toode\\\/vaike-lille-ja-esitlusriiul-kirjutustahvliga\\\/#primaryimage\"},\"thumbnailUrl\":\"https:\\\/\\\/alekeskus.eu\\\/wp-content\\\/uploads\\\/2021\\\/11\\\/740v-ike-lille-ja-esitlusriiul-kirjutustahvliga-0.jpg\",\"datePublished\":\"2026-03-11T21:58:24+00:00\",\"dateModified\":\"2026-03-22T06:56:53+00:00\",\"description\":\"puidust lilleriiul\",\"breadcrumb\":{\"@id\":\"https:\\\/\\\/alekeskus.eu\\\/et\\\/toode\\\/vaike-lille-ja-esitlusriiul-kirjutustahvliga\\\/#breadcrumb\"},\"inLanguage\":\"et\",\"potentialAction\":[{\"@type\":\"ReadAction\",\"target\":[\"https:\\\/\\\/alekeskus.eu\\\/et\\\/toode\\\/vaike-lille-ja-esitlusriiul-kirjutustahvliga\\\/\"]}]},{\"@type\":\"ImageObject\",\"inLanguage\":\"et\",\"@id\":\"https:\\\/\\\/alekeskus.eu\\\/et\\\/toode\\\/vaike-lille-ja-esitlusriiul-kirjutustahvliga\\\/#primaryimage\",\"url\":\"https:\\\/\\\/alekeskus.eu\\\/wp-content\\\/uploads\\\/2021\\\/11\\\/740v-ike-lille-ja-esitlusriiul-kirjutustahvliga-0.jpg\",\"contentUrl\":\"https:\\\/\\\/alekeskus.eu\\\/wp-content\\\/uploads\\\/2021\\\/11\\\/740v-ike-lille-ja-esitlusriiul-kirjutustahvliga-0.jpg\",\"width\":1275,\"height\":1070},{\"@type\":\"BreadcrumbList\",\"@id\":\"https:\\\/\\\/alekeskus.eu\\\/et\\\/toode\\\/vaike-lille-ja-esitlusriiul-kirjutustahvliga\\\/#breadcrumb\",\"itemListElement\":[{\"@type\":\"ListItem\",\"position\":1,\"name\":\"Avaleht\",\"item\":\"https:\\\/\\\/alekeskus.eu\\\/et\\\/\"},{\"@type\":\"ListItem\",\"position\":2,\"name\":\"Pood\",\"item\":\"https:\\\/\\\/alekeskus.eu\\\/pood\\\/\"},{\"@type\":\"ListItem\",\"position\":3,\"name\":\"Lille- ja esitlusriiul kirjutustahvliga VALGE peitsiga L\u00d5PUM\u00dc\u00dcK!\"}]},{\"@type\":\"WebSite\",\"@id\":\"https:\\\/\\\/alekeskus.eu\\\/#website\",\"url\":\"https:\\\/\\\/alekeskus.eu\\\/\",\"name\":\"Alekeskus\",\"description\":\"Alekeskus.eu\",\"potentialAction\":[{\"@type\":\"SearchAction\",\"target\":{\"@type\":\"EntryPoint\",\"urlTemplate\":\"https:\\\/\\\/alekeskus.eu\\\/?s={search_term_string}\"},\"query-input\":{\"@type\":\"PropertyValueSpecification\",\"valueRequired\":true,\"valueName\":\"search_term_string\"}}],\"inLanguage\":\"et\"}]}<\/script>\n<!-- \/ Yoast SEO plugin. -->","yoast_head_json":{"title":"Lille- ja esitlusriiul kirjutustahvliga VALGE peitsiga L\u00d5PUM\u00dc\u00dcK! - Alekeskus","description":"puidust lilleriiul","robots":{"index":"index","follow":"follow","max-snippet":"max-snippet:-1","max-image-preview":"max-image-preview:large","max-video-preview":"max-video-preview:-1"},"canonical":"https:\/\/alekeskus.eu\/et\/toode\/vaike-lille-ja-esitlusriiul-kirjutustahvliga\/","og_locale":"et_EE","og_type":"article","og_title":"Lille- ja esitlusriiul kirjutustahvliga VALGE peitsiga L\u00d5PUM\u00dc\u00dcK! - Alekeskus","og_description":"puidust lilleriiul","og_url":"https:\/\/alekeskus.eu\/et\/toode\/vaike-lille-ja-esitlusriiul-kirjutustahvliga\/","og_site_name":"Alekeskus","article_modified_time":"2026-03-22T06:56:53+00:00","og_image":[{"width":1275,"height":1070,"url":"https:\/\/alekeskus.eu\/wp-content\/uploads\/2021\/11\/740v-ike-lille-ja-esitlusriiul-kirjutustahvliga-0.jpg","type":"image\/jpeg"}],"twitter_card":"summary_large_image","twitter_misc":{"Est. reading time":"1 minut"},"schema":{"@context":"https:\/\/schema.org","@graph":[{"@type":"WebPage","@id":"https:\/\/alekeskus.eu\/et\/toode\/vaike-lille-ja-esitlusriiul-kirjutustahvliga\/","url":"https:\/\/alekeskus.eu\/et\/toode\/vaike-lille-ja-esitlusriiul-kirjutustahvliga\/","name":"Lille- ja esitlusriiul kirjutustahvliga VALGE peitsiga L\u00d5PUM\u00dc\u00dcK! - Alekeskus","isPartOf":{"@id":"https:\/\/alekeskus.eu\/#website"},"primaryImageOfPage":{"@id":"https:\/\/alekeskus.eu\/et\/toode\/vaike-lille-ja-esitlusriiul-kirjutustahvliga\/#primaryimage"},"image":{"@id":"https:\/\/alekeskus.eu\/et\/toode\/vaike-lille-ja-esitlusriiul-kirjutustahvliga\/#primaryimage"},"thumbnailUrl":"https:\/\/alekeskus.eu\/wp-content\/uploads\/2021\/11\/740v-ike-lille-ja-esitlusriiul-kirjutustahvliga-0.jpg","datePublished":"2026-03-11T21:58:24+00:00","dateModified":"2026-03-22T06:56:53+00:00","description":"puidust lilleriiul","breadcrumb":{"@id":"https:\/\/alekeskus.eu\/et\/toode\/vaike-lille-ja-esitlusriiul-kirjutustahvliga\/#breadcrumb"},"inLanguage":"et","potentialAction":[{"@type":"ReadAction","target":["https:\/\/alekeskus.eu\/et\/toode\/vaike-lille-ja-esitlusriiul-kirjutustahvliga\/"]}]},{"@type":"ImageObject","inLanguage":"et","@id":"https:\/\/alekeskus.eu\/et\/toode\/vaike-lille-ja-esitlusriiul-kirjutustahvliga\/#primaryimage","url":"https:\/\/alekeskus.eu\/wp-content\/uploads\/2021\/11\/740v-ike-lille-ja-esitlusriiul-kirjutustahvliga-0.jpg","contentUrl":"https:\/\/alekeskus.eu\/wp-content\/uploads\/2021\/11\/740v-ike-lille-ja-esitlusriiul-kirjutustahvliga-0.jpg","width":1275,"height":1070},{"@type":"BreadcrumbList","@id":"https:\/\/alekeskus.eu\/et\/toode\/vaike-lille-ja-esitlusriiul-kirjutustahvliga\/#breadcrumb","itemListElement":[{"@type":"ListItem","position":1,"name":"Avaleht","item":"https:\/\/alekeskus.eu\/et\/"},{"@type":"ListItem","position":2,"name":"Pood","item":"https:\/\/alekeskus.eu\/pood\/"},{"@type":"ListItem","position":3,"name":"Lille- ja esitlusriiul kirjutustahvliga VALGE peitsiga L\u00d5PUM\u00dc\u00dcK!"}]},{"@type":"WebSite","@id":"https:\/\/alekeskus.eu\/#website","url":"https:\/\/alekeskus.eu\/","name":"Alekeskus","description":"Alekeskus.eu","potentialAction":[{"@type":"SearchAction","target":{"@type":"EntryPoint","urlTemplate":"https:\/\/alekeskus.eu\/?s={search_term_string}"},"query-input":{"@type":"PropertyValueSpecification","valueRequired":true,"valueName":"search_term_string"}}],"inLanguage":"et"}]}},"brands":[{"id":18577,"name":"Eesti","slug":"eesti"}],"_links":{"self":[{"href":"https:\/\/alekeskus.eu\/et\/wp-json\/wp\/v2\/product\/64174","targetHints":{"allow":["GET"]}}],"collection":[{"href":"https:\/\/alekeskus.eu\/et\/wp-json\/wp\/v2\/product"}],"about":[{"href":"https:\/\/alekeskus.eu\/et\/wp-json\/wp\/v2\/types\/product"}],"wp:featuredmedia":[{"embeddable":true,"href":"https:\/\/alekeskus.eu\/et\/wp-json\/wp\/v2\/media\/64166"}],"wp:attachment":[{"href":"https:\/\/alekeskus.eu\/et\/wp-json\/wp\/v2\/media?parent=64174"}],"wp:term":[{"taxonomy":"pwb-brand","embeddable":true,"href":"https:\/\/alekeskus.eu\/et\/wp-json\/wp\/v2\/pwb-brand?post=64174"},{"taxonomy":"product_brand","embeddable":true,"href":"https:\/\/alekeskus.eu\/et\/wp-json\/wp\/v2\/product_brand?post=64174"},{"taxonomy":"product_cat","embeddable":true,"href":"https:\/\/alekeskus.eu\/et\/wp-json\/wp\/v2\/product_cat?post=64174"},{"taxonomy":"product_tag","embeddable":true,"href":"https:\/\/alekeskus.eu\/et\/wp-json\/wp\/v2\/product_tag?post=64174"}],"curies":[{"name":"wp","href":"https:\/\/api.w.org\/{rel}","templated":true}]}}