{"id":64200,"date":"2025-12-11T21:58:36","date_gmt":"2025-12-11T21:58:36","guid":{"rendered":"http:\/\/alekeskus.eu\/product\/uhekordne-looduses-hajuv-soegrill\/"},"modified":"2026-02-12T15:07:04","modified_gmt":"2026-02-12T15:07:04","slug":"uhekordne-looduses-hajuv-soegrill-alekeskus","status":"publish","type":"product","link":"https:\/\/alekeskus.eu\/et\/toode\/uhekordne-looduses-hajuv-soegrill-alekeskus\/","title":{"rendered":"\u00dchekordne pr\u00fcgivaba s\u00f6egrill matkale (Eesti toode)"},"content":{"rendered":"","protected":false},"excerpt":{"rendered":"<p><strong><span class=\"il\">\u00dchekordseks kasutamiseks puidust s\u00f6egrill<\/span>, mis ei reosta loodust!<\/strong><\/p>\n<p>Sisuks on grillbrikett koos s\u00fc\u00fctamiseks m\u00f5eldud s\u00fc\u00fctepulgaga. Tuletikud kaasas.<\/p>\n<p>Liha hoiavad puidust grillpulgad(soovitame kasta kasta ennem m\u00e4rjaks v\u00e4ltimaks kohest s\u00fcttimist).<\/p>\n<p>Grilli p\u00f5hjas olev p\u00f5lemiskindel savi kiht v\u00f5imaldab kauem grillida. Kasutusaeg 1,5-2 tundi.<\/p>\n<p>Kustuta s\u00f6ed peale grillimise l\u00f5ppu!<\/p>\n<p>M\u00f5\u00f5t 30 x 20 x 5 cm.<\/p>\n<p><strong>Eesti toode<\/strong>.<\/p>\n<p>Kohe saadaval Paslepa(Noarootsi) laos(tel 5015483) v\u00f5i saadame tasuta Eesti piires.<\/p>\n","protected":false},"featured_media":64184,"template":"","meta":{"_monsterinsights_skip_tracking":false,"_monsterinsights_sitenote_active":false,"_monsterinsights_sitenote_note":"","_monsterinsights_sitenote_category":0},"pwb-brand":[],"product_brand":[],"product_cat":[18965,13538,13568,13530,13534,18079],"product_tag":[18541,13856,18973,13995,19058,14724,19059,14725],"class_list":{"0":"post-64200","1":"product","2":"type-product","3":"status-publish","4":"has-post-thumbnail","6":"product_cat-grillid-alekeskus","7":"product_cat-ale","8":"product_cat-grill-ja-tuli","9":"product_cat-aed-ja-kodu","10":"product_cat-jahindus","11":"product_cat-grillid-suitsuahjud-pizzaahjud-alekeskus","12":"product_tag-kertakaytto-grilli","13":"product_tag-grill","14":"product_tag-matkagrill","15":"product_tag-grilli","16":"product_tag-kaasavoetav-grill","17":"product_tag-toidu-valmistamine","18":"product_tag-uhekordne-grill","19":"product_tag-vorsti-kupsetamine","20":"product_shipping_class-tasuta-transport","21":"pa_laoasukoht-saadaval-paslepa-laos-5015483-alekeskus","22":"pa_laoasukoht2-parnumaa","23":"pa_tellimisaeg-2-10-toopaeva","24":"pa_veame-eesti-ja-soome","26":"first","27":"instock","28":"featured","29":"taxable","30":"shipping-taxable","31":"purchasable","32":"product-type-simple"},"yoast_head":"<!-- This site is optimized with the Yoast SEO plugin v27.3 - https:\/\/yoast.com\/product\/yoast-seo-wordpress\/ -->\n<title>\u00dchekordne pr\u00fcgivaba s\u00f6egrill matkale (Eesti toode) - Alekeskus<\/title>\n<meta name=\"description\" content=\"\u00dchekordne pr\u00fcgivaba matkagrill, mis hajub looduses t\u00e4ielikult ja on toodetud Eestis.\" \/>\n<meta name=\"robots\" content=\"index, follow, max-snippet:-1, max-image-preview:large, max-video-preview:-1\" \/>\n<link rel=\"canonical\" href=\"https:\/\/alekeskus.eu\/et\/toode\/uhekordne-looduses-hajuv-soegrill-alekeskus\/\" \/>\n<meta property=\"og:locale\" content=\"et_EE\" \/>\n<meta property=\"og:type\" content=\"article\" \/>\n<meta property=\"og:title\" content=\"\u00dchekordne pr\u00fcgivaba s\u00f6egrill matkale (Eesti toode) - Alekeskus\" \/>\n<meta property=\"og:description\" content=\"\u00dchekordne pr\u00fcgivaba matkagrill, mis hajub looduses t\u00e4ielikult ja on toodetud Eestis.\" \/>\n<meta property=\"og:url\" content=\"https:\/\/alekeskus.eu\/et\/toode\/uhekordne-looduses-hajuv-soegrill-alekeskus\/\" \/>\n<meta property=\"og:site_name\" content=\"Alekeskus\" \/>\n<meta property=\"article:modified_time\" content=\"2026-02-12T15:07:04+00:00\" \/>\n<meta property=\"og:image\" content=\"https:\/\/alekeskus.eu\/wp-content\/uploads\/2021\/11\/1052-hekordne-looduses-hajuv-s-egrill-0.jpg\" \/>\n\t<meta property=\"og:image:width\" content=\"1000\" \/>\n\t<meta property=\"og:image:height\" content=\"792\" \/>\n\t<meta property=\"og:image:type\" content=\"image\/jpeg\" \/>\n<meta name=\"twitter:card\" content=\"summary_large_image\" \/>\n<meta name=\"twitter:label1\" content=\"Est. reading time\" \/>\n\t<meta name=\"twitter:data1\" content=\"1 minut\" \/>\n<script type=\"application\/ld+json\" class=\"yoast-schema-graph\">{\"@context\":\"https:\\\/\\\/schema.org\",\"@graph\":[{\"@type\":\"WebPage\",\"@id\":\"https:\\\/\\\/alekeskus.eu\\\/et\\\/toode\\\/uhekordne-looduses-hajuv-soegrill-alekeskus\\\/\",\"url\":\"https:\\\/\\\/alekeskus.eu\\\/et\\\/toode\\\/uhekordne-looduses-hajuv-soegrill-alekeskus\\\/\",\"name\":\"\u00dchekordne pr\u00fcgivaba s\u00f6egrill matkale (Eesti toode) - Alekeskus\",\"isPartOf\":{\"@id\":\"https:\\\/\\\/alekeskus.eu\\\/#website\"},\"primaryImageOfPage\":{\"@id\":\"https:\\\/\\\/alekeskus.eu\\\/et\\\/toode\\\/uhekordne-looduses-hajuv-soegrill-alekeskus\\\/#primaryimage\"},\"image\":{\"@id\":\"https:\\\/\\\/alekeskus.eu\\\/et\\\/toode\\\/uhekordne-looduses-hajuv-soegrill-alekeskus\\\/#primaryimage\"},\"thumbnailUrl\":\"https:\\\/\\\/alekeskus.eu\\\/wp-content\\\/uploads\\\/2021\\\/11\\\/1052-hekordne-looduses-hajuv-s-egrill-0.jpg\",\"datePublished\":\"2025-12-11T21:58:36+00:00\",\"dateModified\":\"2026-02-12T15:07:04+00:00\",\"description\":\"\u00dchekordne pr\u00fcgivaba matkagrill, mis hajub looduses t\u00e4ielikult ja on toodetud Eestis.\",\"breadcrumb\":{\"@id\":\"https:\\\/\\\/alekeskus.eu\\\/et\\\/toode\\\/uhekordne-looduses-hajuv-soegrill-alekeskus\\\/#breadcrumb\"},\"inLanguage\":\"et\",\"potentialAction\":[{\"@type\":\"ReadAction\",\"target\":[\"https:\\\/\\\/alekeskus.eu\\\/et\\\/toode\\\/uhekordne-looduses-hajuv-soegrill-alekeskus\\\/\"]}]},{\"@type\":\"ImageObject\",\"inLanguage\":\"et\",\"@id\":\"https:\\\/\\\/alekeskus.eu\\\/et\\\/toode\\\/uhekordne-looduses-hajuv-soegrill-alekeskus\\\/#primaryimage\",\"url\":\"https:\\\/\\\/alekeskus.eu\\\/wp-content\\\/uploads\\\/2021\\\/11\\\/1052-hekordne-looduses-hajuv-s-egrill-0.jpg\",\"contentUrl\":\"https:\\\/\\\/alekeskus.eu\\\/wp-content\\\/uploads\\\/2021\\\/11\\\/1052-hekordne-looduses-hajuv-s-egrill-0.jpg\",\"width\":1000,\"height\":792},{\"@type\":\"BreadcrumbList\",\"@id\":\"https:\\\/\\\/alekeskus.eu\\\/et\\\/toode\\\/uhekordne-looduses-hajuv-soegrill-alekeskus\\\/#breadcrumb\",\"itemListElement\":[{\"@type\":\"ListItem\",\"position\":1,\"name\":\"Avaleht\",\"item\":\"https:\\\/\\\/alekeskus.eu\\\/et\\\/\"},{\"@type\":\"ListItem\",\"position\":2,\"name\":\"Pood\",\"item\":\"https:\\\/\\\/alekeskus.eu\\\/pood\\\/\"},{\"@type\":\"ListItem\",\"position\":3,\"name\":\"\u00dchekordne pr\u00fcgivaba s\u00f6egrill matkale (Eesti toode)\"}]},{\"@type\":\"WebSite\",\"@id\":\"https:\\\/\\\/alekeskus.eu\\\/#website\",\"url\":\"https:\\\/\\\/alekeskus.eu\\\/\",\"name\":\"Alekeskus\",\"description\":\"Alekeskus.eu\",\"potentialAction\":[{\"@type\":\"SearchAction\",\"target\":{\"@type\":\"EntryPoint\",\"urlTemplate\":\"https:\\\/\\\/alekeskus.eu\\\/?s={search_term_string}\"},\"query-input\":{\"@type\":\"PropertyValueSpecification\",\"valueRequired\":true,\"valueName\":\"search_term_string\"}}],\"inLanguage\":\"et\"}]}<\/script>\n<!-- \/ Yoast SEO plugin. -->","yoast_head_json":{"title":"\u00dchekordne pr\u00fcgivaba s\u00f6egrill matkale (Eesti toode) - Alekeskus","description":"\u00dchekordne pr\u00fcgivaba matkagrill, mis hajub looduses t\u00e4ielikult ja on toodetud Eestis.","robots":{"index":"index","follow":"follow","max-snippet":"max-snippet:-1","max-image-preview":"max-image-preview:large","max-video-preview":"max-video-preview:-1"},"canonical":"https:\/\/alekeskus.eu\/et\/toode\/uhekordne-looduses-hajuv-soegrill-alekeskus\/","og_locale":"et_EE","og_type":"article","og_title":"\u00dchekordne pr\u00fcgivaba s\u00f6egrill matkale (Eesti toode) - Alekeskus","og_description":"\u00dchekordne pr\u00fcgivaba matkagrill, mis hajub looduses t\u00e4ielikult ja on toodetud Eestis.","og_url":"https:\/\/alekeskus.eu\/et\/toode\/uhekordne-looduses-hajuv-soegrill-alekeskus\/","og_site_name":"Alekeskus","article_modified_time":"2026-02-12T15:07:04+00:00","og_image":[{"width":1000,"height":792,"url":"https:\/\/alekeskus.eu\/wp-content\/uploads\/2021\/11\/1052-hekordne-looduses-hajuv-s-egrill-0.jpg","type":"image\/jpeg"}],"twitter_card":"summary_large_image","twitter_misc":{"Est. reading time":"1 minut"},"schema":{"@context":"https:\/\/schema.org","@graph":[{"@type":"WebPage","@id":"https:\/\/alekeskus.eu\/et\/toode\/uhekordne-looduses-hajuv-soegrill-alekeskus\/","url":"https:\/\/alekeskus.eu\/et\/toode\/uhekordne-looduses-hajuv-soegrill-alekeskus\/","name":"\u00dchekordne pr\u00fcgivaba s\u00f6egrill matkale (Eesti toode) - Alekeskus","isPartOf":{"@id":"https:\/\/alekeskus.eu\/#website"},"primaryImageOfPage":{"@id":"https:\/\/alekeskus.eu\/et\/toode\/uhekordne-looduses-hajuv-soegrill-alekeskus\/#primaryimage"},"image":{"@id":"https:\/\/alekeskus.eu\/et\/toode\/uhekordne-looduses-hajuv-soegrill-alekeskus\/#primaryimage"},"thumbnailUrl":"https:\/\/alekeskus.eu\/wp-content\/uploads\/2021\/11\/1052-hekordne-looduses-hajuv-s-egrill-0.jpg","datePublished":"2025-12-11T21:58:36+00:00","dateModified":"2026-02-12T15:07:04+00:00","description":"\u00dchekordne pr\u00fcgivaba matkagrill, mis hajub looduses t\u00e4ielikult ja on toodetud Eestis.","breadcrumb":{"@id":"https:\/\/alekeskus.eu\/et\/toode\/uhekordne-looduses-hajuv-soegrill-alekeskus\/#breadcrumb"},"inLanguage":"et","potentialAction":[{"@type":"ReadAction","target":["https:\/\/alekeskus.eu\/et\/toode\/uhekordne-looduses-hajuv-soegrill-alekeskus\/"]}]},{"@type":"ImageObject","inLanguage":"et","@id":"https:\/\/alekeskus.eu\/et\/toode\/uhekordne-looduses-hajuv-soegrill-alekeskus\/#primaryimage","url":"https:\/\/alekeskus.eu\/wp-content\/uploads\/2021\/11\/1052-hekordne-looduses-hajuv-s-egrill-0.jpg","contentUrl":"https:\/\/alekeskus.eu\/wp-content\/uploads\/2021\/11\/1052-hekordne-looduses-hajuv-s-egrill-0.jpg","width":1000,"height":792},{"@type":"BreadcrumbList","@id":"https:\/\/alekeskus.eu\/et\/toode\/uhekordne-looduses-hajuv-soegrill-alekeskus\/#breadcrumb","itemListElement":[{"@type":"ListItem","position":1,"name":"Avaleht","item":"https:\/\/alekeskus.eu\/et\/"},{"@type":"ListItem","position":2,"name":"Pood","item":"https:\/\/alekeskus.eu\/pood\/"},{"@type":"ListItem","position":3,"name":"\u00dchekordne pr\u00fcgivaba s\u00f6egrill matkale (Eesti toode)"}]},{"@type":"WebSite","@id":"https:\/\/alekeskus.eu\/#website","url":"https:\/\/alekeskus.eu\/","name":"Alekeskus","description":"Alekeskus.eu","potentialAction":[{"@type":"SearchAction","target":{"@type":"EntryPoint","urlTemplate":"https:\/\/alekeskus.eu\/?s={search_term_string}"},"query-input":{"@type":"PropertyValueSpecification","valueRequired":true,"valueName":"search_term_string"}}],"inLanguage":"et"}]}},"brands":[],"_links":{"self":[{"href":"https:\/\/alekeskus.eu\/et\/wp-json\/wp\/v2\/product\/64200","targetHints":{"allow":["GET"]}}],"collection":[{"href":"https:\/\/alekeskus.eu\/et\/wp-json\/wp\/v2\/product"}],"about":[{"href":"https:\/\/alekeskus.eu\/et\/wp-json\/wp\/v2\/types\/product"}],"wp:featuredmedia":[{"embeddable":true,"href":"https:\/\/alekeskus.eu\/et\/wp-json\/wp\/v2\/media\/64184"}],"wp:attachment":[{"href":"https:\/\/alekeskus.eu\/et\/wp-json\/wp\/v2\/media?parent=64200"}],"wp:term":[{"taxonomy":"pwb-brand","embeddable":true,"href":"https:\/\/alekeskus.eu\/et\/wp-json\/wp\/v2\/pwb-brand?post=64200"},{"taxonomy":"product_brand","embeddable":true,"href":"https:\/\/alekeskus.eu\/et\/wp-json\/wp\/v2\/product_brand?post=64200"},{"taxonomy":"product_cat","embeddable":true,"href":"https:\/\/alekeskus.eu\/et\/wp-json\/wp\/v2\/product_cat?post=64200"},{"taxonomy":"product_tag","embeddable":true,"href":"https:\/\/alekeskus.eu\/et\/wp-json\/wp\/v2\/product_tag?post=64200"}],"curies":[{"name":"wp","href":"https:\/\/api.w.org\/{rel}","templated":true}]}}