{"id":64214,"date":"2023-11-11T21:58:45","date_gmt":"2023-11-11T21:58:45","guid":{"rendered":"http:\/\/alekeskus.eu\/product\/peenrakast-taaskasutatud-plastist-punnlaudadest\/"},"modified":"2025-05-04T15:03:04","modified_gmt":"2025-05-04T15:03:04","slug":"peenrakast-taaskasutatud-plastist-alekeskus","status":"publish","type":"product","link":"https:\/\/alekeskus.eu\/et\/toode\/peenrakast-taaskasutatud-plastist-alekeskus\/","title":{"rendered":"Peenrakast taaskasutatud plastist punnlaudadest"},"content":{"rendered":"","protected":false},"excerpt":{"rendered":"<p>60&#215;80 cm(maht 70l), 80&#215;120 cm(maht 150l), 80&#215;240 cm ja 80&#215;360 cm.<\/p>\n<p>Halli ja pruuni v\u00e4rvi(puus\u00fc\u00fc pinnaga, vajadusel ka sileda pinnaga) plastj\u00e4\u00e4tmetest punnlauad 32 x 138 mm, mis koostatakse peenrakastiks laudade otstesse kinnitatud terashaakidega. Peenrakaste saab kihthaaval k\u00f5rgemaks laduda.<\/p>\n<ul data-rte-list=\"default\">\n<li>hooldusvaba<\/li>\n<li>suurep\u00e4rane vastupidavus ilmastikule &amp; UV kiirgusele<\/li>\n<li>veekindel, ei ima, ei aja pindusid<\/li>\n<li>ei hallita ega m\u00e4dane<\/li>\n<li>\u00fclimalt vastupidav<\/li>\n<li>m\u00fcrgivaba<\/li>\n<li>Eesti toode, <span style=\"text-decoration: underline;\">mille valmistamiseks on kasutatud tuhandeid kilekotte j\u00e4ttes puud metsas raiumata<\/span><\/li>\n<\/ul>\n","protected":false},"featured_media":64202,"template":"","meta":{"_monsterinsights_skip_tracking":false,"_monsterinsights_sitenote_active":false,"_monsterinsights_sitenote_note":"","_monsterinsights_sitenote_category":0},"pwb-brand":[],"product_brand":[],"product_cat":[13538,13566,13546,13530],"product_tag":[18525,14735,14736,14737,14738,14739,14740,17236,14732,14733,14734],"class_list":{"0":"post-64214","1":"product","2":"type-product","3":"status-publish","4":"has-post-thumbnail","6":"product_cat-ale","7":"product_cat-iluaiandus","8":"product_cat-umbertoodeldud-plastist-tooted-alekeskus","9":"product_cat-aed-ja-kodu","10":"product_tag-taaskasutatud-plast","11":"product_tag-istutuskast","12":"product_tag-maasikapeenar","13":"product_tag-salat","14":"product_tag-oma-aed","15":"product_tag-kaunis-peenar","16":"product_tag-istutuslaatikko","17":"product_tag-kierratysmuovi","18":"product_tag-peenrakast","19":"product_tag-kasvatuskast","20":"product_tag-okoloogiline-materjal","21":"product_shipping_class-pakiautomaat","22":"pa_kohaletoimetamine-veohind-mandri-eestis-alekeskus","23":"pa_laoasukoht-jarvamaa","24":"pa_moodud-alekeskus-14x80x120cm","25":"pa_moodud-alekeskus-14x60x80cm","26":"pa_moodud-alekeskus-14x80x240cm","27":"pa_moodud-alekeskus-14x80x360cm","28":"pa_tellimisaeg-tilausaika-alekeskus","29":"pa_varv-pruun","30":"pa_varv-hall","31":"pa_veame-eesti-ja-soome","33":"first","34":"instock","35":"taxable","36":"shipping-taxable","37":"purchasable","38":"product-type-variable","39":"has-default-attributes"},"yoast_head":"<!-- This site is optimized with the Yoast SEO plugin v27.3 - https:\/\/yoast.com\/product\/yoast-seo-wordpress\/ -->\n<title>Peenrakast taaskasutatud plastist punnlaudadest - Alekeskus<\/title>\n<meta name=\"description\" content=\"Peenrakast taaskasutatud plastj\u00e4\u00e4tmetest\" \/>\n<meta name=\"robots\" content=\"index, follow, max-snippet:-1, max-image-preview:large, max-video-preview:-1\" \/>\n<link rel=\"canonical\" href=\"https:\/\/alekeskus.eu\/toode\/peenrakast-taaskasutatud-plastist-alekeskus\/\" \/>\n<meta property=\"og:locale\" content=\"et_EE\" \/>\n<meta property=\"og:type\" content=\"article\" \/>\n<meta property=\"og:title\" content=\"Peenrakast taaskasutatud plastist punnlaudadest - Alekeskus\" \/>\n<meta property=\"og:description\" content=\"Peenrakast taaskasutatud plastj\u00e4\u00e4tmetest\" \/>\n<meta property=\"og:url\" content=\"https:\/\/alekeskus.eu\/toode\/peenrakast-taaskasutatud-plastist-alekeskus\/\" \/>\n<meta property=\"og:site_name\" content=\"Alekeskus\" \/>\n<meta property=\"article:modified_time\" content=\"2025-05-04T15:03:04+00:00\" \/>\n<meta property=\"og:image\" content=\"https:\/\/alekeskus.eu\/wp-content\/uploads\/2021\/11\/1091peenrakast-taaskasutatud-plastist-punnlaudadest-0.jpg\" \/>\n\t<meta property=\"og:image:width\" content=\"800\" \/>\n\t<meta property=\"og:image:height\" content=\"600\" \/>\n\t<meta property=\"og:image:type\" content=\"image\/jpeg\" \/>\n<meta name=\"twitter:card\" content=\"summary_large_image\" \/>\n<meta name=\"twitter:label1\" content=\"Est. reading time\" \/>\n\t<meta name=\"twitter:data1\" content=\"1 minut\" \/>\n<script type=\"application\/ld+json\" class=\"yoast-schema-graph\">{\"@context\":\"https:\\\/\\\/schema.org\",\"@graph\":[{\"@type\":\"WebPage\",\"@id\":\"https:\\\/\\\/alekeskus.eu\\\/toode\\\/peenrakast-taaskasutatud-plastist-alekeskus\\\/\",\"url\":\"https:\\\/\\\/alekeskus.eu\\\/toode\\\/peenrakast-taaskasutatud-plastist-alekeskus\\\/\",\"name\":\"Peenrakast taaskasutatud plastist punnlaudadest - Alekeskus\",\"isPartOf\":{\"@id\":\"https:\\\/\\\/alekeskus.eu\\\/#website\"},\"primaryImageOfPage\":{\"@id\":\"https:\\\/\\\/alekeskus.eu\\\/toode\\\/peenrakast-taaskasutatud-plastist-alekeskus\\\/#primaryimage\"},\"image\":{\"@id\":\"https:\\\/\\\/alekeskus.eu\\\/toode\\\/peenrakast-taaskasutatud-plastist-alekeskus\\\/#primaryimage\"},\"thumbnailUrl\":\"https:\\\/\\\/alekeskus.eu\\\/wp-content\\\/uploads\\\/2021\\\/11\\\/1091peenrakast-taaskasutatud-plastist-punnlaudadest-0.jpg\",\"datePublished\":\"2023-11-11T21:58:45+00:00\",\"dateModified\":\"2025-05-04T15:03:04+00:00\",\"description\":\"Peenrakast taaskasutatud plastj\u00e4\u00e4tmetest\",\"breadcrumb\":{\"@id\":\"https:\\\/\\\/alekeskus.eu\\\/toode\\\/peenrakast-taaskasutatud-plastist-alekeskus\\\/#breadcrumb\"},\"inLanguage\":\"et\",\"potentialAction\":[{\"@type\":\"ReadAction\",\"target\":[\"https:\\\/\\\/alekeskus.eu\\\/toode\\\/peenrakast-taaskasutatud-plastist-alekeskus\\\/\"]}]},{\"@type\":\"ImageObject\",\"inLanguage\":\"et\",\"@id\":\"https:\\\/\\\/alekeskus.eu\\\/toode\\\/peenrakast-taaskasutatud-plastist-alekeskus\\\/#primaryimage\",\"url\":\"https:\\\/\\\/alekeskus.eu\\\/wp-content\\\/uploads\\\/2021\\\/11\\\/1091peenrakast-taaskasutatud-plastist-punnlaudadest-0.jpg\",\"contentUrl\":\"https:\\\/\\\/alekeskus.eu\\\/wp-content\\\/uploads\\\/2021\\\/11\\\/1091peenrakast-taaskasutatud-plastist-punnlaudadest-0.jpg\",\"width\":800,\"height\":600},{\"@type\":\"BreadcrumbList\",\"@id\":\"https:\\\/\\\/alekeskus.eu\\\/toode\\\/peenrakast-taaskasutatud-plastist-alekeskus\\\/#breadcrumb\",\"itemListElement\":[{\"@type\":\"ListItem\",\"position\":1,\"name\":\"Avaleht\",\"item\":\"https:\\\/\\\/alekeskus.eu\\\/et\\\/\"},{\"@type\":\"ListItem\",\"position\":2,\"name\":\"Pood\",\"item\":\"https:\\\/\\\/alekeskus.eu\\\/pood\\\/\"},{\"@type\":\"ListItem\",\"position\":3,\"name\":\"Peenrakast taaskasutatud plastist punnlaudadest\"}]},{\"@type\":\"WebSite\",\"@id\":\"https:\\\/\\\/alekeskus.eu\\\/#website\",\"url\":\"https:\\\/\\\/alekeskus.eu\\\/\",\"name\":\"Alekeskus\",\"description\":\"Alekeskus.eu\",\"potentialAction\":[{\"@type\":\"SearchAction\",\"target\":{\"@type\":\"EntryPoint\",\"urlTemplate\":\"https:\\\/\\\/alekeskus.eu\\\/?s={search_term_string}\"},\"query-input\":{\"@type\":\"PropertyValueSpecification\",\"valueRequired\":true,\"valueName\":\"search_term_string\"}}],\"inLanguage\":\"et\"}]}<\/script>\n<!-- \/ Yoast SEO plugin. -->","yoast_head_json":{"title":"Peenrakast taaskasutatud plastist punnlaudadest - Alekeskus","description":"Peenrakast taaskasutatud plastj\u00e4\u00e4tmetest","robots":{"index":"index","follow":"follow","max-snippet":"max-snippet:-1","max-image-preview":"max-image-preview:large","max-video-preview":"max-video-preview:-1"},"canonical":"https:\/\/alekeskus.eu\/toode\/peenrakast-taaskasutatud-plastist-alekeskus\/","og_locale":"et_EE","og_type":"article","og_title":"Peenrakast taaskasutatud plastist punnlaudadest - Alekeskus","og_description":"Peenrakast taaskasutatud plastj\u00e4\u00e4tmetest","og_url":"https:\/\/alekeskus.eu\/toode\/peenrakast-taaskasutatud-plastist-alekeskus\/","og_site_name":"Alekeskus","article_modified_time":"2025-05-04T15:03:04+00:00","og_image":[{"width":800,"height":600,"url":"https:\/\/alekeskus.eu\/wp-content\/uploads\/2021\/11\/1091peenrakast-taaskasutatud-plastist-punnlaudadest-0.jpg","type":"image\/jpeg"}],"twitter_card":"summary_large_image","twitter_misc":{"Est. reading time":"1 minut"},"schema":{"@context":"https:\/\/schema.org","@graph":[{"@type":"WebPage","@id":"https:\/\/alekeskus.eu\/toode\/peenrakast-taaskasutatud-plastist-alekeskus\/","url":"https:\/\/alekeskus.eu\/toode\/peenrakast-taaskasutatud-plastist-alekeskus\/","name":"Peenrakast taaskasutatud plastist punnlaudadest - Alekeskus","isPartOf":{"@id":"https:\/\/alekeskus.eu\/#website"},"primaryImageOfPage":{"@id":"https:\/\/alekeskus.eu\/toode\/peenrakast-taaskasutatud-plastist-alekeskus\/#primaryimage"},"image":{"@id":"https:\/\/alekeskus.eu\/toode\/peenrakast-taaskasutatud-plastist-alekeskus\/#primaryimage"},"thumbnailUrl":"https:\/\/alekeskus.eu\/wp-content\/uploads\/2021\/11\/1091peenrakast-taaskasutatud-plastist-punnlaudadest-0.jpg","datePublished":"2023-11-11T21:58:45+00:00","dateModified":"2025-05-04T15:03:04+00:00","description":"Peenrakast taaskasutatud plastj\u00e4\u00e4tmetest","breadcrumb":{"@id":"https:\/\/alekeskus.eu\/toode\/peenrakast-taaskasutatud-plastist-alekeskus\/#breadcrumb"},"inLanguage":"et","potentialAction":[{"@type":"ReadAction","target":["https:\/\/alekeskus.eu\/toode\/peenrakast-taaskasutatud-plastist-alekeskus\/"]}]},{"@type":"ImageObject","inLanguage":"et","@id":"https:\/\/alekeskus.eu\/toode\/peenrakast-taaskasutatud-plastist-alekeskus\/#primaryimage","url":"https:\/\/alekeskus.eu\/wp-content\/uploads\/2021\/11\/1091peenrakast-taaskasutatud-plastist-punnlaudadest-0.jpg","contentUrl":"https:\/\/alekeskus.eu\/wp-content\/uploads\/2021\/11\/1091peenrakast-taaskasutatud-plastist-punnlaudadest-0.jpg","width":800,"height":600},{"@type":"BreadcrumbList","@id":"https:\/\/alekeskus.eu\/toode\/peenrakast-taaskasutatud-plastist-alekeskus\/#breadcrumb","itemListElement":[{"@type":"ListItem","position":1,"name":"Avaleht","item":"https:\/\/alekeskus.eu\/et\/"},{"@type":"ListItem","position":2,"name":"Pood","item":"https:\/\/alekeskus.eu\/pood\/"},{"@type":"ListItem","position":3,"name":"Peenrakast taaskasutatud plastist punnlaudadest"}]},{"@type":"WebSite","@id":"https:\/\/alekeskus.eu\/#website","url":"https:\/\/alekeskus.eu\/","name":"Alekeskus","description":"Alekeskus.eu","potentialAction":[{"@type":"SearchAction","target":{"@type":"EntryPoint","urlTemplate":"https:\/\/alekeskus.eu\/?s={search_term_string}"},"query-input":{"@type":"PropertyValueSpecification","valueRequired":true,"valueName":"search_term_string"}}],"inLanguage":"et"}]}},"brands":[],"_links":{"self":[{"href":"https:\/\/alekeskus.eu\/et\/wp-json\/wp\/v2\/product\/64214","targetHints":{"allow":["GET"]}}],"collection":[{"href":"https:\/\/alekeskus.eu\/et\/wp-json\/wp\/v2\/product"}],"about":[{"href":"https:\/\/alekeskus.eu\/et\/wp-json\/wp\/v2\/types\/product"}],"wp:featuredmedia":[{"embeddable":true,"href":"https:\/\/alekeskus.eu\/et\/wp-json\/wp\/v2\/media\/64202"}],"wp:attachment":[{"href":"https:\/\/alekeskus.eu\/et\/wp-json\/wp\/v2\/media?parent=64214"}],"wp:term":[{"taxonomy":"pwb-brand","embeddable":true,"href":"https:\/\/alekeskus.eu\/et\/wp-json\/wp\/v2\/pwb-brand?post=64214"},{"taxonomy":"product_brand","embeddable":true,"href":"https:\/\/alekeskus.eu\/et\/wp-json\/wp\/v2\/product_brand?post=64214"},{"taxonomy":"product_cat","embeddable":true,"href":"https:\/\/alekeskus.eu\/et\/wp-json\/wp\/v2\/product_cat?post=64214"},{"taxonomy":"product_tag","embeddable":true,"href":"https:\/\/alekeskus.eu\/et\/wp-json\/wp\/v2\/product_tag?post=64214"}],"curies":[{"name":"wp","href":"https:\/\/api.w.org\/{rel}","templated":true}]}}