{"id":64258,"date":"2025-04-01T21:59:24","date_gmt":"2025-04-01T21:59:24","guid":{"rendered":"http:\/\/alekeskus.eu\/product\/piknikulaud-oskar-rohekast-suvaimmutatud-puidust\/"},"modified":"2025-04-06T15:52:39","modified_gmt":"2025-04-06T15:52:39","slug":"piknikulaud-oskar-alekeskus","status":"publish","type":"product","link":"https:\/\/alekeskus.eu\/et\/toode\/piknikulaud-oskar-alekeskus\/","title":{"rendered":"Piknikulaud Oskar s\u00fcvaimmutatud puidust"},"content":{"rendered":"","protected":false},"excerpt":{"rendered":"<p>Tugev ja n\u00e4gus aiam\u00f6\u00f6bel, millel mahub istuma ning einestama kuni 8 inimest. \u00dcldm\u00f5\u00f5dud 2,31 x 2,31 m.<\/p>\n<p>Sobib ka \u00fchiskondlikku kasutusse, kuna on valmistatud tugevast s\u00fcvaimmutatud(rohekas) h\u00f6\u00f6veldatud <span style=\"text-decoration: underline;\">44 mm kuuselauast<\/span>.<\/p>\n<p>Eesti toode.<\/p>\n<p>Kaasas kinnitusvahendid ja koosteohje: <a href=\"https:\/\/alekeskus.eu\/wp-content\/uploads\/2021\/11\/Oscar-ohje.pdf\">Oscar ohje<\/a><\/p>\n<p>Vajadusel paigaldus 200EUR + s\u00f5it 0,7EUR\/km.<\/p>\n<p><span style=\"text-decoration: underline;\">Tellides 4 lauda, hinnaalandus -10%.<\/span><\/p>\n","protected":false},"featured_media":85404,"template":"","meta":{"_monsterinsights_skip_tracking":false,"_monsterinsights_sitenote_active":false,"_monsterinsights_sitenote_note":"","_monsterinsights_sitenote_category":0},"pwb-brand":[18577],"product_brand":[],"product_cat":[13564,13538,13530],"product_tag":[14139,14140,14603,14604,14628,14629,14758,14024,14785,14025,14135],"class_list":{"0":"post-64258","1":"product","2":"type-product","3":"status-publish","4":"has-post-thumbnail","6":"pwb-brand-eesti","7":"product_cat-aiamoobel","8":"product_cat-ale","9":"product_cat-aed-ja-kodu","10":"product_tag-ulkokaluste","11":"product_tag-piknikpoyta","12":"product_tag-laud","13":"product_tag-soogilaud","14":"product_tag-matkalaud","15":"product_tag-puitlaud","16":"product_tag-ulkokalusteet","17":"product_tag-piknikulaud","18":"product_tag-ulkopoytaryhma","19":"product_tag-aiamoobel","20":"product_tag-aialaud","21":"product_shipping_class-30-300kg","22":"pa_garantii-2-aastat","23":"pa_kohaletoimetamine-veohind-mandri-eestis-alekeskus","24":"pa_laoasukoht-poltsamaa","25":"pa_tellimisaeg-tilausaika-alekeskus","26":"pa_varv-roheline","27":"pa_veame-eesti-ja-soome","29":"first","30":"instock","31":"sale","32":"taxable","33":"shipping-taxable","34":"purchasable","35":"product-type-simple"},"yoast_head":"<!-- This site is optimized with the Yoast SEO plugin v27.3 - https:\/\/yoast.com\/product\/yoast-seo-wordpress\/ -->\n<title>Piknikulaud Oskar s\u00fcvaimmutatud puidust - Alekeskus<\/title>\n<meta name=\"description\" content=\"piknikulaud s\u00fcvaimmutatud puidust\" \/>\n<meta name=\"robots\" content=\"index, follow, max-snippet:-1, max-image-preview:large, max-video-preview:-1\" \/>\n<link rel=\"canonical\" href=\"https:\/\/alekeskus.eu\/toode\/piknikulaud-oskar-alekeskus\/\" \/>\n<meta property=\"og:locale\" content=\"et_EE\" \/>\n<meta property=\"og:type\" content=\"article\" \/>\n<meta property=\"og:title\" content=\"Piknikulaud Oskar s\u00fcvaimmutatud puidust - Alekeskus\" \/>\n<meta property=\"og:description\" content=\"piknikulaud s\u00fcvaimmutatud puidust\" \/>\n<meta property=\"og:url\" content=\"https:\/\/alekeskus.eu\/toode\/piknikulaud-oskar-alekeskus\/\" \/>\n<meta property=\"og:site_name\" content=\"Alekeskus\" \/>\n<meta property=\"article:modified_time\" content=\"2025-04-06T15:52:39+00:00\" \/>\n<meta property=\"og:image\" content=\"https:\/\/alekeskus.eu\/wp-content\/uploads\/2021\/11\/Oscar_GNVPI_wb.jpg\" \/>\n\t<meta property=\"og:image:width\" content=\"1800\" \/>\n\t<meta property=\"og:image:height\" content=\"1000\" \/>\n\t<meta property=\"og:image:type\" content=\"image\/jpeg\" \/>\n<meta name=\"twitter:card\" content=\"summary_large_image\" \/>\n<meta name=\"twitter:label1\" content=\"Est. reading time\" \/>\n\t<meta name=\"twitter:data1\" content=\"1 minut\" \/>\n<script type=\"application\/ld+json\" class=\"yoast-schema-graph\">{\"@context\":\"https:\\\/\\\/schema.org\",\"@graph\":[{\"@type\":\"WebPage\",\"@id\":\"https:\\\/\\\/alekeskus.eu\\\/toode\\\/piknikulaud-oskar-alekeskus\\\/\",\"url\":\"https:\\\/\\\/alekeskus.eu\\\/toode\\\/piknikulaud-oskar-alekeskus\\\/\",\"name\":\"Piknikulaud Oskar s\u00fcvaimmutatud puidust - Alekeskus\",\"isPartOf\":{\"@id\":\"https:\\\/\\\/alekeskus.eu\\\/#website\"},\"primaryImageOfPage\":{\"@id\":\"https:\\\/\\\/alekeskus.eu\\\/toode\\\/piknikulaud-oskar-alekeskus\\\/#primaryimage\"},\"image\":{\"@id\":\"https:\\\/\\\/alekeskus.eu\\\/toode\\\/piknikulaud-oskar-alekeskus\\\/#primaryimage\"},\"thumbnailUrl\":\"https:\\\/\\\/alekeskus.eu\\\/wp-content\\\/uploads\\\/2021\\\/11\\\/Oscar_GNVPI_wb.jpg\",\"datePublished\":\"2025-04-01T21:59:24+00:00\",\"dateModified\":\"2025-04-06T15:52:39+00:00\",\"description\":\"piknikulaud s\u00fcvaimmutatud puidust\",\"breadcrumb\":{\"@id\":\"https:\\\/\\\/alekeskus.eu\\\/toode\\\/piknikulaud-oskar-alekeskus\\\/#breadcrumb\"},\"inLanguage\":\"et\",\"potentialAction\":[{\"@type\":\"ReadAction\",\"target\":[\"https:\\\/\\\/alekeskus.eu\\\/toode\\\/piknikulaud-oskar-alekeskus\\\/\"]}]},{\"@type\":\"ImageObject\",\"inLanguage\":\"et\",\"@id\":\"https:\\\/\\\/alekeskus.eu\\\/toode\\\/piknikulaud-oskar-alekeskus\\\/#primaryimage\",\"url\":\"https:\\\/\\\/alekeskus.eu\\\/wp-content\\\/uploads\\\/2021\\\/11\\\/Oscar_GNVPI_wb.jpg\",\"contentUrl\":\"https:\\\/\\\/alekeskus.eu\\\/wp-content\\\/uploads\\\/2021\\\/11\\\/Oscar_GNVPI_wb.jpg\",\"width\":1600,\"height\":889},{\"@type\":\"BreadcrumbList\",\"@id\":\"https:\\\/\\\/alekeskus.eu\\\/toode\\\/piknikulaud-oskar-alekeskus\\\/#breadcrumb\",\"itemListElement\":[{\"@type\":\"ListItem\",\"position\":1,\"name\":\"Avaleht\",\"item\":\"https:\\\/\\\/alekeskus.eu\\\/et\\\/\"},{\"@type\":\"ListItem\",\"position\":2,\"name\":\"Pood\",\"item\":\"https:\\\/\\\/alekeskus.eu\\\/pood\\\/\"},{\"@type\":\"ListItem\",\"position\":3,\"name\":\"Piknikulaud Oskar s\u00fcvaimmutatud puidust\"}]},{\"@type\":\"WebSite\",\"@id\":\"https:\\\/\\\/alekeskus.eu\\\/#website\",\"url\":\"https:\\\/\\\/alekeskus.eu\\\/\",\"name\":\"Alekeskus\",\"description\":\"Alekeskus.eu\",\"potentialAction\":[{\"@type\":\"SearchAction\",\"target\":{\"@type\":\"EntryPoint\",\"urlTemplate\":\"https:\\\/\\\/alekeskus.eu\\\/?s={search_term_string}\"},\"query-input\":{\"@type\":\"PropertyValueSpecification\",\"valueRequired\":true,\"valueName\":\"search_term_string\"}}],\"inLanguage\":\"et\"}]}<\/script>\n<!-- \/ Yoast SEO plugin. -->","yoast_head_json":{"title":"Piknikulaud Oskar s\u00fcvaimmutatud puidust - Alekeskus","description":"piknikulaud s\u00fcvaimmutatud puidust","robots":{"index":"index","follow":"follow","max-snippet":"max-snippet:-1","max-image-preview":"max-image-preview:large","max-video-preview":"max-video-preview:-1"},"canonical":"https:\/\/alekeskus.eu\/toode\/piknikulaud-oskar-alekeskus\/","og_locale":"et_EE","og_type":"article","og_title":"Piknikulaud Oskar s\u00fcvaimmutatud puidust - Alekeskus","og_description":"piknikulaud s\u00fcvaimmutatud puidust","og_url":"https:\/\/alekeskus.eu\/toode\/piknikulaud-oskar-alekeskus\/","og_site_name":"Alekeskus","article_modified_time":"2025-04-06T15:52:39+00:00","og_image":[{"width":1800,"height":1000,"url":"https:\/\/alekeskus.eu\/wp-content\/uploads\/2021\/11\/Oscar_GNVPI_wb.jpg","type":"image\/jpeg"}],"twitter_card":"summary_large_image","twitter_misc":{"Est. reading time":"1 minut"},"schema":{"@context":"https:\/\/schema.org","@graph":[{"@type":"WebPage","@id":"https:\/\/alekeskus.eu\/toode\/piknikulaud-oskar-alekeskus\/","url":"https:\/\/alekeskus.eu\/toode\/piknikulaud-oskar-alekeskus\/","name":"Piknikulaud Oskar s\u00fcvaimmutatud puidust - Alekeskus","isPartOf":{"@id":"https:\/\/alekeskus.eu\/#website"},"primaryImageOfPage":{"@id":"https:\/\/alekeskus.eu\/toode\/piknikulaud-oskar-alekeskus\/#primaryimage"},"image":{"@id":"https:\/\/alekeskus.eu\/toode\/piknikulaud-oskar-alekeskus\/#primaryimage"},"thumbnailUrl":"https:\/\/alekeskus.eu\/wp-content\/uploads\/2021\/11\/Oscar_GNVPI_wb.jpg","datePublished":"2025-04-01T21:59:24+00:00","dateModified":"2025-04-06T15:52:39+00:00","description":"piknikulaud s\u00fcvaimmutatud puidust","breadcrumb":{"@id":"https:\/\/alekeskus.eu\/toode\/piknikulaud-oskar-alekeskus\/#breadcrumb"},"inLanguage":"et","potentialAction":[{"@type":"ReadAction","target":["https:\/\/alekeskus.eu\/toode\/piknikulaud-oskar-alekeskus\/"]}]},{"@type":"ImageObject","inLanguage":"et","@id":"https:\/\/alekeskus.eu\/toode\/piknikulaud-oskar-alekeskus\/#primaryimage","url":"https:\/\/alekeskus.eu\/wp-content\/uploads\/2021\/11\/Oscar_GNVPI_wb.jpg","contentUrl":"https:\/\/alekeskus.eu\/wp-content\/uploads\/2021\/11\/Oscar_GNVPI_wb.jpg","width":1600,"height":889},{"@type":"BreadcrumbList","@id":"https:\/\/alekeskus.eu\/toode\/piknikulaud-oskar-alekeskus\/#breadcrumb","itemListElement":[{"@type":"ListItem","position":1,"name":"Avaleht","item":"https:\/\/alekeskus.eu\/et\/"},{"@type":"ListItem","position":2,"name":"Pood","item":"https:\/\/alekeskus.eu\/pood\/"},{"@type":"ListItem","position":3,"name":"Piknikulaud Oskar s\u00fcvaimmutatud puidust"}]},{"@type":"WebSite","@id":"https:\/\/alekeskus.eu\/#website","url":"https:\/\/alekeskus.eu\/","name":"Alekeskus","description":"Alekeskus.eu","potentialAction":[{"@type":"SearchAction","target":{"@type":"EntryPoint","urlTemplate":"https:\/\/alekeskus.eu\/?s={search_term_string}"},"query-input":{"@type":"PropertyValueSpecification","valueRequired":true,"valueName":"search_term_string"}}],"inLanguage":"et"}]}},"brands":[{"id":18577,"name":"Eesti","slug":"eesti"}],"_links":{"self":[{"href":"https:\/\/alekeskus.eu\/et\/wp-json\/wp\/v2\/product\/64258","targetHints":{"allow":["GET"]}}],"collection":[{"href":"https:\/\/alekeskus.eu\/et\/wp-json\/wp\/v2\/product"}],"about":[{"href":"https:\/\/alekeskus.eu\/et\/wp-json\/wp\/v2\/types\/product"}],"wp:featuredmedia":[{"embeddable":true,"href":"https:\/\/alekeskus.eu\/et\/wp-json\/wp\/v2\/media\/85404"}],"wp:attachment":[{"href":"https:\/\/alekeskus.eu\/et\/wp-json\/wp\/v2\/media?parent=64258"}],"wp:term":[{"taxonomy":"pwb-brand","embeddable":true,"href":"https:\/\/alekeskus.eu\/et\/wp-json\/wp\/v2\/pwb-brand?post=64258"},{"taxonomy":"product_brand","embeddable":true,"href":"https:\/\/alekeskus.eu\/et\/wp-json\/wp\/v2\/product_brand?post=64258"},{"taxonomy":"product_cat","embeddable":true,"href":"https:\/\/alekeskus.eu\/et\/wp-json\/wp\/v2\/product_cat?post=64258"},{"taxonomy":"product_tag","embeddable":true,"href":"https:\/\/alekeskus.eu\/et\/wp-json\/wp\/v2\/product_tag?post=64258"}],"curies":[{"name":"wp","href":"https:\/\/api.w.org\/{rel}","templated":true}]}}